{"id":10063,"date":"2024-11-13T16:19:52","date_gmt":"2024-11-13T16:19:52","guid":{"rendered":"https:\/\/alqawafel.com\/?post_type=product&#038;p=10063"},"modified":"2025-08-04T12:12:13","modified_gmt":"2025-08-04T12:12:13","slug":"micronato-fe-6","status":"publish","type":"product","link":"https:\/\/alqawafel.com\/es\/product\/micronate-fe-6\/","title":{"rendered":"Fertilizante Micronate Fe 6%"},"content":{"rendered":"<h3>\u00bfPor qu\u00e9 elegir Micronate Fe 6%?<\/h3>\n<p><span style=\"font-size: 18px;\">Micronate Fe 6% es un fertilizante de hierro especializado (EDDHA). Su estructura presenta un \u00e1tomo central de hierro fuertemente enlazado dentro del compuesto, lo que facilita su absorci\u00f3n por las plantas. Micronate Fe 6% trata y protege eficazmente contra las carencias de hierro, incluso en suelos dif\u00edciles, como los alcalinos y los \u00e1cidos. Este producto no s\u00f3lo corrige los s\u00edntomas de deficiencia, sino que tambi\u00e9n aumenta la producci\u00f3n de la planta, mejora la calidad de la fruta y evita la p\u00e9rdida de rendimiento.<\/span><\/p>\n<h3>Principales ventajas del fertilizante de hierro Micronate Fe 6%<\/h3>\n<ul>\n<li><span style=\"font-size: 18px;\"><strong>Potente absorci\u00f3n del hierro:<\/strong> La quelaci\u00f3n EDDHA permite que el hierro est\u00e9 f\u00e1cilmente disponible para su absorci\u00f3n por las plantas.<\/span><\/li>\n<li><span style=\"font-size: 18px;\"><strong>Tratamiento eficaz de las carencias:<\/strong> Corrige r\u00e1pidamente la carencia de hierro y previene su reaparici\u00f3n.<\/span><\/li>\n<li><span style=\"font-size: 18px;\"><strong>Mejora la producci\u00f3n y la calidad:<\/strong> Contribuye a aumentar el rendimiento, mejorar la calidad de la fruta y reducir el riesgo de baja producci\u00f3n.<\/span><\/li>\n<li><span style=\"font-size: 18px;\"><strong>Compatibilidad vers\u00e1til con el suelo:<\/strong> Adecuado tanto para suelos alcalinos como \u00e1cidos, lo que garantiza una amplia adaptabilidad de aplicaci\u00f3n.<\/span><\/li>\n<\/ul>\n<h3>El papel del hierro en la salud de las plantas<\/h3>\n<p><span style=\"font-size: 18px;\">El hierro desempe\u00f1a varias funciones cr\u00edticas en el desarrollo de las plantas:<\/span><\/p>\n<ul>\n<li><span style=\"font-size: 18px;\"><strong>S\u00edntesis de la clorofila:<\/strong> Esencial para la formaci\u00f3n de clorofila, que da a las hojas su color verde.<\/span><\/li>\n<li><span style=\"font-size: 18px;\"><strong>Fotos\u00edntesis y Respiraci\u00f3n:<\/strong> Vital para la producci\u00f3n de energ\u00eda y el transporte de ox\u00edgeno en las plantas.<\/span><\/li>\n<li><span style=\"font-size: 18px;\"><strong>S\u00edntesis de prote\u00ednas y ARN:<\/strong> Necesario para la formaci\u00f3n de prote\u00ednas y \u00e1cidos nucleicos, y para el crecimiento robusto de las plantas.<\/span><\/li>\n<\/ul>\n<h3>Aplicaci\u00f3n al suelo recomendada para Micronate Fe 6%<\/h3>\n<ol>\n<li><span style=\"font-size: 18px;\">Verduras de interior de pl\u00e1stico<\/span><\/li>\n<li><span style=\"font-size: 18px;\">Hortalizas de campo abierto<\/span><\/li>\n<li><span style=\"font-size: 18px;\">\u00c1rboles frutales<\/span><\/li>\n<li><span style=\"font-size: 14pt;\">Cultivos de campo<\/span><\/li>\n<\/ol>\n<h3 data-start=\"96\" data-end=\"134\"><strong data-start=\"102\" data-end=\"132\">Dosis de aplicaci\u00f3n (foliar):<\/strong><\/h3>\n<p data-start=\"135\" data-end=\"172\"><strong data-start=\"135\" data-end=\"172\">100-150 g por 200 litros de agua<\/strong><\/p>\n<h3>Embalaje<\/h3>\n<p><span style=\"font-size: 18px;\">Micronate Fe 6% est\u00e1 disponible en bolsas de 1 kg, lo que proporciona un envase c\u00f3modo para su aplicaci\u00f3n espec\u00edfica en el tratamiento de las carencias de hierro.<\/span><\/p>\n<p><img loading=\"lazy\" decoding=\"async\" class=\"alignnone size-medium wp-image-17014\" src=\"https:\/\/alqawafel.com\/wp-content\/uploads\/2024\/11\/Micronate-CAI-BOR-18-6-LOGO-300x300.webp\" alt=\"Micronato Fe 6% \" width=\"300\" height=\"300\" srcset=\"https:\/\/alqawafel.com\/wp-content\/uploads\/2024\/11\/Micronate-CAI-BOR-18-6-LOGO-300x300.webp 300w, https:\/\/alqawafel.com\/wp-content\/uploads\/2024\/11\/Micronate-CAI-BOR-18-6-LOGO-150x150.webp 150w, https:\/\/alqawafel.com\/wp-content\/uploads\/2024\/11\/Micronate-CAI-BOR-18-6-LOGO-768x768.webp 768w, https:\/\/alqawafel.com\/wp-content\/uploads\/2024\/11\/Micronate-CAI-BOR-18-6-LOGO.webp 1000w\" sizes=\"auto, (max-width: 300px) 100vw, 300px\" \/><\/p>","protected":false},"excerpt":{"rendered":"<p><span style=\"font-size: 18px;\">Micronate Fe 6% (EDDHA) es un fertilizante de hierro muy eficaz que trata la deficiencia de hierro en las plantas, favoreciendo la producci\u00f3n de clorofila.<\/span><\/p>","protected":false},"featured_media":17014,"comment_status":"open","ping_status":"closed","template":"","meta":{"om_disable_all_campaigns":false,"_monsterinsights_skip_tracking":false,"_monsterinsights_sitenote_active":false,"_monsterinsights_sitenote_note":"","_monsterinsights_sitenote_category":0},"product_brand":[2216],"product_cat":[50,2135],"product_tag":[866,946,944,941,463,930,935,943,945,942],"class_list":{"0":"post-10063","1":"product","2":"type-product","3":"status-publish","4":"has-post-thumbnail","6":"product_brand-micronate","7":"product_cat-fertilizers","8":"product_cat-micro-nutrients-fertilizers","9":"product_tag-al-qawafel-ind-agr-co","10":"product_tag-chlorophyll-production","11":"product_tag-eddha-chelation","12":"product_tag-enzyme-activation","13":"product_tag-fertilizer","14":"product_tag-foliar-soil","15":"product_tag-fruit-quality","16":"product_tag-high-iron-concentration","17":"product_tag-iron-deficiency","18":"product_tag-micronate-fe-6","20":"first","21":"instock","22":"shipping-taxable","23":"product-type-simple"},"aioseo_notices":[],"_links":{"self":[{"href":"https:\/\/alqawafel.com\/es\/wp-json\/wp\/v2\/product\/10063","targetHints":{"allow":["GET"]}}],"collection":[{"href":"https:\/\/alqawafel.com\/es\/wp-json\/wp\/v2\/product"}],"about":[{"href":"https:\/\/alqawafel.com\/es\/wp-json\/wp\/v2\/types\/product"}],"replies":[{"embeddable":true,"href":"https:\/\/alqawafel.com\/es\/wp-json\/wp\/v2\/comments?post=10063"}],"version-history":[{"count":9,"href":"https:\/\/alqawafel.com\/es\/wp-json\/wp\/v2\/product\/10063\/revisions"}],"predecessor-version":[{"id":19479,"href":"https:\/\/alqawafel.com\/es\/wp-json\/wp\/v2\/product\/10063\/revisions\/19479"}],"wp:featuredmedia":[{"embeddable":true,"href":"https:\/\/alqawafel.com\/es\/wp-json\/wp\/v2\/media\/17014"}],"wp:attachment":[{"href":"https:\/\/alqawafel.com\/es\/wp-json\/wp\/v2\/media?parent=10063"}],"wp:term":[{"taxonomy":"product_brand","embeddable":true,"href":"https:\/\/alqawafel.com\/es\/wp-json\/wp\/v2\/product_brand?post=10063"},{"taxonomy":"product_cat","embeddable":true,"href":"https:\/\/alqawafel.com\/es\/wp-json\/wp\/v2\/product_cat?post=10063"},{"taxonomy":"product_tag","embeddable":true,"href":"https:\/\/alqawafel.com\/es\/wp-json\/wp\/v2\/product_tag?post=10063"}],"curies":[{"name":"wp","href":"https:\/\/api.w.org\/{rel}","templated":true}]}}