{"id":10069,"date":"2024-11-13T16:37:42","date_gmt":"2024-11-13T16:37:42","guid":{"rendered":"https:\/\/alqawafel.com\/?post_type=product&#038;p=10069"},"modified":"2025-08-09T11:56:07","modified_gmt":"2025-08-09T11:56:07","slug":"micronato-mg-6","status":"publish","type":"product","link":"https:\/\/alqawafel.com\/es\/product\/micronate-mg-6\/","title":{"rendered":"Fertilizante Micronato Mg 6%"},"content":{"rendered":"<div class=\"flex-shrink-0 flex flex-col relative items-end\">\n<div class=\"pt-0\">\n<div class=\"gizmo-bot-avatar flex h-8 w-8 items-center justify-center overflow-hidden rounded-full\">\n<h3>\u00bfPor qu\u00e9 elegir Micronate Mg 6%?<\/h3>\n<p><span style=\"font-size: 18px;\">Micronate Mg 6% es un fertilizante de magnesio especializado que contribuye a la funci\u00f3n bioqu\u00edmica esencial del magnesio en las plantas, especialmente durante la fotos\u00edntesis. Al potenciar la actividad fotosint\u00e9tica, Micronate Mg 6% promueve cultivos m\u00e1s sanos y productivos y aumenta el rendimiento general. Esta formulaci\u00f3n tambi\u00e9n previene las enfermedades causadas por la carencia de magnesio, como la enfermedad de las venas amarillas del mosaico, que suele afectar a los cultivos frutales y herb\u00e1ceos.<\/span><\/p>\n<h3>Principales ventajas del fertilizante de magnesio Micronate Mg 6%<\/h3>\n<ul>\n<li><span style=\"font-size: 18px;\"><strong>Aumento de la actividad fotosint\u00e9tica:<\/strong> Aumenta la fotos\u00edntesis en los cultivos tratados, lo que mejora la producci\u00f3n de energ\u00eda y aumenta el rendimiento.<\/span><\/li>\n<li><span style=\"font-size: 18px;\"><strong>Tratamiento eficaz de las carencias:<\/strong> Previene y cura las enfermedades relacionadas con la carencia de magnesio, garantizando cosechas vivas y sanas.<\/span><\/li>\n<li><span style=\"font-size: 18px;\"><strong>Favorece la vitalidad de las plantas:<\/strong> Potencia la actividad enzim\u00e1tica, la formaci\u00f3n de prote\u00ednas y la iniciaci\u00f3n de reguladores del crecimiento para la salud general de las plantas.<\/span><\/li>\n<\/ul>\n<h3>El papel del magnesio en la salud de las plantas<\/h3>\n<p><span style=\"font-size: 18px;\">El magnesio es esencial para varios procesos clave de las plantas:<\/span><\/p>\n<ul>\n<li><span style=\"font-size: 18px;\"><strong>Producci\u00f3n de clorofila:<\/strong> El magnesio desempe\u00f1a un papel fundamental en la formaci\u00f3n de las mol\u00e9culas de clorofila, que dan a las plantas su color verde.<\/span><\/li>\n<li><span style=\"font-size: 18px;\"><strong>Activaci\u00f3n enzim\u00e1tica:<\/strong> Vital para activar m\u00faltiples enzimas que favorecen el metabolismo de las plantas.<\/span><\/li>\n<li><span style=\"font-size: 18px;\"><strong>Producci\u00f3n de energ\u00eda (ATP):<\/strong> Esencial para producir ATP, la moneda energ\u00e9tica de las plantas.<\/span><\/li>\n<li><span style=\"font-size: 18px;\"><strong>S\u00edntesis de prote\u00ednas:<\/strong> Crucial para construir prote\u00ednas y apoyar el crecimiento.<\/span><\/li>\n<li><span style=\"font-size: 18px;\"><strong>Iniciaci\u00f3n del regulador del crecimiento:<\/strong> Desempe\u00f1a un papel en la iniciaci\u00f3n de los reguladores del crecimiento vegetal que regulan el crecimiento y el desarrollo.<\/span><\/li>\n<\/ul>\n<h3 class=\"translation-block\"><span style=\"font-size: 18px\">Composici\u00f3n qu\u00edmica<\/span>.<\/h3>\n<ul>\n<li><span style=\"font-size: 18px;\"><strong>Magnesio (Mg):<\/strong> 6% (EDTA quelatado con \u00e1cido c\u00edtrico)<\/span><\/li>\n<\/ul>\n<h3>Aplicaci\u00f3n foliar recomendada para Micronate Mg 6%<\/h3>\n<p><span style=\"font-size: 18px;\">Micronato Zn 15% es adecuado para la aplicaci\u00f3n foliar en una variedad de cultivos:<\/span><\/p>\n<ol>\n<li data-start=\"532\" data-end=\"547\">\n<p data-start=\"534\" data-end=\"547\"><strong><span style=\"font-size: 14pt;\">\u00c1rboles frutales<\/span><\/strong><\/p>\n<\/li>\n<li data-start=\"548\" data-end=\"563\">\n<p data-start=\"550\" data-end=\"563\"><strong><span style=\"font-size: 14pt;\">Cultivos de campo<\/span><\/strong><\/p>\n<\/li>\n<\/ol>\n<h3>Tasa de aplicaci\u00f3n<\/h3>\n<p><strong data-start=\"80\" data-end=\"110\">Tasa de fertilizaci\u00f3n foliar:<\/strong><br data-start=\"110\" data-end=\"113\" \/><span style=\"font-size: 14pt;\">200-250 g por 200 litros de agua<\/span><\/p>\n<h3>Embalaje<\/h3>\n<p><span style=\"font-size: 18px;\">Micronate Mg 6% est\u00e1 disponible en bolsas de 1 kg, por lo que resulta pr\u00e1ctico para tratar las carencias de magnesio en diversos cultivos.<\/span><\/p>\n<\/div>\n<\/div>\n<\/div>\n<p><img loading=\"lazy\" decoding=\"async\" class=\"alignnone size-medium wp-image-18731\" src=\"https:\/\/alqawafel.com\/wp-content\/uploads\/2024\/11\/Micronatr-MG-6-300x300.webp\" alt=\"Micronate Mg 6% (\u00e1cido c\u00edtrico EDTA) es un fertilizante de magnesio que mejora la fotos\u00edntesis, aumenta el rendimiento de los cultivos y previene las enfermedades por carencia de magnesio.\" width=\"300\" height=\"300\" srcset=\"https:\/\/alqawafel.com\/wp-content\/uploads\/2024\/11\/Micronatr-MG-6-300x300.webp 300w, https:\/\/alqawafel.com\/wp-content\/uploads\/2024\/11\/Micronatr-MG-6-150x150.webp 150w, https:\/\/alqawafel.com\/wp-content\/uploads\/2024\/11\/Micronatr-MG-6-768x768.webp 768w, https:\/\/alqawafel.com\/wp-content\/uploads\/2024\/11\/Micronatr-MG-6.webp 1000w\" sizes=\"auto, (max-width: 300px) 100vw, 300px\" \/><\/p>\n<div id=\"hzImgLoader\" class=\"imgError\" style=\"width: auto; height: auto; line-height: 0px; overflow: hidden; padding: 0px; margin: 4px; position: absolute; z-index: 2147483647; border-radius: 4px; background-color: #ed0707; border: 4px solid #ed0707;\"><\/div>","protected":false},"excerpt":{"rendered":"<p><span style=\"font-size: 18px;\">Micronate Mg 6% (\u00e1cido c\u00edtrico EDTA) es un fertilizante de magnesio que mejora la fotos\u00edntesis, aumenta el rendimiento de los cultivos y previene los s\u00edntomas de deficiencia de magnesio.<\/span><\/p>","protected":false},"featured_media":18731,"comment_status":"open","ping_status":"closed","template":"","meta":{"om_disable_all_campaigns":false,"_monsterinsights_skip_tracking":false,"_monsterinsights_sitenote_active":false,"_monsterinsights_sitenote_note":"","_monsterinsights_sitenote_category":0},"product_brand":[2216],"product_cat":[50,2135],"product_tag":[866,946,463,930,935,948,950,949],"class_list":{"0":"post-10069","1":"product","2":"type-product","3":"status-publish","4":"has-post-thumbnail","6":"product_brand-micronate","7":"product_cat-fertilizers","8":"product_cat-micro-nutrients-fertilizers","9":"product_tag-al-qawafel-ind-agr-co","10":"product_tag-chlorophyll-production","11":"product_tag-fertilizer","12":"product_tag-foliar-soil","13":"product_tag-fruit-quality","14":"product_tag-high-magnesium","15":"product_tag-magnesium-support","16":"product_tag-photosynthesis-boost","18":"first","19":"instock","20":"shipping-taxable","21":"product-type-simple"},"aioseo_notices":[],"_links":{"self":[{"href":"https:\/\/alqawafel.com\/es\/wp-json\/wp\/v2\/product\/10069","targetHints":{"allow":["GET"]}}],"collection":[{"href":"https:\/\/alqawafel.com\/es\/wp-json\/wp\/v2\/product"}],"about":[{"href":"https:\/\/alqawafel.com\/es\/wp-json\/wp\/v2\/types\/product"}],"replies":[{"embeddable":true,"href":"https:\/\/alqawafel.com\/es\/wp-json\/wp\/v2\/comments?post=10069"}],"version-history":[{"count":9,"href":"https:\/\/alqawafel.com\/es\/wp-json\/wp\/v2\/product\/10069\/revisions"}],"predecessor-version":[{"id":17003,"href":"https:\/\/alqawafel.com\/es\/wp-json\/wp\/v2\/product\/10069\/revisions\/17003"}],"wp:featuredmedia":[{"embeddable":true,"href":"https:\/\/alqawafel.com\/es\/wp-json\/wp\/v2\/media\/18731"}],"wp:attachment":[{"href":"https:\/\/alqawafel.com\/es\/wp-json\/wp\/v2\/media?parent=10069"}],"wp:term":[{"taxonomy":"product_brand","embeddable":true,"href":"https:\/\/alqawafel.com\/es\/wp-json\/wp\/v2\/product_brand?post=10069"},{"taxonomy":"product_cat","embeddable":true,"href":"https:\/\/alqawafel.com\/es\/wp-json\/wp\/v2\/product_cat?post=10069"},{"taxonomy":"product_tag","embeddable":true,"href":"https:\/\/alqawafel.com\/es\/wp-json\/wp\/v2\/product_tag?post=10069"}],"curies":[{"name":"wp","href":"https:\/\/api.w.org\/{rel}","templated":true}]}}