{"id":10076,"date":"2024-11-13T16:57:51","date_gmt":"2024-11-13T16:57:51","guid":{"rendered":"https:\/\/alqawafel.com\/?post_type=product&#038;p=10076"},"modified":"2025-08-09T11:55:45","modified_gmt":"2025-08-09T11:55:45","slug":"micronato-zn-15","status":"publish","type":"product","link":"https:\/\/alqawafel.com\/es\/product\/micronate-zn-15\/","title":{"rendered":"Fertilizante Micronato Zn 15%"},"content":{"rendered":"<div class=\"flex-shrink-0 flex flex-col relative items-end\">\n<div class=\"pt-0\">\n<div class=\"gizmo-bot-avatar flex h-8 w-8 items-center justify-center overflow-hidden rounded-full\">\n<h3>\u00bfPor qu\u00e9 elegir Micronate Zn 15%?<\/h3>\n<p><span style=\"font-size: 18px;\">Micronate Zn 15% es un fertilizante de zinc altamente concentrado formulado para potenciar las funciones bioqu\u00edmicas esenciales del zinc en las plantas, especialmente en la fotos\u00edntesis. Este producto favorece una absorci\u00f3n cuticular y estom\u00e1tica eficaz, permitiendo una r\u00e1pida translocaci\u00f3n de los nutrientes a los tejidos vegetales. Tambi\u00e9n previene y trata las enfermedades por carencia de zinc, ayudando a mantener plantas sanas y vigorosas.<\/span><\/p>\n<h3>Principales ventajas del fertilizante de zinc Micronate Zn 15%<\/h3>\n<ul>\n<li><span style=\"font-size: 18px;\"><strong>Fuente de zinc de gran pureza:<\/strong> Aporta zinc concentrado y puro para apoyar las funciones cr\u00edticas de las plantas.<\/span><\/li>\n<li><span style=\"font-size: 18px;\"><strong>Absorci\u00f3n mejorada:<\/strong> Estimula la absorci\u00f3n a trav\u00e9s de la cut\u00edcula y los estomas, asegurando una r\u00e1pida translocaci\u00f3n de nutrientes dentro de la planta.<\/span><\/li>\n<li><span style=\"font-size: 18px;\"><strong>Prevenci\u00f3n y tratamiento de la carencia de zinc:<\/strong> Previene y cura las enfermedades asociadas a la carencia de zinc, manteniendo un crecimiento y una productividad sanos.<\/span><\/li>\n<\/ul>\n<h3>El papel del zinc en la salud de las plantas<\/h3>\n<p><span style=\"font-size: 18px;\">El zinc es esencial para varios procesos clave de las plantas:<\/span><\/p>\n<ul>\n<li><span style=\"font-size: 18px;\"><strong>Activaci\u00f3n enzim\u00e1tica:<\/strong> Activa las enzimas necesarias para diversas reacciones bioqu\u00edmicas.<\/span><\/li>\n<li><span style=\"font-size: 18px;\"><strong>Formaci\u00f3n de clorofila:<\/strong> Desempe\u00f1a un papel importante en la s\u00edntesis de la clorofila, favoreciendo un follaje verde y vibrante.<\/span><\/li>\n<li><span style=\"font-size: 18px;\"><strong>S\u00edntesis de prote\u00ednas:<\/strong> Ayuda a la formaci\u00f3n de prote\u00ednas, crucial para el crecimiento y el desarrollo.<\/span><\/li>\n<li><span style=\"font-size: 18px;\"><strong>S\u00edntesis de reguladores del crecimiento:<\/strong> Favorece la s\u00edntesis del amino\u00e1cido tript\u00f3fano, que conduce a la producci\u00f3n del regulador del crecimiento \u00e1cido indol ac\u00e9tico (IAA), necesario para la elongaci\u00f3n celular.<\/span><\/li>\n<\/ul>\n<h3>Aplicaci\u00f3n foliar recomendada para Micronato Zn 15%<\/h3>\n<p><span style=\"font-size: 18px;\">Micronato Zn 15% es adecuado para la aplicaci\u00f3n foliar en una variedad de cultivos:<\/span><\/p>\n<ol>\n<li><span style=\"font-size: 18px;\"><strong>Hortalizas de campo abierto y de invernadero<\/strong><\/span><\/li>\n<li><span style=\"font-size: 18px;\"><strong>Cultivos de campo<\/strong><\/span><\/li>\n<li><span style=\"font-size: 18px;\"><strong>Cultivos forrajeros<\/strong><\/span><\/li>\n<\/ol>\n<h3>Tasa de aplicaci\u00f3n<\/h3>\n<p><span style=\"font-size: 14pt;\">Dosis general de aplicaci\u00f3n foliar: 200-250 g \/ 200 L de agua<\/span><\/p>\n<h3>Embalaje<\/h3>\n<p><span style=\"font-size: 18px;\">Micronate Zn 15% est\u00e1 disponible en sacos de 1 kg, 5 kg y 25 kg, lo que ofrece flexibilidad tanto para las necesidades agr\u00edcolas a peque\u00f1a escala como para las de mayor envergadura.<\/span><\/p>\n<\/div>\n<\/div>\n<\/div>\n<p><img loading=\"lazy\" decoding=\"async\" class=\"alignnone size-medium wp-image-16992\" src=\"https:\/\/alqawafel.com\/wp-content\/uploads\/2024\/11\/Micronate-Zinc-Zn-15-LOGO-300x300.webp\" alt=\"Micronato Zn 15%\" width=\"300\" height=\"300\" srcset=\"https:\/\/alqawafel.com\/wp-content\/uploads\/2024\/11\/Micronate-Zinc-Zn-15-LOGO-300x300.webp 300w, https:\/\/alqawafel.com\/wp-content\/uploads\/2024\/11\/Micronate-Zinc-Zn-15-LOGO-150x150.webp 150w, https:\/\/alqawafel.com\/wp-content\/uploads\/2024\/11\/Micronate-Zinc-Zn-15-LOGO-768x768.webp 768w, https:\/\/alqawafel.com\/wp-content\/uploads\/2024\/11\/Micronate-Zinc-Zn-15-LOGO.webp 1000w\" sizes=\"auto, (max-width: 300px) 100vw, 300px\" \/><\/p>\n<div id=\"hzImgLoader\" class=\"imgError\" style=\"width: auto; height: auto; line-height: 0px; overflow: hidden; padding: 0px; margin: 4px; position: absolute; z-index: 2147483647; border-radius: 4px; background-color: #ed0707; border: 4px solid #ed0707;\"><\/div>","protected":false},"excerpt":{"rendered":"<p><span style=\"font-size: 18px;\">Micronate Zn 15% (\u00e1cido c\u00edtrico EDTA) es un fertilizante que favorece la fotos\u00edntesis, mejora la absorci\u00f3n de nutrientes y trata la carencia de zinc.<\/span><\/p>","protected":false},"featured_media":16992,"comment_status":"open","ping_status":"closed","template":"","meta":{"om_disable_all_campaigns":false,"_monsterinsights_skip_tracking":false,"_monsterinsights_sitenote_active":false,"_monsterinsights_sitenote_note":"","_monsterinsights_sitenote_category":0},"product_brand":[2216],"product_cat":[50,2135],"product_tag":[866,941,912,463,930,935,955,956],"class_list":{"0":"post-10076","1":"product","2":"type-product","3":"status-publish","4":"has-post-thumbnail","6":"product_brand-micronate","7":"product_cat-fertilizers","8":"product_cat-micro-nutrients-fertilizers","9":"product_tag-al-qawafel-ind-agr-co","10":"product_tag-enzyme-activation","11":"product_tag-fast-absorption","12":"product_tag-fertilizer","13":"product_tag-foliar-soil","14":"product_tag-fruit-quality","15":"product_tag-high-zinc-concentration","16":"product_tag-zinc-support","18":"first","19":"instock","20":"shipping-taxable","21":"product-type-simple"},"aioseo_notices":[],"_links":{"self":[{"href":"https:\/\/alqawafel.com\/es\/wp-json\/wp\/v2\/product\/10076","targetHints":{"allow":["GET"]}}],"collection":[{"href":"https:\/\/alqawafel.com\/es\/wp-json\/wp\/v2\/product"}],"about":[{"href":"https:\/\/alqawafel.com\/es\/wp-json\/wp\/v2\/types\/product"}],"replies":[{"embeddable":true,"href":"https:\/\/alqawafel.com\/es\/wp-json\/wp\/v2\/comments?post=10076"}],"version-history":[{"count":10,"href":"https:\/\/alqawafel.com\/es\/wp-json\/wp\/v2\/product\/10076\/revisions"}],"predecessor-version":[{"id":19510,"href":"https:\/\/alqawafel.com\/es\/wp-json\/wp\/v2\/product\/10076\/revisions\/19510"}],"wp:featuredmedia":[{"embeddable":true,"href":"https:\/\/alqawafel.com\/es\/wp-json\/wp\/v2\/media\/16992"}],"wp:attachment":[{"href":"https:\/\/alqawafel.com\/es\/wp-json\/wp\/v2\/media?parent=10076"}],"wp:term":[{"taxonomy":"product_brand","embeddable":true,"href":"https:\/\/alqawafel.com\/es\/wp-json\/wp\/v2\/product_brand?post=10076"},{"taxonomy":"product_cat","embeddable":true,"href":"https:\/\/alqawafel.com\/es\/wp-json\/wp\/v2\/product_cat?post=10076"},{"taxonomy":"product_tag","embeddable":true,"href":"https:\/\/alqawafel.com\/es\/wp-json\/wp\/v2\/product_tag?post=10076"}],"curies":[{"name":"wp","href":"https:\/\/api.w.org\/{rel}","templated":true}]}}