{"id":10080,"date":"2024-11-13T17:15:05","date_gmt":"2024-11-13T17:15:05","guid":{"rendered":"https:\/\/alqawafel.com\/?post_type=product&#038;p=10080"},"modified":"2025-06-30T08:47:53","modified_gmt":"2025-06-30T08:47:53","slug":"sulfato-potasico","status":"publish","type":"product","link":"https:\/\/alqawafel.com\/es\/product\/potassium-sulphate\/","title":{"rendered":"Fertilizante de sulfato pot\u00e1sico"},"content":{"rendered":"<div class=\"flex-shrink-0 flex flex-col relative items-end\">\n<div class=\"pt-0\">\n<div class=\"gizmo-bot-avatar flex h-8 w-8 items-center justify-center overflow-hidden rounded-full\">\n<h3>\u00bfQu\u00e9 es el sulfato pot\u00e1sico (SOP)?<\/h3>\n<p><span style=\"font-size: 18px\">El sulfato pot\u00e1sico (K\u2082SO\u2084), tambi\u00e9n conocido como sulfato de potasa, es una sal cristalina blanca soluble en agua que sirve como fertilizante pot\u00e1sico \u00e1cido. El SOP es \u00fanico por su capacidad para liberar nutrientes atrapados en el suelo, lo que mejora la absorci\u00f3n de otros elementos. Al aportar potasio y azufre esenciales, el SOP ayuda a impulsar el crecimiento de las plantas, mejorar el rendimiento y favorecer la producci\u00f3n de fruta de alta calidad.<\/span><\/p>\n<p><span style=\"font-size: 18px\">Este fertilizante rico en potasio es especialmente beneficioso durante la fase de formaci\u00f3n del fruto, ya que aumenta su tama\u00f1o, realza su coloraci\u00f3n y fortalece los tallos sin promover un crecimiento vegetativo excesivo. SOP es adecuado para diversos cultivos, como hortalizas, \u00e1rboles frutales y plantas ornamentales.<\/span><\/p>\n<h3>Principales ventajas del sulfato pot\u00e1sico (SOP)<\/h3>\n<ul>\n<li><span style=\"font-size: 18px\"><strong>Mejora la absorci\u00f3n de nutrientes:<\/strong> Libera los nutrientes atrapados en el suelo, mejorando la disponibilidad de elementos esenciales.<\/span><\/li>\n<li><span style=\"font-size: 18px\"><strong>Aumenta la calidad de la fruta:<\/strong> Aumenta el tama\u00f1o de los frutos, realza el color y fortalece los tallos para un crecimiento robusto.<\/span><\/li>\n<li><span style=\"font-size: 18px\"><strong>Aporte esencial de potasio y azufre:<\/strong> Proporciona los nutrientes clave necesarios para el desarrollo saludable de las plantas, mejorando el rendimiento y la resistencia de los cultivos.<\/span><\/li>\n<li><span style=\"font-size: 18px\"><strong>Compatibilidad con cultivos vers\u00e1tiles:<\/strong> Eficaz para hortalizas, \u00e1rboles frutales, plantas ornamentales y cultivos de campo.<\/span><\/li>\n<\/ul>\n<h3>M\u00e9todos de aplicaci\u00f3n recomendados para SOP<\/h3>\n<p><span style=\"font-size: 18px\">El sulfato pot\u00e1sico (SOP) puede aplicarse tanto por v\u00eda terrestre como foliar para adaptarse a las distintas necesidades de los cultivos:<\/span><\/p>\n<ul>\n<li style=\"list-style-type: none\">\n<ul>\n<li><span style=\"font-size: 18px\"><strong>Verduras:<\/strong> Tomates, pimientos, patatas, melones, calabazas, berenjenas, acianos, coles<\/span><\/li>\n<li><span style=\"font-size: 18px\"><strong>\u00c1rboles frutales:<\/strong> Mangos, pl\u00e1tanos, granadas, naranjas, almendras<\/span><\/li>\n<li><span style=\"font-size: 18px\"><strong>Cultivos de campo:<\/strong> Trigo, cebada, alfalfa<\/span><\/li>\n<\/ul>\n<\/li>\n<\/ul>\n<h3 data-start=\"208\" data-end=\"240\"><strong data-start=\"214\" data-end=\"240\">Hortalizas de campo abierto:<\/strong><\/h3>\n<p data-start=\"241\" data-end=\"278\"><strong data-start=\"241\" data-end=\"262\">Aplicaci\u00f3n al suelo:<\/strong><br data-start=\"262\" data-end=\"265\" \/>10 - 30 kg\/ha<\/p>\n<p data-start=\"280\" data-end=\"383\"><strong data-start=\"280\" data-end=\"303\">Aplicaci\u00f3n foliar:<\/strong><br data-start=\"303\" data-end=\"306\" \/>5 - 10 kg\/ha<br data-start=\"354\" data-end=\"357\" \/>O bien: 1-3 g por 1 L de agua<\/p>\n<h3 data-start=\"390\" data-end=\"412\"><strong data-start=\"396\" data-end=\"412\">\u00c1rboles frutales:<\/strong><\/h3>\n<p data-start=\"413\" data-end=\"450\"><strong data-start=\"413\" data-end=\"434\">Aplicaci\u00f3n al suelo:<\/strong><br data-start=\"434\" data-end=\"437\" \/>10 - 30 kg\/ha<\/p>\n<p data-start=\"452\" data-end=\"526\"><strong data-start=\"452\" data-end=\"475\">Aplicaci\u00f3n foliar:<\/strong><br data-start=\"475\" data-end=\"478\" \/>5 - 10 kg\/ha<\/p>\n<h3 data-start=\"533\" data-end=\"555\"><strong data-start=\"539\" data-end=\"555\">Cultivos de campo:<\/strong><\/h3>\n<p data-start=\"556\" data-end=\"593\"><strong data-start=\"556\" data-end=\"577\">Aplicaci\u00f3n al suelo:<\/strong><br data-start=\"577\" data-end=\"580\" \/>10 - 30 kg\/ha<\/p>\n<p data-start=\"595\" data-end=\"669\"><strong data-start=\"595\" data-end=\"618\">Aplicaci\u00f3n foliar:<\/strong><br data-start=\"618\" data-end=\"621\" \/>5 - 10 kg\/ha<\/p>\n<h3>Opciones de envasado<\/h3>\n<p><span style=\"font-size: 18px\">SOP est\u00e1 disponible en:<\/span><\/p>\n<ul>\n<li><span style=\"font-size: 18px\"><strong>Sacos de 25 Kg<\/strong><\/span><\/li>\n<li><span style=\"font-size: 18px\"><strong>Bolsas Jumbo de 1,25 Tm<\/strong><\/span><\/li>\n<\/ul>\n<p><img loading=\"lazy\" decoding=\"async\" class=\"alignnone size-medium wp-image-16808\" src=\"https:\/\/alqawafel.com\/wp-content\/uploads\/2024\/11\/Putasssium-sulphate-300x300.webp\" alt=\"Sulfato de potasio (SOP)\" width=\"300\" height=\"300\" srcset=\"https:\/\/alqawafel.com\/wp-content\/uploads\/2024\/11\/Putasssium-sulphate-300x300.webp 300w, https:\/\/alqawafel.com\/wp-content\/uploads\/2024\/11\/Putasssium-sulphate-150x150.webp 150w, https:\/\/alqawafel.com\/wp-content\/uploads\/2024\/11\/Putasssium-sulphate-768x768.webp 768w, https:\/\/alqawafel.com\/wp-content\/uploads\/2024\/11\/Putasssium-sulphate.webp 1000w\" sizes=\"auto, (max-width: 300px) 100vw, 300px\" \/><\/p>\n<\/div>\n<\/div>\n<\/div>\n<div id=\"hzImgLoader\" class=\"imgError\" style=\"width: auto;height: auto;line-height: 0px;overflow: hidden;padding: 0px;margin: 4px;position: absolute;z-index: 2147483647;border-radius: 4px;background-color: #ed0707;border: 4px solid #ed0707\"><\/div>","protected":false},"excerpt":{"rendered":"<p><span style=\"font-size: 18px\">El sulfato pot\u00e1sico (SOP) es un fertilizante hidrosoluble que favorece la formaci\u00f3n de frutos, realza el color y refuerza la resistencia de los cultivos.<\/span><\/p>","protected":false},"featured_media":16810,"comment_status":"open","ping_status":"closed","template":"","meta":{"om_disable_all_campaigns":false,"_monsterinsights_skip_tracking":false,"_monsterinsights_sitenote_active":false,"_monsterinsights_sitenote_note":"","_monsterinsights_sitenote_category":0},"product_brand":[],"product_cat":[50,2132],"product_tag":[866,962,463,935,961,959,960],"class_list":{"0":"post-10080","1":"product","2":"type-product","3":"status-publish","4":"has-post-thumbnail","6":"product_cat-fertilizers","7":"product_cat-single-fertilizers","8":"product_tag-al-qawafel-ind-agr-co","9":"product_tag-crop-resilience","10":"product_tag-fertilizer","11":"product_tag-fruit-quality","12":"product_tag-nutrient-release","13":"product_tag-potassium-sulphate","14":"product_tag-potassium-rich","16":"first","17":"instock","18":"shipping-taxable","19":"product-type-simple"},"aioseo_notices":[],"_links":{"self":[{"href":"https:\/\/alqawafel.com\/es\/wp-json\/wp\/v2\/product\/10080","targetHints":{"allow":["GET"]}}],"collection":[{"href":"https:\/\/alqawafel.com\/es\/wp-json\/wp\/v2\/product"}],"about":[{"href":"https:\/\/alqawafel.com\/es\/wp-json\/wp\/v2\/types\/product"}],"replies":[{"embeddable":true,"href":"https:\/\/alqawafel.com\/es\/wp-json\/wp\/v2\/comments?post=10080"}],"version-history":[{"count":6,"href":"https:\/\/alqawafel.com\/es\/wp-json\/wp\/v2\/product\/10080\/revisions"}],"predecessor-version":[{"id":19267,"href":"https:\/\/alqawafel.com\/es\/wp-json\/wp\/v2\/product\/10080\/revisions\/19267"}],"wp:featuredmedia":[{"embeddable":true,"href":"https:\/\/alqawafel.com\/es\/wp-json\/wp\/v2\/media\/16810"}],"wp:attachment":[{"href":"https:\/\/alqawafel.com\/es\/wp-json\/wp\/v2\/media?parent=10080"}],"wp:term":[{"taxonomy":"product_brand","embeddable":true,"href":"https:\/\/alqawafel.com\/es\/wp-json\/wp\/v2\/product_brand?post=10080"},{"taxonomy":"product_cat","embeddable":true,"href":"https:\/\/alqawafel.com\/es\/wp-json\/wp\/v2\/product_cat?post=10080"},{"taxonomy":"product_tag","embeddable":true,"href":"https:\/\/alqawafel.com\/es\/wp-json\/wp\/v2\/product_tag?post=10080"}],"curies":[{"name":"wp","href":"https:\/\/api.w.org\/{rel}","templated":true}]}}