{"id":10089,"date":"2024-11-13T19:01:11","date_gmt":"2024-11-13T19:01:11","guid":{"rendered":"https:\/\/alqawafel.com\/?post_type=product&#038;p=10089"},"modified":"2025-08-09T11:54:26","modified_gmt":"2025-08-09T11:54:26","slug":"endo-lex","status":"publish","type":"product","link":"https:\/\/alqawafel.com\/es\/product\/endo-lex\/","title":{"rendered":"Endo Lex"},"content":{"rendered":"<div class=\"flex-shrink-0 flex flex-col relative items-end\">\n<div class=\"pt-0\">\n<div class=\"gizmo-bot-avatar flex h-8 w-8 items-center justify-center overflow-hidden rounded-full\">\n<h4>\u00bfPor qu\u00e9 elegir Endo Lex?<\/h4>\n<p><span style=\"font-size: 18px;\">Endo Lex es un potente regulador del crecimiento de las plantas dise\u00f1ado para estimular el enraizamiento r\u00e1pido de esquejes blandos, semiduros y de madera dura, por lo que resulta esencial para el desarrollo eficaz de las ra\u00edces en esquejes de plantas. Con el \u00e1cido indol 3 but\u00edrico (IBA) como ingrediente activo, fomenta una formaci\u00f3n de ra\u00edces m\u00e1s r\u00e1pida y robusta en diferentes tipos de esquejes.<\/span><\/p>\n<h3>Principales ventajas del estimulante del enraizamiento Endo Lex<\/h3>\n<ul>\n<li><span style=\"font-size: 18px;\"><strong>Acelera el crecimiento de las ra\u00edces:<\/strong> Promueve la formaci\u00f3n r\u00e1pida y robusta de ra\u00edces, ideal para la propagaci\u00f3n de plantas.<\/span><\/li>\n<li><span style=\"font-size: 18px;\"><strong>M\u00faltiples aplicaciones:<\/strong> Adecuado para varios tipos de corte, incluyendo corte suave, corte medio y nodos duros.<\/span><\/li>\n<li><span style=\"font-size: 18px;\"><strong>Ingrediente activo de alta calidad:<\/strong> Contiene \u00e1cido indol 3 but\u00edrico (IBA), un eficaz estimulante del enraizamiento que potencia la iniciaci\u00f3n de las ra\u00edces.<\/span><\/li>\n<\/ul>\n<h3>Composici\u00f3n<\/h3>\n<ul>\n<li><span style=\"font-size: 18px;\"><strong>Ingrediente activo:<\/strong> \u00c1cido indol 3 but\u00edrico - 10 g\/L<\/span><\/li>\n<\/ul>\n<h3>Aplicaci\u00f3n recomendada<\/h3>\n<p><span style=\"font-size: 18px;\">Utilice Endo Lex para estimular el enraizamiento en diferentes tipos de esquejes de plantas:<\/span><\/p>\n<ul>\n<li><span style=\"font-size: 18px;\"><strong>Nodos blandos:<\/strong> Favorece la r\u00e1pida formaci\u00f3n de ra\u00edces para esquejes delicados.<\/span><\/li>\n<li><span style=\"font-size: 18px;\"><strong>Esquejes medianos:<\/strong> Potencia el crecimiento de las ra\u00edces en esquejes medianamente robustos.<\/span><\/li>\n<li><span style=\"font-size: 18px;\"><strong>Nodos duros:<\/strong> Estimula el enraizamiento eficaz en nudos duros y le\u00f1osos.<\/span><\/li>\n<\/ul>\n<h3>Tasa de aplicaci\u00f3n<\/h3>\n<p data-start=\"59\" data-end=\"212\"><span style=\"font-size: 14pt;\">Sumerja el <strong data-start=\"67\" data-end=\"81\">1 cm inferior<\/strong> del corte en la soluci\u00f3n y d\u00e9jelo secar durante <strong data-start=\"139\" data-end=\"152\">3 minutos<\/strong>.<\/span><br data-start=\"153\" data-end=\"156\" \/><span style=\"font-size: 14pt;\">Diluir Endo Lex con agua en funci\u00f3n del tipo de corte:<\/span><\/p>\n<ul data-start=\"214\" data-end=\"379\">\n<li data-start=\"214\" data-end=\"269\">\n<ul>\n<li><span style=\"font-size: 14pt;\"><strong>N\u00f3dulos blandos: a\u00f1ada Endo Lex al agua en una proporci\u00f3n de 1:10 respectivamente. <\/strong><\/span><\/li>\n<li><span style=\"font-size: 14pt;\"><strong>Esquejes medianos: a\u00f1ada Endo Lex al agua en una proporci\u00f3n de 1:5 respectivamente.<\/strong><\/span><\/li>\n<li><span style=\"font-size: 14pt;\"><strong>N\u00f3dulos duros: a\u00f1ada Endo Lex al agua en una proporci\u00f3n de 1:2 respectivamente.<\/strong><\/span><\/li>\n<\/ul>\n<\/li>\n<\/ul>\n<h3>Embalaje<\/h3>\n<p><span style=\"font-size: 18px;\">Disponible en:<\/span><\/p>\n<ul>\n<li><span style=\"font-size: 18px;\"><strong>Botellas de 100 ml<\/strong><\/span><\/li>\n<\/ul>\n<p><img loading=\"lazy\" decoding=\"async\" class=\"alignnone size-medium wp-image-17063\" src=\"https:\/\/alqawafel.com\/wp-content\/uploads\/2024\/11\/\u0627\u0646\u062f\u0648-\u0644\u0643\u0633-LOGO-300x300.webp\" alt=\"Endo Lex\" width=\"300\" height=\"300\" srcset=\"\" sizes=\"auto, (max-width: 300px) 100vw, 300px\" data-srcset=\"\" \/><\/p>\n<\/div>\n<\/div>\n<\/div>\n<div class=\"flex-shrink-0 flex flex-col relative items-end\">\n<div class=\"pt-0\"><\/div>\n<\/div>\n<div id=\"hzImgLoader\" class=\"imgError\" style=\"width: auto; height: auto; line-height: 0px; overflow: hidden; padding: 0px; margin: 4px; position: absolute; z-index: 2147483647; border-radius: 4px; background-color: #ed0707; border: 4px solid #ed0707;\"><\/div>","protected":false},"excerpt":{"rendered":"<p><span style=\"font-size: 18px;\">Endo Lex es un estimulante del enraizamiento que estimula el r\u00e1pido crecimiento de las ra\u00edces en las plantas, ideal para nudos blandos, esquejes medianos y nudos duros.<\/span><\/p>","protected":false},"featured_media":17063,"comment_status":"open","ping_status":"closed","template":"","meta":{"om_disable_all_campaigns":false,"_monsterinsights_skip_tracking":false,"_monsterinsights_sitenote_active":false,"_monsterinsights_sitenote_note":"","_monsterinsights_sitenote_category":0},"product_brand":[],"product_cat":[50,2139],"product_tag":[866,977,463,980,979,981,2217],"class_list":{"0":"post-10089","1":"product","2":"type-product","3":"status-publish","4":"has-post-thumbnail","6":"product_cat-fertilizers","7":"product_cat-plant-growth-regulator","8":"product_tag-al-qawafel-ind-agr-co","9":"product_tag-endo-lex","10":"product_tag-fertilizer","11":"product_tag-plant-propagation","12":"product_tag-rapid-root-growth","13":"product_tag-root-initiation","14":"product_tag-rooting-stimulant","16":"first","17":"instock","18":"shipping-taxable","19":"product-type-simple"},"aioseo_notices":[],"_links":{"self":[{"href":"https:\/\/alqawafel.com\/es\/wp-json\/wp\/v2\/product\/10089","targetHints":{"allow":["GET"]}}],"collection":[{"href":"https:\/\/alqawafel.com\/es\/wp-json\/wp\/v2\/product"}],"about":[{"href":"https:\/\/alqawafel.com\/es\/wp-json\/wp\/v2\/types\/product"}],"replies":[{"embeddable":true,"href":"https:\/\/alqawafel.com\/es\/wp-json\/wp\/v2\/comments?post=10089"}],"version-history":[{"count":12,"href":"https:\/\/alqawafel.com\/es\/wp-json\/wp\/v2\/product\/10089\/revisions"}],"predecessor-version":[{"id":19509,"href":"https:\/\/alqawafel.com\/es\/wp-json\/wp\/v2\/product\/10089\/revisions\/19509"}],"wp:featuredmedia":[{"embeddable":true,"href":"https:\/\/alqawafel.com\/es\/wp-json\/wp\/v2\/media\/17063"}],"wp:attachment":[{"href":"https:\/\/alqawafel.com\/es\/wp-json\/wp\/v2\/media?parent=10089"}],"wp:term":[{"taxonomy":"product_brand","embeddable":true,"href":"https:\/\/alqawafel.com\/es\/wp-json\/wp\/v2\/product_brand?post=10089"},{"taxonomy":"product_cat","embeddable":true,"href":"https:\/\/alqawafel.com\/es\/wp-json\/wp\/v2\/product_cat?post=10089"},{"taxonomy":"product_tag","embeddable":true,"href":"https:\/\/alqawafel.com\/es\/wp-json\/wp\/v2\/product_tag?post=10089"}],"curies":[{"name":"wp","href":"https:\/\/api.w.org\/{rel}","templated":true}]}}