{"id":10099,"date":"2024-11-14T06:51:07","date_gmt":"2024-11-14T06:51:07","guid":{"rendered":"https:\/\/alqawafel.com\/?post_type=product&#038;p=10099"},"modified":"2025-07-07T08:54:47","modified_gmt":"2025-07-07T08:54:47","slug":"calborex-18-6","status":"publish","type":"product","link":"https:\/\/alqawafel.com\/es\/product\/calborex-18-6\/","title":{"rendered":"Fertilizante CalborEX 18-6"},"content":{"rendered":"<h3>\u00a0\u00bfPor qu\u00e9 elegir CalborEX 18-6?<\/h3>\n<p><span style=\"font-size: 18px;\">CalborEX 18-6 es un potente compuesto nutritivo que contiene 18% de calcio (CaO) y 6% de boro (B), esenciales para favorecer el crecimiento de las plantas, la floraci\u00f3n y el cuajado de los frutos. Tambi\u00e9n incluye iniciadores del crecimiento, vitaminas y amino\u00e1cidos para fomentar un desarrollo sano de la planta. Esta formulaci\u00f3n \u00fanica proporciona una combinaci\u00f3n vital de calcio y boro, ayudando a prevenir la ca\u00edda prematura de los frutos, fortaleciendo las paredes celulares y mejorando el flujo de nutrientes dentro de los tejidos vegetales. A altas temperaturas, CalborEX ayuda a las flores y los frutos a resistir la ca\u00edda prematura, garantizando un cuajado satisfactorio y una calidad \u00f3ptima.<\/span><\/p>\n<h3>Principales ventajas de CalborEX 18-6<\/h3>\n<ul>\n<li><span style=\"font-size: 18px;\"><strong>Previene la ca\u00edda temprana de los frutos:<\/strong> Los altos niveles de calcio fortalecen las c\u00e9lulas para evitar su ca\u00edda prematura durante las fases de floraci\u00f3n y cuajado de frutos a altas temperaturas.<\/span><\/li>\n<li><span style=\"font-size: 18px;\"><strong>Mejora el flujo de nutrientes:<\/strong> El boro aumenta la flexibilidad de la pared celular, favoreciendo el movimiento eficaz de los nutrientes a trav\u00e9s de los tejidos vegetales.<\/span><\/li>\n<li><span style=\"font-size: 18px;\"><strong>Mejora la firmeza de la fruta:<\/strong> La aplicaci\u00f3n foliar de calcio aumenta la firmeza de la fruta, reduciendo los da\u00f1os durante el almacenamiento, el transporte y la comercializaci\u00f3n.<\/span><\/li>\n<li><span style=\"font-size: 18px;\"><strong>Aumenta la resistencia a las enfermedades:<\/strong> Refuerza las paredes celulares para prevenir las infecciones f\u00fangicas, ayudando a las plantas a resistir las enfermedades.<\/span><\/li>\n<li><span style=\"font-size: 18px;\"><strong>Favorece un crecimiento equilibrado:<\/strong> El calcio construye paredes celulares, mientras que el boro estabiliza el calcio, convirti\u00e9ndolos en una unidad eficaz para la salud de las plantas.<\/span><\/li>\n<li><span style=\"font-size: 18px;\"><strong>Mejora la calidad y la vida \u00fatil:<\/strong> Aumenta el tama\u00f1o, la calidad y el potencial de almacenamiento de la fruta, favoreciendo el \u00e9xito de la cosecha y su valor de mercado.<\/span><\/li>\n<\/ul>\n<h3>Principales aplicaciones de CalborEX<\/h3>\n<ul>\n<li><span style=\"font-size: 18px;\"><strong>Prevenci\u00f3n de la podredumbre de la flor:<\/strong> Protege los tomates, las berenjenas, los pimientos y las sand\u00edas de la podredumbre de la flor debida a la carencia de calcio.<\/span><\/li>\n<li><span style=\"font-size: 18px;\"><strong>Protecci\u00f3n de la fruta de la manzana:<\/strong> Reduce el riesgo de hueso amargo en las manzanas.<\/span><\/li>\n<li><span style=\"font-size: 18px;\"><strong>Correcci\u00f3n de la carencia de boro:<\/strong> Previene el deterioro en diversas frutas y corrige las anomal\u00edas de los racimos en las uvas, como la enfermedad \"Gallina y Pollo\".<\/span><\/li>\n<li><span style=\"font-size: 18px;\"><strong>Aumenta el rendimiento:<\/strong> Reduce el aborto de flores y la ca\u00edda de frutos, lo que aumenta la productividad.<\/span><\/li>\n<li><span style=\"font-size: 18px;\"><strong>Mejora la vida \u00fatil:<\/strong> Mejora la calidad de la fruta y prolonga su vida \u00fatil para obtener mejores resultados en el mercado.<\/span><\/li>\n<\/ul>\n<h3>Composici\u00f3n<\/h3>\n<ul>\n<li><span style=\"font-size: 18px;\"><strong>Calcio (CaO):<\/strong> 18%<\/span><\/li>\n<li><span style=\"font-size: 18px;\"><strong>Boro (B):<\/strong> 6%<\/span><\/li>\n<\/ul>\n<h3>Aplicaci\u00f3n ideal<\/h3>\n<p><span style=\"font-size: 18px;\"><strong>Aplicaci\u00f3n foliar:<\/strong> Para una absorci\u00f3n y eficacia \u00f3ptimas, aplicar directamente sobre las hojas.<\/span><\/p>\n<ul>\n<li><span style=\"font-size: 18px;\"><strong>Cultivos adecuados:<\/strong><\/span>\n<ul>\n<li><span style=\"font-size: 18px;\">Verduras<\/span><\/li>\n<li><span style=\"font-size: 18px;\">\u00c1rboles frutales<\/span><\/li>\n<li><span style=\"font-size: 18px;\">Cultivos de campo<\/span><\/li>\n<\/ul>\n<\/li>\n<\/ul>\n<p><span style=\"font-size: 18px;\"><strong>Aplicaci\u00f3n al suelo:<\/strong> Ideal para la absorci\u00f3n radicular en diversas configuraciones de campo.<\/span><\/p>\n<ul>\n<li><span style=\"font-size: 18px;\"><strong>Cultivos adecuados:<\/strong><\/span>\n<ul>\n<li><span style=\"font-size: 18px;\">Hortalizas al aire libre<\/span><\/li>\n<li><span style=\"font-size: 18px;\">Verduras de interior de pl\u00e1stico<\/span><\/li>\n<li><span style=\"font-size: 18px;\">\u00c1rboles frutales<\/span><\/li>\n<\/ul>\n<\/li>\n<\/ul>\n<h3>Tasa de aplicaci\u00f3n<\/h3>\n<h4 data-start=\"56\" data-end=\"79\">Aplicaci\u00f3n foliar<\/h4>\n<ul data-start=\"80\" data-end=\"207\">\n<li data-start=\"80\" data-end=\"126\">\n<p data-start=\"82\" data-end=\"126\"><span style=\"font-size: 14pt;\"><strong data-start=\"82\" data-end=\"96\">Verduras<\/strong>200-300 g \/ 200 L de agua<\/span><\/p>\n<\/li>\n<li data-start=\"127\" data-end=\"174\">\n<p data-start=\"129\" data-end=\"174\"><span style=\"font-size: 14pt;\"><strong data-start=\"129\" data-end=\"144\">\u00c1rboles frutales<\/strong>250-300 g \/ 200 L de agua<\/span><\/p>\n<\/li>\n<li data-start=\"175\" data-end=\"207\">\n<p data-start=\"177\" data-end=\"207\"><span style=\"font-size: 14pt;\"><strong data-start=\"177\" data-end=\"192\">Cultivos de campo<\/strong>: 1-2 kg \/ ha<\/span><\/p>\n<\/li>\n<\/ul>\n<h4 data-start=\"209\" data-end=\"230\">Aplicaci\u00f3n al suelo<\/h4>\n<ul data-start=\"231\" data-end=\"368\">\n<li data-start=\"231\" data-end=\"280\">\n<p data-start=\"233\" data-end=\"280\"><span style=\"font-size: 14pt;\"><strong data-start=\"233\" data-end=\"258\">Hortalizas al aire libre<\/strong>: 0,5-1 kg \/ 1000 m\u00b2<\/span><\/p>\n<\/li>\n<li data-start=\"281\" data-end=\"332\">\n<p data-start=\"283\" data-end=\"332\"><span style=\"font-size: 14pt;\"><strong data-start=\"283\" data-end=\"311\">Verduras de interior de pl\u00e1stico<\/strong>: 0,5-1 kg \/ 500 m\u00b2<\/span><\/p>\n<\/li>\n<li data-start=\"333\" data-end=\"368\">\n<p data-start=\"335\" data-end=\"368\"><span style=\"font-size: 14pt;\"><strong data-start=\"335\" data-end=\"350\">\u00c1rboles frutales<\/strong>25-50 g \/ \u00e1rbol<\/span><\/p>\n<\/li>\n<\/ul>\n<h3>Embalaje<\/h3>\n<ul>\n<li><span style=\"font-size: 18px;\"><strong>Paquete de 1 kg.<\/strong><\/span><\/li>\n<\/ul>\n<p><img loading=\"lazy\" decoding=\"async\" class=\"alignnone size-medium wp-image-17167\" src=\"https:\/\/alqawafel.com\/wp-content\/uploads\/2024\/11\/Micronate-CAI-BOR-18-6-LOGO-1-300x300.webp\" alt=\"CalborEX 18-6\" width=\"300\" height=\"300\" srcset=\"https:\/\/alqawafel.com\/wp-content\/uploads\/2024\/11\/Micronate-CAI-BOR-18-6-LOGO-1-300x300.webp 300w, https:\/\/alqawafel.com\/wp-content\/uploads\/2024\/11\/Micronate-CAI-BOR-18-6-LOGO-1-150x150.webp 150w, https:\/\/alqawafel.com\/wp-content\/uploads\/2024\/11\/Micronate-CAI-BOR-18-6-LOGO-1-768x768.webp 768w, https:\/\/alqawafel.com\/wp-content\/uploads\/2024\/11\/Micronate-CAI-BOR-18-6-LOGO-1.webp 1000w\" sizes=\"auto, (max-width: 300px) 100vw, 300px\" \/><\/p>","protected":false},"excerpt":{"rendered":"<p><span style=\"font-size: 18px;\">CalborEX 18-6 (Ca-B) es un compuesto rico en calcio y boro que mejora la firmeza del fruto y previene la podredumbre de la flor.<\/span><\/p>","protected":false},"featured_media":17167,"comment_status":"open","ping_status":"closed","template":"","meta":{"om_disable_all_campaigns":false,"_monsterinsights_skip_tracking":false,"_monsterinsights_sitenote_active":false,"_monsterinsights_sitenote_note":"","_monsterinsights_sitenote_category":0},"product_brand":[],"product_cat":[50,2136],"product_tag":[866,996,997,1000,463,999,998],"class_list":{"0":"post-10099","1":"product","2":"type-product","3":"status-publish","4":"has-post-thumbnail","6":"product_cat-fertilizers","7":"product_cat-specialty-fertilizers","8":"product_tag-al-qawafel-ind-agr-co","9":"product_tag-calborex-18-6","10":"product_tag-calcium-boron-blend","11":"product_tag-disease-resistance","12":"product_tag-fertilizer","13":"product_tag-fruit-firmness","14":"product_tag-prevents-fruit-drop","16":"first","17":"instock","18":"shipping-taxable","19":"product-type-simple"},"aioseo_notices":[],"_links":{"self":[{"href":"https:\/\/alqawafel.com\/es\/wp-json\/wp\/v2\/product\/10099","targetHints":{"allow":["GET"]}}],"collection":[{"href":"https:\/\/alqawafel.com\/es\/wp-json\/wp\/v2\/product"}],"about":[{"href":"https:\/\/alqawafel.com\/es\/wp-json\/wp\/v2\/types\/product"}],"replies":[{"embeddable":true,"href":"https:\/\/alqawafel.com\/es\/wp-json\/wp\/v2\/comments?post=10099"}],"version-history":[{"count":7,"href":"https:\/\/alqawafel.com\/es\/wp-json\/wp\/v2\/product\/10099\/revisions"}],"predecessor-version":[{"id":14133,"href":"https:\/\/alqawafel.com\/es\/wp-json\/wp\/v2\/product\/10099\/revisions\/14133"}],"wp:featuredmedia":[{"embeddable":true,"href":"https:\/\/alqawafel.com\/es\/wp-json\/wp\/v2\/media\/17167"}],"wp:attachment":[{"href":"https:\/\/alqawafel.com\/es\/wp-json\/wp\/v2\/media?parent=10099"}],"wp:term":[{"taxonomy":"product_brand","embeddable":true,"href":"https:\/\/alqawafel.com\/es\/wp-json\/wp\/v2\/product_brand?post=10099"},{"taxonomy":"product_cat","embeddable":true,"href":"https:\/\/alqawafel.com\/es\/wp-json\/wp\/v2\/product_cat?post=10099"},{"taxonomy":"product_tag","embeddable":true,"href":"https:\/\/alqawafel.com\/es\/wp-json\/wp\/v2\/product_tag?post=10099"}],"curies":[{"name":"wp","href":"https:\/\/api.w.org\/{rel}","templated":true}]}}