{"id":10111,"date":"2024-11-14T07:42:36","date_gmt":"2024-11-14T07:42:36","guid":{"rendered":"https:\/\/alqawafel.com\/?post_type=product&#038;p=10111"},"modified":"2025-08-09T12:06:12","modified_gmt":"2025-08-09T12:06:12","slug":"cobre-carboxilico-15","status":"publish","type":"product","link":"https:\/\/alqawafel.com\/es\/product\/carboxylic-copper-15\/","title":{"rendered":"Fertilizante de cobre carbox\u00edlico 15%"},"content":{"rendered":"<h3>\u00bfPor qu\u00e9 elegir el cobre carbox\u00edlico 15%?<\/h3>\n<p><span style=\"font-size: 18px;\">Carboxylic Copper 15% ofrece un compuesto de cobre de f\u00e1cil absorci\u00f3n en forma de carboxilo org\u00e1nico, proporcionando cobre esencial para promover la nutrici\u00f3n y la salud de las plantas. Esta f\u00f3rmula se absorbe eficazmente a trav\u00e9s de los poros de las hojas, lo que permite a las plantas beneficiarse plenamente del cobre, un nutriente clave que refuerza la resistencia a enfermedades bacterianas y f\u00fangicas como las plagas, el o\u00eddio, la podredumbre y el cancro. Carboxylic Copper tambi\u00e9n mejora la s\u00edntesis de clorofila, favorece la formaci\u00f3n de prote\u00ednas y estimula la producci\u00f3n de reguladores naturales del crecimiento, todo lo cual contribuye al crecimiento vigoroso de las plantas.<\/span><\/p>\n<h3>Principales ventajas del cobre carbox\u00edlico 15%<\/h3>\n<ul>\n<li><span style=\"font-size: 18px;\"><strong>Absorci\u00f3n eficaz del cobre:<\/strong> La forma carbox\u00edlica org\u00e1nica facilita la absorci\u00f3n r\u00e1pida y eficaz del cobre a trav\u00e9s de las hojas, optimizando la salud de las plantas.<\/span><\/li>\n<li><span style=\"font-size: 18px;\"><strong>Mejora la resistencia a las enfermedades:<\/strong> Act\u00faa como defensa natural contra los hongos y las infecciones bacterianas, reforzando las plantas contra las plagas, el o\u00eddio, la podredumbre y el cancro.<\/span><\/li>\n<li><span style=\"font-size: 18px;\"><strong>Mejora la s\u00edntesis de la clorofila:<\/strong> Los iones de cobre impulsan la s\u00edntesis de clorofila, favoreciendo la producci\u00f3n de prote\u00ednas, la formaci\u00f3n de vitaminas y el desarrollo de reguladores del crecimiento en la planta.<\/span><\/li>\n<li><span style=\"font-size: 18px;\"><strong>Activa el metabolismo de las plantas:<\/strong> Los \u00e1cidos carbox\u00edlicos derivados de fuentes org\u00e1nicas naturales estimulan el metabolismo y favorecen el crecimiento general.<\/span><\/li>\n<li><span style=\"font-size: 18px;\"><strong>R\u00e1pida absorci\u00f3n y utilizaci\u00f3n:<\/strong> El cobre carbox\u00edlico org\u00e1nico se absorbe y metaboliza r\u00e1pidamente, integr\u00e1ndose a la perfecci\u00f3n en el ciclo de crecimiento de la planta para mejorar su vitalidad y su resistencia a las enfermedades.<\/span><\/li>\n<\/ul>\n<h3>Papel del cobre en las plantas<\/h3>\n<ul>\n<li><span style=\"font-size: 18px;\"><strong>S\u00edntesis de prote\u00ednas:<\/strong> Esencial para la formaci\u00f3n de prote\u00ednas en los tejidos vegetales.<\/span><\/li>\n<li><span style=\"font-size: 18px;\"><strong>Activaci\u00f3n enzim\u00e1tica:<\/strong> Favorece la actividad enzim\u00e1tica, especialmente en el proceso de fotos\u00edntesis.<\/span><\/li>\n<li><span style=\"font-size: 18px;\"><strong>Estabilidad de la clorofila:<\/strong> Ayuda a prevenir la degradaci\u00f3n temprana de la clorofila, manteniendo las hojas verdes y sanas.<\/span><\/li>\n<\/ul>\n<h3>Aplicaci\u00f3n ideal<\/h3>\n<p><span style=\"font-size: 18px;\"><strong>Aplicaci\u00f3n foliar:<\/strong> Aplicar directamente sobre las hojas para una absorci\u00f3n y eficacia \u00f3ptimas.<\/span><br \/>\n<span style=\"font-size: 18px;\"><strong>Aplicaci\u00f3n al suelo:<\/strong> Proporciona absorci\u00f3n a nivel radicular para cultivos en diversas condiciones de suelo.<\/span><\/p>\n<p><span style=\"font-size: 18px;\"><strong>Adecuado para:<\/strong><\/span><\/p>\n<ul>\n<li><span style=\"font-size: 18px;\"><strong>Hortalizas de campo abierto y de invernadero<\/strong><\/span><\/li>\n<li><span style=\"font-size: 18px;\"><strong>\u00c1rboles frutales<\/strong><\/span><\/li>\n<li><span style=\"font-size: 18px;\"><strong>Plantas ornamentales<\/strong><\/span><\/li>\n<li><span style=\"font-size: 18px;\"><strong>Cultivos de campo<\/strong><\/span><\/li>\n<\/ul>\n<h3 data-start=\"162\" data-end=\"186\">Tasa de aplicaci\u00f3n<\/h3>\n<ul data-start=\"187\" data-end=\"286\">\n<li data-start=\"187\" data-end=\"239\">\n<p data-start=\"189\" data-end=\"239\"><span style=\"font-size: 14pt;\"><strong data-start=\"189\" data-end=\"212\">Aplicaci\u00f3n foliar:<\/strong> 1-2 g por litro de agua<\/span><\/p>\n<\/li>\n<li data-start=\"240\" data-end=\"286\">\n<p data-start=\"242\" data-end=\"286\"><span style=\"font-size: 14pt;\"><strong data-start=\"242\" data-end=\"263\">Aplicaci\u00f3n al suelo:<\/strong> 0,5-1 kg por 1000 m\u00b2<\/span><\/p>\n<\/li>\n<\/ul>\n<h3>Embalaje<\/h3>\n<ul>\n<li><span style=\"font-size: 18px;\"><strong>Botella de 1 kg.<\/strong><\/span><\/li>\n<\/ul>\n<p><img loading=\"lazy\" decoding=\"async\" class=\"alignnone size-medium wp-image-17153\" src=\"https:\/\/alqawafel.com\/wp-content\/uploads\/2024\/11\/CARBOXILOK-T32-LOGO-300x300.webp\" alt=\"Cobre carbox\u00edlico 15%\" width=\"300\" height=\"300\" srcset=\"https:\/\/alqawafel.com\/wp-content\/uploads\/2024\/11\/CARBOXILOK-T32-LOGO-300x300.webp 300w, https:\/\/alqawafel.com\/wp-content\/uploads\/2024\/11\/CARBOXILOK-T32-LOGO-150x150.webp 150w, https:\/\/alqawafel.com\/wp-content\/uploads\/2024\/11\/CARBOXILOK-T32-LOGO-768x768.webp 768w, https:\/\/alqawafel.com\/wp-content\/uploads\/2024\/11\/CARBOXILOK-T32-LOGO.webp 1000w\" sizes=\"auto, (max-width: 300px) 100vw, 300px\" \/><\/p>","protected":false},"excerpt":{"rendered":"<p><span style=\"font-size: 18px;\">El Cobre Carbox\u00edlico 15% es un nutriente de cobre org\u00e1nico que favorece el crecimiento de las plantas, aumenta su resistencia a las enfermedades y promueve la s\u00edntesis de clorofila.<\/span><\/p>","protected":false},"featured_media":17153,"comment_status":"open","ping_status":"closed","template":"","meta":{"om_disable_all_campaigns":false,"_monsterinsights_skip_tracking":false,"_monsterinsights_sitenote_active":false,"_monsterinsights_sitenote_note":"","_monsterinsights_sitenote_category":0},"product_brand":[],"product_cat":[50,2136],"product_tag":[866,1011,1000,463,1014,1013,1012],"class_list":{"0":"post-10111","1":"product","2":"type-product","3":"status-publish","4":"has-post-thumbnail","6":"product_cat-fertilizers","7":"product_cat-specialty-fertilizers","8":"product_tag-al-qawafel-ind-agr-co","9":"product_tag-carboxylic-copper-15","10":"product_tag-disease-resistance","11":"product_tag-fertilizer","12":"product_tag-foliar-soil-application","13":"product_tag-fungal-protection","14":"product_tag-organic-copper","16":"first","17":"instock","18":"shipping-taxable","19":"product-type-simple"},"aioseo_notices":[],"_links":{"self":[{"href":"https:\/\/alqawafel.com\/es\/wp-json\/wp\/v2\/product\/10111","targetHints":{"allow":["GET"]}}],"collection":[{"href":"https:\/\/alqawafel.com\/es\/wp-json\/wp\/v2\/product"}],"about":[{"href":"https:\/\/alqawafel.com\/es\/wp-json\/wp\/v2\/types\/product"}],"replies":[{"embeddable":true,"href":"https:\/\/alqawafel.com\/es\/wp-json\/wp\/v2\/comments?post=10111"}],"version-history":[{"count":6,"href":"https:\/\/alqawafel.com\/es\/wp-json\/wp\/v2\/product\/10111\/revisions"}],"predecessor-version":[{"id":19515,"href":"https:\/\/alqawafel.com\/es\/wp-json\/wp\/v2\/product\/10111\/revisions\/19515"}],"wp:featuredmedia":[{"embeddable":true,"href":"https:\/\/alqawafel.com\/es\/wp-json\/wp\/v2\/media\/17153"}],"wp:attachment":[{"href":"https:\/\/alqawafel.com\/es\/wp-json\/wp\/v2\/media?parent=10111"}],"wp:term":[{"taxonomy":"product_brand","embeddable":true,"href":"https:\/\/alqawafel.com\/es\/wp-json\/wp\/v2\/product_brand?post=10111"},{"taxonomy":"product_cat","embeddable":true,"href":"https:\/\/alqawafel.com\/es\/wp-json\/wp\/v2\/product_cat?post=10111"},{"taxonomy":"product_tag","embeddable":true,"href":"https:\/\/alqawafel.com\/es\/wp-json\/wp\/v2\/product_tag?post=10111"}],"curies":[{"name":"wp","href":"https:\/\/api.w.org\/{rel}","templated":true}]}}