{"id":10124,"date":"2024-11-14T08:37:58","date_gmt":"2024-11-14T08:37:58","guid":{"rendered":"https:\/\/alqawafel.com\/?post_type=product&#038;p=10124"},"modified":"2025-08-18T11:25:52","modified_gmt":"2025-08-18T11:25:52","slug":"humugreen-85","status":"publish","type":"product","link":"https:\/\/alqawafel.com\/es\/product\/humugreen-85\/","title":{"rendered":"Fertilizante HUMUgreen 85%"},"content":{"rendered":"<h3>Por qu\u00e9 elegir HUMUgreen<strong>\u00a085%<\/strong>?<\/h3>\n<p><span style=\"font-size: 18px;\">Esta f\u00f3rmula HUMUgreen 85%, que combina \u00e1cidos h\u00famicos (\u00e1cido Dopal) y f\u00falvicos, es un potente fertilizante natural adecuado para todo tipo de suelos y variedades de cultivos. Al potenciar la retenci\u00f3n de agua, la disponibilidad de nutrientes y la aireaci\u00f3n, esta f\u00f3rmula mejora significativamente la salud del suelo, la resistencia a la sequ\u00eda y la productividad. Con una mayor capacidad de intercambio i\u00f3nico y una mayor absorci\u00f3n de f\u00f3sforo, fomenta un fuerte desarrollo de las ra\u00edces y un crecimiento \u00f3ptimo en diversos cultivos. Ideal para su uso en diferentes sistemas de riego o como aditivo para el suelo, HUMUgreen 85 favorece tanto la vitalidad de las plantas como un mayor rendimiento.<\/span><\/p>\n<h3>Principales ventajas del fertilizante HUMUgreen 85%<\/h3>\n<ul>\n<li><span style=\"font-size: 18px;\"><strong>Mejora la retenci\u00f3n de agua y la resistencia a la sequ\u00eda:<\/strong> Aumenta la capacidad de retenci\u00f3n de agua del suelo y mejora la tolerancia a la sequ\u00eda, favoreciendo el crecimiento sano de las plantas.<\/span><\/li>\n<li><span style=\"font-size: 18px;\"><strong>Aumenta la disponibilidad de nutrientes:<\/strong> Maximiza el intercambio i\u00f3nico y la absorci\u00f3n de minerales, aumentando la absorci\u00f3n total de nitr\u00f3geno y f\u00f3sforo a trav\u00e9s de las ra\u00edces.<\/span><\/li>\n<li><span style=\"font-size: 18px;\"><strong>Mejora la germinaci\u00f3n y la productividad:<\/strong> Aumenta el \u00edndice de germinaci\u00f3n de las semillas e incrementa la productividad de los cultivos por unidad de superficie, favoreciendo una producci\u00f3n de alta calidad.<\/span><\/li>\n<li><span style=\"font-size: 18px;\"><strong>Estimula el crecimiento de las plantas:<\/strong> Acelera la divisi\u00f3n celular, mejorando el crecimiento de las plantas, la producci\u00f3n de enzimas y el contenido vitam\u00ednico.<\/span><\/li>\n<li><span style=\"font-size: 18px;\"><strong>Activa los microorganismos del suelo:<\/strong> Promueve un ecosistema de suelo sano estimulando la actividad microbiana beneficiosa.<\/span><\/li>\n<li><span style=\"font-size: 18px;\"><strong>Aplicaci\u00f3n flexible:<\/strong> Puede utilizarse en diversos sistemas de riego o a\u00f1adirse directamente al suelo antes de regar.<\/span><\/li>\n<\/ul>\n<h3>Aplicaci\u00f3n ideal<\/h3>\n<p><span style=\"font-size: 18px;\">Este abono vers\u00e1til es adecuado para una amplia gama de cultivos:<\/span><\/p>\n<ul>\n<li><span style=\"font-size: 18px;\"><strong>Verduras<\/strong><\/span><\/li>\n<li><span style=\"font-size: 18px;\"><strong>\u00c1rboles frutales<\/strong><\/span><\/li>\n<li><span style=\"font-size: 18px;\"><strong>Cultivos de campo<\/strong><\/span><\/li>\n<li><span style=\"font-size: 18px;\"><strong>Ornamentales<\/strong><\/span><\/li>\n<li><span style=\"font-size: 18px;\"><strong>Pl\u00e1ntulas (antes de la plantaci\u00f3n)<\/strong><\/span><\/li>\n<\/ul>\n<h3>Composici\u00f3n<\/h3>\n<ul>\n<li><span style=\"font-size: 18px;\"><strong>\u00c1cidos h\u00famicos (\u00e1cido Dopal) y f\u00falvicos:<\/strong> 85%<\/span><\/li>\n<\/ul>\n<h3>Dosis de aplicaci\u00f3n mediante sistemas de riego<\/h3>\n<p><span style=\"font-size: 14pt;\"><strong>Hortalizas protegidas (invernaderos):<\/strong> 250-500 g por unidad de invernadero<\/span><\/p>\n<p><span style=\"font-size: 14pt;\"><strong>Verduras de campo abierto:<\/strong> 100-200 g por dunum<\/span><\/p>\n<p><span style=\"font-size: 14pt;\"><strong>\u00c1rboles frutales:<\/strong> 15-25 g por \u00e1rbol, seg\u00fan el tipo y la edad<\/span><\/p>\n<p><span style=\"font-size: 14pt;\"><strong>Cultivos de campo (alfalfa, trigo, cebada):<\/strong> 2-3 kg por hect\u00e1rea<\/span><\/p>\n<h3>Embalaje<\/h3>\n<ul>\n<li><span style=\"font-size: 18px;\"><strong>1 kg<\/strong><\/span><\/li>\n<\/ul>\n<p><img loading=\"lazy\" decoding=\"async\" class=\"alignnone size-medium wp-image-16749\" src=\"https:\/\/alqawafel.com\/wp-content\/uploads\/2024\/11\/HUMUGRRN-LOGO-300x300.webp\" alt=\"Humugreen 85%\" width=\"300\" height=\"300\" srcset=\"https:\/\/alqawafel.com\/wp-content\/uploads\/2024\/11\/HUMUGRRN-LOGO-300x300.webp 300w, https:\/\/alqawafel.com\/wp-content\/uploads\/2024\/11\/HUMUGRRN-LOGO-150x150.webp 150w, https:\/\/alqawafel.com\/wp-content\/uploads\/2024\/11\/HUMUGRRN-LOGO-768x768.webp 768w, https:\/\/alqawafel.com\/wp-content\/uploads\/2024\/11\/HUMUGRRN-LOGO.webp 1000w\" sizes=\"auto, (max-width: 300px) 100vw, 300px\" \/><\/p>","protected":false},"excerpt":{"rendered":"<p><span style=\"font-size: 18px;\">HUMUgreen 85% es un fertilizante natural que mejora la retenci\u00f3n de agua, la absorci\u00f3n de nutrientes y la productividad de los cultivos, ideal para todo tipo de suelos y cultivos.<\/span><\/p>","protected":false},"featured_media":16749,"comment_status":"open","ping_status":"closed","template":"","meta":{"om_disable_all_campaigns":false,"_monsterinsights_skip_tracking":false,"_monsterinsights_sitenote_active":false,"_monsterinsights_sitenote_note":"","_monsterinsights_sitenote_category":0},"product_brand":[],"product_cat":[2138,50],"product_tag":[866,2218,1572,463,1570,1569,1573,1571],"class_list":{"0":"post-10124","1":"product","2":"type-product","3":"status-publish","4":"has-post-thumbnail","6":"product_cat-biostimulants-fertilizers","7":"product_cat-fertilizers","8":"product_tag-al-qawafel-ind-agr-co","9":"product_tag-dopal-acid","10":"product_tag-drought-resistant-fertilizer","11":"product_tag-fertilizer","12":"product_tag-fulvic-acid-fertilizer","13":"product_tag-humic-acid-fertilizer","14":"product_tag-humugreen-85","15":"product_tag-soil-health-booster","17":"first","18":"instock","19":"shipping-taxable","20":"product-type-simple"},"aioseo_notices":[],"_links":{"self":[{"href":"https:\/\/alqawafel.com\/es\/wp-json\/wp\/v2\/product\/10124","targetHints":{"allow":["GET"]}}],"collection":[{"href":"https:\/\/alqawafel.com\/es\/wp-json\/wp\/v2\/product"}],"about":[{"href":"https:\/\/alqawafel.com\/es\/wp-json\/wp\/v2\/types\/product"}],"replies":[{"embeddable":true,"href":"https:\/\/alqawafel.com\/es\/wp-json\/wp\/v2\/comments?post=10124"}],"version-history":[{"count":10,"href":"https:\/\/alqawafel.com\/es\/wp-json\/wp\/v2\/product\/10124\/revisions"}],"predecessor-version":[{"id":19611,"href":"https:\/\/alqawafel.com\/es\/wp-json\/wp\/v2\/product\/10124\/revisions\/19611"}],"wp:featuredmedia":[{"embeddable":true,"href":"https:\/\/alqawafel.com\/es\/wp-json\/wp\/v2\/media\/16749"}],"wp:attachment":[{"href":"https:\/\/alqawafel.com\/es\/wp-json\/wp\/v2\/media?parent=10124"}],"wp:term":[{"taxonomy":"product_brand","embeddable":true,"href":"https:\/\/alqawafel.com\/es\/wp-json\/wp\/v2\/product_brand?post=10124"},{"taxonomy":"product_cat","embeddable":true,"href":"https:\/\/alqawafel.com\/es\/wp-json\/wp\/v2\/product_cat?post=10124"},{"taxonomy":"product_tag","embeddable":true,"href":"https:\/\/alqawafel.com\/es\/wp-json\/wp\/v2\/product_tag?post=10124"}],"curies":[{"name":"wp","href":"https:\/\/api.w.org\/{rel}","templated":true}]}}