{"id":10142,"date":"2024-11-14T09:57:10","date_gmt":"2024-11-14T09:57:10","guid":{"rendered":"https:\/\/alqawafel.com\/?post_type=product&#038;p=10142"},"modified":"2025-07-07T09:43:50","modified_gmt":"2025-07-07T09:43:50","slug":"corrector-ph","status":"publish","type":"product","link":"https:\/\/alqawafel.com\/es\/product\/ph-corrector\/","title":{"rendered":"Corrector de pH"},"content":{"rendered":"<h3>\u00bfPor qu\u00e9 elegir pH Corrector?<\/h3>\n<p><span style=\"font-size: 18px;\">pH Corrector es una potente soluci\u00f3n para equilibrar los niveles de pH del suelo y del agua, haciendo que los nutrientes sean m\u00e1s accesibles para su absorci\u00f3n por las plantas. Al restablecer el equilibrio qu\u00edmico del suelo, este producto libera nutrientes que de otro modo quedar\u00edan fijados en el suelo, potenciando el crecimiento y la salud de las plantas. Tambi\u00e9n reduce el pH del suelo y del agua de riego, limpia los sistemas de riego de la acumulaci\u00f3n de sedimentos y aumenta la eficacia de los fertilizantes.<\/span><\/p>\n<h3>Principales ventajas de pH Corrector<\/h3>\n<ul>\n<li><span style=\"font-size: 18px;\"><strong>Libera los nutrientes bloqueados:<\/strong> Hace que los nutrientes del suelo est\u00e9n disponibles para su absorci\u00f3n por las plantas.<\/span><\/li>\n<li><span style=\"font-size: 18px;\"><strong>Equilibra la qu\u00edmica del suelo:<\/strong> Restablece el equilibrio qu\u00edmico, favoreciendo un crecimiento m\u00e1s sano de las plantas.<\/span><\/li>\n<li><span style=\"font-size: 18px;\"><strong>Reduce los niveles de pH:<\/strong> Reduce el pH del suelo y del agua, ideal para condiciones alcalinas.<\/span><\/li>\n<li><span style=\"font-size: 18px;\"><strong>Limpia los sistemas de riego:<\/strong> Elimina la acumulaci\u00f3n de sedimentos, garantizando un riego eficaz.<\/span><\/li>\n<li><span style=\"font-size: 18px;\"><strong>Mejora la eficiencia de los nutrientes:<\/strong> Mejora la absorci\u00f3n de nutrientes del suelo y los fertilizantes.<\/span><\/li>\n<\/ul>\n<h3>Tasa de aplicaci\u00f3n<\/h3>\n<p><span style=\"font-size: 14pt;\">Aplicar a raz\u00f3n de 2-3 kg por dunum, seg\u00fan el tipo de suelo y la alcalinidad.<\/span><br data-start=\"153\" data-end=\"156\" \/><span style=\"font-size: 14pt;\">Como alternativa, puede a\u00f1adirse al estanque o al barril de pulverizaci\u00f3n a raz\u00f3n de 50-75 g por 200 litros de agua, dependiendo de la alcalinidad del agua.<\/span><\/p>\n<h3 class=\"translation-block\"><span style=\"font-size: 18px\">Composici\u00f3n qu\u00edmica<\/span>.<\/h3>\n<ul>\n<li><span style=\"font-size: 18px;\"><strong>Nitr\u00f3geno (N 10%)<\/strong><\/span><\/li>\n<\/ul>\n<h3>Embalaje<\/h3>\n<ul>\n<li><span style=\"font-size: 18px;\"><strong>Gal\u00f3n de 25 Kg.<\/strong><\/span><\/li>\n<\/ul>\n<p><img loading=\"lazy\" decoding=\"async\" class=\"alignnone size-medium wp-image-17112\" src=\"https:\/\/alqawafel.com\/wp-content\/uploads\/2024\/11\/CORRECTOR-LOGO-300x300.webp\" alt=\"Corrector de pH\" width=\"300\" height=\"300\" srcset=\"https:\/\/alqawafel.com\/wp-content\/uploads\/2024\/11\/CORRECTOR-LOGO-300x300.webp 300w, https:\/\/alqawafel.com\/wp-content\/uploads\/2024\/11\/CORRECTOR-LOGO-150x150.webp 150w, https:\/\/alqawafel.com\/wp-content\/uploads\/2024\/11\/CORRECTOR-LOGO-768x768.webp 768w, https:\/\/alqawafel.com\/wp-content\/uploads\/2024\/11\/CORRECTOR-LOGO.webp 1000w\" sizes=\"auto, (max-width: 300px) 100vw, 300px\" \/><\/p>","protected":false},"excerpt":{"rendered":"<p><span style=\"font-size: 18px;\">pH Corrector equilibra el pH del suelo, libera los nutrientes bloqueados y limpia los sistemas de riego, mejorando la disponibilidad y absorci\u00f3n de nutrientes.<\/span><\/p>","protected":false},"featured_media":17112,"comment_status":"open","ping_status":"closed","template":"","meta":{"om_disable_all_campaigns":false,"_monsterinsights_skip_tracking":false,"_monsterinsights_sitenote_active":false,"_monsterinsights_sitenote_note":"","_monsterinsights_sitenote_category":0},"product_brand":[],"product_cat":[50,2136],"product_tag":[866,463,1054,1052,1051,1050,1053],"class_list":{"0":"post-10142","1":"product","2":"type-product","3":"status-publish","4":"has-post-thumbnail","6":"product_cat-fertilizers","7":"product_cat-specialty-fertilizers","8":"product_tag-al-qawafel-ind-agr-co","9":"product_tag-fertilizer","10":"product_tag-nutrient-efficiency","11":"product_tag-nutrient-unlocker","12":"product_tag-ph-balancing","13":"product_tag-ph-corrector","14":"product_tag-soil-water-ph-control","16":"first","17":"instock","18":"shipping-taxable","19":"product-type-simple"},"aioseo_notices":[],"_links":{"self":[{"href":"https:\/\/alqawafel.com\/es\/wp-json\/wp\/v2\/product\/10142","targetHints":{"allow":["GET"]}}],"collection":[{"href":"https:\/\/alqawafel.com\/es\/wp-json\/wp\/v2\/product"}],"about":[{"href":"https:\/\/alqawafel.com\/es\/wp-json\/wp\/v2\/types\/product"}],"replies":[{"embeddable":true,"href":"https:\/\/alqawafel.com\/es\/wp-json\/wp\/v2\/comments?post=10142"}],"version-history":[{"count":7,"href":"https:\/\/alqawafel.com\/es\/wp-json\/wp\/v2\/product\/10142\/revisions"}],"predecessor-version":[{"id":19398,"href":"https:\/\/alqawafel.com\/es\/wp-json\/wp\/v2\/product\/10142\/revisions\/19398"}],"wp:featuredmedia":[{"embeddable":true,"href":"https:\/\/alqawafel.com\/es\/wp-json\/wp\/v2\/media\/17112"}],"wp:attachment":[{"href":"https:\/\/alqawafel.com\/es\/wp-json\/wp\/v2\/media?parent=10142"}],"wp:term":[{"taxonomy":"product_brand","embeddable":true,"href":"https:\/\/alqawafel.com\/es\/wp-json\/wp\/v2\/product_brand?post=10142"},{"taxonomy":"product_cat","embeddable":true,"href":"https:\/\/alqawafel.com\/es\/wp-json\/wp\/v2\/product_cat?post=10142"},{"taxonomy":"product_tag","embeddable":true,"href":"https:\/\/alqawafel.com\/es\/wp-json\/wp\/v2\/product_tag?post=10142"}],"curies":[{"name":"wp","href":"https:\/\/api.w.org\/{rel}","templated":true}]}}