{"id":10144,"date":"2024-11-14T10:01:35","date_gmt":"2024-11-14T10:01:35","guid":{"rendered":"https:\/\/alqawafel.com\/?post_type=product&#038;p=10144"},"modified":"2025-07-07T07:13:28","modified_gmt":"2025-07-07T07:13:28","slug":"fosforo","status":"publish","type":"product","link":"https:\/\/alqawafel.com\/es\/product\/phosphorous\/","title":{"rendered":"Fertilizante fosforado"},"content":{"rendered":"<h3>\u00bfPor qu\u00e9 elegir el f\u00f3sforo?<\/h3>\n<p><span style=\"font-size: 18px;\">El f\u00f3sforo es un compuesto nutritivo especialmente formulado y rico en nutrientes esenciales, como f\u00f3sforo, potasio, nitr\u00f3geno y microelementos quelados. Este producto favorece el desarrollo de las ra\u00edces, mejora la resistencia de las plantas y aumenta la calidad de las cosechas al facilitar el movimiento de los nutrientes dentro de la planta. Su composici\u00f3n \u00fanica permite que se absorba eficazmente tanto hacia arriba como hacia abajo, garantizando que las plantas reciban un suministro constante de f\u00f3sforo y potasio. El f\u00f3sforo tambi\u00e9n desempe\u00f1a un papel fundamental en la agricultura ecol\u00f3gica, ya que potencia la resistencia natural contra las infecciones f\u00fangicas sin provocar inmunidad a los hongos.<\/span><\/p>\n<h3>Principales beneficios del compuesto nutritivo vegetal f\u00f3sforo<\/h3>\n<ul>\n<li><span style=\"font-size: 18px;\"><strong>Favorece el desarrollo de las ra\u00edces:<\/strong> Favorece la formaci\u00f3n de ra\u00edces, mejora la floraci\u00f3n y potencia el cuajado y la producci\u00f3n.<\/span><\/li>\n<li><span style=\"font-size: 18px;\"><strong>Absorci\u00f3n bidireccional:<\/strong> Se absorbe tanto hacia arriba como hacia abajo, proporcionando un acceso constante a los nutrientes esenciales.<\/span><\/li>\n<li><span style=\"font-size: 18px;\"><strong>Aumenta la resistencia a las enfermedades f\u00fangicas:<\/strong> Aumenta las defensas naturales contra los hongos, previniendo infecciones como el mildi\u00fa velloso y la podredumbre de las ra\u00edces.<\/span><\/li>\n<li><span style=\"font-size: 18px;\"><strong>Mejora la calidad y el almacenamiento de la fruta:<\/strong> Potencia el movimiento del almid\u00f3n, la grasa y los sac\u00e1ridos, mejorando el color, el sabor, la forma y la capacidad de almacenamiento de las frutas.<\/span><\/li>\n<li><span style=\"font-size: 18px;\"><strong>Ideal para la agricultura ecol\u00f3gica:<\/strong> Minimiza la necesidad de pesticidas qu\u00edmicos, apoyando la producci\u00f3n de cultivos sostenibles y naturales.<\/span><\/li>\n<\/ul>\n<h3>Aplicaciones recomendadas para el f\u00f3sforo<\/h3>\n<p><span style=\"font-size: 18px;\"><strong>Aplicaci\u00f3n foliar:<\/strong> Aplicar directamente sobre las hojas para una absorci\u00f3n eficaz de los nutrientes.<\/span><br \/>\n<span style=\"font-size: 18px;\"><strong>Aplicaci\u00f3n al suelo:<\/strong> Ideal para la absorci\u00f3n a nivel radicular en diversos cultivos.<\/span><\/p>\n<p><span style=\"font-size: 18px;\"><strong>Adecuado para:<\/strong><\/span><\/p>\n<ul>\n<li><span style=\"font-size: 18px;\"><b>\u00c1rboles frutales<\/b><\/span><\/li>\n<li><span style=\"font-size: 18px;\"><strong>Hortalizas de campo abierto y de invernadero<\/strong><\/span><\/li>\n<li><span style=\"font-size: 18px;\"><strong>Planta ornamental<\/strong><\/span><\/li>\n<\/ul>\n<h3>Tasa de aplicaci\u00f3n<\/h3>\n<ul>\n<li data-start=\"121\" data-end=\"258\">\n<h4 data-start=\"123\" data-end=\"133\"><strong data-start=\"123\" data-end=\"133\">Manzanas<\/strong><\/h4>\n<ul data-start=\"136\" data-end=\"258\">\n<li data-start=\"136\" data-end=\"200\">\n<p data-start=\"138\" data-end=\"200\"><span style=\"font-size: 14pt;\"><em data-start=\"138\" data-end=\"147\">Foliar:<\/em> 400-500 ml \/ 200 L de agua, mensualmente durante la defoliaci\u00f3n<\/span><\/p>\n<\/li>\n<li data-start=\"203\" data-end=\"258\">\n<p data-start=\"205\" data-end=\"258\"><span style=\"font-size: 14pt;\"><em data-start=\"205\" data-end=\"212\">Suelo:<\/em> 10 L \/ 200 L de agua, a raz\u00f3n de 2 L por \u00e1rbol<\/span><\/p>\n<\/li>\n<\/ul>\n<\/li>\n<li data-start=\"260\" data-end=\"346\">\n<h4 data-start=\"262\" data-end=\"272\"><strong data-start=\"262\" data-end=\"272\">C\u00edtricos<\/strong><\/h4>\n<ul data-start=\"275\" data-end=\"346\">\n<li data-start=\"275\" data-end=\"346\">\n<p data-start=\"277\" data-end=\"346\"><span style=\"font-size: 14pt;\"><em data-start=\"277\" data-end=\"286\">Foliar:<\/em> Dos veces en primavera, una vez en oto\u00f1o a 400-500 ml \/ 200 L de agua<\/span><\/p>\n<\/li>\n<\/ul>\n<\/li>\n<li data-start=\"348\" data-end=\"420\">\n<h4 data-start=\"350\" data-end=\"360\"><strong data-start=\"350\" data-end=\"360\">Uvas<\/strong><\/h4>\n<ul data-start=\"363\" data-end=\"420\">\n<li data-start=\"363\" data-end=\"420\">\n<p data-start=\"365\" data-end=\"420\"><span style=\"font-size: 14pt;\"><em data-start=\"365\" data-end=\"374\">Foliar:<\/em> 2-3 veces seg\u00fan necesidad, 500 ml \/ 200 L de agua<\/span><\/p>\n<\/li>\n<\/ul>\n<\/li>\n<li data-start=\"422\" data-end=\"504\">\n<h4 data-start=\"424\" data-end=\"440\"><strong data-start=\"424\" data-end=\"440\">Fresas<\/strong><\/h4>\n<ul data-start=\"443\" data-end=\"504\">\n<li data-start=\"443\" data-end=\"504\">\n<p data-start=\"445\" data-end=\"504\"><span style=\"font-size: 14pt;\"><em data-start=\"445\" data-end=\"454\">Foliar:<\/em> 2-3 veces seg\u00fan necesidad, 400-600 ml \/ 200 L de agua<\/span><\/p>\n<\/li>\n<\/ul>\n<\/li>\n<li data-start=\"506\" data-end=\"584\">\n<h4 data-start=\"508\" data-end=\"532\"><strong data-start=\"508\" data-end=\"532\">Pl\u00e1ntulas de fresa<\/strong><\/h4>\n<ul data-start=\"535\" data-end=\"584\">\n<li data-start=\"535\" data-end=\"584\">\n<p data-start=\"537\" data-end=\"584\"><span style=\"font-size: 14pt;\"><em data-start=\"537\" data-end=\"549\">Ra\u00edces de inmersi\u00f3n:<\/em> 15 minutos en soluci\u00f3n de f\u00f3sforo<\/span><\/p>\n<\/li>\n<\/ul>\n<\/li>\n<li data-start=\"586\" data-end=\"666\">\n<h4 data-start=\"588\" data-end=\"627\"><strong data-start=\"588\" data-end=\"627\">Hortalizas (protegidas y al aire libre)<\/strong><\/h4>\n<ul data-start=\"630\" data-end=\"666\">\n<li data-start=\"630\" data-end=\"666\">\n<p data-start=\"632\" data-end=\"666\"><span style=\"font-size: 14pt;\"><em data-start=\"632\" data-end=\"641\">Foliar:<\/em> 400-600 ml \/ 200 L de agua<\/span><\/p>\n<\/li>\n<\/ul>\n<\/li>\n<li data-start=\"668\" data-end=\"724\">\n<h4 data-start=\"670\" data-end=\"685\"><strong data-start=\"670\" data-end=\"685\">Ornamentales<\/strong><\/h4>\n<ul data-start=\"688\" data-end=\"724\">\n<li data-start=\"688\" data-end=\"724\">\n<p data-start=\"690\" data-end=\"724\"><span style=\"font-size: 14pt;\"><em data-start=\"690\" data-end=\"699\">Foliar:<\/em> 400-600 ml \/ 200 L de agua<\/span><\/p>\n<\/li>\n<\/ul>\n<\/li>\n<\/ul>\n<h3 class=\"translation-block\"><span style=\"font-size: 18px\">Composici\u00f3n qu\u00edmica<\/span>.<\/h3>\n<ul>\n<li><span style=\"font-size: 18px;\"><strong>F\u00f3sforo (P 27%)<\/strong><\/span><\/li>\n<li><span style=\"font-size: 18px;\"><strong>Potasio (K 18%)<\/strong><\/span><\/li>\n<li><span style=\"font-size: 18px;\"><strong>Nitr\u00f3geno (N 3%)<\/strong><\/span><\/li>\n<li><span style=\"font-size: 18px;\"><strong>Micronutrientes quelados<\/strong><\/span><\/li>\n<\/ul>\n<h3>Embalaje<\/h3>\n<ul>\n<li><span style=\"font-size: 18px;\"><strong>1 L y 5 L<\/strong><\/span><\/li>\n<\/ul>\n<p><img loading=\"lazy\" decoding=\"async\" class=\"alignnone size-medium wp-image-17092\" src=\"https:\/\/alqawafel.com\/wp-content\/uploads\/2024\/11\/PHOSPHOROS.-LOGO-300x300.webp\" alt=\"F\u00f3sforo\" width=\"300\" height=\"300\" srcset=\"https:\/\/alqawafel.com\/wp-content\/uploads\/2024\/11\/PHOSPHOROS.-LOGO-300x300.webp 300w, https:\/\/alqawafel.com\/wp-content\/uploads\/2024\/11\/PHOSPHOROS.-LOGO-150x150.webp 150w, https:\/\/alqawafel.com\/wp-content\/uploads\/2024\/11\/PHOSPHOROS.-LOGO-768x768.webp 768w, https:\/\/alqawafel.com\/wp-content\/uploads\/2024\/11\/PHOSPHOROS.-LOGO.webp 1000w\" sizes=\"auto, (max-width: 300px) 100vw, 300px\" \/><\/p>","protected":false},"excerpt":{"rendered":"<p><span style=\"font-size: 18px;\">El f\u00f3sforo es un compuesto nutritivo de las plantas que potencia el desarrollo de las ra\u00edces, aumenta la resistencia a los hongos y mejora la calidad de los cultivos para la agricultura ecol\u00f3gica.<\/span><\/p>","protected":false},"featured_media":17092,"comment_status":"open","ping_status":"closed","template":"","meta":{"om_disable_all_campaigns":false,"_monsterinsights_skip_tracking":false,"_monsterinsights_sitenote_active":false,"_monsterinsights_sitenote_note":"","_monsterinsights_sitenote_category":0},"product_brand":[],"product_cat":[50,2137],"product_tag":[866,463,1058,1055,1056,1057,1010],"class_list":{"0":"post-10144","1":"product","2":"type-product","3":"status-publish","4":"has-post-thumbnail","6":"product_cat-fertilizers","7":"product_cat-smart-fertilizers","8":"product_tag-al-qawafel-ind-agr-co","9":"product_tag-fertilizer","10":"product_tag-fungal-resistance","11":"product_tag-phosphorous","12":"product_tag-phosphorus-rich","13":"product_tag-root-booster","14":"product_tag-root-development","16":"first","17":"instock","18":"shipping-taxable","19":"product-type-simple"},"aioseo_notices":[],"_links":{"self":[{"href":"https:\/\/alqawafel.com\/es\/wp-json\/wp\/v2\/product\/10144","targetHints":{"allow":["GET"]}}],"collection":[{"href":"https:\/\/alqawafel.com\/es\/wp-json\/wp\/v2\/product"}],"about":[{"href":"https:\/\/alqawafel.com\/es\/wp-json\/wp\/v2\/types\/product"}],"replies":[{"embeddable":true,"href":"https:\/\/alqawafel.com\/es\/wp-json\/wp\/v2\/comments?post=10144"}],"version-history":[{"count":4,"href":"https:\/\/alqawafel.com\/es\/wp-json\/wp\/v2\/product\/10144\/revisions"}],"predecessor-version":[{"id":19368,"href":"https:\/\/alqawafel.com\/es\/wp-json\/wp\/v2\/product\/10144\/revisions\/19368"}],"wp:featuredmedia":[{"embeddable":true,"href":"https:\/\/alqawafel.com\/es\/wp-json\/wp\/v2\/media\/17092"}],"wp:attachment":[{"href":"https:\/\/alqawafel.com\/es\/wp-json\/wp\/v2\/media?parent=10144"}],"wp:term":[{"taxonomy":"product_brand","embeddable":true,"href":"https:\/\/alqawafel.com\/es\/wp-json\/wp\/v2\/product_brand?post=10144"},{"taxonomy":"product_cat","embeddable":true,"href":"https:\/\/alqawafel.com\/es\/wp-json\/wp\/v2\/product_cat?post=10144"},{"taxonomy":"product_tag","embeddable":true,"href":"https:\/\/alqawafel.com\/es\/wp-json\/wp\/v2\/product_tag?post=10144"}],"curies":[{"name":"wp","href":"https:\/\/api.w.org\/{rel}","templated":true}]}}