{"id":10146,"date":"2024-11-14T10:06:58","date_gmt":"2024-11-14T10:06:58","guid":{"rendered":"https:\/\/alqawafel.com\/?post_type=product&#038;p=10146"},"modified":"2025-08-09T11:46:02","modified_gmt":"2025-08-09T11:46:02","slug":"polisulfuro-de-potasio","status":"publish","type":"product","link":"https:\/\/alqawafel.com\/es\/product\/potassium-poly-sulfide\/","title":{"rendered":"Fertilizante KS de polisulfuro pot\u00e1sico"},"content":{"rendered":"<h3>\u00bfPor qu\u00e9 elegir polisulfuro pot\u00e1sico KS?<\/h3>\n<p><span style=\"font-size: 18px;\">El polisulfuro de potasio es un fertilizante desarrollado cient\u00edficamente que combina nutrientes esenciales, potasio y azufre, para fomentar el crecimiento de las plantas, protegerlas contra las enfermedades f\u00fangicas y favorecer su salud general. Esta f\u00f3rmula \u00fanica alimenta las plantas al tiempo que proporciona una barrera protectora contra las plagas, por lo que es un valioso complemento para cultivos como c\u00edtricos, almendras, manzanas, uvas y hortalizas. Seguro para humanos, animales y polinizadores, Poly Sulfide ofrece una soluci\u00f3n respetuosa con el medio ambiente para mejorar el crecimiento, resistir las enfermedades y mejorar el color y la calidad de la fruta.<\/span><\/p>\n<h3>Principales ventajas del abono KS de polisulfuro pot\u00e1sico<\/h3>\n<ul>\n<li><span style=\"font-size: 18px;\"><strong>Doble funcionalidad:<\/strong> Act\u00faa como fertilizante protector y como fuente de nutrientes esenciales, favoreciendo el crecimiento de las plantas y protegi\u00e9ndolas de las plagas.<\/span><\/li>\n<li><span style=\"font-size: 18px;\"><strong>Aumenta la salud y la resistencia de las plantas:<\/strong> Fortalece las plantas, permiti\u00e9ndoles resistir mejor las enfermedades y el estr\u00e9s ambiental.<\/span><\/li>\n<li><span style=\"font-size: 18px;\"><strong>Mejora la calidad de la fruta:<\/strong> Mejora el color, el sabor y la capacidad de conservaci\u00f3n de la fruta, especialmente en c\u00edtricos, manzanas, almendras y uvas.<\/span><\/li>\n<li><span style=\"font-size: 18px;\"><strong>Respetuoso con el medio ambiente:<\/strong> Seguro para las personas, los animales y los polinizadores, lo que garantiza un uso respetuoso con el medio ambiente.<\/span><\/li>\n<li><span style=\"font-size: 18px;\"><strong>Previene el crecimiento de hongos:<\/strong> Forma una capa protectora de azufre en las hojas, bloqueando las esporas f\u00fangicas e interrumpiendo el ciclo de vida de los hongos pat\u00f3genos.<\/span><\/li>\n<\/ul>\n<h3>Importancia de los nutrientes clave<\/h3>\n<p><span style=\"font-size: 18px;\"><strong>Potasio (K\u2082O):<\/strong><\/span><\/p>\n<ul>\n<li><span style=\"font-size: 18px;\"><strong>Regula la \u00f3smosis:<\/strong> Mantiene el equilibrio h\u00eddrico dentro de la planta, aumentando la resistencia en condiciones dif\u00edciles.<\/span><\/li>\n<li><span style=\"font-size: 18px;\"><strong>Favorece el transporte de carbohidratos:<\/strong> Ayuda a transferir nutrientes de las hojas a las zonas de almacenamiento en frutas, ra\u00edces y tub\u00e9rculos.<\/span><\/li>\n<li><span style=\"font-size: 18px;\"><strong>Aumenta la resistencia a las enfermedades:<\/strong> Fortalece las plantas contra las enfermedades, mejorando el crecimiento y la calidad de los frutos.<\/span><\/li>\n<\/ul>\n<p><span style=\"font-size: 18px;\"><strong>Azufre (S):<\/strong><\/span><\/p>\n<ul>\n<li><span style=\"font-size: 18px;\"><strong>S\u00edntesis de prote\u00ednas:<\/strong> Se combina con el nitr\u00f3geno para formar amino\u00e1cidos esenciales para la formaci\u00f3n de prote\u00ednas.<\/span><\/li>\n<li><span style=\"font-size: 18px;\"><strong>Formaci\u00f3n de vitaminas y reguladores del crecimiento:<\/strong> Desempe\u00f1a un papel crucial en la s\u00edntesis de vitaminas y reguladores del crecimiento vegetal.<\/span><\/li>\n<li><span style=\"font-size: 18px;\"><strong>Mejora la fotos\u00edntesis:<\/strong> Contribuye a la producci\u00f3n de clorofila y a la fotos\u00edntesis, favoreciendo el crecimiento y la resistencia.<\/span><\/li>\n<\/ul>\n<h3>Aplicaci\u00f3n ideal del fertilizante de polisulfuro pot\u00e1sico<\/h3>\n<p class=\"translation-block\"><span style=\"font-size: 18px\">El polisulfuro se utiliza mejor como <strong>aplicaci\u00f3n foliar<\/strong> en una amplia variedad de cultivos:<\/span><\/p>\n<ol>\n<li><span style=\"font-size: 18px;\"><strong>Como nutriente:<\/strong><\/span>\n<ul>\n<li><span style=\"font-size: 18px;\"><strong>Verduras:<\/strong> Tomates, cucurbit\u00e1ceas, fresas<\/span><\/li>\n<li><span style=\"font-size: 18px;\"><strong>\u00c1rboles frutales:<\/strong> C\u00edtricos (frutales y no frutales), Mangos, Manzanas, Uvas<\/span><\/li>\n<li><span style=\"font-size: 18px;\"><strong>Plantas ornamentales<\/strong><\/span><\/li>\n<\/ul>\n<\/li>\n<li><span style=\"font-size: 18px;\"><strong>Para la protecci\u00f3n frente a enfermedades f\u00fangicas:<\/strong><\/span>\n<ul>\n<li><span style=\"font-size: 18px;\"><strong>Hortalizas de campo abierto y de invernadero\u00a0\u00a0<\/strong><\/span><\/li>\n<li><span style=\"font-size: 18px;\"><strong>\u00c1rboles frutales<\/strong><\/span><\/li>\n<li><span style=\"font-size: 14pt;\"><strong>Cultivos de campo<\/strong><\/span><\/li>\n<\/ul>\n<\/li>\n<\/ol>\n<h3>Tasa de aplicaci\u00f3n<\/h3>\n<h4 data-start=\"113\" data-end=\"132\"><strong data-start=\"113\" data-end=\"130\">1. Verduras<\/strong><\/h4>\n<ul data-start=\"133\" data-end=\"442\">\n<li data-start=\"133\" data-end=\"181\">\n<p data-start=\"135\" data-end=\"181\"><span style=\"font-size: 14pt;\"><strong data-start=\"135\" data-end=\"145\">Uso:<\/strong> 300-500 ml \/ 200 L de agua (foliar)<\/span><\/p>\n<\/li>\n<li data-start=\"182\" data-end=\"278\">\n<p data-start=\"184\" data-end=\"278\"><span style=\"font-size: 14pt;\"><strong data-start=\"184\" data-end=\"195\">Tomate:<\/strong> 4 pulverizaciones - a partir de 21 d\u00edas despu\u00e9s del trasplante, y despu\u00e9s durante el cuajado y la formaci\u00f3n del fruto<\/span><\/p>\n<\/li>\n<li data-start=\"279\" data-end=\"370\">\n<p data-start=\"281\" data-end=\"370\"><span style=\"font-size: 14pt;\"><strong data-start=\"281\" data-end=\"295\">Cucurbit\u00e1ceas:<\/strong> 4 pulverizaciones - despu\u00e9s de la formaci\u00f3n de las hojas, luego durante la floraci\u00f3n y el cuajado de los frutos<\/span><\/p>\n<\/li>\n<li data-start=\"371\" data-end=\"442\">\n<p data-start=\"373\" data-end=\"442\"><span style=\"font-size: 14pt;\"><strong data-start=\"373\" data-end=\"388\">Fresa:<\/strong> Pulverizaciones mensuales durante 4 meses a partir de la floraci\u00f3n<\/span><\/p>\n<\/li>\n<\/ul>\n<h4 data-start=\"444\" data-end=\"464\"><strong data-start=\"444\" data-end=\"462\">2. \u00c1rboles frutales<\/strong><\/h4>\n<ul data-start=\"465\" data-end=\"846\">\n<li data-start=\"465\" data-end=\"558\">\n<p data-start=\"467\" data-end=\"558\"><span style=\"font-size: 14pt;\"><strong data-start=\"467\" data-end=\"489\">C\u00edtricos (fructificaci\u00f3n):<\/strong> 3 pulverizaciones - finales de primavera, principios de oto\u00f1o y 2 semanas antes de la cosecha<\/span><\/p>\n<\/li>\n<li data-start=\"559\" data-end=\"627\">\n<p data-start=\"561\" data-end=\"627\"><span style=\"font-size: 14pt;\"><strong data-start=\"561\" data-end=\"587\">C\u00edtricos (sin fruto):<\/strong> 3 pulverizaciones - marzo, junio y septiembre<\/span><\/p>\n<\/li>\n<li data-start=\"628\" data-end=\"690\">\n<p data-start=\"630\" data-end=\"690\"><span style=\"font-size: 14pt;\"><strong data-start=\"630\" data-end=\"640\">Mango:<\/strong> 3 pulverizaciones - durante la floraci\u00f3n y despu\u00e9s del cuajado de los frutos<\/span><\/p>\n<\/li>\n<li data-start=\"691\" data-end=\"742\">\n<p data-start=\"693\" data-end=\"742\"><span style=\"font-size: 14pt;\"><strong data-start=\"693\" data-end=\"704\">Uvas:<\/strong> 3 pulverizaciones - durante la formaci\u00f3n del racimo<\/span><\/p>\n<\/li>\n<li data-start=\"743\" data-end=\"793\">\n<p data-start=\"745\" data-end=\"793\"><span style=\"font-size: 14pt;\"><strong data-start=\"745\" data-end=\"755\">Apple:<\/strong> 4 pulverizaciones - de la fructificaci\u00f3n a la cosecha<\/span><\/p>\n<\/li>\n<li data-start=\"794\" data-end=\"846\">\n<p data-start=\"796\" data-end=\"846\"><span style=\"font-size: 14pt;\"><strong data-start=\"796\" data-end=\"813\">Frutas de hueso:<\/strong> 2 pulverizaciones - despu\u00e9s del cuajado de la fruta<\/span><\/p>\n<\/li>\n<\/ul>\n<h4 data-start=\"848\" data-end=\"874\"><strong data-start=\"848\" data-end=\"872\">3. Plantas ornamentales<\/strong><\/h4>\n<ul data-start=\"875\" data-end=\"921\">\n<li data-start=\"875\" data-end=\"921\">\n<p data-start=\"877\" data-end=\"921\"><span style=\"font-size: 14pt;\"><strong data-start=\"877\" data-end=\"887\">Uso:<\/strong> 200-500 ml \/ 200 L de agua (foliar)<\/span><\/p>\n<\/li>\n<\/ul>\n<h3 class=\"translation-block\"><span style=\"font-size: 18px\">Composici\u00f3n qu\u00edmica<\/span>.<\/h3>\n<ul>\n<li><span style=\"font-size: 18px;\"><strong>Azufre (S 40%)<\/strong><\/span><\/li>\n<li><span style=\"font-size: 18px;\"><strong>Potasio (K\u2082O 35%)<\/strong><\/span><\/li>\n<\/ul>\n<h3>Embalaje<\/h3>\n<ul>\n<li><span style=\"font-size: 18px;\"><strong>Gal\u00f3n de 1 L, 5 L y 20 L<\/strong><\/span><\/li>\n<\/ul>\n<p><img loading=\"lazy\" decoding=\"async\" class=\"alignnone size-medium wp-image-18401\" src=\"https:\/\/alqawafel.com\/wp-content\/uploads\/2024\/11\/POLY-SULFIDE-kS-LOGO-300x300.webp\" alt=\"El polisulfuro pot\u00e1sico es un abono protector a base de potasio y azufre que mejora el crecimiento, potencia la resistencia a las enfermedades y favorece la calidad de la fruta.\" width=\"300\" height=\"300\" srcset=\"https:\/\/alqawafel.com\/wp-content\/uploads\/2024\/11\/POLY-SULFIDE-kS-LOGO-300x300.webp 300w, https:\/\/alqawafel.com\/wp-content\/uploads\/2024\/11\/POLY-SULFIDE-kS-LOGO-150x150.webp 150w, https:\/\/alqawafel.com\/wp-content\/uploads\/2024\/11\/POLY-SULFIDE-kS-LOGO-768x768.webp 768w, https:\/\/alqawafel.com\/wp-content\/uploads\/2024\/11\/POLY-SULFIDE-kS-LOGO.webp 1000w\" sizes=\"auto, (max-width: 300px) 100vw, 300px\" \/><\/p>","protected":false},"excerpt":{"rendered":"<p class=\"translation-block\"><span style=\"font-size: 18px\">Polisulfuro de potasio <\/span>KS <span style=\"font-size: 18px\">es un fertilizante protector de potasio y azufre que mejora el crecimiento, aumenta la resistencia a las enfermedades y favorece la calidad de la fruta.<\/span><\/p>","protected":false},"featured_media":18401,"comment_status":"open","ping_status":"closed","template":"","meta":{"om_disable_all_campaigns":false,"_monsterinsights_skip_tracking":false,"_monsterinsights_sitenote_active":false,"_monsterinsights_sitenote_note":"","_monsterinsights_sitenote_category":0},"product_brand":[],"product_cat":[50,2137],"product_tag":[866,1061,463,1013,929,1059,1060],"class_list":{"0":"post-10146","1":"product","2":"type-product","3":"status-publish","4":"has-post-thumbnail","6":"product_cat-fertilizers","7":"product_cat-smart-fertilizers","8":"product_tag-al-qawafel-ind-agr-co","9":"product_tag-dual-function","10":"product_tag-fertilizer","11":"product_tag-fungal-protection","12":"product_tag-plant-resilience","13":"product_tag-poly-sulfide","14":"product_tag-potassium-sulfur-blend","16":"first","17":"instock","18":"shipping-taxable","19":"product-type-simple"},"aioseo_notices":[],"_links":{"self":[{"href":"https:\/\/alqawafel.com\/es\/wp-json\/wp\/v2\/product\/10146","targetHints":{"allow":["GET"]}}],"collection":[{"href":"https:\/\/alqawafel.com\/es\/wp-json\/wp\/v2\/product"}],"about":[{"href":"https:\/\/alqawafel.com\/es\/wp-json\/wp\/v2\/types\/product"}],"replies":[{"embeddable":true,"href":"https:\/\/alqawafel.com\/es\/wp-json\/wp\/v2\/comments?post=10146"}],"version-history":[{"count":13,"href":"https:\/\/alqawafel.com\/es\/wp-json\/wp\/v2\/product\/10146\/revisions"}],"predecessor-version":[{"id":19506,"href":"https:\/\/alqawafel.com\/es\/wp-json\/wp\/v2\/product\/10146\/revisions\/19506"}],"wp:featuredmedia":[{"embeddable":true,"href":"https:\/\/alqawafel.com\/es\/wp-json\/wp\/v2\/media\/18401"}],"wp:attachment":[{"href":"https:\/\/alqawafel.com\/es\/wp-json\/wp\/v2\/media?parent=10146"}],"wp:term":[{"taxonomy":"product_brand","embeddable":true,"href":"https:\/\/alqawafel.com\/es\/wp-json\/wp\/v2\/product_brand?post=10146"},{"taxonomy":"product_cat","embeddable":true,"href":"https:\/\/alqawafel.com\/es\/wp-json\/wp\/v2\/product_cat?post=10146"},{"taxonomy":"product_tag","embeddable":true,"href":"https:\/\/alqawafel.com\/es\/wp-json\/wp\/v2\/product_tag?post=10146"}],"curies":[{"name":"wp","href":"https:\/\/api.w.org\/{rel}","templated":true}]}}