{"id":10153,"date":"2024-11-14T10:23:34","date_gmt":"2024-11-14T10:23:34","guid":{"rendered":"https:\/\/alqawafel.com\/?post_type=product&#038;p=10153"},"modified":"2025-07-09T08:29:37","modified_gmt":"2025-07-09T08:29:37","slug":"crecimiento-15-15-30t-e-abono","status":"publish","type":"product","link":"https:\/\/alqawafel.com\/es\/product\/growth-15-15-30t-e-fertilizer\/","title":{"rendered":"Crecimiento 15-15-30+T.E. Fertilizante"},"content":{"rendered":"<h3>\u00bfPor qu\u00e9 elegir el fertilizante Growth 15-15-30+T.E.?<\/h3>\n<p><span style=\"font-size: 18px;\">El Fertilizante de Crecimiento 15-15-30+T.E. es una f\u00f3rmula avanzada con alto contenido en potasio dise\u00f1ada para favorecer el crecimiento robusto de las plantas y mejorar la calidad de los frutos. Enriquecido con nutrientes esenciales como nitr\u00f3geno, f\u00f3sforo, azufre, magnesio, oligoelementos y vitaminas, este fertilizante soluble proporciona una mezcla equilibrada de nutrientes que mejora la salud de las plantas en todas las fases de crecimiento. La composici\u00f3n crea un nivel \u00f3ptimo de pH y EC, por lo que es adecuado para suelos con alta salinidad y maximiza la absorci\u00f3n de nutrientes. Con potasio procedente de formas puras y estables, el Fertilizante de Crecimiento garantiza una eficacia duradera en el suelo, por lo que es ideal para cultivos con elevadas necesidades de potasio.<\/span><\/p>\n<h3>Principales ventajas del abono de crecimiento 15-15-30+T.E.<\/h3>\n<ul>\n<li><span style=\"font-size: 18px;\"><strong>Alto contenido en potasio:<\/strong> Favorece el desarrollo del fruto, aumenta el rendimiento y mejora la calidad general del fruto, por lo que es ideal para cultivos con elevadas necesidades de potasio.<\/span><\/li>\n<li><span style=\"font-size: 18px;\"><strong>Absorci\u00f3n \u00f3ptima de nutrientes:<\/strong> Un pH \u00e1cido de 6 y una CE baja mejoran la absorci\u00f3n de nutrientes, lo que resulta especialmente beneficioso en suelos salinos.<\/span><\/li>\n<li><span style=\"font-size: 18px;\"><strong>Tres formas de nitr\u00f3geno:<\/strong> El nitr\u00f3geno se suministra en forma de nitrato, amonio y amina, lo que garantiza un aporte de nutrientes constante y eficaz.<\/span><\/li>\n<li><span style=\"font-size: 18px;\"><strong>Fuentes de potasio estabilizado:<\/strong> El potasio permanece estable en el suelo, evitando la competencia de nutrientes y permitiendo una absorci\u00f3n eficaz.<\/span><\/li>\n<li><span style=\"font-size: 18px;\"><strong>Aplicaci\u00f3n vers\u00e1til:<\/strong> Su composici\u00f3n soluble es ideal para diversos sistemas de riego, satisfaciendo las necesidades de hortalizas, \u00e1rboles frutales, cultivos de campo y cultivos de alta demanda de potasio.<\/span><\/li>\n<\/ul>\n<h3 class=\"translation-block\"><span style=\"font-size: 18px\">Composici\u00f3n qu\u00edmica<\/span>.<\/h3>\n<ul>\n<li><span style=\"font-size: 18px;\"><strong>Nitr\u00f3geno (N 15%)<\/strong><\/span><\/li>\n<li><span style=\"font-size: 18px;\"><strong>F\u00f3sforo (P\u2082O\u2085 15%)<\/strong><\/span><\/li>\n<li><span style=\"font-size: 18px;\"><strong>Potasio (K\u2082O 30%)<\/strong><\/span><\/li>\n<li><span style=\"font-size: 18px;\"><strong>Hierro (Fe) - Quelado con \u00e1cido c\u00edtrico EDTA<\/strong><\/span><\/li>\n<li><span style=\"font-size: 18px;\"><strong>Zinc (Zn) - Quelado con \u00e1cido c\u00edtrico EDTA<\/strong><\/span><\/li>\n<li><span style=\"font-size: 18px;\"><strong>Manganeso (Mn) - Quelado con \u00e1cido c\u00edtrico EDTA<\/strong><\/span><\/li>\n<li><span style=\"font-size: 18px;\"><strong>Cobre (Cu) - Quelado con \u00e1cido c\u00edtrico EDTA<\/strong><\/span><\/li>\n<li><span style=\"font-size: 18px;\"><strong>Boro (B)<\/strong><\/span><\/li>\n<\/ul>\n<p><span style=\"font-size: 18px;\"><strong>Aditivos adicionales:<\/strong> Riboflavina, piridoxina, nicotinamida, tiamina y \u00e1cidos org\u00e1nicos.<\/span><\/p>\n<p><span style=\"font-size: 18px;\"><strong>Sin cloruro (Cl)<\/strong><\/span><\/p>\n<h3>Aplicaci\u00f3n ideal<\/h3>\n<p><span style=\"font-size: 18px;\"><strong>Cultivos adecuados:<\/strong><\/span><\/p>\n<ul>\n<li><span style=\"font-size: 18px;\">Hortalizas de invernadero y de campo abierto.<\/span><\/li>\n<li><span style=\"font-size: 14pt;\">Cultivos de campo.<\/span><\/li>\n<li><span style=\"font-size: 18px;\">\u00c1rboles frutales.<\/span><\/li>\n<li><span style=\"font-size: 14pt;\">Plantas ornamentales.<\/span><\/li>\n<\/ul>\n<h3 data-start=\"139\" data-end=\"173\">Tasa de aplicaci\u00f3n<\/h3>\n<h4 data-start=\"139\" data-end=\"173\"><strong data-start=\"145\" data-end=\"171\">Hortalizas de campo abierto:<\/strong><\/h4>\n<p><span style=\"font-size: 14pt;\">1,5-2 kg \/ 1000 m\u00b2, 3-4 veces por semana.<\/span><\/p>\n<h4 data-start=\"319\" data-end=\"343\"><strong data-start=\"325\" data-end=\"341\">\u00c1rboles frutales:<\/strong><\/h4>\n<p data-start=\"346\" data-end=\"497\"><span style=\"font-size: 14pt;\">0,5-1 kg \/ 1000 m\u00b2, 3-4 veces por semana despu\u00e9s del inicio de la fructificaci\u00f3n y durante la maduraci\u00f3n de los frutos.<\/span><\/p>\n<h3>Embalaje<\/h3>\n<ul>\n<li><span style=\"font-size: 18px;\"><strong>Saco de 25 kg.<\/strong><\/span><\/li>\n<\/ul>\n<p><img loading=\"lazy\" decoding=\"async\" class=\"alignnone size-medium wp-image-17262\" src=\"https:\/\/alqawafel.com\/wp-content\/uploads\/2024\/11\/Growth-Logo-15-15-30T.E-300x300.webp\" alt=\"Crecimiento 15-15-30+T.E. \" width=\"300\" height=\"300\" \/><\/p>","protected":false},"excerpt":{"rendered":"<p><span style=\"font-size: 18px;\">El abono de crecimiento 15-15-30+T.E. es un abono soluble compuesto rico en potasio y enriquecido con nutrientes esenciales, ideal para potenciar el crecimiento de las plantas.<\/span><\/p>","protected":false},"featured_media":0,"comment_status":"open","ping_status":"closed","template":"","meta":{"om_disable_all_campaigns":false,"_monsterinsights_skip_tracking":false,"_monsterinsights_sitenote_active":false,"_monsterinsights_sitenote_note":"","_monsterinsights_sitenote_category":0},"product_brand":[2213],"product_cat":[50,2131],"product_tag":[866,463,1067,1065,881,1066,887],"class_list":{"0":"post-10153","1":"product","2":"type-product","3":"status-publish","5":"product_brand-growth","6":"product_cat-fertilizers","7":"product_cat-water-soluble-fertilizers","8":"product_tag-al-qawafel-ind-agr-co","9":"product_tag-fertilizer","10":"product_tag-fruit-quality-enhancement","11":"product_tag-growth-15-15-30t-e","12":"product_tag-high-potassium","13":"product_tag-nutrient-balanced","14":"product_tag-versatile-application","16":"first","17":"instock","18":"shipping-taxable","19":"product-type-simple"},"aioseo_notices":[],"_links":{"self":[{"href":"https:\/\/alqawafel.com\/es\/wp-json\/wp\/v2\/product\/10153","targetHints":{"allow":["GET"]}}],"collection":[{"href":"https:\/\/alqawafel.com\/es\/wp-json\/wp\/v2\/product"}],"about":[{"href":"https:\/\/alqawafel.com\/es\/wp-json\/wp\/v2\/types\/product"}],"replies":[{"embeddable":true,"href":"https:\/\/alqawafel.com\/es\/wp-json\/wp\/v2\/comments?post=10153"}],"version-history":[{"count":7,"href":"https:\/\/alqawafel.com\/es\/wp-json\/wp\/v2\/product\/10153\/revisions"}],"predecessor-version":[{"id":19325,"href":"https:\/\/alqawafel.com\/es\/wp-json\/wp\/v2\/product\/10153\/revisions\/19325"}],"wp:attachment":[{"href":"https:\/\/alqawafel.com\/es\/wp-json\/wp\/v2\/media?parent=10153"}],"wp:term":[{"taxonomy":"product_brand","embeddable":true,"href":"https:\/\/alqawafel.com\/es\/wp-json\/wp\/v2\/product_brand?post=10153"},{"taxonomy":"product_cat","embeddable":true,"href":"https:\/\/alqawafel.com\/es\/wp-json\/wp\/v2\/product_cat?post=10153"},{"taxonomy":"product_tag","embeddable":true,"href":"https:\/\/alqawafel.com\/es\/wp-json\/wp\/v2\/product_tag?post=10153"}],"curies":[{"name":"wp","href":"https:\/\/api.w.org\/{rel}","templated":true}]}}