{"id":10171,"date":"2024-11-16T06:27:33","date_gmt":"2024-11-16T06:27:33","guid":{"rendered":"https:\/\/alqawafel.com\/?post_type=product&#038;p=10171"},"modified":"2025-07-09T08:28:44","modified_gmt":"2025-07-09T08:28:44","slug":"crecimiento-13-40-13t-e-abono","status":"publish","type":"product","link":"https:\/\/alqawafel.com\/es\/product\/growth-13-40-13t-e-fertilizer\/","title":{"rendered":"Crecimiento 13-40-13+T.E. Fertilizante"},"content":{"rendered":"<h3>\u00bfPor qu\u00e9 elegir el fertilizante de crecimiento 13-40-13+T.E.?<\/h3>\n<p class=\"translation-block\"><span style=\"font-size: 18px\">Growth 13-40-13+T.E. es un fertilizante compuesto especializado rico en f\u00f3sforo que adem\u00e1s contiene nitr\u00f3geno, potasio, azufre, magnesio y oligoelementos esenciales. Esta f\u00f3rmula avanzada favorece el desarrollo robusto de las ra\u00edces, <span style=\"color: #333333\">mejora la floraci\u00f3n, <\/span>el crecimiento en fases tempranas y mejora la producci\u00f3n de los cultivos. Su alta solubilidad y pH \u00e1cido (aproximadamente 6) optimizan la absorci\u00f3n de nutrientes, incluso en condiciones de suelo dif\u00edciles, por lo que es ideal para diversos cultivos y sistemas de riego.<\/span><\/p>\n<h3>Beneficios clave del crecimiento 13-40-13+T.E.<\/h3>\n<ul>\n<li><span style=\"font-size: 18px;\"><strong>Alto contenido en f\u00f3sforo:<\/strong> Favorece las primeras fases cr\u00edticas del crecimiento, garantizando sistemas radiculares fuertes, una buena floraci\u00f3n y mayores rendimientos.<\/span><\/li>\n<li><span style=\"font-size: 18px;\"><strong>Formas equilibradas de nitr\u00f3geno:<\/strong> Proporciona formas de nitrato, amonio y amina para un suministro constante de nitr\u00f3geno y una salud \u00f3ptima de las plantas.<\/span><\/li>\n<li><span style=\"font-size: 18px;\"><strong>Fuentes estables de potasio:<\/strong> Incluye m\u00faltiples fuentes de potasio puro, manteniendo el equilibrio del suelo y la disponibilidad de nutrientes.<\/span><\/li>\n<li><span style=\"font-size: 18px;\"><strong>pH \u00e1cido para una mejor absorci\u00f3n:<\/strong> Mejora la absorci\u00f3n de nutrientes manteniendo un pH ideal de la soluci\u00f3n del suelo, adecuado para una amplia gama de tipos de suelo.<\/span><\/li>\n<li><span style=\"font-size: 18px;\"><strong>Aplicaci\u00f3n vers\u00e1til:<\/strong> Altamente soluble y compatible con diversos sistemas de riego, lo que mejora su utilizaci\u00f3n en diversos cultivos.<\/span><\/li>\n<\/ul>\n<h3 class=\"translation-block\"><span style=\"font-size: 18px\">Composici\u00f3n qu\u00edmica<\/span>.<\/h3>\n<ul>\n<li><span style=\"font-size: 18px;\">Nitr\u00f3geno (N 13%)<\/span><\/li>\n<li><span style=\"font-size: 18px;\">F\u00f3sforo (P\u2082O\u2085 40%)<\/span><\/li>\n<li><span style=\"font-size: 18px;\">Potasio (K\u2082O 13%)<\/span><\/li>\n<li><span style=\"font-size: 18px;\">Hierro (Fe) - Quelado con \u00e1cido c\u00edtrico EDTA<\/span><\/li>\n<li><span style=\"font-size: 18px;\">Zinc (Zn) - Quelado con \u00e1cido c\u00edtrico EDTA<\/span><\/li>\n<li><span style=\"font-size: 18px;\">Manganeso (Mn) - Quelado con \u00e1cido c\u00edtrico EDTA<\/span><\/li>\n<li><span style=\"font-size: 18px;\">Cobre (Cu) - Quelado con \u00e1cido c\u00edtrico EDTA<\/span><\/li>\n<li><span style=\"font-size: 18px;\">Boro (B)<\/span><\/li>\n<\/ul>\n<p><span style=\"font-size: 18px;\"><strong>Aditivos adicionales:<\/strong> Riboflavina, piridoxina, nicotinamida, tiamina y \u00e1cidos org\u00e1nicos.<\/span><\/p>\n<p><span style=\"font-size: 18px;\"><strong>Sin cloruro (Cl)<\/strong><\/span><\/p>\n<h3>Aplicaci\u00f3n ideal<\/h3>\n<p><span style=\"font-size: 18px;\"><strong>Cultivos adecuados:<\/strong><\/span><\/p>\n<ul>\n<li><span style=\"font-size: 18px;\">Hortalizas de invernadero y de campo abierto.<\/span><\/li>\n<li><span style=\"font-size: 14pt;\">Cultivos de campo.<\/span><\/li>\n<li><span style=\"font-size: 18px;\">\u00c1rboles frutales.<\/span><\/li>\n<li><span style=\"font-size: 14pt;\">Plantas ornamentales.<\/span><\/li>\n<\/ul>\n<h3 data-start=\"139\" data-end=\"173\">Tasa de aplicaci\u00f3n<\/h3>\n<h4 data-start=\"139\" data-end=\"173\"><strong data-start=\"145\" data-end=\"171\">Hortalizas de campo abierto:<\/strong><\/h4>\n<p><span style=\"font-size: 14pt;\">1,5-2 kg \/ 1000 m\u00b2, 3-4 veces por semana.<\/span><\/p>\n<h4 data-start=\"319\" data-end=\"343\"><strong data-start=\"325\" data-end=\"341\">\u00c1rboles frutales:<\/strong><\/h4>\n<p data-start=\"346\" data-end=\"497\"><span style=\"font-size: 14pt;\">0,5-1 kg \/ 1000 m\u00b2, 3-4 veces por semana despu\u00e9s del inicio de la fructificaci\u00f3n y durante la maduraci\u00f3n de los frutos.<\/span><\/p>\n<h3>Embalaje<\/h3>\n<ul>\n<li><span style=\"font-size: 18px;\"><strong>Saco de 25 kg.<\/strong><\/span><\/li>\n<\/ul>\n<p><img loading=\"lazy\" decoding=\"async\" class=\"alignnone size-medium wp-image-17230\" src=\"https:\/\/alqawafel.com\/wp-content\/uploads\/2024\/11\/Growth-Logo-13-40-13T.E-300x300.webp\" alt=\"Crecimiento 13-40-13+T.E. \" width=\"300\" height=\"300\" srcset=\"https:\/\/alqawafel.com\/wp-content\/uploads\/2024\/11\/Growth-Logo-13-40-13T.E-300x300.webp 300w, https:\/\/alqawafel.com\/wp-content\/uploads\/2024\/11\/Growth-Logo-13-40-13T.E-150x150.webp 150w, https:\/\/alqawafel.com\/wp-content\/uploads\/2024\/11\/Growth-Logo-13-40-13T.E-768x768.webp 768w, https:\/\/alqawafel.com\/wp-content\/uploads\/2024\/11\/Growth-Logo-13-40-13T.E.webp 1000w\" sizes=\"auto, (max-width: 300px) 100vw, 300px\" \/><\/p>","protected":false},"excerpt":{"rendered":"<p><span style=\"font-size: 18px;\">Growth 13-40-13+T.E. es un fertilizante compuesto rico en f\u00f3sforo dise\u00f1ado para favorecer el desarrollo de las ra\u00edces, las primeras fases de crecimiento y mejorar la calidad de los cultivos.<\/span><\/p>","protected":false},"featured_media":17230,"comment_status":"open","ping_status":"closed","template":"","meta":{"om_disable_all_campaigns":false,"_monsterinsights_skip_tracking":false,"_monsterinsights_sitenote_active":false,"_monsterinsights_sitenote_note":"","_monsterinsights_sitenote_category":0},"product_brand":[2213],"product_cat":[50,2131],"product_tag":[866,1075,463,877,864,1010],"class_list":{"0":"post-10171","1":"product","2":"type-product","3":"status-publish","4":"has-post-thumbnail","6":"product_brand-growth","7":"product_cat-fertilizers","8":"product_cat-water-soluble-fertilizers","9":"product_tag-al-qawafel-ind-agr-co","10":"product_tag-early-growth-support","11":"product_tag-fertilizer","12":"product_tag-high-phosphorus","13":"product_tag-nutrient-absorption","14":"product_tag-root-development","16":"first","17":"instock","18":"shipping-taxable","19":"product-type-simple"},"aioseo_notices":[],"_links":{"self":[{"href":"https:\/\/alqawafel.com\/es\/wp-json\/wp\/v2\/product\/10171","targetHints":{"allow":["GET"]}}],"collection":[{"href":"https:\/\/alqawafel.com\/es\/wp-json\/wp\/v2\/product"}],"about":[{"href":"https:\/\/alqawafel.com\/es\/wp-json\/wp\/v2\/types\/product"}],"replies":[{"embeddable":true,"href":"https:\/\/alqawafel.com\/es\/wp-json\/wp\/v2\/comments?post=10171"}],"version-history":[{"count":7,"href":"https:\/\/alqawafel.com\/es\/wp-json\/wp\/v2\/product\/10171\/revisions"}],"predecessor-version":[{"id":19320,"href":"https:\/\/alqawafel.com\/es\/wp-json\/wp\/v2\/product\/10171\/revisions\/19320"}],"wp:featuredmedia":[{"embeddable":true,"href":"https:\/\/alqawafel.com\/es\/wp-json\/wp\/v2\/media\/17230"}],"wp:attachment":[{"href":"https:\/\/alqawafel.com\/es\/wp-json\/wp\/v2\/media?parent=10171"}],"wp:term":[{"taxonomy":"product_brand","embeddable":true,"href":"https:\/\/alqawafel.com\/es\/wp-json\/wp\/v2\/product_brand?post=10171"},{"taxonomy":"product_cat","embeddable":true,"href":"https:\/\/alqawafel.com\/es\/wp-json\/wp\/v2\/product_cat?post=10171"},{"taxonomy":"product_tag","embeddable":true,"href":"https:\/\/alqawafel.com\/es\/wp-json\/wp\/v2\/product_tag?post=10171"}],"curies":[{"name":"wp","href":"https:\/\/api.w.org\/{rel}","templated":true}]}}