{"id":10284,"date":"2024-11-16T18:47:24","date_gmt":"2024-11-16T18:47:24","guid":{"rendered":"https:\/\/alqawafel.com\/?post_type=product&#038;p=10284"},"modified":"2025-09-08T08:55:40","modified_gmt":"2025-09-08T08:55:40","slug":"neprofel-20-sc","status":"publish","type":"product","link":"https:\/\/alqawafel.com\/es\/product\/neprofel-20-sc\/","title":{"rendered":"Neprofel 20% SC Insecticida"},"content":{"rendered":"<h3><strong>\u00bfPor qu\u00e9 Neprofel 20% SC?<\/strong><\/h3>\n<p><span style=\"font-size: 18px;\">Neprofel 20% SC es un potente insecticida de amplio espectro dise\u00f1ado para proteger los cultivos contra una gran variedad de plagas. Formulado con clorantraniliprol, ejerce una potente acci\u00f3n al interrumpir la funci\u00f3n muscular de los insectos, lo que provoca un r\u00e1pido cese de la alimentaci\u00f3n y la muerte final. Su doble acci\u00f3n -principalmente por ingesti\u00f3n y secundariamente por contacto- garantiza un control exhaustivo de las plagas. Neprofel 20% SC es una soluci\u00f3n fiable para controlar las poblaciones de plagas y proteger el rendimiento de los cultivos.<\/span><\/p>\n<h3><strong>Identificaci\u00f3n<\/strong><\/h3>\n<ul>\n<li><span style=\"font-size: 18px;\"><strong>Tipo de formulaci\u00f3n:<\/strong> Suspensi\u00f3n concentrada (SC)<\/span><\/li>\n<li><span style=\"font-size: 18px;\"><strong>Ingrediente activo:<\/strong> Clorantraniliprol 20% (p\/v)<\/span><\/li>\n<li><span style=\"font-size: 18px;\"><strong>Grupo qu\u00edmico:<\/strong> Diamide<\/span><\/li>\n<li><span style=\"font-size: 18px;\"><strong>Modo de acci\u00f3n:<\/strong> Ingesti\u00f3n y contacto, causa letargo, par\u00e1lisis muscular, cese de la alimentaci\u00f3n y muerte eventual en insectos.<\/span><\/li>\n<\/ul>\n<h3><strong>Aplicaci\u00f3n ideal de <\/strong><strong>Neprofel 20% SC<\/strong><\/h3>\n<p><span style=\"font-size: 18px;\">Neprofel 20% SC es eficaz en los siguientes cultivos y plagas:<\/span><\/p>\n<ul>\n<li><span style=\"font-size: 18px;\"><strong>Col, br\u00f3coli, coliflor:<\/strong><\/span>\n<ul>\n<li><span style=\"font-size: 18px;\"><strong>M\u00e9todo de aplicaci\u00f3n:<\/strong> Suelo, riego por goteo, foliar<\/span><\/li>\n<li><span style=\"font-size: 18px;\"><strong>Plagas t\u00edpicas:<\/strong> Gusano cortador, polilla dorso de diamante, saltamontes, mosca blanca de la hoja plateada (ninfas)<\/span><\/li>\n<\/ul>\n<\/li>\n<li><span style=\"font-size: 18px;\"><strong>Puerro, Ajo, Cebolla:<\/strong><\/span>\n<ul>\n<li><span style=\"font-size: 18px;\"><strong>M\u00e9todo de aplicaci\u00f3n:<\/strong> Foliar<\/span><\/li>\n<li><span style=\"font-size: 18px;\"><strong>Plagas t\u00edpicas:<\/strong> Gusano cortador<\/span><\/li>\n<\/ul>\n<\/li>\n<li><span style=\"font-size: 18px;\"><strong>Pepino, Calabaza, Calabac\u00edn, Calabaza, Sand\u00eda, Mel\u00f3n:<\/strong><\/span>\n<ul>\n<li><span style=\"font-size: 18px;\"><strong>M\u00e9todo de aplicaci\u00f3n:<\/strong> Suelo, riego por goteo, foliar<\/span><\/li>\n<li><span style=\"font-size: 18px;\"><strong>Plagas t\u00edpicas:<\/strong> Minadores de las hojas (larvas), Mosca blanca de la hoja plateada (ninfas), Gusano cortador<\/span><\/li>\n<\/ul>\n<\/li>\n<li><span style=\"font-size: 18px;\"><strong>Tomate, pimiento picante, pimiento dulce, berenjena, okra:<\/strong><\/span>\n<ul>\n<li><span style=\"font-size: 18px;\"><strong>M\u00e9todo de aplicaci\u00f3n:<\/strong> Suelo, riego por goteo, foliar<\/span><\/li>\n<li><span style=\"font-size: 18px;\"><strong>Plagas t\u00edpicas:<\/strong> Escarabajo de la patata de Colorado, barrenador europeo del ma\u00edz, gusano cortador, gusano de la fruta del tomate, minadores de la hoja (larvas), mosca blanca de la hoja plateada (ninfas)<\/span><\/li>\n<\/ul>\n<\/li>\n<li><span style=\"font-size: 18px;\"><strong>Patata:<\/strong><\/span>\n<ul>\n<li><span style=\"font-size: 18px;\"><strong>M\u00e9todo de aplicaci\u00f3n:<\/strong> Quimigaci\u00f3n foliar a\u00e9rea<\/span><\/li>\n<li><span style=\"font-size: 18px;\"><strong>Plagas t\u00edpicas:<\/strong> Escarabajo de la patata de Colorado, barrenador europeo del ma\u00edz, gusano tub\u00e9rculo de la patata, saltamontes, gusano cortador<\/span><\/li>\n<\/ul>\n<\/li>\n<li><span style=\"font-size: 18px;\"><strong>Ma\u00edz dulce:<\/strong><\/span>\n<ul>\n<li><span style=\"font-size: 18px;\"><strong>M\u00e9todo de aplicaci\u00f3n:<\/strong> Suelo, foliar Quimigaci\u00f3n a\u00e9rea<\/span><\/li>\n<li><span style=\"font-size: 18px;\"><strong>Plagas t\u00edpicas:<\/strong> Barrenador europeo del ma\u00edz, gusano cogollero, gusano cortador<\/span><\/li>\n<\/ul>\n<\/li>\n<li><span style=\"font-size: 18px;\"><strong>Otros cultivos (lechuga, fresa, espinaca, etc.):<\/strong><\/span>\n<ul>\n<li><span style=\"font-size: 18px;\"><strong>M\u00e9todo de aplicaci\u00f3n:<\/strong> Foliar<\/span><\/li>\n<li><span style=\"font-size: 18px;\"><strong>Plagas t\u00edpicas:<\/strong> Gusano cortador, Escarabajo<\/span><\/li>\n<\/ul>\n<\/li>\n<\/ul>\n<h3>Tasa de utilizaci\u00f3n:<\/h3>\n<p><span style=\"font-size: 14pt;\">100-200 ml por 200 L de agua<\/span><\/p>\n<h3>Embalaje<\/h3>\n<ul>\n<li><span style=\"font-size: 18px;\"><strong>250 ml<\/strong><\/span><\/li>\n<\/ul>\n<p><img loading=\"lazy\" decoding=\"async\" class=\"alignnone size-medium wp-image-18524\" src=\"https:\/\/alqawafel.com\/wp-content\/uploads\/2024\/11\/Neprofel-20-SC-LOGO-300x300.webp\" alt=\"\u00a0Neprofel 20% SC Insecticida de amplio espectro con clorantraniliprol para el control eficaz de plagas en muchos cultivos, que altera la funci\u00f3n muscular de los insectos.\" width=\"300\" height=\"300\" srcset=\"https:\/\/alqawafel.com\/wp-content\/uploads\/2024\/11\/Neprofel-20-SC-LOGO-300x300.webp 300w, https:\/\/alqawafel.com\/wp-content\/uploads\/2024\/11\/Neprofel-20-SC-LOGO-150x150.webp 150w, https:\/\/alqawafel.com\/wp-content\/uploads\/2024\/11\/Neprofel-20-SC-LOGO-768x768.webp 768w, https:\/\/alqawafel.com\/wp-content\/uploads\/2024\/11\/Neprofel-20-SC-LOGO.webp 1000w\" sizes=\"auto, (max-width: 300px) 100vw, 300px\" \/><\/p>\n<p>&nbsp;<\/p>","protected":false},"excerpt":{"rendered":"<div class=\"flex max-w-full flex-col flex-grow\">\n<div class=\"min-h-8 text-message flex w-full flex-col items-end gap-2 whitespace-normal break-words [.text-message+&amp;]:mt-5\" dir=\"auto\" data-message-author-role=\"assistant\" data-message-id=\"fefd6d65-31a6-4606-a3cc-99f63c1a1b1c\" data-message-model-slug=\"gpt-4o\">\n<div class=\"flex w-full flex-col gap-1 empty:hidden first:pt-[3px]\">\n<div class=\"markdown prose w-full break-words dark:prose-invert light\">\n<p><span style=\"font-size: 18px;\">\u00a0Neprofel 20% SC A broad-spectrum insecticide with Chlorantraniliprole for effective pest control in many crops, disrupting insect muscle function.<\/span><\/p>\n<\/div>\n<\/div>\n<\/div>\n<\/div>\n<div class=\"mb-2 flex gap-3 empty:hidden -ml-2\">\n<div class=\"items-center justify-start rounded-xl p-1 z-10 -mt-1 bg-token-main-surface-primary md:absolute flex\">\n<div class=\"flex items-center\">\n<div class=\"flex items-center pb-0\"><\/div>\n<\/div>\n<\/div>\n<\/div>\n","protected":false},"featured_media":18524,"comment_status":"open","ping_status":"closed","template":"","meta":{"om_disable_all_campaigns":false,"_monsterinsights_skip_tracking":false,"_monsterinsights_sitenote_active":false,"_monsterinsights_sitenote_note":"","_monsterinsights_sitenote_category":0},"product_brand":[],"product_cat":[822,87],"product_tag":[866,1120,1121,1122,841,1119],"class_list":{"0":"post-10284","1":"product","2":"type-product","3":"status-publish","4":"has-post-thumbnail","6":"product_cat-insecticide","7":"product_cat-pesticides","8":"product_tag-al-qawafel-ind-agr-co","9":"product_tag-chlorantraniliprole","10":"product_tag-cutworm","11":"product_tag-fall-armyworm","12":"product_tag-insecticide","13":"product_tag-neprofel-20-sc","15":"first","16":"instock","17":"shipping-taxable","18":"product-type-simple"},"aioseo_notices":[],"_links":{"self":[{"href":"https:\/\/alqawafel.com\/es\/wp-json\/wp\/v2\/product\/10284","targetHints":{"allow":["GET"]}}],"collection":[{"href":"https:\/\/alqawafel.com\/es\/wp-json\/wp\/v2\/product"}],"about":[{"href":"https:\/\/alqawafel.com\/es\/wp-json\/wp\/v2\/types\/product"}],"replies":[{"embeddable":true,"href":"https:\/\/alqawafel.com\/es\/wp-json\/wp\/v2\/comments?post=10284"}],"version-history":[{"count":12,"href":"https:\/\/alqawafel.com\/es\/wp-json\/wp\/v2\/product\/10284\/revisions"}],"predecessor-version":[{"id":19946,"href":"https:\/\/alqawafel.com\/es\/wp-json\/wp\/v2\/product\/10284\/revisions\/19946"}],"wp:featuredmedia":[{"embeddable":true,"href":"https:\/\/alqawafel.com\/es\/wp-json\/wp\/v2\/media\/18524"}],"wp:attachment":[{"href":"https:\/\/alqawafel.com\/es\/wp-json\/wp\/v2\/media?parent=10284"}],"wp:term":[{"taxonomy":"product_brand","embeddable":true,"href":"https:\/\/alqawafel.com\/es\/wp-json\/wp\/v2\/product_brand?post=10284"},{"taxonomy":"product_cat","embeddable":true,"href":"https:\/\/alqawafel.com\/es\/wp-json\/wp\/v2\/product_cat?post=10284"},{"taxonomy":"product_tag","embeddable":true,"href":"https:\/\/alqawafel.com\/es\/wp-json\/wp\/v2\/product_tag?post=10284"}],"curies":[{"name":"wp","href":"https:\/\/api.w.org\/{rel}","templated":true}]}}