{"id":10321,"date":"2024-11-17T08:05:23","date_gmt":"2024-11-17T08:05:23","guid":{"rendered":"https:\/\/alqawafel.com\/?post_type=product&#038;p=10321"},"modified":"2025-08-12T08:25:06","modified_gmt":"2025-08-12T08:25:06","slug":"pepino-qsc-107-f1","status":"publish","type":"product","link":"https:\/\/alqawafel.com\/es\/product\/cucumber-qsc-107-f1\/","title":{"rendered":"Pepino QSC-107 F1"},"content":{"rendered":"<p><span style=\"font-size: 18px;\">Pepino QSC-107 F1: pepino semimultifruto Beita-alfa dise\u00f1ado para climas m\u00e1s fr\u00edos, que ofrece frutos de color verde intenso, estriados y con una excelente tolerancia a las enfermedades.<\/span><\/p>\n<table>\n<thead>\n<tr>\n<td><span style=\"font-size: 18px;\"><strong>Atributo<\/strong><\/span><\/td>\n<td><span style=\"font-size: 18px;\"><strong>Detalles<\/strong><\/span><\/td>\n<\/tr>\n<\/thead>\n<tbody>\n<tr>\n<td><span style=\"font-size: 18px;\"><strong>Nombre del producto<\/strong><\/span><\/td>\n<td><span style=\"font-size: 18px;\">Pepino QSC-107 F1<\/span><\/td>\n<\/tr>\n<tr>\n<td><span style=\"font-size: 18px;\"><strong>Tipo<\/strong><\/span><\/td>\n<td><span style=\"font-size: 18px;\">Invernadero Beita-alpha<\/span><\/td>\n<\/tr>\n<tr>\n<td><span style=\"font-size: 18px;\"><strong>Juego de frutas Estilo<\/strong><\/span><\/td>\n<td><span style=\"font-size: 18px;\">Semimultifruto, 1-2 frutos por nudo con brotes cortos<\/span><\/td>\n<\/tr>\n<tr>\n<td><span style=\"font-size: 18px;\"><strong>Temporada<\/strong><\/span><\/td>\n<td><span style=\"font-size: 18px;\">Oto\u00f1o, adecuado para temperaturas bajas y medias<\/span><\/td>\n<\/tr>\n<tr>\n<td><span style=\"font-size: 18px;\"><strong>Crecimiento vegetativo<\/strong><\/span><\/td>\n<td><span style=\"font-size: 18px;\">Planta fuerte<\/span><\/td>\n<\/tr>\n<tr>\n<td><span style=\"font-size: 18px;\"><strong>Caracter\u00edsticas de la fruta<\/strong><\/span><\/td>\n<td><span style=\"font-size: 18px;\">frutos verdes con peque\u00f1as costillas, 16 cm de longitud<\/span><\/td>\n<\/tr>\n<tr>\n<td><span style=\"font-size: 18px;\"><strong>Tolerancia (IR)<\/strong><\/span><\/td>\n<td><span style=\"font-size: 18px;\">PM (mildi\u00fa polvoriento), DM (mildi\u00fa velloso), CVYV (virus del amarilleamiento de las venas del pepino), ZYMV (virus del mosaico amarillo del calabac\u00edn).<\/span><\/td>\n<\/tr>\n<\/tbody>\n<\/table>\n<p><img loading=\"lazy\" decoding=\"async\" class=\"alignnone size-medium wp-image-10322\" src=\"https:\/\/alqawafel.com\/wp-content\/uploads\/2024\/11\/107-300x169.jpg\" alt=\"Pepino QSC-107 F1 \" width=\"300\" height=\"169\" srcset=\"https:\/\/alqawafel.com\/wp-content\/uploads\/2024\/11\/107-300x169.jpg 300w, https:\/\/alqawafel.com\/wp-content\/uploads\/2024\/11\/107-1024x575.jpg 1024w, https:\/\/alqawafel.com\/wp-content\/uploads\/2024\/11\/107-768x431.jpg 768w, https:\/\/alqawafel.com\/wp-content\/uploads\/2024\/11\/107-1200x674.jpg 1200w, https:\/\/alqawafel.com\/wp-content\/uploads\/2024\/11\/107-150x84.jpg 150w, https:\/\/alqawafel.com\/wp-content\/uploads\/2024\/11\/107.jpg 1280w\" sizes=\"auto, (max-width: 300px) 100vw, 300px\" \/><\/p>\n<p>&nbsp;<\/p>\n<p><a title=\"Volver a Semillas\" href=\"https:\/\/alqawafel.com\/es\/semillas\/\">Volver a Semillas<\/a><\/p>\n<p><a title=\"Facebook\" href=\"https:\/\/alqawafel.com\/es\/facebook\/\" target=\"_blank\" rel=\"noopener\">Facebook<\/a><\/p>\n<p><a title=\"Linkedin\" href=\"https:\/\/www.linkedin.com\/company\/alqawafel-ind-agr-co\/\" target=\"_blank\" rel=\"noopener\">Linkedin<\/a><\/p>","protected":false},"excerpt":{"rendered":"<p><span style=\"font-size: 18px;\">Pepino QSC-107 F1: Una variedad Beita-alfa resistente, ideal para el oto\u00f1o, con frutos de 16 cm de color verde intenso, brotes cortos y tolerancia a PM, DM, CVYV y ZYMV.<\/span><\/p>","protected":false},"featured_media":10322,"comment_status":"open","ping_status":"closed","template":"","meta":{"om_disable_all_campaigns":false,"_monsterinsights_skip_tracking":false,"_monsterinsights_sitenote_active":false,"_monsterinsights_sitenote_note":"","_monsterinsights_sitenote_category":0},"product_brand":[],"product_cat":[827,237],"product_tag":[866,1097,1129,1130,1098,1101,1128],"class_list":{"0":"post-10321","1":"product","2":"type-product","3":"status-publish","4":"has-post-thumbnail","6":"product_cat-cucumber","7":"product_cat-seeds","8":"product_tag-al-qawafel-ind-agr-co","9":"product_tag-beita-alpha-cucumber","10":"product_tag-cooler-climate-cucumber","11":"product_tag-cucumber-qsc-107-f1","12":"product_tag-greenhouse-cucumber","13":"product_tag-seeds","14":"product_tag-semi-multi-fruit-variety","16":"first","17":"instock","18":"shipping-taxable","19":"product-type-simple"},"aioseo_notices":[],"_links":{"self":[{"href":"https:\/\/alqawafel.com\/es\/wp-json\/wp\/v2\/product\/10321","targetHints":{"allow":["GET"]}}],"collection":[{"href":"https:\/\/alqawafel.com\/es\/wp-json\/wp\/v2\/product"}],"about":[{"href":"https:\/\/alqawafel.com\/es\/wp-json\/wp\/v2\/types\/product"}],"replies":[{"embeddable":true,"href":"https:\/\/alqawafel.com\/es\/wp-json\/wp\/v2\/comments?post=10321"}],"version-history":[{"count":5,"href":"https:\/\/alqawafel.com\/es\/wp-json\/wp\/v2\/product\/10321\/revisions"}],"predecessor-version":[{"id":19532,"href":"https:\/\/alqawafel.com\/es\/wp-json\/wp\/v2\/product\/10321\/revisions\/19532"}],"wp:featuredmedia":[{"embeddable":true,"href":"https:\/\/alqawafel.com\/es\/wp-json\/wp\/v2\/media\/10322"}],"wp:attachment":[{"href":"https:\/\/alqawafel.com\/es\/wp-json\/wp\/v2\/media?parent=10321"}],"wp:term":[{"taxonomy":"product_brand","embeddable":true,"href":"https:\/\/alqawafel.com\/es\/wp-json\/wp\/v2\/product_brand?post=10321"},{"taxonomy":"product_cat","embeddable":true,"href":"https:\/\/alqawafel.com\/es\/wp-json\/wp\/v2\/product_cat?post=10321"},{"taxonomy":"product_tag","embeddable":true,"href":"https:\/\/alqawafel.com\/es\/wp-json\/wp\/v2\/product_tag?post=10321"}],"curies":[{"name":"wp","href":"https:\/\/api.w.org\/{rel}","templated":true}]}}