{"id":10475,"date":"2024-11-17T17:16:19","date_gmt":"2024-11-17T17:16:19","guid":{"rendered":"https:\/\/alqawafel.com\/?post_type=product&#038;p=10475"},"modified":"2025-06-11T08:06:05","modified_gmt":"2025-06-11T08:06:05","slug":"tachfel-30-sl","status":"publish","type":"product","link":"https:\/\/alqawafel.com\/es\/product\/tachfel-30-sl\/","title":{"rendered":"Fungicida Tachfel 30% SL"},"content":{"rendered":"<h3>\u00bfPor qu\u00e9 Tachfel 30% SL?<\/h3>\n<p><span style=\"font-size: 18px\">Tachfel 30% SL es un fungicida sist\u00e9mico que ofrece una acci\u00f3n preventiva y curativa contra las enfermedades f\u00fangicas que afectan a las semillas y al suelo. Al inhibir la s\u00edntesis de ADN\/ARN en los hongos, previene eficazmente la marchitez de las pl\u00e1ntulas y controla infecciones f\u00fangicas cr\u00edticas como la marchitez por Fusarium y Pythium. Tachfel 30% SL es una herramienta esencial para los profesionales de la agricultura que deseen salvaguardar la salud de los cultivos desde la siembra hasta las primeras fases de crecimiento.<\/span><\/p>\n<h3>Identificaci\u00f3n<\/h3>\n<ul>\n<li><span style=\"font-size: 18px\"><strong>Formulaci\u00f3n<\/strong>: Concentrado soluble (SL)<\/span><\/li>\n<li><span style=\"font-size: 18px\"><strong>Principio activo<\/strong>: Hymexazol 30% (41,52% como sales de potasio) (p\/p)<\/span><\/li>\n<li><span style=\"font-size: 18px\"><strong>Grupo qu\u00edmico<\/strong>: Oxazol<\/span><\/li>\n<li><span style=\"font-size: 18px\"><strong>Modo de acci\u00f3n<\/strong>: Fungicida sist\u00e9mico con propiedades preventivas y curativas que controla las enfermedades f\u00fangicas inhibiendo la s\u00edntesis de ADN\/ARN f\u00fangico.<\/span><\/li>\n<\/ul>\n<h3>Aplicaci\u00f3n ideal de Tachfel 30% SL<\/h3>\n<p><span style=\"font-size: 18px\">Se recomienda su uso en los siguientes cultivos con los objetivos t\u00edpicos de plagas que se indican:<\/span><\/p>\n<h4><span style=\"font-size: 18px\">Principales cultivos y plagas t\u00edpicas:<\/span><\/h4>\n<ul>\n<li><span style=\"font-size: 18px\"><strong>Col<\/strong>: Controles <em>Pythium<\/em><\/span><\/li>\n<li><span style=\"font-size: 18px\"><strong>Lechuga<\/strong>: Controles <em>Verticillium<\/em><\/span><\/li>\n<li><span style=\"font-size: 18px\"><strong>Guisantes<\/strong>: Controles <em>Pudrici\u00f3n de las ra\u00edces<\/em><\/span><\/li>\n<li><span style=\"font-size: 18px\"><strong>Jud\u00edas<\/strong>: Controles <em>Pudrici\u00f3n de las ra\u00edces<\/em><\/span><\/li>\n<li><span style=\"font-size: 18px\"><strong>Pepino<\/strong>: Controles <em>Pythium, Fusarium<\/em><\/span><\/li>\n<li><span style=\"font-size: 18px\"><strong>Mel\u00f3n<\/strong>: Controles <em>Pythium<\/em><\/span><\/li>\n<li><span style=\"font-size: 18px\"><strong>Espinacas<\/strong>: Controles <em>Pythium<\/em><\/span><\/li>\n<li><span style=\"font-size: 18px\"><strong>Sand\u00eda<\/strong>: Controles <em>Fusarium<\/em><\/span><\/li>\n<li><span style=\"font-size: 18px\"><strong>Okra<\/strong>: Controles <em>Pythium<\/em><\/span><\/li>\n<li><span style=\"font-size: 18px\"><strong>Remolacha azucarera<\/strong>: Controles <em>Amortiguaci\u00f3n<\/em><\/span><\/li>\n<li><span style=\"font-size: 18px\"><strong>\u00c1rbol (\u00e1rbol de vivero)<\/strong>: Controles <em>Enfermedades marchitas<\/em><\/span><\/li>\n<li><span style=\"font-size: 18px\"><strong>Plantas ornamentales<\/strong>: Controles <em>Enfermedades marchitas<\/em><\/span><\/li>\n<\/ul>\n<h3>Tasa de utilizaci\u00f3n:<\/h3>\n<p><span style=\"font-size: 14pt\">200-400 ml por 200 L de agua<\/span><\/p>\n<h3>Embalaje<\/h3>\n<ul>\n<li><span style=\"font-size: 18px\"><strong>500 ml<\/strong><\/span><\/li>\n<\/ul>\n<p><img loading=\"lazy\" decoding=\"async\" class=\"alignnone size-medium wp-image-18556\" src=\"https:\/\/alqawafel.com\/wp-content\/uploads\/2024\/11\/Tachfel-30-SL-LOGO-300x300.webp\" alt=\"Tachfel 30% SL, un fungicida sist\u00e9mico con Hymexazol 30%, protege los cultivos previniendo la marchitez de las pl\u00e1ntulas y controlando las enfermedades de Fusarium, Pythium y damping-off.\" width=\"300\" height=\"300\" srcset=\"https:\/\/alqawafel.com\/wp-content\/uploads\/2024\/11\/Tachfel-30-SL-LOGO-300x300.webp 300w, https:\/\/alqawafel.com\/wp-content\/uploads\/2024\/11\/Tachfel-30-SL-LOGO-150x150.webp 150w, https:\/\/alqawafel.com\/wp-content\/uploads\/2024\/11\/Tachfel-30-SL-LOGO-768x768.webp 768w, https:\/\/alqawafel.com\/wp-content\/uploads\/2024\/11\/Tachfel-30-SL-LOGO.webp 1000w\" sizes=\"auto, (max-width: 300px) 100vw, 300px\" \/><\/p>","protected":false},"excerpt":{"rendered":"<p><span style=\"font-size: 18px\">Tachfel 30% SL, un fungicida sist\u00e9mico con Hymexazol 30%, protege los cultivos previniendo la marchitez de las pl\u00e1ntulas y controlando las enfermedades de Fusarium, Pythium y damping-off.<\/span><\/p>","protected":false},"featured_media":18556,"comment_status":"open","ping_status":"closed","template":"","meta":{"om_disable_all_campaigns":false,"_monsterinsights_skip_tracking":false,"_monsterinsights_sitenote_active":false,"_monsterinsights_sitenote_note":"","_monsterinsights_sitenote_category":0},"product_brand":[],"product_cat":[823,87],"product_tag":[866,1174,901,1175,1173,1176,1172,1171],"class_list":{"0":"post-10475","1":"product","2":"type-product","3":"status-publish","4":"has-post-thumbnail","6":"product_cat-fungicide","7":"product_cat-pesticides","8":"product_tag-al-qawafel-ind-agr-co","9":"product_tag-damping-off","10":"product_tag-fungicide","11":"product_tag-fusarium","12":"product_tag-hymexazol","13":"product_tag-pythium","14":"product_tag-systemic","15":"product_tag-tachfel-30-sl","17":"first","18":"instock","19":"shipping-taxable","20":"product-type-simple"},"aioseo_notices":[],"_links":{"self":[{"href":"https:\/\/alqawafel.com\/es\/wp-json\/wp\/v2\/product\/10475","targetHints":{"allow":["GET"]}}],"collection":[{"href":"https:\/\/alqawafel.com\/es\/wp-json\/wp\/v2\/product"}],"about":[{"href":"https:\/\/alqawafel.com\/es\/wp-json\/wp\/v2\/types\/product"}],"replies":[{"embeddable":true,"href":"https:\/\/alqawafel.com\/es\/wp-json\/wp\/v2\/comments?post=10475"}],"version-history":[{"count":7,"href":"https:\/\/alqawafel.com\/es\/wp-json\/wp\/v2\/product\/10475\/revisions"}],"predecessor-version":[{"id":18824,"href":"https:\/\/alqawafel.com\/es\/wp-json\/wp\/v2\/product\/10475\/revisions\/18824"}],"wp:featuredmedia":[{"embeddable":true,"href":"https:\/\/alqawafel.com\/es\/wp-json\/wp\/v2\/media\/18556"}],"wp:attachment":[{"href":"https:\/\/alqawafel.com\/es\/wp-json\/wp\/v2\/media?parent=10475"}],"wp:term":[{"taxonomy":"product_brand","embeddable":true,"href":"https:\/\/alqawafel.com\/es\/wp-json\/wp\/v2\/product_brand?post=10475"},{"taxonomy":"product_cat","embeddable":true,"href":"https:\/\/alqawafel.com\/es\/wp-json\/wp\/v2\/product_cat?post=10475"},{"taxonomy":"product_tag","embeddable":true,"href":"https:\/\/alqawafel.com\/es\/wp-json\/wp\/v2\/product_tag?post=10475"}],"curies":[{"name":"wp","href":"https:\/\/api.w.org\/{rel}","templated":true}]}}