{"id":10492,"date":"2024-11-17T17:40:18","date_gmt":"2024-11-17T17:40:18","guid":{"rendered":"https:\/\/alqawafel.com\/?post_type=product&#038;p=10492"},"modified":"2025-06-11T08:02:45","modified_gmt":"2025-06-11T08:02:45","slug":"cy-fel-62-5-wdg","status":"publish","type":"product","link":"https:\/\/alqawafel.com\/es\/product\/cy-fel-62-5-wdg\/","title":{"rendered":"Fungicida Cy-fel 62.5% WDG"},"content":{"rendered":"<h3>\u00bfPor qu\u00e9 Cy-fel 62.5% WDG?<\/h3>\n<p><span style=\"font-size: 18px\">Cy-fel 62.5% WDG es un fungicida muy eficaz con propiedades de doble acci\u00f3n, que ofrece protecci\u00f3n sist\u00e9mica y de contacto contra las enfermedades f\u00fangicas. Est\u00e1 dise\u00f1ado espec\u00edficamente para combatir enfermedades de podredumbre, tizones y o\u00eddio. Al inhibir la germinaci\u00f3n de conidios, el crecimiento del tubo germinativo y la proliferaci\u00f3n de hongos, Cy-fel 62.5% WDG impide la penetraci\u00f3n y el desarrollo de los hongos, protegiendo los cultivos tanto interna como externamente.<\/span><\/p>\n<h3>Identificaci\u00f3n<\/h3>\n<ul>\n<li><span style=\"font-size: 18px\"><strong>Formulaci\u00f3n<\/strong>: Granulado dispersable en agua (WDG)<\/span><\/li>\n<li><span style=\"font-size: 18px\"><strong>Principio activo<\/strong>: Ciprodinil 37,5% (p\/p) + Fludioxonil 25% (p\/p)<\/span><\/li>\n<li><span style=\"font-size: 18px\"><strong>Grupo qu\u00edmico<\/strong>: Anilinopirimidina + Fenilpirrol<\/span><\/li>\n<li><span style=\"font-size: 18px\"><strong>Modo de acci\u00f3n<\/strong>: Fungicida curativo de acci\u00f3n sist\u00e9mica y de contacto que impide la germinaci\u00f3n, el crecimiento y la penetraci\u00f3n de los hongos en las superficies de los cultivos y en el interior de la hoja.<\/span><\/li>\n<\/ul>\n<h3><span style=\"font-size: 22px\">Aplicaci\u00f3n ideal Cy-fel 62.5% WDG<\/span><\/h3>\n<p><span style=\"font-size: 18px\">Se recomienda el uso de Cy-fel 62.5% WDG en los siguientes cultivos con los objetivos de plagas t\u00edpicos que se indican:<\/span><\/p>\n<h4>Principales cultivos y plagas t\u00edpicas:<\/h4>\n<ul>\n<li><span style=\"font-size: 18px\"><strong>Garbanzos, faba, jud\u00edas<\/strong>: Controles <em>Moho blanco (Sclerotium), Moho gris<\/em><\/span><\/li>\n<li><span style=\"font-size: 18px\"><strong>Col, br\u00e9col, coliflor<\/strong>: Controles <em>Mildi\u00fa polvoroso, mancha foliar por Alternaria<\/em><\/span><\/li>\n<li><span style=\"font-size: 18px\"><strong>Lim\u00f3n, kumquat<\/strong>: Controles <em>Alternaria, antracnosis, moho azul, moho verde<\/em><\/span><\/li>\n<li><span style=\"font-size: 18px\"><strong>Pepino, calabaza, calabac\u00edn, calabaza, mel\u00f3n, sand\u00eda<\/strong>: Controles <em>mancha de Alternaria, tiz\u00f3n de Alternaria, o\u00eddio<\/em><\/span><\/li>\n<li><span style=\"font-size: 18px\"><strong>Uvas<\/strong>: Controles <em>Moho gris<\/em><\/span><\/li>\n<li><span style=\"font-size: 18px\"><strong>Remolacha azucarera, nabos, zanahorias, boniatos, r\u00e1banos<\/strong>: Controles <em>Tiz\u00f3n de la alternaria, Mildi\u00fa polvoroso<\/em><\/span><\/li>\n<li><span style=\"font-size: 18px\"><strong>Cebollas, cebolletas, ajos<\/strong>: Controles <em>Mancha p\u00farpura, Podredumbre del cuello, Moho negro, Tiz\u00f3n de Botrytis<\/em><\/span><\/li>\n<li><span style=\"font-size: 18px\"><strong>Fresa<\/strong>: Controles <em>Mildi\u00fa polvoroso, Moho gris, Antracnosis<\/em><\/span><\/li>\n<li><span style=\"font-size: 18px\"><strong>Tomates, okra, berenjena, pimiento<\/strong>: Controles <em>Moho gris, Mildi\u00fa polvoriento, Tiz\u00f3n temprano<\/em><\/span><\/li>\n<\/ul>\n<h3>Tasa de utilizaci\u00f3n:<\/h3>\n<p><span style=\"font-size: 14pt\">150-200 g por 200 L de agua<\/span><\/p>\n<h3>Embalaje<\/h3>\n<ul>\n<li><span style=\"font-size: 18px\"><strong>250 g<\/strong><\/span><\/li>\n<\/ul>\n<p><img loading=\"lazy\" decoding=\"async\" class=\"alignnone size-medium wp-image-18625\" src=\"https:\/\/alqawafel.com\/wp-content\/uploads\/2024\/11\/Cy-fel-62.5-WDG-LOGO-300x300.webp\" alt=\"El fungicida Cy-fel 62.5% WDG combina la acci\u00f3n sist\u00e9mica y de contacto para controlar las enfermedades f\u00fangicas en cultivos como la uva, el tomate y el pepino, garantizando un rendimiento sano.\" width=\"300\" height=\"300\" srcset=\"https:\/\/alqawafel.com\/wp-content\/uploads\/2024\/11\/Cy-fel-62.5-WDG-LOGO-300x300.webp 300w, https:\/\/alqawafel.com\/wp-content\/uploads\/2024\/11\/Cy-fel-62.5-WDG-LOGO-150x150.webp 150w, https:\/\/alqawafel.com\/wp-content\/uploads\/2024\/11\/Cy-fel-62.5-WDG-LOGO-768x768.webp 768w, https:\/\/alqawafel.com\/wp-content\/uploads\/2024\/11\/Cy-fel-62.5-WDG-LOGO.webp 1000w\" sizes=\"auto, (max-width: 300px) 100vw, 300px\" \/><\/p>","protected":false},"excerpt":{"rendered":"<p><span style=\"font-size: 18px\">El fungicida Cy-fel 62.5% WDG combina la acci\u00f3n sist\u00e9mica y de contacto para controlar las enfermedades f\u00fangicas en cultivos como la uva, el tomate y el pepino, garantizando un rendimiento sano.<\/span><\/p>","protected":false},"featured_media":18625,"comment_status":"open","ping_status":"closed","template":"","meta":{"om_disable_all_campaigns":false,"_monsterinsights_skip_tracking":false,"_monsterinsights_sitenote_active":false,"_monsterinsights_sitenote_note":"","_monsterinsights_sitenote_category":0},"product_brand":[],"product_cat":[823,87],"product_tag":[866,1115,1177,1334,1335,901,1111,1178,1179,1172],"class_list":{"0":"post-10492","1":"product","2":"type-product","3":"status-publish","4":"has-post-thumbnail","6":"product_cat-fungicide","7":"product_cat-pesticides","8":"product_tag-al-qawafel-ind-agr-co","9":"product_tag-contact","10":"product_tag-cy-fel-62-5-wdg","11":"product_tag-cyprodinil","12":"product_tag-fludioxonil","13":"product_tag-fungicide","14":"product_tag-mildew","15":"product_tag-mold","16":"product_tag-rot","17":"product_tag-systemic","19":"first","20":"instock","21":"shipping-taxable","22":"product-type-simple"},"aioseo_notices":[],"_links":{"self":[{"href":"https:\/\/alqawafel.com\/es\/wp-json\/wp\/v2\/product\/10492","targetHints":{"allow":["GET"]}}],"collection":[{"href":"https:\/\/alqawafel.com\/es\/wp-json\/wp\/v2\/product"}],"about":[{"href":"https:\/\/alqawafel.com\/es\/wp-json\/wp\/v2\/types\/product"}],"replies":[{"embeddable":true,"href":"https:\/\/alqawafel.com\/es\/wp-json\/wp\/v2\/comments?post=10492"}],"version-history":[{"count":9,"href":"https:\/\/alqawafel.com\/es\/wp-json\/wp\/v2\/product\/10492\/revisions"}],"predecessor-version":[{"id":18822,"href":"https:\/\/alqawafel.com\/es\/wp-json\/wp\/v2\/product\/10492\/revisions\/18822"}],"wp:featuredmedia":[{"embeddable":true,"href":"https:\/\/alqawafel.com\/es\/wp-json\/wp\/v2\/media\/18625"}],"wp:attachment":[{"href":"https:\/\/alqawafel.com\/es\/wp-json\/wp\/v2\/media?parent=10492"}],"wp:term":[{"taxonomy":"product_brand","embeddable":true,"href":"https:\/\/alqawafel.com\/es\/wp-json\/wp\/v2\/product_brand?post=10492"},{"taxonomy":"product_cat","embeddable":true,"href":"https:\/\/alqawafel.com\/es\/wp-json\/wp\/v2\/product_cat?post=10492"},{"taxonomy":"product_tag","embeddable":true,"href":"https:\/\/alqawafel.com\/es\/wp-json\/wp\/v2\/product_tag?post=10492"}],"curies":[{"name":"wp","href":"https:\/\/api.w.org\/{rel}","templated":true}]}}