{"id":10496,"date":"2024-11-17T18:20:54","date_gmt":"2024-11-17T18:20:54","guid":{"rendered":"https:\/\/alqawafel.com\/?post_type=product&#038;p=10496"},"modified":"2025-09-03T08:42:42","modified_gmt":"2025-09-03T08:42:42","slug":"q-mejor-50-wdg","status":"publish","type":"product","link":"https:\/\/alqawafel.com\/es\/product\/q-best-50-wdg\/","title":{"rendered":"Q - Mejor insecticida 50% WDG"},"content":{"rendered":"<h3>\u00bfPor qu\u00e9 Q - Best 50% WDG?<\/h3>\n<p><span style=\"font-size: 18px;\">Q - Best 50% WDG es un insecticida especializado dise\u00f1ado para el control de pulgones y otras plagas chupadoras. Con actividad sist\u00e9mica y translaminar, inhibe eficazmente la alimentaci\u00f3n de las plagas, proporcionando un control a largo plazo. Este producto es una soluci\u00f3n esencial para los profesionales agr\u00edcolas que buscan una protecci\u00f3n fiable contra las plagas en una amplia gama de cultivos.<\/span><\/p>\n<h3>Identificaci\u00f3n<\/h3>\n<ul>\n<li><span style=\"font-size: 18px;\"><strong>Formulaci\u00f3n<\/strong>: Granulado dispersable en agua (WDG)<\/span><\/li>\n<li><span style=\"font-size: 18px;\"><strong>Principio activo<\/strong>: Flonicamid 50% (p\/p)<\/span><\/li>\n<li><span style=\"font-size: 18px;\"><strong>Grupo qu\u00edmico<\/strong>: Piridina<\/span><\/li>\n<li><span style=\"font-size: 18px;\"><strong>Modo de acci\u00f3n<\/strong>: Inhibe la alimentaci\u00f3n de las plagas mediante una actividad sist\u00e9mica y translaminar, garantizando un control eficaz y duradero.<\/span><\/li>\n<\/ul>\n<h3>Aplicaci\u00f3n ideal de Q - Best 50% WDG<\/h3>\n<p><span style=\"font-size: 18px;\">Q - Se recomienda el uso de Best 50% WDG en los siguientes cultivos con los objetivos t\u00edpicos de plagas que se indican:<\/span><\/p>\n<h4>Control de cultivos y plagas:<\/h4>\n<ul>\n<li><span style=\"font-size: 18px;\"><strong>Col, br\u00e9col, coliflor<\/strong>: Controles <em>Pulg\u00f3n, mosca blanca<\/em><\/span><\/li>\n<li><span style=\"font-size: 18px;\"><strong>Pepino, calabaza, calabac\u00edn, calabaza, sand\u00eda, mel\u00f3n: <\/strong>Controla pulgones, mosca blanca y trips<\/span><\/li>\n<li><span style=\"font-size: 18px;\"><strong>Lechuga<\/strong>: Controles <em>Pulg\u00f3n<\/em><\/span><\/li>\n<li><span style=\"font-size: 18px;\"><strong>Lentejas, habas, jud\u00edas, garbanzos, guisantes, altramuces<\/strong>: Controles <em>Pulg\u00f3n<\/em><\/span><\/li>\n<li><span style=\"font-size: 18px;\"><strong>Jengibre, patata, boniato, alcachofa<\/strong>: Controles <em>Mosca blanca , Pulg\u00f3n<\/em><\/span><\/li>\n<li><span style=\"font-size: 18px;\"><strong>Remolacha, nabo, r\u00e1bano, apio, perejil, espinaca, zanahoria<\/strong>: Controles <em>Pulg\u00f3n, mosca blanca<\/em><\/span><\/li>\n<li><span style=\"font-size: 18px;\"><strong>Tomate, guindilla dulce, berenjena, okra: <\/strong>Controla pulgones, mosca blanca, psila del tomate, trips<\/span><\/li>\n<li><span style=\"font-size: 18px;\"><strong>Lim\u00f3n, naranja, clementina, mandarina, pomelo, kumquat, pomilo<\/strong>: Controles <em>Psila de los c\u00edtricos , Pulg\u00f3n\u00a0<\/em><\/span><\/li>\n<li><span style=\"font-size: 18px;\"><strong>N\u00edspero, manzana, pera, membrillo<\/strong>: Controles <em>Pulg\u00f3n\u00a0<\/em><\/span><\/li>\n<li><span style=\"font-size: 18px;\"><strong>Melocot\u00f3n, nectarina, ciruela, albaricoque, cereza<\/strong>: Controles <em>Pulg\u00f3n<\/em><\/span><\/li>\n<li><span style=\"font-size: 18px;\"><strong>Uvas, Kiwi<\/strong>: Controles <em>Pulg\u00f3n<\/em><\/span><\/li>\n<li><span style=\"font-size: 18px;\"><strong>Uvas<\/strong>: Controles <em>Cochinillas<\/em><\/span><\/li>\n<li><span style=\"font-size: 18px;\"><strong>Girasol<\/strong>: Controles <em>Pulg\u00f3n<\/em><\/span><\/li>\n<\/ul>\n<h3>Tasa de utilizaci\u00f3n:<\/h3>\n<p><span style=\"font-size: 14pt;\">50-100 g por 200 L de agua<\/span><\/p>\n<h3>Embalaje<\/h3>\n<ul>\n<li><span style=\"font-size: 18px;\"><strong>1 kg<\/strong><\/span><\/li>\n<\/ul>\n<p><img loading=\"lazy\" decoding=\"async\" class=\"alignnone size-medium wp-image-18475\" src=\"https:\/\/alqawafel.com\/wp-content\/uploads\/2024\/11\/Q-Best-50-WDG-LOGO-300x300.webp\" alt=\"Q - Best 50% WDG insecticida ofrece una acci\u00f3n sist\u00e9mica y translaminar para el control de pulgones, moscas blancas y trips, garantizando una gesti\u00f3n eficaz de las plagas en los cultivos.\" width=\"300\" height=\"300\" srcset=\"https:\/\/alqawafel.com\/wp-content\/uploads\/2024\/11\/Q-Best-50-WDG-LOGO-300x300.webp 300w, https:\/\/alqawafel.com\/wp-content\/uploads\/2024\/11\/Q-Best-50-WDG-LOGO-150x150.webp 150w, https:\/\/alqawafel.com\/wp-content\/uploads\/2024\/11\/Q-Best-50-WDG-LOGO-768x768.webp 768w, https:\/\/alqawafel.com\/wp-content\/uploads\/2024\/11\/Q-Best-50-WDG-LOGO.webp 1000w\" sizes=\"auto, (max-width: 300px) 100vw, 300px\" \/><\/p>","protected":false},"excerpt":{"rendered":"<p><span style=\"font-size: 18px;\">Q - Best 50% WDG insecticida ofrece una acci\u00f3n sist\u00e9mica y translaminar para el control de pulgones, moscas blancas y trips, garantizando una gesti\u00f3n eficaz de las plagas en los cultivos.<\/span><\/p>","protected":false},"featured_media":18475,"comment_status":"open","ping_status":"closed","template":"","meta":{"om_disable_all_campaigns":false,"_monsterinsights_skip_tracking":false,"_monsterinsights_sitenote_active":false,"_monsterinsights_sitenote_note":"","_monsterinsights_sitenote_category":0},"product_brand":[],"product_cat":[822,87],"product_tag":[866,876,1184,841,1183,1182,858],"class_list":{"0":"post-10496","1":"product","2":"type-product","3":"status-publish","4":"has-post-thumbnail","6":"product_cat-insecticide","7":"product_cat-pesticides","8":"product_tag-al-qawafel-ind-agr-co","9":"product_tag-aphids","10":"product_tag-flonicamid","11":"product_tag-insecticide","12":"product_tag-q-best-50-wdg","13":"product_tag-thrips","14":"product_tag-whitefly","16":"first","17":"instock","18":"shipping-taxable","19":"product-type-simple"},"aioseo_notices":[],"_links":{"self":[{"href":"https:\/\/alqawafel.com\/es\/wp-json\/wp\/v2\/product\/10496","targetHints":{"allow":["GET"]}}],"collection":[{"href":"https:\/\/alqawafel.com\/es\/wp-json\/wp\/v2\/product"}],"about":[{"href":"https:\/\/alqawafel.com\/es\/wp-json\/wp\/v2\/types\/product"}],"replies":[{"embeddable":true,"href":"https:\/\/alqawafel.com\/es\/wp-json\/wp\/v2\/comments?post=10496"}],"version-history":[{"count":14,"href":"https:\/\/alqawafel.com\/es\/wp-json\/wp\/v2\/product\/10496\/revisions"}],"predecessor-version":[{"id":19939,"href":"https:\/\/alqawafel.com\/es\/wp-json\/wp\/v2\/product\/10496\/revisions\/19939"}],"wp:featuredmedia":[{"embeddable":true,"href":"https:\/\/alqawafel.com\/es\/wp-json\/wp\/v2\/media\/18475"}],"wp:attachment":[{"href":"https:\/\/alqawafel.com\/es\/wp-json\/wp\/v2\/media?parent=10496"}],"wp:term":[{"taxonomy":"product_brand","embeddable":true,"href":"https:\/\/alqawafel.com\/es\/wp-json\/wp\/v2\/product_brand?post=10496"},{"taxonomy":"product_cat","embeddable":true,"href":"https:\/\/alqawafel.com\/es\/wp-json\/wp\/v2\/product_cat?post=10496"},{"taxonomy":"product_tag","embeddable":true,"href":"https:\/\/alqawafel.com\/es\/wp-json\/wp\/v2\/product_tag?post=10496"}],"curies":[{"name":"wp","href":"https:\/\/api.w.org\/{rel}","templated":true}]}}