{"id":10503,"date":"2024-11-17T19:37:18","date_gmt":"2024-11-17T19:37:18","guid":{"rendered":"https:\/\/alqawafel.com\/?post_type=product&#038;p=10503"},"modified":"2025-06-11T07:57:54","modified_gmt":"2025-06-11T07:57:54","slug":"azodifel-32-5-sc","status":"publish","type":"product","link":"https:\/\/alqawafel.com\/es\/product\/azodifel-32-5-sc\/","title":{"rendered":"Fungicida Azodifel-32.5% SC"},"content":{"rendered":"<h3>\u00bfPor qu\u00e9 Azodifel-32.5% SC?<\/h3>\n<p><span style=\"font-size: 18px\">Azodifel-32.5% SC es un fungicida sist\u00e9mico que proporciona una acci\u00f3n protectora y curativa contra una amplia gama de enfermedades f\u00fangicas. Act\u00faa inhibiendo la germinaci\u00f3n de esporas y el crecimiento del micelio al tiempo que es absorbido r\u00e1pidamente por las hojas para un control eficaz de la enfermedad. Este producto es ideal para los profesionales de la agricultura que buscan una protecci\u00f3n fiable para sus cultivos frente a las infestaciones f\u00fangicas.<\/span><\/p>\n<h3>Identificaci\u00f3n<\/h3>\n<ul>\n<li><span style=\"font-size: 18px\"><strong>Formulaci\u00f3n<\/strong>: Concentrado en suspensi\u00f3n (SC)<\/span><\/li>\n<li><span style=\"font-size: 18px\"><strong>Principio activo<\/strong>: Azoxistrobina 20% + Difenoconazol 12,5% (p\/v)<\/span><\/li>\n<li><span style=\"font-size: 18px\"><strong>Grupo qu\u00edmico<\/strong>: Estrobilurina + Triazol<\/span><\/li>\n<li><span style=\"font-size: 18px\"><strong>Modo de acci\u00f3n<\/strong>: Fungicida sist\u00e9mico con efectos protectores y curativos, absorbido por las hojas para inhibir la germinaci\u00f3n de esporas y el crecimiento micelial.<\/span><\/li>\n<\/ul>\n<h3>Aplicaci\u00f3n ideal de Azodifel-32.5% SC<\/h3>\n<p><span style=\"font-size: 18px\">Azodifel-32.5% SC se recomienda para su uso en los siguientes cultivos con los objetivos t\u00edpicos de plagas que se enumeran:<\/span><\/p>\n<h4><span style=\"font-size: 18px\">Control de cultivos y plagas:<\/span><\/h4>\n<ul>\n<li><span style=\"font-size: 18px\"><strong>Br\u00f3coli, col, coliflor<\/strong>: Controles <em>Mildi\u00fa polvoroso, mancha foliar, antracnosis<\/em><\/span><\/li>\n<li><span style=\"font-size: 18px\"><strong>Cebolla, ajo<\/strong>: Controles <em>Mildi\u00fa polvoroso, mancha foliar, tiz\u00f3n temprano<\/em><\/span><\/li>\n<li><span style=\"font-size: 18px\"><strong>Zanahoria<\/strong>: Controles <em>Mancha foliar, o\u00eddio, tiz\u00f3n meridional, tiz\u00f3n temprano<\/em><\/span><\/li>\n<li><span style=\"font-size: 18px\"><strong>Mel\u00f3n, pepino, sand\u00eda, calabaza, calabac\u00edn<\/strong>: Controles <em>Tiz\u00f3n temprano, antracnosis, mancha foliar, o\u00eddio, mildi\u00fa velloso, podredumbres<\/em><\/span><\/li>\n<li><span style=\"font-size: 18px\"><strong>Jud\u00edas<\/strong>: Controles <em>Antracnosis, roya<\/em><\/span><\/li>\n<li><span style=\"font-size: 18px\"><strong>Semillas de ma\u00edz<\/strong>: Controles <em>Mancha gris de la hoja, roya<\/em><\/span><\/li>\n<li><span style=\"font-size: 18px\"><strong>Cacahuetes<\/strong>: Controles <em>Mancha temprana de la hoja<\/em><\/span><\/li>\n<li><span style=\"font-size: 18px\"><strong>Ma\u00edz, ma\u00edz dulce<\/strong>: Controles <em>Mancha gris de la hoja, tiz\u00f3n temprano, roya<\/em><\/span><\/li>\n<li><span style=\"font-size: 18px\"><strong>Pimienta<\/strong>: Controles <em>Mancha foliar, o\u00eddio<\/em><\/span><\/li>\n<li><span style=\"font-size: 18px\"><strong>Patata<\/strong>: Controles <em>Tiz\u00f3n temprano<\/em><\/span><\/li>\n<li><span style=\"font-size: 18px\"><strong>Tomate<\/strong>: Controles <em>Mancha gris de la hoja, tiz\u00f3n temprano, mildi\u00fa polvoroso, antracnosis, moteado<\/em><\/span><\/li>\n<\/ul>\n<h3>Tasa de utilizaci\u00f3n:<\/h3>\n<p><span style=\"font-size: 14pt\">100-200 ml por 200 L de agua<\/span><\/p>\n<h3>Embalaje<\/h3>\n<ul>\n<li><span style=\"font-size: 18px\"><strong>1 L<\/strong><\/span><\/li>\n<li><strong>250 ml<\/strong><\/li>\n<\/ul>\n<p><img loading=\"lazy\" decoding=\"async\" class=\"alignnone size-medium wp-image-18242\" src=\"https:\/\/alqawafel.com\/wp-content\/uploads\/2024\/11\/AZODIFEL-SC-LOGO-300x300.webp\" alt=\"Azodifel-32.5% SC es un fungicida sist\u00e9mico que ejerce una acci\u00f3n protectora y curativa, controlando eficazmente enfermedades f\u00fangicas como el tiz\u00f3n y el o\u00eddio en diversos cultivos.\" width=\"300\" height=\"300\" srcset=\"https:\/\/alqawafel.com\/wp-content\/uploads\/2024\/11\/AZODIFEL-SC-LOGO-300x300.webp 300w, https:\/\/alqawafel.com\/wp-content\/uploads\/2024\/11\/AZODIFEL-SC-LOGO-150x150.webp 150w, https:\/\/alqawafel.com\/wp-content\/uploads\/2024\/11\/AZODIFEL-SC-LOGO-768x768.webp 768w, https:\/\/alqawafel.com\/wp-content\/uploads\/2024\/11\/AZODIFEL-SC-LOGO.webp 1000w\" sizes=\"auto, (max-width: 300px) 100vw, 300px\" \/><\/p>\n<p>&nbsp;<\/p>","protected":false},"excerpt":{"rendered":"<p><span style=\"font-size: 18px\">Azodifel-32.5% SC es un fungicida sist\u00e9mico que ejerce una acci\u00f3n protectora y curativa, controlando eficazmente enfermedades f\u00fangicas como el tiz\u00f3n y el o\u00eddio en diversos cultivos.<\/span><\/p>","protected":false},"featured_media":18242,"comment_status":"open","ping_status":"closed","template":"","meta":{"om_disable_all_campaigns":false,"_monsterinsights_skip_tracking":false,"_monsterinsights_sitenote_active":false,"_monsterinsights_sitenote_note":"","_monsterinsights_sitenote_category":0},"product_brand":[],"product_cat":[823,87],"product_tag":[866,1193,1194,905,1196,1195,901,1111,1197],"class_list":{"0":"post-10503","1":"product","2":"type-product","3":"status-publish","4":"has-post-thumbnail","6":"product_cat-fungicide","7":"product_cat-pesticides","8":"product_tag-al-qawafel-ind-agr-co","9":"product_tag-azodifel-32-5-sc","10":"product_tag-azoxystrobin","11":"product_tag-blight","12":"product_tag-curative","13":"product_tag-difenoconazole","14":"product_tag-fungicide","15":"product_tag-mildew","16":"product_tag-protective","18":"first","19":"instock","20":"shipping-taxable","21":"product-type-simple"},"aioseo_notices":[],"_links":{"self":[{"href":"https:\/\/alqawafel.com\/es\/wp-json\/wp\/v2\/product\/10503","targetHints":{"allow":["GET"]}}],"collection":[{"href":"https:\/\/alqawafel.com\/es\/wp-json\/wp\/v2\/product"}],"about":[{"href":"https:\/\/alqawafel.com\/es\/wp-json\/wp\/v2\/types\/product"}],"replies":[{"embeddable":true,"href":"https:\/\/alqawafel.com\/es\/wp-json\/wp\/v2\/comments?post=10503"}],"version-history":[{"count":9,"href":"https:\/\/alqawafel.com\/es\/wp-json\/wp\/v2\/product\/10503\/revisions"}],"predecessor-version":[{"id":11315,"href":"https:\/\/alqawafel.com\/es\/wp-json\/wp\/v2\/product\/10503\/revisions\/11315"}],"wp:featuredmedia":[{"embeddable":true,"href":"https:\/\/alqawafel.com\/es\/wp-json\/wp\/v2\/media\/18242"}],"wp:attachment":[{"href":"https:\/\/alqawafel.com\/es\/wp-json\/wp\/v2\/media?parent=10503"}],"wp:term":[{"taxonomy":"product_brand","embeddable":true,"href":"https:\/\/alqawafel.com\/es\/wp-json\/wp\/v2\/product_brand?post=10503"},{"taxonomy":"product_cat","embeddable":true,"href":"https:\/\/alqawafel.com\/es\/wp-json\/wp\/v2\/product_cat?post=10503"},{"taxonomy":"product_tag","embeddable":true,"href":"https:\/\/alqawafel.com\/es\/wp-json\/wp\/v2\/product_tag?post=10503"}],"curies":[{"name":"wp","href":"https:\/\/api.w.org\/{rel}","templated":true}]}}