{"id":10651,"date":"2024-11-18T09:30:59","date_gmt":"2024-11-18T09:30:59","guid":{"rendered":"https:\/\/alqawafel.com\/?post_type=product&#038;p=10651"},"modified":"2025-08-12T12:20:13","modified_gmt":"2025-08-12T12:20:13","slug":"squash-qssq-401-f1","status":"publish","type":"product","link":"https:\/\/alqawafel.com\/es\/product\/squash-qssq-401-f1\/","title":{"rendered":"Squash QSSq-401 F1"},"content":{"rendered":"<p><span style=\"font-size: 18px;\">Calabaza QSSq-401 F1: Una variedad de calabaza Anita compacta y de alto rendimiento para campos abiertos. Produce frutos bulbosos de color verde intenso (10-13 cm) con madurez en 40 d\u00edas y excelente tolerancia a las enfermedades.<\/span><\/p>\n<table style=\"width: 100%; height: 243px;\">\n<thead>\n<tr style=\"height: 27px;\">\n<th style=\"height: 27px;\"><span style=\"font-size: 18px;\"><strong>Atributo<\/strong><\/span><\/th>\n<th style=\"height: 27px;\"><span style=\"font-size: 18px;\"><strong>Detalles<\/strong><\/span><\/th>\n<\/tr>\n<\/thead>\n<tbody>\n<tr style=\"height: 27px;\">\n<td style=\"height: 27px;\"><span style=\"font-size: 18px;\"><strong>Nombre del producto<\/strong><\/span><\/td>\n<td style=\"height: 27px;\"><span style=\"font-size: 18px;\">Squash QSSq-401 F1<\/span><\/td>\n<\/tr>\n<tr style=\"height: 27px;\">\n<td style=\"height: 27px;\"><span style=\"font-size: 18px;\"><strong>Tipo<\/strong><\/span><\/td>\n<td style=\"height: 27px;\"><span style=\"font-size: 18px;\">Variedad Anita para campo abierto<\/span><\/td>\n<\/tr>\n<tr style=\"height: 27px;\">\n<td style=\"height: 27px;\"><span style=\"font-size: 18px;\"><strong>Juego de frutas Estilo<\/strong><\/span><\/td>\n<td style=\"height: 27px;\"><span style=\"font-size: 18px;\">Buena, con madurez en unos 40 d\u00edas<\/span><\/td>\n<\/tr>\n<tr style=\"height: 27px;\">\n<td style=\"height: 27px;\"><span style=\"font-size: 18px;\"><strong>Crecimiento vegetativo<\/strong><\/span><\/td>\n<td style=\"height: 27px;\"><span style=\"font-size: 18px;\">Planta fuerte y compacta<\/span><\/td>\n<\/tr>\n<tr style=\"height: 54px;\">\n<td style=\"height: 54px;\"><span style=\"font-size: 18px;\"><strong>Caracter\u00edsticas de la fruta<\/strong><\/span><\/td>\n<td style=\"height: 54px;\"><span style=\"font-size: 18px;\">\u00a0verde intenso, forma bulbosa mediana, 10-13 cm de tama\u00f1o<\/span><\/td>\n<\/tr>\n<tr style=\"height: 54px;\">\n<td style=\"height: 54px;\"><span style=\"font-size: 18px;\"><strong>Tolerancia (IR)<\/strong><\/span><\/td>\n<td style=\"height: 54px;\"><span style=\"font-size: 18px;\">PM (Mildi\u00fa polvoriento), CMV (Virus del mosaico del pepino), WMV (Virus del mosaico de la sand\u00eda), ZYMV (Virus del mosaico amarillo del calabac\u00edn).<\/span><\/td>\n<\/tr>\n<\/tbody>\n<\/table>\n<p><img loading=\"lazy\" decoding=\"async\" class=\"alignnone size-medium wp-image-10652\" src=\"https:\/\/alqawafel.com\/wp-content\/uploads\/2024\/11\/401-225x300.jpg\" alt=\"Squash QSSq-401 F1\" width=\"225\" height=\"300\" srcset=\"https:\/\/alqawafel.com\/wp-content\/uploads\/2024\/11\/401-225x300.jpg 225w, https:\/\/alqawafel.com\/wp-content\/uploads\/2024\/11\/401-768x1024.jpg 768w, https:\/\/alqawafel.com\/wp-content\/uploads\/2024\/11\/401-150x200.jpg 150w, https:\/\/alqawafel.com\/wp-content\/uploads\/2024\/11\/401.jpg 960w\" sizes=\"auto, (max-width: 225px) 100vw, 225px\" \/><\/p>\n<p>&nbsp;<\/p>\n<p><a title=\"Volver a Semillas\" href=\"https:\/\/alqawafel.com\/es\/semillas\/\">Volver a Semillas<\/a><\/p>\n<p><a title=\"Facebook\" href=\"https:\/\/alqawafel.com\/es\/facebook\/\" target=\"_blank\" rel=\"noopener\">Facebook<\/a><\/p>\n<p><a title=\"Linkedin\" href=\"https:\/\/www.linkedin.com\/company\/alqawafel-ind-agr-co\/\" target=\"_blank\" rel=\"noopener\">Linkedin<\/a><\/p>","protected":false},"excerpt":{"rendered":"<p><span style=\"font-size: 18px;\">Calabaza QSSq-401 F1: Una variedad Anita robusta para campos abiertos con crecimiento compacto, frutos de 10-13 cm de color verde intenso y resistencia a PM, CMV, WMV y ZYMV.<\/span><\/p>","protected":false},"featured_media":10652,"comment_status":"open","ping_status":"closed","template":"","meta":{"om_disable_all_campaigns":false,"_monsterinsights_skip_tracking":false,"_monsterinsights_sitenote_active":false,"_monsterinsights_sitenote_note":"","_monsterinsights_sitenote_category":0},"product_brand":[],"product_cat":[237,829],"product_tag":[866,1239,1242,1241,1240,1101,1243],"class_list":{"0":"post-10651","1":"product","2":"type-product","3":"status-publish","4":"has-post-thumbnail","6":"product_cat-seeds","7":"product_cat-squash","8":"product_tag-al-qawafel-ind-agr-co","9":"product_tag-anita-squash","10":"product_tag-compact-squash-variety","11":"product_tag-high-yield-squash","12":"product_tag-open-field-squash","13":"product_tag-seeds","14":"product_tag-squash-qssq-401-f1","16":"first","17":"instock","18":"shipping-taxable","19":"product-type-simple"},"aioseo_notices":[],"_links":{"self":[{"href":"https:\/\/alqawafel.com\/es\/wp-json\/wp\/v2\/product\/10651","targetHints":{"allow":["GET"]}}],"collection":[{"href":"https:\/\/alqawafel.com\/es\/wp-json\/wp\/v2\/product"}],"about":[{"href":"https:\/\/alqawafel.com\/es\/wp-json\/wp\/v2\/types\/product"}],"replies":[{"embeddable":true,"href":"https:\/\/alqawafel.com\/es\/wp-json\/wp\/v2\/comments?post=10651"}],"version-history":[{"count":6,"href":"https:\/\/alqawafel.com\/es\/wp-json\/wp\/v2\/product\/10651\/revisions"}],"predecessor-version":[{"id":19570,"href":"https:\/\/alqawafel.com\/es\/wp-json\/wp\/v2\/product\/10651\/revisions\/19570"}],"wp:featuredmedia":[{"embeddable":true,"href":"https:\/\/alqawafel.com\/es\/wp-json\/wp\/v2\/media\/10652"}],"wp:attachment":[{"href":"https:\/\/alqawafel.com\/es\/wp-json\/wp\/v2\/media?parent=10651"}],"wp:term":[{"taxonomy":"product_brand","embeddable":true,"href":"https:\/\/alqawafel.com\/es\/wp-json\/wp\/v2\/product_brand?post=10651"},{"taxonomy":"product_cat","embeddable":true,"href":"https:\/\/alqawafel.com\/es\/wp-json\/wp\/v2\/product_cat?post=10651"},{"taxonomy":"product_tag","embeddable":true,"href":"https:\/\/alqawafel.com\/es\/wp-json\/wp\/v2\/product_tag?post=10651"}],"curies":[{"name":"wp","href":"https:\/\/api.w.org\/{rel}","templated":true}]}}