{"id":10719,"date":"2024-11-18T10:44:12","date_gmt":"2024-11-18T10:44:12","guid":{"rendered":"https:\/\/alqawafel.com\/?post_type=product&#038;p=10719"},"modified":"2025-04-28T08:15:31","modified_gmt":"2025-04-28T08:15:31","slug":"sandia-qswm-701-f1","status":"publish","type":"product","link":"https:\/\/alqawafel.com\/es\/product\/watermelon-qswm-701-f1\/","title":{"rendered":"Sand\u00eda QSWM-701 F1"},"content":{"rendered":"<p><span style=\"font-size: 18px\">Sand\u00eda QSWM-701 F1: Una variedad de sand\u00eda Charleston Gray para campos abiertos. Produce frutos grandes de forma ovalada (12-15 kg) con pulpa de color rojo intenso, semillas peque\u00f1as y gran resistencia a las enfermedades.<\/span><\/p>\n<table>\n<thead>\n<tr>\n<th><span style=\"font-size: 18px\"><strong>Atributo<\/strong><\/span><\/th>\n<th><span style=\"font-size: 18px\"><strong>Detalles<\/strong><\/span><\/th>\n<\/tr>\n<\/thead>\n<tbody>\n<tr>\n<td><span style=\"font-size: 18px\"><strong>Nombre del producto<\/strong><\/span><\/td>\n<td><span style=\"font-size: 18px\">Sand\u00eda QSWM - 701 F1<\/span><\/td>\n<\/tr>\n<tr>\n<td><span style=\"font-size: 18px\"><strong>Tipo<\/strong><\/span><\/td>\n<td><span style=\"font-size: 18px\">Tipo Charleston Gray para campo abierto<\/span><\/td>\n<\/tr>\n<tr>\n<td><span style=\"font-size: 18px\"><strong>Caracter\u00edsticas de la fruta<\/strong><\/span><\/td>\n<td><span style=\"font-size: 18px\">Forma ovalada con un peso de 12-15 kg<\/span><\/td>\n<\/tr>\n<tr>\n<td><span style=\"font-size: 18px\"><strong>Color de la carne<\/strong><\/span><\/td>\n<td><span style=\"font-size: 18px\">Rojo intenso con semillas peque\u00f1as<\/span><\/td>\n<\/tr>\n<tr>\n<td><span style=\"font-size: 18px\"><strong>Tolerancia (IR)<\/strong><\/span><\/td>\n<td><span style=\"font-size: 18px\">PM (mildi\u00fa polvoroso), F2 (marchitez por Fusarium raza 2)<\/span><\/td>\n<\/tr>\n<\/tbody>\n<\/table>\n<p><img loading=\"lazy\" decoding=\"async\" class=\"alignnone size-medium wp-image-10720\" src=\"https:\/\/alqawafel.com\/wp-content\/uploads\/2024\/11\/WhatsApp-Image-2024-11-18-at-1.22.05-PM-300x271.jpeg\" alt=\"Sand\u00eda QSWM-701 F1\" width=\"300\" height=\"271\" srcset=\"https:\/\/alqawafel.com\/wp-content\/uploads\/2024\/11\/WhatsApp-Image-2024-11-18-at-1.22.05-PM-300x271.jpeg 300w, https:\/\/alqawafel.com\/wp-content\/uploads\/2024\/11\/WhatsApp-Image-2024-11-18-at-1.22.05-PM-1024x925.jpeg 1024w, https:\/\/alqawafel.com\/wp-content\/uploads\/2024\/11\/WhatsApp-Image-2024-11-18-at-1.22.05-PM-768x694.jpeg 768w, https:\/\/alqawafel.com\/wp-content\/uploads\/2024\/11\/WhatsApp-Image-2024-11-18-at-1.22.05-PM-1200x1084.jpeg 1200w, https:\/\/alqawafel.com\/wp-content\/uploads\/2024\/11\/WhatsApp-Image-2024-11-18-at-1.22.05-PM-150x135.jpeg 150w, https:\/\/alqawafel.com\/wp-content\/uploads\/2024\/11\/WhatsApp-Image-2024-11-18-at-1.22.05-PM.jpeg 1280w\" sizes=\"auto, (max-width: 300px) 100vw, 300px\" \/><\/p>\n<p>&nbsp;<\/p>\n<p><a title=\"Volver a Semillas\" href=\"https:\/\/alqawafel.com\/es\/semillas\/\">Volver a Semillas<\/a><\/p>\n<p><a title=\"Facebook\" href=\"https:\/\/alqawafel.com\/es\/facebook\/\" target=\"_blank\" rel=\"noopener\">Facebook<\/a><\/p>\n<p><a title=\"Linkedin\" href=\"https:\/\/www.linkedin.com\/company\/alqawafel-ind-agr-co\/\" target=\"_blank\" rel=\"noopener\">Linkedin<\/a><\/p>","protected":false},"excerpt":{"rendered":"<p><span style=\"font-size: 18px\">Sand\u00eda QSWM-701 F1: Un fruto robusto de sand\u00eda Charleston Gray con pulpa de color rojo intenso, semillas peque\u00f1as y resistencia a PM y a la marchitez por Fusarium (F2).<\/span><\/p>","protected":false},"featured_media":10720,"comment_status":"closed","ping_status":"closed","template":"","meta":{"om_disable_all_campaigns":false,"_monsterinsights_skip_tracking":false,"_monsterinsights_sitenote_active":false,"_monsterinsights_sitenote_note":"","_monsterinsights_sitenote_category":0},"product_brand":[],"product_cat":[237,832],"product_tag":[866,1259,1261,1260,1262,1101,1258],"class_list":{"0":"post-10719","1":"product","2":"type-product","3":"status-publish","4":"has-post-thumbnail","6":"product_cat-seeds","7":"product_cat-watermelon","8":"product_tag-al-qawafel-ind-agr-co","9":"product_tag-charleston-gray-watermelon","10":"product_tag-large-watermelon","11":"product_tag-open-field-watermelon","12":"product_tag-oval-shaped-watermelon","13":"product_tag-seeds","14":"product_tag-watermelon-qswm-701-f1","16":"first","17":"instock","18":"shipping-taxable","19":"product-type-simple"},"aioseo_notices":[],"_links":{"self":[{"href":"https:\/\/alqawafel.com\/es\/wp-json\/wp\/v2\/product\/10719","targetHints":{"allow":["GET"]}}],"collection":[{"href":"https:\/\/alqawafel.com\/es\/wp-json\/wp\/v2\/product"}],"about":[{"href":"https:\/\/alqawafel.com\/es\/wp-json\/wp\/v2\/types\/product"}],"replies":[{"embeddable":true,"href":"https:\/\/alqawafel.com\/es\/wp-json\/wp\/v2\/comments?post=10719"}],"version-history":[{"count":2,"href":"https:\/\/alqawafel.com\/es\/wp-json\/wp\/v2\/product\/10719\/revisions"}],"predecessor-version":[{"id":10726,"href":"https:\/\/alqawafel.com\/es\/wp-json\/wp\/v2\/product\/10719\/revisions\/10726"}],"wp:featuredmedia":[{"embeddable":true,"href":"https:\/\/alqawafel.com\/es\/wp-json\/wp\/v2\/media\/10720"}],"wp:attachment":[{"href":"https:\/\/alqawafel.com\/es\/wp-json\/wp\/v2\/media?parent=10719"}],"wp:term":[{"taxonomy":"product_brand","embeddable":true,"href":"https:\/\/alqawafel.com\/es\/wp-json\/wp\/v2\/product_brand?post=10719"},{"taxonomy":"product_cat","embeddable":true,"href":"https:\/\/alqawafel.com\/es\/wp-json\/wp\/v2\/product_cat?post=10719"},{"taxonomy":"product_tag","embeddable":true,"href":"https:\/\/alqawafel.com\/es\/wp-json\/wp\/v2\/product_tag?post=10719"}],"curies":[{"name":"wp","href":"https:\/\/api.w.org\/{rel}","templated":true}]}}