{"id":10751,"date":"2024-11-18T11:12:03","date_gmt":"2024-11-18T11:12:03","guid":{"rendered":"https:\/\/alqawafel.com\/?post_type=product&#038;p=10751"},"modified":"2025-04-28T08:12:37","modified_gmt":"2025-04-28T08:12:37","slug":"sandia-qswm-705-f1","status":"publish","type":"product","link":"https:\/\/alqawafel.com\/es\/product\/watermelon-qswm-705-f1\/","title":{"rendered":"Sand\u00eda QSWM-705 F1"},"content":{"rendered":"<div class=\"flex-shrink-0 flex flex-col relative items-end\">\n<div class=\"pt-0\">\n<div class=\"gizmo-bot-avatar flex h-8 w-8 items-center justify-center overflow-hidden rounded-full\">\n<p><span style=\"font-size: 18px\">Sand\u00eda QSWM-705 F1: Una variedad de sand\u00eda Crimson Sweet para campos abiertos. Produce frutos grandes y ovalados (12-15 kg) con pulpa de color rojo intenso, semillas peque\u00f1as y gran resistencia a las enfermedades.<\/span><\/p>\n<table>\n<thead>\n<tr>\n<th><span style=\"font-size: 18px\"><strong>Atributo<\/strong><\/span><\/th>\n<th><span style=\"font-size: 18px\"><strong>Detalles<\/strong><\/span><\/th>\n<\/tr>\n<\/thead>\n<tbody>\n<tr>\n<td><span style=\"font-size: 18px\"><strong>Nombre del producto<\/strong><\/span><\/td>\n<td><span style=\"font-size: 18px\">Sand\u00eda QSWM - 705 F1<\/span><\/td>\n<\/tr>\n<tr>\n<td><span style=\"font-size: 18px\"><strong>Tipo<\/strong><\/span><\/td>\n<td><span style=\"font-size: 18px\">Crimson Tipo dulce para campo abierto<\/span><\/td>\n<\/tr>\n<tr>\n<td><span style=\"font-size: 18px\"><strong>Caracter\u00edsticas de la fruta<\/strong><\/span><\/td>\n<td><span style=\"font-size: 18px\">Forma ovalada con un peso de 12-15 kg<\/span><\/td>\n<\/tr>\n<tr>\n<td><span style=\"font-size: 18px\"><strong>Color de la carne<\/strong><\/span><\/td>\n<td><span style=\"font-size: 18px\">Rojo intenso con semillas peque\u00f1as<\/span><\/td>\n<\/tr>\n<tr>\n<td><span style=\"font-size: 18px\"><strong>Tolerancia (IR)<\/strong><\/span><\/td>\n<td><span style=\"font-size: 18px\">PM (mildi\u00fa polvoroso), F2 (marchitez por Fusarium raza 2)<\/span><\/td>\n<\/tr>\n<\/tbody>\n<\/table>\n<\/div>\n<\/div>\n<\/div>\n<p><img loading=\"lazy\" decoding=\"async\" class=\"alignnone size-medium wp-image-10752\" src=\"https:\/\/alqawafel.com\/wp-content\/uploads\/2024\/11\/WhatsApp-Image-2024-11-18-at-1.22.06-PM-1-225x300.jpeg\" alt=\"Sand\u00eda QSWM-705 F1\" width=\"225\" height=\"300\" srcset=\"https:\/\/alqawafel.com\/wp-content\/uploads\/2024\/11\/WhatsApp-Image-2024-11-18-at-1.22.06-PM-1-225x300.jpeg 225w, https:\/\/alqawafel.com\/wp-content\/uploads\/2024\/11\/WhatsApp-Image-2024-11-18-at-1.22.06-PM-1-768x1024.jpeg 768w, https:\/\/alqawafel.com\/wp-content\/uploads\/2024\/11\/WhatsApp-Image-2024-11-18-at-1.22.06-PM-1-150x200.jpeg 150w, https:\/\/alqawafel.com\/wp-content\/uploads\/2024\/11\/WhatsApp-Image-2024-11-18-at-1.22.06-PM-1.jpeg 960w\" sizes=\"auto, (max-width: 225px) 100vw, 225px\" \/><\/p>\n<p>&nbsp;<\/p>\n<p><a title=\"Volver a Semillas\" href=\"https:\/\/alqawafel.com\/es\/semillas\/\">Volver a Semillas<\/a><\/p>\n<p><a title=\"Facebook\" href=\"https:\/\/alqawafel.com\/es\/facebook\/\" target=\"_blank\" rel=\"noopener\">Facebook<\/a><\/p>\n<p><a title=\"Linkedin\" href=\"https:\/\/www.linkedin.com\/company\/alqawafel-ind-agr-co\/\" target=\"_blank\" rel=\"noopener\">Linkedin<\/a><\/p>","protected":false},"excerpt":{"rendered":"<p><span style=\"font-size: 18px\">Sand\u00eda QSWM-705 F1: Una sand\u00eda robusta Crimson Sweet con pulpa de color rojo intenso, semillas peque\u00f1as y resistencia a PM y Fusarium Wilt (F2).<\/span><\/p>","protected":false},"featured_media":10752,"comment_status":"open","ping_status":"closed","template":"","meta":{"om_disable_all_campaigns":false,"_monsterinsights_skip_tracking":false,"_monsterinsights_sitenote_active":false,"_monsterinsights_sitenote_note":"","_monsterinsights_sitenote_category":0},"product_brand":[],"product_cat":[237,832],"product_tag":[866,1272,1261,1260,1269,1101,1271],"class_list":{"0":"post-10751","1":"product","2":"type-product","3":"status-publish","4":"has-post-thumbnail","6":"product_cat-seeds","7":"product_cat-watermelon","8":"product_tag-al-qawafel-ind-agr-co","9":"product_tag-crimson-sweet-watermelon","10":"product_tag-large-watermelon","11":"product_tag-open-field-watermelon","12":"product_tag-oval-watermelon","13":"product_tag-seeds","14":"product_tag-watermelon-qswm-705-f1","16":"first","17":"instock","18":"shipping-taxable","19":"product-type-simple"},"aioseo_notices":[],"_links":{"self":[{"href":"https:\/\/alqawafel.com\/es\/wp-json\/wp\/v2\/product\/10751","targetHints":{"allow":["GET"]}}],"collection":[{"href":"https:\/\/alqawafel.com\/es\/wp-json\/wp\/v2\/product"}],"about":[{"href":"https:\/\/alqawafel.com\/es\/wp-json\/wp\/v2\/types\/product"}],"replies":[{"embeddable":true,"href":"https:\/\/alqawafel.com\/es\/wp-json\/wp\/v2\/comments?post=10751"}],"version-history":[{"count":1,"href":"https:\/\/alqawafel.com\/es\/wp-json\/wp\/v2\/product\/10751\/revisions"}],"predecessor-version":[{"id":10757,"href":"https:\/\/alqawafel.com\/es\/wp-json\/wp\/v2\/product\/10751\/revisions\/10757"}],"wp:featuredmedia":[{"embeddable":true,"href":"https:\/\/alqawafel.com\/es\/wp-json\/wp\/v2\/media\/10752"}],"wp:attachment":[{"href":"https:\/\/alqawafel.com\/es\/wp-json\/wp\/v2\/media?parent=10751"}],"wp:term":[{"taxonomy":"product_brand","embeddable":true,"href":"https:\/\/alqawafel.com\/es\/wp-json\/wp\/v2\/product_brand?post=10751"},{"taxonomy":"product_cat","embeddable":true,"href":"https:\/\/alqawafel.com\/es\/wp-json\/wp\/v2\/product_cat?post=10751"},{"taxonomy":"product_tag","embeddable":true,"href":"https:\/\/alqawafel.com\/es\/wp-json\/wp\/v2\/product_tag?post=10751"}],"curies":[{"name":"wp","href":"https:\/\/api.w.org\/{rel}","templated":true}]}}