{"id":10997,"date":"2024-11-19T07:22:36","date_gmt":"2024-11-19T07:22:36","guid":{"rendered":"https:\/\/alqawafel.com\/?post_type=product&#038;p=10997"},"modified":"2025-08-30T09:59:54","modified_gmt":"2025-08-30T09:59:54","slug":"super-80-s-sc","status":"publish","type":"product","link":"https:\/\/alqawafel.com\/es\/product\/super-80-s-sc\/","title":{"rendered":"Super 80% - S Fungicida y acaricida"},"content":{"rendered":"<div class=\"flex-shrink-0 flex flex-col relative items-end\">\n<h3>\u00bfPor qu\u00e9 Super 80% - S ?<\/h3>\n<p><span style=\"font-size: 18px;\">Super 80% - S es un fungicida y acaricida no sist\u00e9mico que proporciona una acci\u00f3n fiable por contacto y por v\u00eda respiratoria para una protecci\u00f3n eficaz de los cultivos. Ofrece una acci\u00f3n protectora contra una amplia gama de enfermedades f\u00fangicas e infestaciones de \u00e1caros. Super 80% - S es una soluci\u00f3n excelente para los profesionales de la agricultura que buscan proteger eficazmente los cultivos contra plagas y enfermedades.<\/span><\/p>\n<h3>Identificaci\u00f3n<\/h3>\n<ul>\n<li><span style=\"font-size: 18px;\"><strong>Formulaci\u00f3n<\/strong>: Concentrado en suspensi\u00f3n (S)<\/span><\/li>\n<li><span style=\"font-size: 18px;\"><strong>Principio activo<\/strong>: Azufre 80% (p\/v)<\/span><\/li>\n<li><span style=\"font-size: 18px;\"><strong>Grupo qu\u00edmico<\/strong>: Compuesto inorg\u00e1nico<\/span><\/li>\n<li><span style=\"font-size: 18px;\"><strong>Modo de acci\u00f3n<\/strong>: Fungicida y acaricida no sist\u00e9mico con acci\u00f3n de contacto y respiratoria que proporciona una cobertura protectora contra plagas y enfermedades.<\/span><\/li>\n<\/ul>\n<h3>Aplicaci\u00f3n ideal de Super 80% - S<\/h3>\n<p><span style=\"font-size: 18px;\">Se recomienda su uso en los siguientes cultivos con los objetivos t\u00edpicos de plagas que se indican:<\/span><\/p>\n<h4>Control de cultivos y plagas:<\/h4>\n<ul>\n<li><span style=\"font-size: 18px;\"><strong>C\u00edtricos<\/strong>: Controles <em>\u00c1caro marr\u00f3n de la roya de los c\u00edtricos, \u00e1caro de las yemas de los c\u00edtricos, roya<\/em><\/span><\/li>\n<li><span style=\"font-size: 18px;\"><strong>Uva<\/strong>: Controles <em>Roya de la vid, Mildi\u00fa polvoroso<\/em><\/span><\/li>\n<li><span style=\"font-size: 18px;\"><strong>Plantas ornamentales<\/strong>: Controles <em>\u00c1caro de las dos manchas, mildi\u00fa polvoriento<\/em><\/span><\/li>\n<li><span style=\"font-size: 18px;\"><strong>Manzana, Pera, Membrillo, N\u00edspero<\/strong>: Controles <em>Mancha negra (sarna), Mildi\u00fa polvoriento<\/em><\/span><\/li>\n<li><span style=\"font-size: 18px;\"><strong>Nectarina, melocot\u00f3n, cereza (agridulce)<\/strong>: Controles <em>Pudrici\u00f3n marr\u00f3n, \u00f3xido<\/em><\/span><\/li>\n<li><span style=\"font-size: 18px;\"><strong>Verduras<\/strong>: Controles <em>Mildi\u00fa polvoriento, Roya, \u00c1caro de la roya del tomate, \u00c1caro de las dos manchas<\/em><\/span><\/li>\n<\/ul>\n<h3>Tasa de utilizaci\u00f3n:<\/h3>\n<p><span style=\"font-size: 14pt;\">500 ml por 200 L de agua<\/span><\/p>\n<h3>Embalaje<\/h3>\n<ul>\n<li><span style=\"font-size: 18px;\"><strong>5 L<\/strong><\/span><\/li>\n<\/ul>\n<\/div>\n<p><img loading=\"lazy\" decoding=\"async\" class=\"alignnone size-medium wp-image-18753\" src=\"https:\/\/alqawafel.com\/wp-content\/uploads\/2024\/11\/Super-80-S-LOGO-300x300.webp\" alt=\"Super 80% - S (SC) fungicida y acaricida ofrece proteger cultivos como c\u00edtricos, uvas y manzanas de \u00e1caros, roya y o\u00eddio.\" width=\"300\" height=\"300\" srcset=\"https:\/\/alqawafel.com\/wp-content\/uploads\/2024\/11\/Super-80-S-LOGO-300x300.webp 300w, https:\/\/alqawafel.com\/wp-content\/uploads\/2024\/11\/Super-80-S-LOGO-150x150.webp 150w, https:\/\/alqawafel.com\/wp-content\/uploads\/2024\/11\/Super-80-S-LOGO-768x768.webp 768w, https:\/\/alqawafel.com\/wp-content\/uploads\/2024\/11\/Super-80-S-LOGO.webp 1000w\" sizes=\"auto, (max-width: 300px) 100vw, 300px\" \/><\/p>\n<p>&nbsp;<\/p>","protected":false},"excerpt":{"rendered":"<p><span style=\"font-size: 18px;\">Super 80% - S (SC) fungicida y acaricida ofrece proteger cultivos como c\u00edtricos, uvas y manzanas de \u00e1caros, roya y o\u00eddio.<\/span><\/p>","protected":false},"featured_media":18753,"comment_status":"open","ping_status":"closed","template":"","meta":{"om_disable_all_campaigns":false,"_monsterinsights_skip_tracking":false,"_monsterinsights_sitenote_active":false,"_monsterinsights_sitenote_note":"","_monsterinsights_sitenote_category":0},"product_brand":[],"product_cat":[823,824,87],"product_tag":[866,901,1111,845,844,1344,1323],"class_list":{"0":"post-10997","1":"product","2":"type-product","3":"status-publish","4":"has-post-thumbnail","6":"product_cat-fungicide","7":"product_cat-miticide","8":"product_cat-pesticides","9":"product_tag-al-qawafel-ind-agr-co","10":"product_tag-fungicide","11":"product_tag-mildew","12":"product_tag-mite","13":"product_tag-miticide","14":"product_tag-sulfur","15":"product_tag-super-80-s-sc","17":"first","18":"instock","19":"shipping-taxable","20":"product-type-simple"},"aioseo_notices":[],"_links":{"self":[{"href":"https:\/\/alqawafel.com\/es\/wp-json\/wp\/v2\/product\/10997","targetHints":{"allow":["GET"]}}],"collection":[{"href":"https:\/\/alqawafel.com\/es\/wp-json\/wp\/v2\/product"}],"about":[{"href":"https:\/\/alqawafel.com\/es\/wp-json\/wp\/v2\/types\/product"}],"replies":[{"embeddable":true,"href":"https:\/\/alqawafel.com\/es\/wp-json\/wp\/v2\/comments?post=10997"}],"version-history":[{"count":14,"href":"https:\/\/alqawafel.com\/es\/wp-json\/wp\/v2\/product\/10997\/revisions"}],"predecessor-version":[{"id":19924,"href":"https:\/\/alqawafel.com\/es\/wp-json\/wp\/v2\/product\/10997\/revisions\/19924"}],"wp:featuredmedia":[{"embeddable":true,"href":"https:\/\/alqawafel.com\/es\/wp-json\/wp\/v2\/media\/18753"}],"wp:attachment":[{"href":"https:\/\/alqawafel.com\/es\/wp-json\/wp\/v2\/media?parent=10997"}],"wp:term":[{"taxonomy":"product_brand","embeddable":true,"href":"https:\/\/alqawafel.com\/es\/wp-json\/wp\/v2\/product_brand?post=10997"},{"taxonomy":"product_cat","embeddable":true,"href":"https:\/\/alqawafel.com\/es\/wp-json\/wp\/v2\/product_cat?post=10997"},{"taxonomy":"product_tag","embeddable":true,"href":"https:\/\/alqawafel.com\/es\/wp-json\/wp\/v2\/product_tag?post=10997"}],"curies":[{"name":"wp","href":"https:\/\/api.w.org\/{rel}","templated":true}]}}