{"id":11012,"date":"2024-11-19T09:34:15","date_gmt":"2024-11-19T09:34:15","guid":{"rendered":"https:\/\/alqawafel.com\/?post_type=product&#038;p=11012"},"modified":"2025-06-11T07:46:05","modified_gmt":"2025-06-11T07:46:05","slug":"unifel-se","status":"publish","type":"product","link":"https:\/\/alqawafel.com\/es\/product\/unifel-se\/","title":{"rendered":"Fungicida Unifel-SE"},"content":{"rendered":"<div class=\"flex-shrink-0 flex flex-col relative items-end\">\n<h3>\u00bfPor qu\u00e9 Unifel-SE?<\/h3>\n<p><span style=\"font-size: 18px\">Unifel-SE es un fungicida sist\u00e9mico altamente eficaz que ofrece una acci\u00f3n tanto protectora como curativa. Inhibe la germinaci\u00f3n de esporas y el crecimiento del micelio, atacando directamente a los pat\u00f3genos transmitidos por el suelo. Este fungicida proporciona un control esencial de las enfermedades en el momento de la siembra y favorece la salud de los cultivos durante todo el ciclo de crecimiento. Los profesionales de la agricultura conf\u00edan en \u00e9l para mejorar el rendimiento de los cultivos y gestionar las enfermedades f\u00fangicas de forma exhaustiva.<\/span><\/p>\n<h3>Identificaci\u00f3n Unifel-SE<\/h3>\n<ul>\n<li><span style=\"font-size: 18px\"><strong>Formulaci\u00f3n<\/strong>: Suspoemulsi\u00f3n (SE)<\/span><\/li>\n<li><span style=\"font-size: 18px\"><strong>Principio activo<\/strong>: Azoxistrobin 28,2% + Metalaxil-M 10,9% (p\/p)<\/span><\/li>\n<li><span style=\"font-size: 18px\"><strong>Grupo qu\u00edmico<\/strong>: Estrobilurina + Acilalanina<\/span><\/li>\n<li><span style=\"font-size: 18px\"><strong>Modo de acci\u00f3n<\/strong>: Fungicida sist\u00e9mico con propiedades protectoras y curativas que inhibe la germinaci\u00f3n de esporas f\u00fangicas, controla el crecimiento micelial y protege contra los pat\u00f3genos transmitidos por el suelo.<\/span><\/li>\n<\/ul>\n<h3>Aplicaci\u00f3n ideal<\/h3>\n<p><span style=\"font-size: 18px\">Se recomienda el uso de Unifel - SE en los siguientes cultivos con los objetivos t\u00edpicos de plagas que se indican:<\/span><\/p>\n<h3>Control de cultivos y plagas:<\/h3>\n<ul>\n<li><span style=\"font-size: 18px\"><strong>Tomate, Pimiento<\/strong>: Controles <em>Pudrici\u00f3n de la ra\u00edz, marchitez<\/em><\/span><\/li>\n<li><span style=\"font-size: 18px\"><strong>Verduras cruc\u00edferas, cebollas, cucurbit\u00e1ceas, verduras de hoja verde<\/strong>: Controles <em>Rhizoctonia, Pythium<\/em><\/span><\/li>\n<li><span style=\"font-size: 18px\"><strong>Cereales<\/strong>: Controles <em>Tiz\u00f3n de las pl\u00e1ntulas, podredumbre de la ra\u00edz, marchitez<\/em><\/span><\/li>\n<\/ul>\n<h3>Tasa de utilizaci\u00f3n:<\/h3>\n<p><span style=\"font-size: 14pt\">200-300 ml por 200 L de agua<\/span><\/p>\n<h3>Embalaje<\/h3>\n<ul>\n<li><span style=\"font-size: 18px\"><strong>500 ml<\/strong><\/span><\/li>\n<\/ul>\n<p><img loading=\"lazy\" decoding=\"async\" class=\"alignnone size-medium wp-image-18576\" src=\"https:\/\/alqawafel.com\/wp-content\/uploads\/2024\/11\/Unifel-SE-LOGO-300x300.webp\" alt=\"Unifel-SE, un fungicida sist\u00e9mico con acci\u00f3n protectora y curativa, controla eficazmente los pat\u00f3genos transmitidos por el suelo y las enfermedades f\u00fangicas.\" width=\"300\" height=\"300\" srcset=\"https:\/\/alqawafel.com\/wp-content\/uploads\/2024\/11\/Unifel-SE-LOGO-300x300.webp 300w, https:\/\/alqawafel.com\/wp-content\/uploads\/2024\/11\/Unifel-SE-LOGO-150x150.webp 150w, https:\/\/alqawafel.com\/wp-content\/uploads\/2024\/11\/Unifel-SE-LOGO-768x768.webp 768w, https:\/\/alqawafel.com\/wp-content\/uploads\/2024\/11\/Unifel-SE-LOGO.webp 1000w\" sizes=\"auto, (max-width: 300px) 100vw, 300px\" \/><\/p>\n<\/div>\n<p>&nbsp;<\/p>","protected":false},"excerpt":{"rendered":"<p><span style=\"font-size: 18px\">Unifel-SE, un fungicida sist\u00e9mico con acci\u00f3n protectora y curativa, controla eficazmente los pat\u00f3genos transmitidos por el suelo y las enfermedades f\u00fangicas.<\/span><\/p>","protected":false},"featured_media":18576,"comment_status":"open","ping_status":"closed","template":"","meta":{"om_disable_all_campaigns":false,"_monsterinsights_skip_tracking":false,"_monsterinsights_sitenote_active":false,"_monsterinsights_sitenote_note":"","_monsterinsights_sitenote_category":0},"product_brand":[],"product_cat":[823,87],"product_tag":[866,1194,1196,901,1371,1197,1370,1172,1330],"class_list":{"0":"post-11012","1":"product","2":"type-product","3":"status-publish","4":"has-post-thumbnail","6":"product_cat-fungicide","7":"product_cat-pesticides","8":"product_tag-al-qawafel-ind-agr-co","9":"product_tag-azoxystrobin","10":"product_tag-curative","11":"product_tag-fungicide","12":"product_tag-metalaxyl-m","13":"product_tag-protective","14":"product_tag-soil-borne","15":"product_tag-systemic","16":"product_tag-unifel-se","18":"first","19":"instock","20":"shipping-taxable","21":"product-type-simple"},"aioseo_notices":[],"_links":{"self":[{"href":"https:\/\/alqawafel.com\/es\/wp-json\/wp\/v2\/product\/11012","targetHints":{"allow":["GET"]}}],"collection":[{"href":"https:\/\/alqawafel.com\/es\/wp-json\/wp\/v2\/product"}],"about":[{"href":"https:\/\/alqawafel.com\/es\/wp-json\/wp\/v2\/types\/product"}],"replies":[{"embeddable":true,"href":"https:\/\/alqawafel.com\/es\/wp-json\/wp\/v2\/comments?post=11012"}],"version-history":[{"count":11,"href":"https:\/\/alqawafel.com\/es\/wp-json\/wp\/v2\/product\/11012\/revisions"}],"predecessor-version":[{"id":18811,"href":"https:\/\/alqawafel.com\/es\/wp-json\/wp\/v2\/product\/11012\/revisions\/18811"}],"wp:featuredmedia":[{"embeddable":true,"href":"https:\/\/alqawafel.com\/es\/wp-json\/wp\/v2\/media\/18576"}],"wp:attachment":[{"href":"https:\/\/alqawafel.com\/es\/wp-json\/wp\/v2\/media?parent=11012"}],"wp:term":[{"taxonomy":"product_brand","embeddable":true,"href":"https:\/\/alqawafel.com\/es\/wp-json\/wp\/v2\/product_brand?post=11012"},{"taxonomy":"product_cat","embeddable":true,"href":"https:\/\/alqawafel.com\/es\/wp-json\/wp\/v2\/product_cat?post=11012"},{"taxonomy":"product_tag","embeddable":true,"href":"https:\/\/alqawafel.com\/es\/wp-json\/wp\/v2\/product_tag?post=11012"}],"curies":[{"name":"wp","href":"https:\/\/api.w.org\/{rel}","templated":true}]}}