{"id":11019,"date":"2024-11-19T10:01:49","date_gmt":"2024-11-19T10:01:49","guid":{"rendered":"https:\/\/alqawafel.com\/?post_type=product&#038;p=11019"},"modified":"2025-06-11T08:30:51","modified_gmt":"2025-06-11T08:30:51","slug":"imidafor-35-sc","status":"publish","type":"product","link":"https:\/\/alqawafel.com\/es\/product\/imidafor-35-sc\/","title":{"rendered":"Imidafor-35% SC Insecticida"},"content":{"rendered":"<div class=\"flex-shrink-0 flex flex-col relative items-end\">\n<h3>\u00bfPor qu\u00e9 Imidafor-35% SC?<\/h3>\n<p><span style=\"font-size: 18px\">Imidafor-35% SC es un insecticida sist\u00e9mico que proporciona un control eficaz de las plagas mediante actividad translaminar y absorci\u00f3n sist\u00e9mica radicular. Combina la acci\u00f3n de contacto y estomacal para combatir las plagas tanto externa como internamente. Este insecticida controla eficazmente una amplia gama de plagas, garantizando una mejor salud de los cultivos y mejorando la productividad.<\/span><\/p>\n<h3>Identificaci\u00f3n<\/h3>\n<ul>\n<li><span style=\"font-size: 18px\"><strong>Formulaci\u00f3n<\/strong>: Concentrado en suspensi\u00f3n (SC)<\/span><\/li>\n<li><span style=\"font-size: 18px\"><strong>Principio activo<\/strong>: Imidacloprid 35% (p\/v)<\/span><\/li>\n<li><span style=\"font-size: 18px\"><strong>Grupo qu\u00edmico<\/strong>: Neonicotinoides<\/span><\/li>\n<li><span style=\"font-size: 18px\"><strong>Modo de acci\u00f3n<\/strong>: Sist\u00e9mico con actividad translaminar, distribuci\u00f3n acropetal y propiedades sist\u00e9micas radiculares para un control eficaz de las plagas.<\/span><\/li>\n<\/ul>\n<h3>Aplicaci\u00f3n ideal<\/h3>\n<p><span style=\"font-size: 18px\">Se recomienda el uso de Imidafor-35% SC en los siguientes cultivos con los objetivos t\u00edpicos de plagas que se indican:<\/span><\/p>\n<h4>Control de cultivos y plagas:<\/h4>\n<ul>\n<li><span style=\"font-size: 18px\"><strong>Nectarina, albaricoque, cereza, melocot\u00f3n<\/strong>: Controles <em>Pulg\u00f3n verde del melocotonero, mosca blanca<\/em><\/span><\/li>\n<li><span style=\"font-size: 18px\"><strong>Berenjena, pimiento dulce, patata<\/strong>: Controles <em>Pulg\u00f3n verde del melocotonero, mosca blanca<\/em><\/span><\/li>\n<li><span style=\"font-size: 18px\"><strong>Tomate<\/strong>: Controles <em>Pulg\u00f3n verde del melocotonero, mosca blanca<\/em><\/span><\/li>\n<li><span style=\"font-size: 18px\"><strong>Rosa<\/strong>: Controles <em>Pulg\u00f3n<\/em><\/span><\/li>\n<\/ul>\n<h3>Tasa de utilizaci\u00f3n:<\/h3>\n<p><span style=\"font-size: 14pt\">70-150 ml por 200 L de agua<\/span><\/p>\n<h3>Embalaje<\/h3>\n<ul>\n<li><span style=\"font-size: 18px\"><strong>1 L<\/strong><\/span><\/li>\n<\/ul>\n<p><img loading=\"lazy\" decoding=\"async\" class=\"alignnone size-medium wp-image-18143\" src=\"https:\/\/alqawafel.com\/wp-content\/uploads\/2024\/11\/Imidafor-35-LOGO-300x300.webp\" alt=\"Imidafor-35% SC: Insecticida sist\u00e9mico con acci\u00f3n translaminar para el control eficaz de pulgones, moscas blancas y otras plagas.\" width=\"300\" height=\"300\" srcset=\"https:\/\/alqawafel.com\/wp-content\/uploads\/2024\/11\/Imidafor-35-LOGO-300x300.webp 300w, https:\/\/alqawafel.com\/wp-content\/uploads\/2024\/11\/Imidafor-35-LOGO-150x150.webp 150w, https:\/\/alqawafel.com\/wp-content\/uploads\/2024\/11\/Imidafor-35-LOGO-768x768.webp 768w, https:\/\/alqawafel.com\/wp-content\/uploads\/2024\/11\/Imidafor-35-LOGO.webp 1000w\" sizes=\"auto, (max-width: 300px) 100vw, 300px\" \/><\/p>\n<\/div>","protected":false},"excerpt":{"rendered":"<p><span style=\"font-size: 18px\">Imidafor-35% SC: Insecticida sist\u00e9mico con acci\u00f3n translaminar para el control eficaz de pulgones, moscas blancas y otras plagas.<\/span><\/p>","protected":false},"featured_media":18143,"comment_status":"open","ping_status":"closed","template":"","meta":{"om_disable_all_campaigns":false,"_monsterinsights_skip_tracking":false,"_monsterinsights_sitenote_active":false,"_monsterinsights_sitenote_note":"","_monsterinsights_sitenote_category":0},"product_brand":[],"product_cat":[822,87],"product_tag":[866,876,1115,856,1958,841,1355,1209,1438],"class_list":{"0":"post-11019","1":"product","2":"type-product","3":"status-publish","4":"has-post-thumbnail","6":"product_cat-insecticide","7":"product_cat-pesticides","8":"product_tag-al-qawafel-ind-agr-co","9":"product_tag-aphids","10":"product_tag-contact","11":"product_tag-imidacloprid","12":"product_tag-imidafor-35-sc","13":"product_tag-insecticide","14":"product_tag-stomach","15":"product_tag-translaminar","16":"product_tag-whiteflies","18":"first","19":"instock","20":"shipping-taxable","21":"product-type-simple"},"aioseo_notices":[],"_links":{"self":[{"href":"https:\/\/alqawafel.com\/es\/wp-json\/wp\/v2\/product\/11019","targetHints":{"allow":["GET"]}}],"collection":[{"href":"https:\/\/alqawafel.com\/es\/wp-json\/wp\/v2\/product"}],"about":[{"href":"https:\/\/alqawafel.com\/es\/wp-json\/wp\/v2\/types\/product"}],"replies":[{"embeddable":true,"href":"https:\/\/alqawafel.com\/es\/wp-json\/wp\/v2\/comments?post=11019"}],"version-history":[{"count":9,"href":"https:\/\/alqawafel.com\/es\/wp-json\/wp\/v2\/product\/11019\/revisions"}],"predecessor-version":[{"id":18840,"href":"https:\/\/alqawafel.com\/es\/wp-json\/wp\/v2\/product\/11019\/revisions\/18840"}],"wp:featuredmedia":[{"embeddable":true,"href":"https:\/\/alqawafel.com\/es\/wp-json\/wp\/v2\/media\/18143"}],"wp:attachment":[{"href":"https:\/\/alqawafel.com\/es\/wp-json\/wp\/v2\/media?parent=11019"}],"wp:term":[{"taxonomy":"product_brand","embeddable":true,"href":"https:\/\/alqawafel.com\/es\/wp-json\/wp\/v2\/product_brand?post=11019"},{"taxonomy":"product_cat","embeddable":true,"href":"https:\/\/alqawafel.com\/es\/wp-json\/wp\/v2\/product_cat?post=11019"},{"taxonomy":"product_tag","embeddable":true,"href":"https:\/\/alqawafel.com\/es\/wp-json\/wp\/v2\/product_tag?post=11019"}],"curies":[{"name":"wp","href":"https:\/\/api.w.org\/{rel}","templated":true}]}}