{"id":11047,"date":"2024-11-19T10:57:46","date_gmt":"2024-11-19T10:57:46","guid":{"rendered":"https:\/\/alqawafel.com\/?post_type=product&#038;p=11047"},"modified":"2025-06-11T10:00:19","modified_gmt":"2025-06-11T10:00:19","slug":"qwafenzato-48-sc","status":"publish","type":"product","link":"https:\/\/alqawafel.com\/es\/product\/qwafenzate-48-sc\/","title":{"rendered":"Qwafenzato-48% SC Miticida"},"content":{"rendered":"<div class=\"flex-shrink-0 flex flex-col relative items-end\">\n<h3>\u00bfPor qu\u00e9 Qwafenzate-48% SC?<\/h3>\n<p><span style=\"font-size: 18px\">Qwafenzate-48% SC es un acaricida no sist\u00e9mico altamente eficaz que proporciona un control excepcional sobre todas las fases de vida de los \u00e1caros, incluidos huevos, ninfas y adultos. Con una acci\u00f3n predominantemente de contacto y una actividad residual prolongada, garantiza una protecci\u00f3n sostenida de los cultivos. Este producto es ideal para los profesionales agr\u00edcolas que buscan un control fiable y eficaz de los \u00e1caros en diversos cultivos.<\/span><\/p>\n<h3>Identificaci\u00f3n<\/h3>\n<ul>\n<li><span style=\"font-size: 18px\"><strong>Formulaci\u00f3n<\/strong>: Concentrado en suspensi\u00f3n (SC)<\/span><\/li>\n<li><span style=\"font-size: 18px\"><strong>Principio activo<\/strong>: Bifenazato 48% (p\/v)<\/span><\/li>\n<li><span style=\"font-size: 18px\"><strong>Grupo qu\u00edmico<\/strong>: Carbazato<\/span><\/li>\n<li><span style=\"font-size: 18px\"><strong>Modo de acci\u00f3n<\/strong>: Antiparasitario no sist\u00e9mico con acci\u00f3n de contacto y efecto residual prolongado, dirigido a todos los estadios de los \u00e1caros.<\/span><\/li>\n<\/ul>\n<h3>Aplicaci\u00f3n ideal de Qwafenzate-48% SC<\/h3>\n<p><span style=\"font-size: 18px\">Se recomienda su uso en los siguientes cultivos con los objetivos t\u00edpicos de plagas que se indican:<\/span><\/p>\n<h4>Control de cultivos y plagas:<\/h4>\n<ul>\n<li><span style=\"font-size: 18px\"><strong>Fresa<\/strong>: Controles <em>Ara\u00f1a roja de dos manchas<\/em><\/span><\/li>\n<li><span style=\"font-size: 18px\"><strong>Manzana, Pera<\/strong>: Controles <em>Ara\u00f1a roja de dos manchas<\/em><\/span><\/li>\n<li><span style=\"font-size: 18px\"><strong>Albaricoque, Nectarina, Melocot\u00f3n<\/strong>: Controles <em>Ara\u00f1a roja de dos manchas<\/em><\/span><\/li>\n<li><span style=\"font-size: 18px\"><strong>Almendra<\/strong>: Controles <em>Ara\u00f1a roja de dos manchas<\/em><\/span><\/li>\n<li><span style=\"font-size: 18px\"><strong>Tomate, pimiento picante, pimiento dulce, berenjena<\/strong>: Controles <em>Ara\u00f1a roja de dos manchas<\/em><\/span><\/li>\n<li><span style=\"font-size: 18px\"><strong>Calabaza, mel\u00f3n, sand\u00eda, pepino<\/strong>: Controles <em>Ara\u00f1a roja de dos manchas<\/em><\/span><\/li>\n<\/ul>\n<h3>Tasa de utilizaci\u00f3n:<\/h3>\n<p><span style=\"font-size: 14pt\">100-130 ml por 200 L de agua<\/span><\/p>\n<h3>Embalaje<\/h3>\n<ul>\n<li><span style=\"font-size: 18px\"><strong>1 L<\/strong><\/span><\/li>\n<\/ul>\n<p><img loading=\"lazy\" decoding=\"async\" class=\"alignnone size-medium wp-image-18120\" src=\"https:\/\/alqawafel.com\/wp-content\/uploads\/2024\/11\/Qwafenazate-48-SC-LOGO-300x300.webp\" alt=\"Qwafenzate-48% SC: acaricida a base de bifenazato para el control de \u00e1caros en todas las fases de vida. Proporciona una actividad residual prolongada para una protecci\u00f3n sostenible de los cultivos.\" width=\"300\" height=\"300\" srcset=\"https:\/\/alqawafel.com\/wp-content\/uploads\/2024\/11\/Qwafenazate-48-SC-LOGO-300x300.webp 300w, https:\/\/alqawafel.com\/wp-content\/uploads\/2024\/11\/Qwafenazate-48-SC-LOGO-150x150.webp 150w, https:\/\/alqawafel.com\/wp-content\/uploads\/2024\/11\/Qwafenazate-48-SC-LOGO-768x768.webp 768w, https:\/\/alqawafel.com\/wp-content\/uploads\/2024\/11\/Qwafenazate-48-SC-LOGO.webp 1000w\" sizes=\"auto, (max-width: 300px) 100vw, 300px\" \/><\/p>\n<\/div>\n<p>&nbsp;<\/p>","protected":false},"excerpt":{"rendered":"<p><span style=\"font-size: 18px\">Qwafenzate-48% SC: acaricida a base de bifenazato para el control de \u00e1caros en todas las fases de vida. Proporciona una actividad residual prolongada para una protecci\u00f3n sostenible de los cultivos.<\/span><\/p>","protected":false},"featured_media":18120,"comment_status":"open","ping_status":"closed","template":"","meta":{"om_disable_all_campaigns":false,"_monsterinsights_skip_tracking":false,"_monsterinsights_sitenote_active":false,"_monsterinsights_sitenote_note":"","_monsterinsights_sitenote_category":0},"product_brand":[],"product_cat":[824,87],"product_tag":[866,1188,844,1336,1187,1191],"class_list":{"0":"post-11047","1":"product","2":"type-product","3":"status-publish","4":"has-post-thumbnail","6":"product_cat-miticide","7":"product_cat-pesticides","8":"product_tag-al-qawafel-ind-agr-co","9":"product_tag-bifenazate","10":"product_tag-miticide","11":"product_tag-qwafenzate-48-sc","12":"product_tag-residual","13":"product_tag-two-spotted-spider-mite","15":"first","16":"instock","17":"shipping-taxable","18":"product-type-simple"},"aioseo_notices":[],"_links":{"self":[{"href":"https:\/\/alqawafel.com\/es\/wp-json\/wp\/v2\/product\/11047","targetHints":{"allow":["GET"]}}],"collection":[{"href":"https:\/\/alqawafel.com\/es\/wp-json\/wp\/v2\/product"}],"about":[{"href":"https:\/\/alqawafel.com\/es\/wp-json\/wp\/v2\/types\/product"}],"replies":[{"embeddable":true,"href":"https:\/\/alqawafel.com\/es\/wp-json\/wp\/v2\/comments?post=11047"}],"version-history":[{"count":8,"href":"https:\/\/alqawafel.com\/es\/wp-json\/wp\/v2\/product\/11047\/revisions"}],"predecessor-version":[{"id":18881,"href":"https:\/\/alqawafel.com\/es\/wp-json\/wp\/v2\/product\/11047\/revisions\/18881"}],"wp:featuredmedia":[{"embeddable":true,"href":"https:\/\/alqawafel.com\/es\/wp-json\/wp\/v2\/media\/18120"}],"wp:attachment":[{"href":"https:\/\/alqawafel.com\/es\/wp-json\/wp\/v2\/media?parent=11047"}],"wp:term":[{"taxonomy":"product_brand","embeddable":true,"href":"https:\/\/alqawafel.com\/es\/wp-json\/wp\/v2\/product_brand?post=11047"},{"taxonomy":"product_cat","embeddable":true,"href":"https:\/\/alqawafel.com\/es\/wp-json\/wp\/v2\/product_cat?post=11047"},{"taxonomy":"product_tag","embeddable":true,"href":"https:\/\/alqawafel.com\/es\/wp-json\/wp\/v2\/product_tag?post=11047"}],"curies":[{"name":"wp","href":"https:\/\/api.w.org\/{rel}","templated":true}]}}