{"id":11063,"date":"2024-11-19T11:53:53","date_gmt":"2024-11-19T11:53:53","guid":{"rendered":"https:\/\/alqawafel.com\/?post_type=product&#038;p=11063"},"modified":"2025-06-11T11:14:21","modified_gmt":"2025-06-11T11:14:21","slug":"qaw-24-d-ester","status":"publish","type":"product","link":"https:\/\/alqawafel.com\/es\/product\/qaw-24-d-ester\/","title":{"rendered":"Qaw 2,4-D Ester 60%EC Herbicide"},"content":{"rendered":"<div class=\"flex-shrink-0 flex flex-col relative items-end\">\n<h3>Why Qaw 2,4-D Ester 60%EC?<\/h3>\n<p><span style=\"font-size: 18px\"><strong>Qaw 2,4-D Ester 60%EC<\/strong> es un herbicida sist\u00e9mico y selectivo que controla eficazmente las malas hierbas de hoja ancha anuales y perennes en campos de trigo y cebada, as\u00ed como en pastos. El herbicida penetra en las hojas, se transloca dentro de la mala hierba y se acumula en brotes y ra\u00edces para inhibir su crecimiento. Proporciona una gesti\u00f3n eficaz y duradera de las malas hierbas, garantizando que los cultivos crezcan sin competencia.<\/span><\/p>\n<h3>Identificaci\u00f3n<\/h3>\n<ul>\n<li><span style=\"font-size: 18px\"><strong>Formulaci\u00f3n<\/strong>: Concentrado emulsionable (CE)<\/span><\/li>\n<li><span style=\"font-size: 18px\"><strong>Principio activo<\/strong>2,4-D Isooctyl Ester 60% (p\/v)<\/span><\/li>\n<li><span style=\"font-size: 18px\"><strong>Grupo qu\u00edmico<\/strong>: Clorofenoxi<\/span><\/li>\n<li><span style=\"font-size: 18px\"><strong>Modo de acci\u00f3n<\/strong>: Sist\u00e9mico y selectivo, absorbido por las hojas, se transloca a brotes y ra\u00edces, actuando como inhibidor del crecimiento.<\/span><\/li>\n<\/ul>\n<h3>Ideal Application of Qaw 2,4-D Ester 60%EC<\/h3>\n<p><span style=\"font-size: 18px\">Altamente eficaz en el control de malas hierbas anuales y perennes de hoja ancha. Se recomienda su uso en:<\/span><\/p>\n<ul>\n<li><span style=\"font-size: 18px\"><strong>Trigo y cebada<\/strong>: Garantiza campos libres de malas hierbas para un crecimiento \u00f3ptimo de los cultivos.<\/span><\/li>\n<li><span style=\"font-size: 18px\"><strong>Pastos<\/strong>: Mantiene el control de las malas hierbas para favorecer la salud de las zonas de pastoreo.<\/span><\/li>\n<\/ul>\n<h3>Tasa de utilizaci\u00f3n:<\/h3>\n<p><span style=\"font-size: 14pt\">200 ml g por 200 L de agua<\/span><\/p>\n<h3>Embalaje<\/h3>\n<ul>\n<li><span style=\"font-size: 18px\"><strong>1 L<\/strong><\/span><\/li>\n<\/ul>\n<p><img loading=\"lazy\" decoding=\"async\" class=\"alignnone size-medium wp-image-18207\" src=\"https:\/\/alqawafel.com\/wp-content\/uploads\/2024\/11\/Qaw-2.4-D-LOGO-300x300.webp\" alt=\"Qaw 2,4-D Ester 60%EC is a systemic herbicide for controlling broadleaf weeds in wheat, barley, and pastures. It ensures effective weed management.\" width=\"300\" height=\"300\" srcset=\"https:\/\/alqawafel.com\/wp-content\/uploads\/2024\/11\/Qaw-2.4-D-LOGO-300x300.webp 300w, https:\/\/alqawafel.com\/wp-content\/uploads\/2024\/11\/Qaw-2.4-D-LOGO-150x150.webp 150w, https:\/\/alqawafel.com\/wp-content\/uploads\/2024\/11\/Qaw-2.4-D-LOGO-768x768.webp 768w, https:\/\/alqawafel.com\/wp-content\/uploads\/2024\/11\/Qaw-2.4-D-LOGO.webp 1000w\" sizes=\"auto, (max-width: 300px) 100vw, 300px\" \/><\/p>\n<\/div>\n<p>&nbsp;<\/p>","protected":false},"excerpt":{"rendered":"<p><span style=\"font-size: 18px\">Qaw 2,4-D Ester 60%EC is a systemic herbicide for controlling broadleaf weeds in wheat, barley, and pastures. It ensures effective weed management.<\/span><\/p>","protected":false},"featured_media":18207,"comment_status":"open","ping_status":"closed","template":"","meta":{"om_disable_all_campaigns":false,"_monsterinsights_skip_tracking":false,"_monsterinsights_sitenote_active":false,"_monsterinsights_sitenote_note":"","_monsterinsights_sitenote_category":0},"product_brand":[],"product_cat":[825,87],"product_tag":[1342,1350,866,1347,1113,1348,1116,1172],"class_list":{"0":"post-11063","1":"product","2":"type-product","3":"status-publish","4":"has-post-thumbnail","6":"product_cat-herbicide","7":"product_cat-pesticides","8":"product_tag-4-d-ester-60-ec","9":"product_tag-4-d-isooctyl-ester","10":"product_tag-al-qawafel-ind-agr-co","11":"product_tag-broadleaf","12":"product_tag-herbicide","13":"product_tag-qaw-2","14":"product_tag-selective","15":"product_tag-systemic","17":"first","18":"instock","19":"shipping-taxable","20":"product-type-simple"},"aioseo_notices":[],"_links":{"self":[{"href":"https:\/\/alqawafel.com\/es\/wp-json\/wp\/v2\/product\/11063","targetHints":{"allow":["GET"]}}],"collection":[{"href":"https:\/\/alqawafel.com\/es\/wp-json\/wp\/v2\/product"}],"about":[{"href":"https:\/\/alqawafel.com\/es\/wp-json\/wp\/v2\/types\/product"}],"replies":[{"embeddable":true,"href":"https:\/\/alqawafel.com\/es\/wp-json\/wp\/v2\/comments?post=11063"}],"version-history":[{"count":13,"href":"https:\/\/alqawafel.com\/es\/wp-json\/wp\/v2\/product\/11063\/revisions"}],"predecessor-version":[{"id":18896,"href":"https:\/\/alqawafel.com\/es\/wp-json\/wp\/v2\/product\/11063\/revisions\/18896"}],"wp:featuredmedia":[{"embeddable":true,"href":"https:\/\/alqawafel.com\/es\/wp-json\/wp\/v2\/media\/18207"}],"wp:attachment":[{"href":"https:\/\/alqawafel.com\/es\/wp-json\/wp\/v2\/media?parent=11063"}],"wp:term":[{"taxonomy":"product_brand","embeddable":true,"href":"https:\/\/alqawafel.com\/es\/wp-json\/wp\/v2\/product_brand?post=11063"},{"taxonomy":"product_cat","embeddable":true,"href":"https:\/\/alqawafel.com\/es\/wp-json\/wp\/v2\/product_cat?post=11063"},{"taxonomy":"product_tag","embeddable":true,"href":"https:\/\/alqawafel.com\/es\/wp-json\/wp\/v2\/product_tag?post=11063"}],"curies":[{"name":"wp","href":"https:\/\/api.w.org\/{rel}","templated":true}]}}