{"id":11066,"date":"2024-11-19T12:17:29","date_gmt":"2024-11-19T12:17:29","guid":{"rendered":"https:\/\/alqawafel.com\/?post_type=product&#038;p=11066"},"modified":"2025-08-30T12:02:02","modified_gmt":"2025-08-30T12:02:02","slug":"super-80-wdg","status":"publish","type":"product","link":"https:\/\/alqawafel.com\/es\/product\/super-80-wdg\/","title":{"rendered":"Super 80% WDG Fungicida y acaricida"},"content":{"rendered":"<div class=\"flex-shrink-0 flex flex-col relative items-end\">\n<h3>\u00bfPor qu\u00e9 Super 80% WDG?<\/h3>\n<p><span style=\"font-size: 18px;\">Super 80% WDG es un fungicida y acaricida no sist\u00e9mico dise\u00f1ado para ofrecer protecci\u00f3n por contacto y por v\u00eda respiratoria. Act\u00faa como agente protector, garantizando una gesti\u00f3n eficaz de las enfermedades f\u00fangicas y los \u00e1caros en una gran variedad de cultivos. Este producto es ideal para los profesionales agr\u00edcolas que buscan una soluci\u00f3n fiable para el control de plagas y enfermedades.<\/span><\/p>\n<h3>Identificaci\u00f3n<\/h3>\n<ul>\n<li><span style=\"font-size: 18px;\"><strong>Formulaci\u00f3n<\/strong>: Granulado dispersable en agua (WDG)<\/span><\/li>\n<li><span style=\"font-size: 18px;\"><strong>Principio activo<\/strong>: Azufre 80% (p\/p)<\/span><\/li>\n<li><span style=\"font-size: 18px;\"><strong>Grupo qu\u00edmico<\/strong>: Compuesto inorg\u00e1nico<\/span><\/li>\n<li><span style=\"font-size: 18px;\"><strong>Modo de acci\u00f3n<\/strong>: Fungicida y acaricida no sist\u00e9mico con actividad de contacto y del Sistema Respiratorio, ofreciendo acci\u00f3n protectora.<\/span><\/li>\n<\/ul>\n<h3>Aplicaci\u00f3n ideal de Super 80% WDG<\/h3>\n<p><span style=\"font-size: 18px;\">Super 80% WDG es muy eficaz en el control de plagas y enfermedades en los siguientes cultivos:<\/span><\/p>\n<ul>\n<li><span style=\"font-size: 18px;\"><strong>Almendras<\/strong>: Objetivos <em>Podredumbre parda, tiz\u00f3n de las ramas y las flores, mancha foliar, mildi\u00fa polvoriento, roya, sarna, \u00e1caros pardos, \u00e1caros rojos ara\u00f1a, \u00e1caros rojos de doble mancha<\/em>.<\/span><\/li>\n<li><strong><span style=\"font-size: 18px;\"><span style=\"font-size: 18px;\"><span style=\"font-size: 18px;\">Apple: <\/span><\/span><\/span><\/strong><span style=\"font-size: 18px;\"><span style=\"font-size: 18px;\"><span style=\"font-size: 18px;\">Controla <\/span><\/span><\/span>Mildi\u00fa polvoriento, sarna, \u00e1caro de las ampollas, ara\u00f1a roja y \u00e1caro de las dos manchas.<\/li>\n<li><span style=\"font-size: 18px;\"><strong>Pl\u00e1tanos<\/strong>: Eficaz contra <em>\u00c1caros<\/em>.<\/span><\/li>\n<li><span style=\"font-size: 18px;\"><strong>Jud\u00edas<\/strong>: Gestiona <em>Mancha foliar, mildi\u00fa polvoriento, roya, ara\u00f1a roja<\/em>.<\/span><\/li>\n<li><span style=\"font-size: 18px;\"><strong>Col, br\u00e9col, coliflor<\/strong>: Objetivos <em>Mildi\u00fa polvoroso, mancha foliar por Septoria, roya, ara\u00f1a roja<\/em>.<\/span><\/li>\n<li><span style=\"font-size: 18px;\"><strong>Zanahorias<\/strong>: Controles <em>Mildi\u00fa polvoriento, \u00e1caros Petroba<\/em>.<\/span><\/li>\n<li><span style=\"font-size: 18px;\"><strong>C\u00edtricos<\/strong>: Eficaz para <em>\u00c1caros (Broad, Bud, Citrus Rust, Flat, Red Spider, Silver, Six-Spotted), trips<\/em>.<\/span><\/li>\n<li><span style=\"font-size: 18px;\"><strong>Berenjena<\/strong>: Controles <em>Mildi\u00fa polvoroso<\/em>.<\/span><\/li>\n<li><span style=\"font-size: 18px;\"><strong>Higos<\/strong>: Eficaz contra <em>\u00c1caros (incluido el \u00e1caro de la roya de la higuera, Eriophyid)<\/em>.<\/span><\/li>\n<li><span style=\"font-size: 18px;\"><strong>Uvas<\/strong>: Objetivos <em>Phomopsis, mildi\u00fa polvoriento, \u00e1caros (bl\u00edster, brote, ara\u00f1a roja)<\/em>.<\/span><\/li>\n<li><span style=\"font-size: 18px;\"><strong>Lechuga<\/strong>: Controles <em>Mildi\u00fa polvoriento, roya, ara\u00f1a roja<\/em>.<\/span><\/li>\n<li><span style=\"font-size: 18px;\"><strong>Cebolla, cebolla verde, ajo<\/strong>: Eficaz contra <em>Mildi\u00fa polvoriento, \u00e1caros Petroba<\/em>.<\/span><\/li>\n<li><span style=\"font-size: 18px;\"><strong>Pimienta<\/strong>: Gestiona <em>Mancha foliar, mildi\u00fa polvoriento, \u00e1caros (ara\u00f1a roja, ara\u00f1a ancha)<\/em>.<\/span><\/li>\n<li><span style=\"font-size: 18px;\"><strong>Patatas<\/strong>: Objetivos <em>Mildi\u00fa polvoroso, mancha foliar por Septoria, ara\u00f1a roja<\/em>.<\/span><\/li>\n<li><span style=\"font-size: 18px;\"><strong>Tomates<\/strong>: Controles <em>\u00c1caros rusos<\/em>.<\/span><\/li>\n<li><span style=\"font-size: 18px;\"><strong>Cereza, Nectarina, Melocot\u00f3n, Ciruela<\/strong>: Eficaz contra <em>Tiz\u00f3n de la flor y de la rama, podredumbre parda, mancha foliar, mildi\u00fa polvoriento, roya, sarna, \u00e1caros (chato, ara\u00f1a roja, plateado)<\/em>.<\/span><\/li>\n<li><span style=\"font-size: 18px;\"><strong>R\u00e1bano<\/strong>: Gestiona <em>Mildi\u00fa polvoroso, roya, mancha foliar por Septoria, ara\u00f1a roja<\/em>.<\/span><\/li>\n<li><span style=\"font-size: 18px;\"><strong>Plantas ornamentales (rosas)<\/strong>: Objetivos <em>Mildi\u00fa polvoriento, \u00e1caros de las dos manchas<\/em>.<\/span><\/li>\n<\/ul>\n<h3>Tasa de utilizaci\u00f3n:<\/h3>\n<p><span style=\"font-size: 14pt;\">400-500 g por 200 L de agua<\/span><\/p>\n<h3>Embalaje<\/h3>\n<ul>\n<li><span style=\"font-size: 18px;\"><strong>1 kg<\/strong><\/span><\/li>\n<\/ul>\n<p><img loading=\"lazy\" decoding=\"async\" class=\"alignnone size-medium wp-image-18481\" src=\"https:\/\/alqawafel.com\/wp-content\/uploads\/2024\/11\/Super-80-WDG-LOGO-300x300.webp\" alt=\"Super 80% WDG es un fungicida y acaricida no sist\u00e9mico que proporciona protecci\u00f3n por contacto y vapor para un control eficaz de las enfermedades de los cultivos y de los \u00e1caros.\" width=\"300\" height=\"300\" \/><\/p>\n<\/div>","protected":false},"excerpt":{"rendered":"<p><span style=\"font-size: 18px;\">Super 80% WDG es un fungicida y acaricida no sist\u00e9mico que proporciona protecci\u00f3n por contacto y vapor para un control eficaz de las enfermedades de los cultivos y de los \u00e1caros.<\/span><\/p>","protected":false},"featured_media":0,"comment_status":"open","ping_status":"closed","template":"","meta":{"om_disable_all_campaigns":false,"_monsterinsights_skip_tracking":false,"_monsterinsights_sitenote_active":false,"_monsterinsights_sitenote_note":"","_monsterinsights_sitenote_category":0},"product_brand":[],"product_cat":[823,824,87],"product_tag":[866,901,1111,844,1346,1344,1343],"class_list":{"0":"post-11066","1":"product","2":"type-product","3":"status-publish","5":"product_cat-fungicide","6":"product_cat-miticide","7":"product_cat-pesticides","8":"product_tag-al-qawafel-ind-agr-co","9":"product_tag-fungicide","10":"product_tag-mildew","11":"product_tag-miticide","12":"product_tag-rust","13":"product_tag-sulfur","14":"product_tag-super-80-wdg","16":"first","17":"instock","18":"shipping-taxable","19":"product-type-simple"},"aioseo_notices":[],"_links":{"self":[{"href":"https:\/\/alqawafel.com\/es\/wp-json\/wp\/v2\/product\/11066","targetHints":{"allow":["GET"]}}],"collection":[{"href":"https:\/\/alqawafel.com\/es\/wp-json\/wp\/v2\/product"}],"about":[{"href":"https:\/\/alqawafel.com\/es\/wp-json\/wp\/v2\/types\/product"}],"replies":[{"embeddable":true,"href":"https:\/\/alqawafel.com\/es\/wp-json\/wp\/v2\/comments?post=11066"}],"version-history":[{"count":15,"href":"https:\/\/alqawafel.com\/es\/wp-json\/wp\/v2\/product\/11066\/revisions"}],"predecessor-version":[{"id":19927,"href":"https:\/\/alqawafel.com\/es\/wp-json\/wp\/v2\/product\/11066\/revisions\/19927"}],"wp:attachment":[{"href":"https:\/\/alqawafel.com\/es\/wp-json\/wp\/v2\/media?parent=11066"}],"wp:term":[{"taxonomy":"product_brand","embeddable":true,"href":"https:\/\/alqawafel.com\/es\/wp-json\/wp\/v2\/product_brand?post=11066"},{"taxonomy":"product_cat","embeddable":true,"href":"https:\/\/alqawafel.com\/es\/wp-json\/wp\/v2\/product_cat?post=11066"},{"taxonomy":"product_tag","embeddable":true,"href":"https:\/\/alqawafel.com\/es\/wp-json\/wp\/v2\/product_tag?post=11066"}],"curies":[{"name":"wp","href":"https:\/\/api.w.org\/{rel}","templated":true}]}}