{"id":20016,"date":"2026-01-08T09:04:18","date_gmt":"2026-01-08T09:04:18","guid":{"rendered":"https:\/\/alqawafel.com\/?post_type=product&#038;p=20016"},"modified":"2026-01-08T09:15:25","modified_gmt":"2026-01-08T09:15:25","slug":"abono-rapegreen","status":"publish","type":"product","link":"https:\/\/alqawafel.com\/es\/product\/rapegreen-fertilizer\/","title":{"rendered":"Abono Rapegreen"},"content":{"rendered":"<p><span style=\"font-family: arial, helvetica, sans-serif;\"><strong>\u00bfPor qu\u00e9 elegir Rapegreen?<\/strong><\/span><\/p>\n<p><span style=\"font-family: arial, helvetica, sans-serif;\">Rapegreen es un abono org\u00e1nico natural 100% extra\u00eddo del aceite de colza. Es una soluci\u00f3n ideal para mejorar la fertilidad del suelo y favorecer el crecimiento de los cultivos de forma segura y respetuosa con el medio ambiente. Gracias a sus componentes naturales, Rapigreen mejora las propiedades f\u00edsicas y qu\u00edmicas del suelo y aumenta su capacidad para retener agua y nutrientes, favoreciendo la producci\u00f3n de cultivos sanos y de alta calidad.<\/span><\/p>\n<p><span style=\"font-family: arial, helvetica, sans-serif;\"><strong>Principales ventajas<\/strong><\/span><\/p>\n<ul>\n<li><span style=\"font-family: arial, helvetica, sans-serif;\"><strong>Estimula el crecimiento vegetativo:<\/strong> Contiene nitr\u00f3geno, que favorece la formaci\u00f3n de hojas y la s\u00edntesis de prote\u00ednas, promoviendo un desarrollo vegetativo sano y equilibrado.<\/span><\/li>\n<li><span style=\"font-family: arial, helvetica, sans-serif;\"><strong>Mejora la calidad de las cosechas:<\/strong> Aumenta el tama\u00f1o de los frutos y mejora su color, sabor y capacidad de almacenamiento.<\/span><\/li>\n<li><span style=\"font-family: arial, helvetica, sans-serif;\"><strong>Aumenta la tolerancia al estr\u00e9s ambiental:<\/strong> Mejora la tolerancia de las plantas a la sequ\u00eda, el calor y la salinidad al mejorar el estado del suelo y la capacidad de retenci\u00f3n de agua.<\/span><\/li>\n<li><span style=\"font-family: arial, helvetica, sans-serif;\"><strong>Favorece la actividad microbiana del suelo:<\/strong> Fomenta la actividad microbiana beneficiosa, mejorando la fertilidad biol\u00f3gica y la salud de las plantas.<\/span><\/li>\n<li><span style=\"font-family: arial, helvetica, sans-serif;\"><strong>Mejora la eficacia de la absorci\u00f3n de nutrientes:<\/strong> Act\u00faa como agente esparcidor natural en aplicaciones foliares, mejorando la absorci\u00f3n de nutrientes por los tejidos vegetales.<\/span><\/li>\n<\/ul>\n<p class=\"translation-block\"><span style=\"font-size: 18px\">Composici\u00f3n qu\u00edmica<\/span>.<\/p>\n<ul>\n<li><span style=\"font-family: arial, helvetica, sans-serif;\">Materia org\u00e1nica: 30%<\/span><\/li>\n<li><span style=\"font-family: arial, helvetica, sans-serif;\">Aceite de colza: 65%<\/span><\/li>\n<li><span style=\"font-family: arial, helvetica, sans-serif;\">Nitr\u00f3geno (N): 5%<\/span><\/li>\n<li><span style=\"font-family: arial, helvetica, sans-serif;\">Potasio (K\u2082O): 5%<\/span><\/li>\n<\/ul>\n<p><span style=\"font-family: arial, helvetica, sans-serif;\"><strong>Aplicaci\u00f3n ideal (cultivos objetivo)<\/strong><\/span><\/p>\n<ul>\n<li><span style=\"font-family: arial, helvetica, sans-serif;\"><strong>Verduras:<\/strong> Tomate, pepino, pimiento, berenjena, patata, sand\u00eda, mel\u00f3n<\/span><\/li>\n<li><span style=\"font-family: arial, helvetica, sans-serif;\"><strong>Frutas:<\/strong> Uvas, c\u00edtricos, manzana, melocot\u00f3n, granada, fresa, aceituna, frutas de hueso<\/span><\/li>\n<li><span style=\"font-family: arial, helvetica, sans-serif;\"><strong>Cultivos de campo:<\/strong> Trigo, ma\u00edz, cebada, arroz<\/span><\/li>\n<\/ul>\n<p><span style=\"font-family: arial, helvetica, sans-serif;\"><strong>Tasa de aplicaci\u00f3n<\/strong><\/span><\/p>\n<ul>\n<li><span style=\"font-family: arial, helvetica, sans-serif;\"><strong>Aplicaci\u00f3n foliar:<\/strong><\/span><br \/>\n<span style=\"font-family: arial, helvetica, sans-serif;\">1-2 L \/ 100 L de agua<\/span><br \/>\n<span style=\"font-family: arial, helvetica, sans-serif;\">Aplicar cada 10-15 d\u00edas seg\u00fan el estado del cultivo.<\/span><\/li>\n<\/ul>","protected":false},"excerpt":{"rendered":"<p><span style=\"font-family: arial, helvetica, sans-serif;\">Rapegreen es un abono org\u00e1nico natural 100% extra\u00eddo del aceite de colza, soluci\u00f3n ideal para mejorar la fertilidad del suelo de forma segura y respetuosa con el medio ambiente.<\/span><\/p>","protected":false},"featured_media":0,"comment_status":"open","ping_status":"closed","template":"","meta":{"om_disable_all_campaigns":false,"_monsterinsights_skip_tracking":false,"_monsterinsights_sitenote_active":false,"_monsterinsights_sitenote_note":"","_monsterinsights_sitenote_category":0},"product_brand":[],"product_cat":[2138,50],"product_tag":[],"class_list":{"0":"post-20016","1":"product","2":"type-product","3":"status-publish","5":"product_cat-biostimulants-fertilizers","6":"product_cat-fertilizers","8":"first","9":"instock","10":"shipping-taxable","11":"product-type-simple"},"aioseo_notices":[],"_links":{"self":[{"href":"https:\/\/alqawafel.com\/es\/wp-json\/wp\/v2\/product\/20016","targetHints":{"allow":["GET"]}}],"collection":[{"href":"https:\/\/alqawafel.com\/es\/wp-json\/wp\/v2\/product"}],"about":[{"href":"https:\/\/alqawafel.com\/es\/wp-json\/wp\/v2\/types\/product"}],"replies":[{"embeddable":true,"href":"https:\/\/alqawafel.com\/es\/wp-json\/wp\/v2\/comments?post=20016"}],"version-history":[{"count":1,"href":"https:\/\/alqawafel.com\/es\/wp-json\/wp\/v2\/product\/20016\/revisions"}],"predecessor-version":[{"id":20017,"href":"https:\/\/alqawafel.com\/es\/wp-json\/wp\/v2\/product\/20016\/revisions\/20017"}],"wp:attachment":[{"href":"https:\/\/alqawafel.com\/es\/wp-json\/wp\/v2\/media?parent=20016"}],"wp:term":[{"taxonomy":"product_brand","embeddable":true,"href":"https:\/\/alqawafel.com\/es\/wp-json\/wp\/v2\/product_brand?post=20016"},{"taxonomy":"product_cat","embeddable":true,"href":"https:\/\/alqawafel.com\/es\/wp-json\/wp\/v2\/product_cat?post=20016"},{"taxonomy":"product_tag","embeddable":true,"href":"https:\/\/alqawafel.com\/es\/wp-json\/wp\/v2\/product_tag?post=20016"}],"curies":[{"name":"wp","href":"https:\/\/api.w.org\/{rel}","templated":true}]}}