{"id":9849,"date":"2024-11-11T18:28:13","date_gmt":"2024-11-11T18:28:13","guid":{"rendered":"https:\/\/alqawafel.com\/?post_type=product&#038;p=9849"},"modified":"2025-09-14T07:02:40","modified_gmt":"2025-09-14T07:02:40","slug":"spinofel-24-sc","status":"publish","type":"product","link":"https:\/\/alqawafel.com\/es\/product\/spinofel-24-sc\/","title":{"rendered":"Insecticida Spinofel 24% SC"},"content":{"rendered":"<div class=\"flex-1 overflow-hidden\">\n<div class=\"h-full\">\n<div class=\"react-scroll-to-bottom--css-mkzra-79elbk h-full\">\n<div class=\"react-scroll-to-bottom--css-mkzra-1n7m0yu\">\n<div class=\"flex flex-col text-sm md:pb-9\">\n<article class=\"w-full scroll-mb-[var(--thread-trailing-height)] text-token-text-primary focus-visible:outline-2 focus-visible:outline-offset-[-4px]\" dir=\"auto\" data-testid=\"conversation-turn-3\" data-scroll-anchor=\"true\">\n<div class=\"m-auto text-base py-[18px] px-3 md:px-4 w-full md:px-5 lg:px-4 xl:px-5\">\n<div class=\"mx-auto flex flex-1 gap-4 text-base md:gap-5 lg:gap-6 md:max-w-3xl lg:max-w-[40rem] xl:max-w-[48rem]\">\n<div class=\"group\/conversation-turn relative flex w-full min-w-0 flex-col agent-turn\">\n<div class=\"flex-col gap-1 md:gap-3\">\n<div class=\"flex max-w-full flex-col flex-grow\">\n<div class=\"min-h-8 text-message flex w-full flex-col items-end gap-2 whitespace-normal break-words [.text-message+&amp;]:mt-5\" dir=\"auto\" data-message-author-role=\"assistant\" data-message-id=\"21e89647-197f-4679-af68-a12ee5a9e218\" data-message-model-slug=\"gpt-4o\">\n<div class=\"flex w-full flex-col gap-1 empty:hidden first:pt-[3px]\">\n<div class=\"markdown prose w-full break-words dark:prose-invert light\">\n<h3>Why Spinofel 24% SC?<\/h3>\n<p><span style=\"font-size: 18px;\">Spinofel 24% SC is a highly effective insecticide that controls a broad spectrum of insect pests that threaten crop health. With a unique mode of action, it provides both contact and ingestion efficacy, leading to rapid paralysis and elimination of target pests. This product is particularly beneficial for farmers and agricultural professionals seeking a reliable solution for pest management across various crops.<\/span><\/p>\n<h3>Identification<\/h3>\n<ul>\n<li><span style=\"font-size: 18px;\"><strong>Formulation<\/strong>: Suspension Concentrate (SC).<\/span><\/li>\n<li><span style=\"font-size: 18px;\"><strong>Active Ingredient<\/strong>: Spinosad 24% (w\/v).<\/span><\/li>\n<li><span style=\"font-size: 18px;\"><strong>Chemical Group<\/strong>: Spinosyn.<\/span><\/li>\n<li><span style=\"font-size: 18px;\"><strong>Mode of Action<\/strong>: Activates the nicotinic acetylcholine receptor, distinct from traditional nicotine or neonicotinoid insecticides. This unique targeting ensures effectiveness against pests that may be resistant to other chemical groups.<\/span><\/li>\n<\/ul>\n<h3>Ideal Application of Spinofel 24% SC<\/h3>\n<p><span style=\"font-size: 18px;\">Spinofel 24% SC is recommended for use on the following crops with typical pest targets as indicated:<\/span><\/p>\n<ul>\n<li><span style=\"font-size: 14pt;\"><strong>Cabbage, broccoli, cauliflower:<\/strong> controls Cabbage, broccoli, flower: cutworms, thrips, leaf miners, diamondback moth, flea beetle .<\/span><\/li>\n<li><span style=\"font-size: 14pt;\"><strong>Leek, garlic, onion:<\/strong> controls cutworms, leaf miners, flea beetles, European corn borer,thrips.<\/span><\/li>\n<li><span style=\"font-size: 14pt;\"><strong>Cucumber, squash, melon, cantaloupe, watermelon:<\/strong> controls cutworms, thrips, leaf miners. <\/span><\/li>\n<li><span style=\"font-size: 14pt;\"><strong>Basil, chamomile, coriander, dill, parsley, rosemary, rue, marjoram, tarragon, thyme, wormwood:<\/strong> controls\u00a0 Cutworms, thrips.<\/span><\/li>\n<li><strong style=\"font-size: 14pt;\">Lettuce, spinach:<\/strong><span style=\"font-size: 14pt;\"> Controls Diamondback moth, cutworms, and leaf miners ,thrips .<\/span><\/li>\n<li><strong style=\"font-size: 14pt;\">beans, fava beans, turnip, tomatoes, composa, peas:<\/strong><span style=\"font-size: 14pt;\"> Controls European corn borer, cutworms, thrips, leaf miners.<\/span><\/li>\n<li><strong style=\"font-size: 14pt;\">Turnip, radish:<\/strong><span style=\"font-size: 14pt;\"> controls thrips, cutworms, flea beetles, European corn borer, leaf miners.<\/span><\/li>\n<li><span style=\"font-size: 14pt;\"><strong>Carrots<\/strong>: contols thrips, cutworms, flea beetles, European corn borer, leaf miners.<\/span><\/li>\n<li><span style=\"font-size: 14pt;\"><strong>Ginger, potatoes, sweet potatoes:<\/strong> controls \u00a0beetles, European corn borer, thrips, leaf miners, cutworms.<\/span><\/li>\n<li><span style=\"font-size: 14pt;\"><strong>Beetroot, sugar beet, artichoke:<\/strong> beetles, European corn borer, thrips, leaf miners, cutworms.<\/span><\/li>\n<li><strong><span style=\"font-size: 14pt;\">Corn: <\/span><\/strong><span style=\"font-size: 14pt;\">Controls Caterpillars.<\/span><\/li>\n<li><span style=\"font-size: 14pt;\"><strong>Tomato, Pepper, Eggplant, Okra:<\/strong> controls Moth and caterpillar larvae, beetles, European corn borer, tomato fruitworm, thrips, cutworms, flea beetles, leaf miners.<\/span><\/li>\n<li><span style=\"font-size: 14pt;\"><strong>Strawberry<\/strong>: Controls Thrips, cutworms, apple moth.<\/span><\/li>\n<li><span style=\"font-size: 14pt;\"><strong>Lemon, orange, grapefruit, citrus:<\/strong> Controls Thrips, leaf miners, cutworms.<\/span><\/li>\n<li><span style=\"font-size: 14pt;\"><strong>Loquat, Apple, Pear, Quince:<\/strong> Controls Leaf miners, thrips, cutworms.<\/span><\/li>\n<li><span style=\"font-size: 14pt;\"><strong>Apricot<\/strong>: Controls Caterpillar control.<\/span><\/li>\n<li><span style=\"font-size: 14pt;\"><strong>Peach, Apricot, Nectarine, Plum, Cherry:<\/strong> Controls Thrips, leaf miners, cutworms, fruit fly.<\/span><\/li>\n<li><span style=\"font-size: 14pt;\"><strong>Grapes, Papaya, Avocado, Mus Flora, Guava:<\/strong> Controls Thrips, cutworms.<\/span><\/li>\n<li><span style=\"font-size: 14pt;\"><strong>Corn<\/strong>: Controls Fall armyworm, European corn borer, cutworms.<\/span><\/li>\n<\/ul>\n<h3>Usage Rate:<\/h3>\n<p><span style=\"font-size: 14pt;\">100\u2013150 ml per 200 L of water<\/span><\/p>\n<h3>Packaging<\/h3>\n<ul>\n<li><span style=\"font-size: 18px;\"><strong>250 ml<\/strong><\/span><\/li>\n<\/ul>\n<p><img loading=\"lazy\" decoding=\"async\" class=\"alignnone size-medium wp-image-18513\" src=\"https:\/\/alqawafel.com\/wp-content\/uploads\/2024\/11\/Spinofel-24-SC-LOGO-300x300.webp\" alt=\"Spinofel 24% SC with Spinosad 24% effectively controls caterpillars, thrips, leaf miners &amp; more across crops. Rapid action, unique mode of action.\" width=\"300\" height=\"300\" srcset=\"https:\/\/alqawafel.com\/wp-content\/uploads\/2024\/11\/Spinofel-24-SC-LOGO-300x300.webp 300w, https:\/\/alqawafel.com\/wp-content\/uploads\/2024\/11\/Spinofel-24-SC-LOGO-150x150.webp 150w, https:\/\/alqawafel.com\/wp-content\/uploads\/2024\/11\/Spinofel-24-SC-LOGO-768x768.webp 768w, https:\/\/alqawafel.com\/wp-content\/uploads\/2024\/11\/Spinofel-24-SC-LOGO.webp 1000w\" sizes=\"auto, (max-width: 300px) 100vw, 300px\" \/><\/p>\n<\/div>\n<\/div>\n<\/div>\n<\/div>\n<\/div>\n<\/div>\n<\/div>\n<\/div>\n<\/article>\n<\/div>\n<\/div>\n<\/div>\n<\/div>\n<\/div>\n","protected":false},"excerpt":{"rendered":"<p><span style=\"font-size: 18px;\">Spinofel 24% SC con Spinosad 24% controla eficazmente orugas, trips, minadores y otros insectos en todos los cultivos. Acci\u00f3n r\u00e1pida, modo de acci\u00f3n \u00fanico.<\/span><\/p>","protected":false},"featured_media":18513,"comment_status":"open","ping_status":"closed","template":"","meta":{"om_disable_all_campaigns":false,"_monsterinsights_skip_tracking":false,"_monsterinsights_sitenote_active":false,"_monsterinsights_sitenote_note":"","_monsterinsights_sitenote_category":0},"product_brand":[],"product_cat":[822,87],"product_tag":[866,838,841,865,840,839],"class_list":{"0":"post-9849","1":"product","2":"type-product","3":"status-publish","4":"has-post-thumbnail","6":"product_cat-insecticide","7":"product_cat-pesticides","8":"product_tag-al-qawafel-ind-agr-co","9":"product_tag-caterpillars","10":"product_tag-insecticide","11":"product_tag-spinofel-24-sc","12":"product_tag-spinosad","13":"product_tag-spinosyn","15":"first","16":"instock","17":"shipping-taxable","18":"product-type-simple"},"aioseo_notices":[],"_links":{"self":[{"href":"https:\/\/alqawafel.com\/es\/wp-json\/wp\/v2\/product\/9849","targetHints":{"allow":["GET"]}}],"collection":[{"href":"https:\/\/alqawafel.com\/es\/wp-json\/wp\/v2\/product"}],"about":[{"href":"https:\/\/alqawafel.com\/es\/wp-json\/wp\/v2\/types\/product"}],"replies":[{"embeddable":true,"href":"https:\/\/alqawafel.com\/es\/wp-json\/wp\/v2\/comments?post=9849"}],"version-history":[{"count":25,"href":"https:\/\/alqawafel.com\/es\/wp-json\/wp\/v2\/product\/9849\/revisions"}],"predecessor-version":[{"id":19952,"href":"https:\/\/alqawafel.com\/es\/wp-json\/wp\/v2\/product\/9849\/revisions\/19952"}],"wp:featuredmedia":[{"embeddable":true,"href":"https:\/\/alqawafel.com\/es\/wp-json\/wp\/v2\/media\/18513"}],"wp:attachment":[{"href":"https:\/\/alqawafel.com\/es\/wp-json\/wp\/v2\/media?parent=9849"}],"wp:term":[{"taxonomy":"product_brand","embeddable":true,"href":"https:\/\/alqawafel.com\/es\/wp-json\/wp\/v2\/product_brand?post=9849"},{"taxonomy":"product_cat","embeddable":true,"href":"https:\/\/alqawafel.com\/es\/wp-json\/wp\/v2\/product_cat?post=9849"},{"taxonomy":"product_tag","embeddable":true,"href":"https:\/\/alqawafel.com\/es\/wp-json\/wp\/v2\/product_tag?post=9849"}],"curies":[{"name":"wp","href":"https:\/\/api.w.org\/{rel}","templated":true}]}}