{"id":9860,"date":"2024-11-11T19:19:46","date_gmt":"2024-11-11T19:19:46","guid":{"rendered":"https:\/\/alqawafel.com\/?post_type=product&#038;p=9860"},"modified":"2025-06-11T10:25:46","modified_gmt":"2025-06-11T10:25:46","slug":"espiromita-24-sc","status":"publish","type":"product","link":"https:\/\/alqawafel.com\/es\/product\/spiromite-24-sc\/","title":{"rendered":"Miticida Spiromite 24% SC"},"content":{"rendered":"<h3>\u00bfPor qu\u00e9 Spiromite 24% SC?<\/h3>\n<p><span style=\"font-size: 18px\">Spiromite 24% SC es un acaricida selectivo no sist\u00e9mico desarrollado para proporcionar un control espec\u00edfico de los \u00e1caros en todas las fases de desarrollo excepto en la fase adulta. Dise\u00f1ado para una alta eficacia, Spiromite 24% SC es ideal para proteger una amplia gama de cultivos de las infestaciones de \u00e1caros. Este producto es una herramienta valiosa para los profesionales de la agricultura que buscan una soluci\u00f3n fiable para controlar las poblaciones de \u00e1caros y evitar da\u00f1os en los cultivos.<\/span><\/p>\n<h3>Identificaci\u00f3n<\/h3>\n<ul>\n<li><span style=\"font-size: 18px\"><strong>Formulaci\u00f3n<\/strong>: Concentrado en suspensi\u00f3n (SC).<\/span><\/li>\n<li><span style=\"font-size: 18px\"><strong>Principio activo<\/strong>: Espirodiclofeno 24% (p\/v).<\/span><\/li>\n<li><span style=\"font-size: 18px\"><strong>Grupo qu\u00edmico<\/strong>: \u00c1cido tetr\u00f3nico.<\/span><\/li>\n<li><span style=\"font-size: 18px\"><strong>Modo de acci\u00f3n<\/strong>: Interfiere en el desarrollo de los \u00e1caros, proporcionando un control eficaz en las distintas fases de crecimiento de los \u00e1caros y salvaguardando la salud de los cultivos.<\/span><\/li>\n<\/ul>\n<h3>Aplicaci\u00f3n ideal de Spiromite 24% SC<\/h3>\n<p><span style=\"font-size: 18px\">Se recomienda el uso de Spiromite-24% SC en los siguientes cultivos con los objetivos t\u00edpicos de plagas que se indican:<\/span><\/p>\n<h4>Cultivos y plagas t\u00edpicas:<\/h4>\n<ul>\n<li><span style=\"font-size: 18px\"><strong>Manzana, pera, n\u00edspero<\/strong>: Controles <em>\u00c1caro rojo, ara\u00f1a roja de dos manchas, ara\u00f1as, roya.<\/em><\/span><\/li>\n<li><span style=\"font-size: 18px\"><strong>Albaricoque, cereza (agridulce), melocot\u00f3n, nectarina<\/strong>: Controles <em>\u00c1caro rojo, ara\u00f1a roja de dos manchas, \u00e1caro plateado del melocot\u00f3n.<\/em><\/span><\/li>\n<li><span style=\"font-size: 18px\"><strong>Nueces, almendras<\/strong>: Controles <em>\u00c1caro rojo, ara\u00f1a roja de dos manchas.<\/em><\/span><\/li>\n<li><span style=\"font-size: 18px\"><strong>Parras<\/strong>: Controles <em>\u00c1caro rojo, ara\u00f1a roja de dos manchas.<\/em><\/span><\/li>\n<li><span style=\"font-size: 18px\"><strong>C\u00edtricos (naranja, lim\u00f3n, pomelo, mandarina)<\/strong>: Controles <em>\u00c1caro rojo de los c\u00edtricos, ara\u00f1a roja de dos manchas, roya de los c\u00edtricos.<\/em><\/span><\/li>\n<\/ul>\n<h3>Tasa de utilizaci\u00f3n:<\/h3>\n<p><span style=\"font-size: 14pt\">120-150 ml por 200 L de agua<\/span><\/p>\n<h3>Embalaje<\/h3>\n<ul>\n<li><span style=\"font-size: 18px\"><strong>500 ml<\/strong><\/span><\/li>\n<\/ul>\n<p><img loading=\"lazy\" decoding=\"async\" class=\"alignnone size-medium wp-image-18546\" src=\"https:\/\/alqawafel.com\/wp-content\/uploads\/2024\/11\/Spiromite-24-SC-LOGO-300x300.webp\" alt=\"Spiromite 24% SC Un acaricida selectivo con espirodiclofeno para un control eficaz de los \u00e1caros. Ataca a los \u00e1caros en todas las fases de su vida, protegiendo manzanas, c\u00edtricos y otros cultivos.\" width=\"300\" height=\"300\" srcset=\"https:\/\/alqawafel.com\/wp-content\/uploads\/2024\/11\/Spiromite-24-SC-LOGO-300x300.webp 300w, https:\/\/alqawafel.com\/wp-content\/uploads\/2024\/11\/Spiromite-24-SC-LOGO-150x150.webp 150w, https:\/\/alqawafel.com\/wp-content\/uploads\/2024\/11\/Spiromite-24-SC-LOGO-768x768.webp 768w, https:\/\/alqawafel.com\/wp-content\/uploads\/2024\/11\/Spiromite-24-SC-LOGO.webp 1000w\" sizes=\"auto, (max-width: 300px) 100vw, 300px\" \/><\/p>\n<p>&nbsp;<\/p>","protected":false},"excerpt":{"rendered":"<p><span style=\"font-size: 18px\">Spiromite 24% SC Un acaricida selectivo con espirodiclofeno para un control eficaz de los \u00e1caros. Ataca a los \u00e1caros en todas las fases de su vida, protegiendo manzanas, c\u00edtricos y otros cultivos.<\/span><\/p>","protected":false},"featured_media":18546,"comment_status":"open","ping_status":"closed","template":"","meta":{"om_disable_all_campaigns":false,"_monsterinsights_skip_tracking":false,"_monsterinsights_sitenote_active":false,"_monsterinsights_sitenote_note":"","_monsterinsights_sitenote_category":0},"product_brand":[],"product_cat":[824,87],"product_tag":[866,845,844,843,873],"class_list":{"0":"post-9860","1":"product","2":"type-product","3":"status-publish","4":"has-post-thumbnail","6":"product_cat-miticide","7":"product_cat-pesticides","8":"product_tag-al-qawafel-ind-agr-co","9":"product_tag-mite","10":"product_tag-miticide","11":"product_tag-spirodiclofen","12":"product_tag-spiromite-24-sc","14":"first","15":"instock","16":"shipping-taxable","17":"product-type-simple"},"aioseo_notices":[],"_links":{"self":[{"href":"https:\/\/alqawafel.com\/es\/wp-json\/wp\/v2\/product\/9860","targetHints":{"allow":["GET"]}}],"collection":[{"href":"https:\/\/alqawafel.com\/es\/wp-json\/wp\/v2\/product"}],"about":[{"href":"https:\/\/alqawafel.com\/es\/wp-json\/wp\/v2\/types\/product"}],"replies":[{"embeddable":true,"href":"https:\/\/alqawafel.com\/es\/wp-json\/wp\/v2\/comments?post=9860"}],"version-history":[{"count":16,"href":"https:\/\/alqawafel.com\/es\/wp-json\/wp\/v2\/product\/9860\/revisions"}],"predecessor-version":[{"id":18892,"href":"https:\/\/alqawafel.com\/es\/wp-json\/wp\/v2\/product\/9860\/revisions\/18892"}],"wp:featuredmedia":[{"embeddable":true,"href":"https:\/\/alqawafel.com\/es\/wp-json\/wp\/v2\/media\/18546"}],"wp:attachment":[{"href":"https:\/\/alqawafel.com\/es\/wp-json\/wp\/v2\/media?parent=9860"}],"wp:term":[{"taxonomy":"product_brand","embeddable":true,"href":"https:\/\/alqawafel.com\/es\/wp-json\/wp\/v2\/product_brand?post=9860"},{"taxonomy":"product_cat","embeddable":true,"href":"https:\/\/alqawafel.com\/es\/wp-json\/wp\/v2\/product_cat?post=9860"},{"taxonomy":"product_tag","embeddable":true,"href":"https:\/\/alqawafel.com\/es\/wp-json\/wp\/v2\/product_tag?post=9860"}],"curies":[{"name":"wp","href":"https:\/\/api.w.org\/{rel}","templated":true}]}}