{"id":9874,"date":"2024-11-11T19:48:10","date_gmt":"2024-11-11T19:48:10","guid":{"rendered":"https:\/\/alqawafel.com\/?post_type=product&#038;p=9874"},"modified":"2025-06-11T09:34:40","modified_gmt":"2025-06-11T09:34:40","slug":"qwaxam-24-sc","status":"publish","type":"product","link":"https:\/\/alqawafel.com\/es\/product\/qwaxam-24-sc\/","title":{"rendered":"Insecticida Qwaxam 24% SC"},"content":{"rendered":"<h3>\u00bfPor qu\u00e9 Qwaxam 24% SC?<\/h3>\n<p><span style=\"font-size: 18px\">Qwaxam 24% SC es un insecticida sist\u00e9mico altamente eficaz que proporciona un amplio control sobre una gran variedad de plagas en m\u00faltiples cultivos. Con acci\u00f3n tanto de contacto como estomacal, se absorbe r\u00e1pidamente y se distribuye por toda la planta, garantizando la protecci\u00f3n desde el interior. Esto lo convierte en la elecci\u00f3n ideal para los profesionales de la agricultura que necesitan un insecticida fiable para salvaguardar la salud de los cultivos y maximizar el rendimiento.<\/span><\/p>\n<h3>Identificaci\u00f3n<\/h3>\n<ul>\n<li><span style=\"font-size: 18px\"><strong>Formulaci\u00f3n<\/strong>: Concentrado en suspensi\u00f3n (SC).<\/span><\/li>\n<li><span style=\"font-size: 18px\"><strong>Principio activo<\/strong>: Tiametoxam 24% (p\/v).<\/span><\/li>\n<li><span style=\"font-size: 18px\"><strong>Grupo qu\u00edmico<\/strong>: Neonicotinoide.<\/span><\/li>\n<li><span style=\"font-size: 18px\"><strong>Modo de acci\u00f3n<\/strong>: Acci\u00f3n sist\u00e9mica con r\u00e1pida absorci\u00f3n y distribuci\u00f3n en la planta, proporcionando eficacia tanto por contacto como por v\u00eda estomacal para un control exhaustivo de las plagas.<\/span><\/li>\n<\/ul>\n<h3>Aplicaci\u00f3n ideal de Qwaxam 24% SC<\/h3>\n<p><span style=\"font-size: 18px\">Se recomienda el uso de Qwaxam 24% SC en los siguientes cultivos con m\u00e9todos de aplicaci\u00f3n y plagas objetivo espec\u00edficos:<\/span><\/p>\n<h4>M\u00e9todo de aplicaci\u00f3n, cultivo y control de plagas:<\/h4>\n<ul>\n<li><span style=\"font-size: 18px\"><strong>A\u00f1adir a la tierra una vez<\/strong><\/span>\n<ul>\n<li><span style=\"font-size: 18px\"><strong>Cultivos<\/strong>: Verduras (apio, lechuga, perejil, espinacas, br\u00e9col, col, coliflor, pepino, calabaza, sand\u00eda, calabaza, berenjena, pimiento, tomate).<\/span><\/li>\n<li><span style=\"font-size: 18px\"><strong>Plagas controladas<\/strong>: Pulgones, chicharritas, minadores, escarabajos pulga.<\/span><\/li>\n<\/ul>\n<\/li>\n<li><span style=\"font-size: 18px\"><strong>Pulverizaci\u00f3n foliar dos veces, con un intervalo de 7-10 d\u00edas entre aplicaciones<\/strong><\/span>\n<ul>\n<li><span style=\"font-size: 18px\"><strong>Cultivos<\/strong>: Patata.<\/span><\/li>\n<li><span style=\"font-size: 18px\"><strong>Plagas controladas<\/strong>: Escarabajo de la patata, pulg\u00f3n, chicharrita de la patata.<\/span><\/li>\n<\/ul>\n<\/li>\n<\/ul>\n<h3>Tasa de utilizaci\u00f3n:<\/h3>\n<p><span style=\"font-size: 14pt\">100-150 ml por 200 L de agua<\/span><\/p>\n<h3>Embalaje<\/h3>\n<ul>\n<li><span style=\"font-size: 18px\"><strong>1 L<\/strong><\/span><\/li>\n<\/ul>\n<p><img loading=\"lazy\" decoding=\"async\" class=\"alignnone size-medium wp-image-17913\" src=\"https:\/\/alqawafel.com\/wp-content\/uploads\/2024\/11\/Qwaxam-24-SC-LOGO-300x300.webp\" alt=\"Qwaxam 24% SC Insecticida sist\u00e9mico con tiametoxam 24% para un control eficaz de las plagas. Su r\u00e1pida absorci\u00f3n protege los cultivos de pulgones, escarabajos y otros.\" width=\"300\" height=\"300\" srcset=\"https:\/\/alqawafel.com\/wp-content\/uploads\/2024\/11\/Qwaxam-24-SC-LOGO-300x300.webp 300w, https:\/\/alqawafel.com\/wp-content\/uploads\/2024\/11\/Qwaxam-24-SC-LOGO-150x150.webp 150w, https:\/\/alqawafel.com\/wp-content\/uploads\/2024\/11\/Qwaxam-24-SC-LOGO-768x768.webp 768w, https:\/\/alqawafel.com\/wp-content\/uploads\/2024\/11\/Qwaxam-24-SC-LOGO.webp 1000w\" sizes=\"auto, (max-width: 300px) 100vw, 300px\" \/><\/p>\n<p>&nbsp;<\/p>","protected":false},"excerpt":{"rendered":"<p><span style=\"font-size: 18px\">Qwaxam 24% SC Insecticida sist\u00e9mico con tiametoxam 24% para un control eficaz de las plagas. Su r\u00e1pida absorci\u00f3n protege los cultivos de pulgones, escarabajos y otros.<\/span><\/p>","protected":false},"featured_media":17913,"comment_status":"open","ping_status":"closed","template":"","meta":{"om_disable_all_campaigns":false,"_monsterinsights_skip_tracking":false,"_monsterinsights_sitenote_active":false,"_monsterinsights_sitenote_note":"","_monsterinsights_sitenote_category":0},"product_brand":[],"product_cat":[822,87],"product_tag":[866,876,841,857,849,875,848],"class_list":{"0":"post-9874","1":"product","2":"type-product","3":"status-publish","4":"has-post-thumbnail","6":"product_cat-insecticide","7":"product_cat-pesticides","8":"product_tag-al-qawafel-ind-agr-co","9":"product_tag-aphids","10":"product_tag-insecticide","11":"product_tag-leafminer","12":"product_tag-neonicotinoid","13":"product_tag-qwaxam-24-sc","14":"product_tag-thiamethoxam","16":"first","17":"instock","18":"shipping-taxable","19":"product-type-simple"},"aioseo_notices":[],"_links":{"self":[{"href":"https:\/\/alqawafel.com\/es\/wp-json\/wp\/v2\/product\/9874","targetHints":{"allow":["GET"]}}],"collection":[{"href":"https:\/\/alqawafel.com\/es\/wp-json\/wp\/v2\/product"}],"about":[{"href":"https:\/\/alqawafel.com\/es\/wp-json\/wp\/v2\/types\/product"}],"replies":[{"embeddable":true,"href":"https:\/\/alqawafel.com\/es\/wp-json\/wp\/v2\/comments?post=9874"}],"version-history":[{"count":18,"href":"https:\/\/alqawafel.com\/es\/wp-json\/wp\/v2\/product\/9874\/revisions"}],"predecessor-version":[{"id":18873,"href":"https:\/\/alqawafel.com\/es\/wp-json\/wp\/v2\/product\/9874\/revisions\/18873"}],"wp:featuredmedia":[{"embeddable":true,"href":"https:\/\/alqawafel.com\/es\/wp-json\/wp\/v2\/media\/17913"}],"wp:attachment":[{"href":"https:\/\/alqawafel.com\/es\/wp-json\/wp\/v2\/media?parent=9874"}],"wp:term":[{"taxonomy":"product_brand","embeddable":true,"href":"https:\/\/alqawafel.com\/es\/wp-json\/wp\/v2\/product_brand?post=9874"},{"taxonomy":"product_cat","embeddable":true,"href":"https:\/\/alqawafel.com\/es\/wp-json\/wp\/v2\/product_cat?post=9874"},{"taxonomy":"product_tag","embeddable":true,"href":"https:\/\/alqawafel.com\/es\/wp-json\/wp\/v2\/product_tag?post=9874"}],"curies":[{"name":"wp","href":"https:\/\/api.w.org\/{rel}","templated":true}]}}