{"id":9878,"date":"2024-11-11T20:05:52","date_gmt":"2024-11-11T20:05:52","guid":{"rendered":"https:\/\/alqawafel.com\/?post_type=product&#038;p=9878"},"modified":"2025-06-11T09:32:31","modified_gmt":"2025-06-11T09:32:31","slug":"q-methrin-2-5-ec","status":"publish","type":"product","link":"https:\/\/alqawafel.com\/es\/product\/q-methrin-2-5-ec\/","title":{"rendered":"Insecticida de salud p\u00fablica Q-Methrin 2.5 EC"},"content":{"rendered":"<h3>\u00bfPor qu\u00e9 Q-Metrina 2,5 EC?<\/h3>\n<p><span style=\"font-size: 18px\">Q-Metrin 2,5 EC es un insecticida de salud p\u00fablica altamente eficaz formulado para controlar insectos voladores y rastreros. Con una potente acci\u00f3n no sist\u00e9mica, act\u00faa sobre los insectos por contacto e ingesti\u00f3n, alterando su sistema nervioso e inhibiendo su alimentaci\u00f3n. Su efecto residual de larga duraci\u00f3n lo hace ideal para zonas que requieren un control prolongado de las plagas, garantizando una protecci\u00f3n completa en aplicaciones de salud p\u00fablica.<\/span><\/p>\n<h3>Identificaci\u00f3n<\/h3>\n<ul>\n<li><span style=\"font-size: 18px\"><strong>Formulaci\u00f3n<\/strong>: Concentrado emulsionable (CE).<\/span><\/li>\n<li><span style=\"font-size: 18px\"><strong>Principio activo<\/strong>: Deltametrina 2,5% (p\/v).<\/span><\/li>\n<li><span style=\"font-size: 18px\"><strong>Grupo qu\u00edmico<\/strong>: Piretroide.<\/span><\/li>\n<li><span style=\"font-size: 18px\"><strong>Modo de acci\u00f3n<\/strong>: No sist\u00e9mico con acci\u00f3n por contacto y estomacal, act\u00faa sobre el sistema nervioso para controlar la actividad y la alimentaci\u00f3n de los insectos.<\/span><\/li>\n<\/ul>\n<h3>Aplicaci\u00f3n ideal de Q-Methrin 2.5 EC<\/h3>\n<p><span style=\"font-size: 18px\">Recomendado para el control:<\/span><\/p>\n<ul>\n<li><span style=\"font-size: 18px\"><strong>Plagas<\/strong>:<\/span>\n<ul>\n<li><span style=\"font-size: 18px\"><strong>Insectos voladores<\/strong>: Controla eficazmente plagas como moscas, mosquitos y otras molestias voladoras.<\/span><\/li>\n<li><span style=\"font-size: 18px\"><strong>Insectos rastreros<\/strong>: Ataca plagas como cucarachas, hormigas y otros insectos rastreros.<\/span><\/li>\n<\/ul>\n<\/li>\n<\/ul>\n<h3>Tasa de utilizaci\u00f3n:<\/h3>\n<p><span style=\"font-size: 14pt\">1150-2200 ml por 200 L de agua<\/span><\/p>\n<h3>Embalaje<\/h3>\n<ul>\n<li><span style=\"font-size: 18px\"><strong>1 L<\/strong><\/span><\/li>\n<\/ul>\n<p><img loading=\"lazy\" decoding=\"async\" class=\"alignnone size-medium wp-image-18157\" src=\"https:\/\/alqawafel.com\/wp-content\/uploads\/2024\/11\/Q-Methrin-2.5-EC-LOGO-300x300.webp\" alt=\"Q-Methrin 2.5 EC insecticida con Deltametrina 2.5% para el control de plagas voladoras y rastreras. Salud p\u00fablica, proporcionando una protecci\u00f3n residual duradera.\" width=\"300\" height=\"300\" srcset=\"https:\/\/alqawafel.com\/wp-content\/uploads\/2024\/11\/Q-Methrin-2.5-EC-LOGO-300x300.webp 300w, https:\/\/alqawafel.com\/wp-content\/uploads\/2024\/11\/Q-Methrin-2.5-EC-LOGO-150x150.webp 150w, https:\/\/alqawafel.com\/wp-content\/uploads\/2024\/11\/Q-Methrin-2.5-EC-LOGO-768x768.webp 768w, https:\/\/alqawafel.com\/wp-content\/uploads\/2024\/11\/Q-Methrin-2.5-EC-LOGO.webp 1000w\" sizes=\"auto, (max-width: 300px) 100vw, 300px\" \/><\/p>","protected":false},"excerpt":{"rendered":"<p><span style=\"font-size: 18px\">Q-Methrin 2.5 EC insecticida con Deltametrina 2.5% para el control de plagas voladoras y rastreras. Salud p\u00fablica, proporcionando una protecci\u00f3n residual duradera.<\/span><\/p>","protected":false},"featured_media":18157,"comment_status":"open","ping_status":"closed","template":"","meta":{"om_disable_all_campaigns":false,"_monsterinsights_skip_tracking":false,"_monsterinsights_sitenote_active":false,"_monsterinsights_sitenote_note":"","_monsterinsights_sitenote_category":0},"product_brand":[],"product_cat":[822,87],"product_tag":[866,851,880,841,850,879],"class_list":{"0":"post-9878","1":"product","2":"type-product","3":"status-publish","4":"has-post-thumbnail","6":"product_cat-insecticide","7":"product_cat-pesticides","8":"product_tag-al-qawafel-ind-agr-co","9":"product_tag-deltamethrin","10":"product_tag-flying-insects","11":"product_tag-insecticide","12":"product_tag-public-health","13":"product_tag-q-methrin-2-5-ec","15":"first","16":"instock","17":"shipping-taxable","18":"product-type-simple"},"aioseo_notices":[],"_links":{"self":[{"href":"https:\/\/alqawafel.com\/es\/wp-json\/wp\/v2\/product\/9878","targetHints":{"allow":["GET"]}}],"collection":[{"href":"https:\/\/alqawafel.com\/es\/wp-json\/wp\/v2\/product"}],"about":[{"href":"https:\/\/alqawafel.com\/es\/wp-json\/wp\/v2\/types\/product"}],"replies":[{"embeddable":true,"href":"https:\/\/alqawafel.com\/es\/wp-json\/wp\/v2\/comments?post=9878"}],"version-history":[{"count":11,"href":"https:\/\/alqawafel.com\/es\/wp-json\/wp\/v2\/product\/9878\/revisions"}],"predecessor-version":[{"id":18871,"href":"https:\/\/alqawafel.com\/es\/wp-json\/wp\/v2\/product\/9878\/revisions\/18871"}],"wp:featuredmedia":[{"embeddable":true,"href":"https:\/\/alqawafel.com\/es\/wp-json\/wp\/v2\/media\/18157"}],"wp:attachment":[{"href":"https:\/\/alqawafel.com\/es\/wp-json\/wp\/v2\/media?parent=9878"}],"wp:term":[{"taxonomy":"product_brand","embeddable":true,"href":"https:\/\/alqawafel.com\/es\/wp-json\/wp\/v2\/product_brand?post=9878"},{"taxonomy":"product_cat","embeddable":true,"href":"https:\/\/alqawafel.com\/es\/wp-json\/wp\/v2\/product_cat?post=9878"},{"taxonomy":"product_tag","embeddable":true,"href":"https:\/\/alqawafel.com\/es\/wp-json\/wp\/v2\/product_tag?post=9878"}],"curies":[{"name":"wp","href":"https:\/\/api.w.org\/{rel}","templated":true}]}}