{"id":9886,"date":"2024-11-11T20:56:47","date_gmt":"2024-11-11T20:56:47","guid":{"rendered":"https:\/\/alqawafel.com\/?post_type=product&#038;p=9886"},"modified":"2025-06-11T09:21:46","modified_gmt":"2025-06-11T09:21:46","slug":"qwandoor-20-sl","status":"publish","type":"product","link":"https:\/\/alqawafel.com\/es\/product\/qwandoor-20-sl\/","title":{"rendered":"Insecticida Qwandoor 20% SL"},"content":{"rendered":"<h3>\u00bfPor qu\u00e9 Qwandoor 20% SL?<\/h3>\n<p><span style=\"font-size: 18px\">Qwandoor 20% SL es un insecticida sist\u00e9mico altamente eficaz con acci\u00f3n translaminar y radicular, que ofrece una s\u00f3lida protecci\u00f3n contra una serie de plagas de insectos. Con acci\u00f3n de contacto y estomacal, se absorbe y distribuye f\u00e1cilmente en la planta, garantizando un control eficaz de las plagas desde el interior. Este producto es ideal para los profesionales de la agricultura que buscan un control fiable de los insectos en sus cultivos.<\/span><\/p>\n<h3>Identificaci\u00f3n<\/h3>\n<ul>\n<li><span style=\"font-size: 18px\"><strong>Formulaci\u00f3n<\/strong>: Concentrado soluble (SL)<\/span><\/li>\n<li><span style=\"font-size: 18px\"><strong>Principio activo<\/strong>: Imidacloprid 20% (p\/v)<\/span><\/li>\n<li><span style=\"font-size: 18px\"><strong>Grupo qu\u00edmico<\/strong>: Neonicotinoides<\/span><\/li>\n<li><span style=\"font-size: 18px\"><strong>Modo de acci\u00f3n<\/strong>: Sist\u00e9mico con actividad translaminar; se absorbe a trav\u00e9s de las ra\u00edces y se distribuye acropetalmente, ofreciendo eficacia por contacto y estomacal.<\/span><\/li>\n<\/ul>\n<h3>Aplicaci\u00f3n ideal de Qwandoor 20% SL<\/h3>\n<p><span style=\"font-size: 18px\">Se recomienda su uso en los siguientes cultivos con los objetivos t\u00edpicos de plagas que se indican:<\/span><\/p>\n<h4><span style=\"font-size: 18px\">Control de cultivos y plagas:<\/span><\/h4>\n<ul>\n<li><span style=\"font-size: 18px\"><strong>Tomate<\/strong>: Controles <em>Minador de la hoja, mosca blanca, pulg\u00f3n<\/em><\/span><\/li>\n<li><span style=\"font-size: 18px\"><strong>Coliflor<\/strong>: Controles <em>Minador de la hoja, mosca blanca, pulg\u00f3n<\/em><\/span><\/li>\n<li><span style=\"font-size: 18px\"><strong>Berenjena<\/strong>: Controles <em>Minador de la hoja, mosca blanca, pulg\u00f3n<\/em><\/span><\/li>\n<li><span style=\"font-size: 18px\"><strong>Manzana<\/strong>: Controles <em>Minador de la hoja, pulg\u00f3n<\/em><\/span><\/li>\n<li><span style=\"font-size: 18px\"><strong>Pimienta<\/strong>: Controles <em>Minador de la hoja, mosca blanca<\/em><\/span><\/li>\n<li><span style=\"font-size: 18px\"><strong>Pepino<\/strong>: Controles <em>Minador de la hoja, mosca blanca, pulg\u00f3n<\/em><\/span><\/li>\n<\/ul>\n<h3>Tasa de utilizaci\u00f3n:<\/h3>\n<p><span style=\"font-size: 14pt\">100-250 ml por 200 L de agua<\/span><\/p>\n<h3>Embalaje<\/h3>\n<ul>\n<li><span style=\"font-size: 18px\"><strong>1 L<\/strong><\/span><\/li>\n<li><span style=\"font-size: 18px\"><strong>250 ml<\/strong><\/span><\/li>\n<\/ul>\n<p><img loading=\"lazy\" decoding=\"async\" class=\"alignnone size-medium wp-image-17902\" src=\"https:\/\/alqawafel.com\/wp-content\/uploads\/2024\/11\/QAWANDOOR-20-SL-LOGO-300x300.webp\" alt=\"Qwandoor 20% SL Insecticida sist\u00e9mico con Imidacloprid 20% para un control eficaz de los insectos. Proporciona protecci\u00f3n mediante acci\u00f3n translaminar y radicular.\" width=\"300\" height=\"300\" srcset=\"https:\/\/alqawafel.com\/wp-content\/uploads\/2024\/11\/QAWANDOOR-20-SL-LOGO-300x300.webp 300w, https:\/\/alqawafel.com\/wp-content\/uploads\/2024\/11\/QAWANDOOR-20-SL-LOGO-150x150.webp 150w, https:\/\/alqawafel.com\/wp-content\/uploads\/2024\/11\/QAWANDOOR-20-SL-LOGO-768x768.webp 768w, https:\/\/alqawafel.com\/wp-content\/uploads\/2024\/11\/QAWANDOOR-20-SL-LOGO.webp 1000w\" sizes=\"auto, (max-width: 300px) 100vw, 300px\" \/><\/p>\n<p>&nbsp;<\/p>\n<p>&nbsp;<\/p>","protected":false},"excerpt":{"rendered":"<p><span style=\"font-size: 18px\">Qwandoor 20% SL Insecticida sist\u00e9mico con Imidacloprid 20% para un control eficaz de los insectos. Proporciona protecci\u00f3n mediante acci\u00f3n translaminar y radicular.<\/span><\/p>","protected":false},"featured_media":17902,"comment_status":"open","ping_status":"closed","template":"","meta":{"om_disable_all_campaigns":false,"_monsterinsights_skip_tracking":false,"_monsterinsights_sitenote_active":false,"_monsterinsights_sitenote_note":"","_monsterinsights_sitenote_category":0},"product_brand":[],"product_cat":[822,87],"product_tag":[866,847,856,841,857,849,1094,858],"class_list":{"0":"post-9886","1":"product","2":"type-product","3":"status-publish","4":"has-post-thumbnail","6":"product_cat-insecticide","7":"product_cat-pesticides","8":"product_tag-al-qawafel-ind-agr-co","9":"product_tag-aphid","10":"product_tag-imidacloprid","11":"product_tag-insecticide","12":"product_tag-leafminer","13":"product_tag-neonicotinoid","14":"product_tag-qwandoor-20-sl","15":"product_tag-whitefly","17":"first","18":"instock","19":"shipping-taxable","20":"product-type-simple"},"aioseo_notices":[],"_links":{"self":[{"href":"https:\/\/alqawafel.com\/es\/wp-json\/wp\/v2\/product\/9886","targetHints":{"allow":["GET"]}}],"collection":[{"href":"https:\/\/alqawafel.com\/es\/wp-json\/wp\/v2\/product"}],"about":[{"href":"https:\/\/alqawafel.com\/es\/wp-json\/wp\/v2\/types\/product"}],"replies":[{"embeddable":true,"href":"https:\/\/alqawafel.com\/es\/wp-json\/wp\/v2\/comments?post=9886"}],"version-history":[{"count":11,"href":"https:\/\/alqawafel.com\/es\/wp-json\/wp\/v2\/product\/9886\/revisions"}],"predecessor-version":[{"id":18864,"href":"https:\/\/alqawafel.com\/es\/wp-json\/wp\/v2\/product\/9886\/revisions\/18864"}],"wp:featuredmedia":[{"embeddable":true,"href":"https:\/\/alqawafel.com\/es\/wp-json\/wp\/v2\/media\/17902"}],"wp:attachment":[{"href":"https:\/\/alqawafel.com\/es\/wp-json\/wp\/v2\/media?parent=9886"}],"wp:term":[{"taxonomy":"product_brand","embeddable":true,"href":"https:\/\/alqawafel.com\/es\/wp-json\/wp\/v2\/product_brand?post=9886"},{"taxonomy":"product_cat","embeddable":true,"href":"https:\/\/alqawafel.com\/es\/wp-json\/wp\/v2\/product_cat?post=9886"},{"taxonomy":"product_tag","embeddable":true,"href":"https:\/\/alqawafel.com\/es\/wp-json\/wp\/v2\/product_tag?post=9886"}],"curies":[{"name":"wp","href":"https:\/\/api.w.org\/{rel}","templated":true}]}}