{"id":10003,"date":"2024-11-13T11:07:33","date_gmt":"2024-11-13T11:07:33","guid":{"rendered":"https:\/\/alqawafel.com\/?post_type=product&#038;p=10003"},"modified":"2025-06-11T08:12:08","modified_gmt":"2025-06-11T08:12:08","slug":"profel-68-64-sc","status":"publish","type":"product","link":"https:\/\/alqawafel.com\/fr\/product\/profel-68-64-sc\/","title":{"rendered":"Profel 68.64% SC Fongicide"},"content":{"rendered":"<h3><strong>Pourquoi Profel 68.64% SC ?<\/strong><\/h3>\n<p><span style=\"font-size: 18px\">Profel 68.64% SC est un fongicide syst\u00e9mique robuste con\u00e7u pour offrir une protection \u00e9tendue contre les pathog\u00e8nes fongiques nuisibles. Gr\u00e2ce \u00e0 sa formulation doublement active de chlorhydrate de propamocarbe et de fluopicolide, ce produit offre une action \u00e0 la fois protectrice et curative, ce qui le rend tr\u00e8s efficace dans la gestion des maladies fongiques dans diverses cultures. Le fongicide agit en inhibant la formation de spores et en stoppant la croissance fongique dans les tissus v\u00e9g\u00e9taux, garantissant ainsi des plantes plus saines et des rendements plus \u00e9lev\u00e9s.<\/span><\/p>\n<h3><strong>Identification<\/strong><\/h3>\n<ul>\n<li><span style=\"font-size: 18px\"><strong>Type de formulation :<\/strong> Suspension concentr\u00e9e (SC).<\/span><\/li>\n<li><span style=\"font-size: 18px\"><strong>Ingr\u00e9dients actifs :<\/strong> Chlorhydrate de propamocarbe 62,4% (w\/v) + Fluopicolide 6,24% (w\/v).<\/span><\/li>\n<li><span style=\"font-size: 18px\"><strong>Groupe chimique :<\/strong> Carbamate + Benzamide.<\/span><\/li>\n<li><span style=\"font-size: 18px\"><strong>Mode d'action :<\/strong> Syst\u00e9mique avec absorption racinaire et foliaire, translocation par le xyl\u00e8me.<\/span><\/li>\n<\/ul>\n<h3><strong>Application id\u00e9ale de <\/strong><strong>Profel 68.64% SC<\/strong><\/h3>\n<p><span style=\"font-size: 18px\">Id\u00e9al pour une utilisation sur les cultures suivantes afin de contr\u00f4ler les pathog\u00e8nes fongiques cibl\u00e9s :<\/span><\/p>\n<ul>\n<li><span style=\"font-size: 18px\"><strong>Concombre, courge, calebasse, citrouille, melon, past\u00e8que :<\/strong> Efficace contre le mildiou.<\/span><\/li>\n<li><span style=\"font-size: 18px\"><strong>Laitue :<\/strong> Efficace contre le mildiou.<\/span><\/li>\n<li><span style=\"font-size: 18px\"><strong>Pomme de terre :<\/strong> Efficace contre le mildiou.<\/span><\/li>\n<li><span style=\"font-size: 18px\"><strong>Tomate :<\/strong> Efficace contre le mildiou.<\/span><\/li>\n<\/ul>\n<h3>Taux d'utilisation :<\/h3>\n<p><span style=\"font-size: 14pt\">300-400 ml pour 200 L d'eau<\/span><\/p>\n<h3>Emballage<\/h3>\n<ul>\n<li><span style=\"font-size: 18px\"><strong>250 ml<\/strong><\/span><\/li>\n<\/ul>\n<p><img loading=\"lazy\" decoding=\"async\" class=\"alignnone size-medium wp-image-18503\" src=\"https:\/\/alqawafel.com\/wp-content\/uploads\/2024\/11\/Profel-68.64-SC-LOGO-300x300.webp\" alt=\"Profel 68.64% SC Fongicide syst\u00e9mique \u00e0 base de Propamocarb HCL et de Fluopicolide pour une protection efficace contre le mildiou et la br\u00fblure tardive dans diverses cultures.\" width=\"300\" height=\"300\" srcset=\"https:\/\/alqawafel.com\/wp-content\/uploads\/2024\/11\/Profel-68.64-SC-LOGO-300x300.webp 300w, https:\/\/alqawafel.com\/wp-content\/uploads\/2024\/11\/Profel-68.64-SC-LOGO-150x150.webp 150w, https:\/\/alqawafel.com\/wp-content\/uploads\/2024\/11\/Profel-68.64-SC-LOGO-768x768.webp 768w, https:\/\/alqawafel.com\/wp-content\/uploads\/2024\/11\/Profel-68.64-SC-LOGO.webp 1000w\" sizes=\"auto, (max-width: 300px) 100vw, 300px\" \/><\/p>","protected":false},"excerpt":{"rendered":"<p><span style=\"font-size: 18px\">Profel 68.64% SC Fongicide syst\u00e9mique \u00e0 base de Propamocarb HCL et de Fluopicolide pour une protection efficace contre le mildiou et la br\u00fblure tardive dans diverses cultures.<\/span><\/p>","protected":false},"featured_media":18503,"comment_status":"open","ping_status":"closed","template":"","meta":{"om_disable_all_campaigns":false,"_monsterinsights_skip_tracking":false,"_monsterinsights_sitenote_active":false,"_monsterinsights_sitenote_note":"","_monsterinsights_sitenote_category":0},"product_brand":[],"product_cat":[823,87],"product_tag":[866,905,904,903,901,900,902],"class_list":{"0":"post-10003","1":"product","2":"type-product","3":"status-publish","4":"has-post-thumbnail","6":"product_cat-fungicide","7":"product_cat-pesticides","8":"product_tag-al-qawafel-ind-agr-co","9":"product_tag-blight","10":"product_tag-downy-mildew","11":"product_tag-fluopicolide","12":"product_tag-fungicide","13":"product_tag-profel-68-64-sc","14":"product_tag-propamocarb","16":"first","17":"instock","18":"shipping-taxable","19":"product-type-simple"},"aioseo_notices":[],"_links":{"self":[{"href":"https:\/\/alqawafel.com\/fr\/wp-json\/wp\/v2\/product\/10003","targetHints":{"allow":["GET"]}}],"collection":[{"href":"https:\/\/alqawafel.com\/fr\/wp-json\/wp\/v2\/product"}],"about":[{"href":"https:\/\/alqawafel.com\/fr\/wp-json\/wp\/v2\/types\/product"}],"replies":[{"embeddable":true,"href":"https:\/\/alqawafel.com\/fr\/wp-json\/wp\/v2\/comments?post=10003"}],"version-history":[{"count":10,"href":"https:\/\/alqawafel.com\/fr\/wp-json\/wp\/v2\/product\/10003\/revisions"}],"predecessor-version":[{"id":18828,"href":"https:\/\/alqawafel.com\/fr\/wp-json\/wp\/v2\/product\/10003\/revisions\/18828"}],"wp:featuredmedia":[{"embeddable":true,"href":"https:\/\/alqawafel.com\/fr\/wp-json\/wp\/v2\/media\/18503"}],"wp:attachment":[{"href":"https:\/\/alqawafel.com\/fr\/wp-json\/wp\/v2\/media?parent=10003"}],"wp:term":[{"taxonomy":"product_brand","embeddable":true,"href":"https:\/\/alqawafel.com\/fr\/wp-json\/wp\/v2\/product_brand?post=10003"},{"taxonomy":"product_cat","embeddable":true,"href":"https:\/\/alqawafel.com\/fr\/wp-json\/wp\/v2\/product_cat?post=10003"},{"taxonomy":"product_tag","embeddable":true,"href":"https:\/\/alqawafel.com\/fr\/wp-json\/wp\/v2\/product_tag?post=10003"}],"curies":[{"name":"wp","href":"https:\/\/api.w.org\/{rel}","templated":true}]}}