{"id":10006,"date":"2024-11-13T08:33:00","date_gmt":"2024-11-13T08:33:00","guid":{"rendered":"https:\/\/alqawafel.com\/?post_type=product&#038;p=10006"},"modified":"2025-07-20T10:50:12","modified_gmt":"2025-07-20T10:50:12","slug":"an-nebras-12-12-443mgot-e","status":"publish","type":"product","link":"https:\/\/alqawafel.com\/fr\/product\/an-nebras-12-12-443mgot-e\/","title":{"rendered":"AN-Nebras 12-12-44+3MgO+T.E. Engrais"},"content":{"rendered":"<h3>Pourquoi choisir l'engrais en suspension AN-Nebras 12-12-44+3MgO+T.E. ?<\/h3>\n<p data-start=\"139\" data-end=\"490\"><span style=\"font-size: 14pt;\">L'engrais en suspension AN-Nebras 12-12-44+3MgO+T.E. est une solution avanc\u00e9e, pr\u00eate \u00e0 l'emploi, con\u00e7ue pour l'application directe. Il est riche en potassium et contient \u00e9galement des quantit\u00e9s essentielles d'azote et de phosphore. La formule comprend des compos\u00e9s organiques qui am\u00e9liorent l'absorption des nutriments et r\u00e9duisent le risque d'interactions n\u00e9gatives avec le sol.<\/span><\/p>\n<p><span style=\"font-size: 18px;\">En outre, AN-Nebras contient un pourcentage \u00e9lev\u00e9 d'oligo-\u00e9l\u00e9ments ch\u00e9lat\u00e9s rapidement absorbables, que les plantes peuvent absorber rapidement, am\u00e9liorant ainsi leur r\u00e9ponse \u00e0 la croissance. En outre, le pH de 2 \u00e0 3 de l'engrais favorise l'absorption efficace des nutriments dans divers types de sols. En outre, la faible conductivit\u00e9 \u00e9lectrique (EC = 1 pour 1g\/litre) r\u00e9duit l'osmose, ce qui permet aux plantes de maximiser l'absorption des nutriments m\u00eame lorsque des taux d'application plus \u00e9lev\u00e9s sont utilis\u00e9s. Enfin, la haute solubilit\u00e9 dans l'eau de la suspension garantit une distribution uniforme des micro- et macro-\u00e9l\u00e9ments, ce qui favorise un d\u00e9veloppement sain tout au long des stades de croissance.<\/span><\/p>\n<h3>Avantages de l'AN-Nebras 12-12-44+3MgO+T.E.<\/h3>\n<ul>\n<li><span style=\"font-size: 18px;\"><strong>Teneur \u00e9lev\u00e9e en potassium :<\/strong> Fournit le potassium essentiel pour favoriser la croissance \u00e0 diff\u00e9rents stades du d\u00e9veloppement.<\/span><\/li>\n<li><span style=\"font-size: 18px;\"><strong>Adaptable aux diff\u00e9rentes phases de croissance :<\/strong> Convient aux plantes \u00e0 tous les stades de d\u00e9veloppement et fournit un soutien nutritif continu.<\/span><\/li>\n<li><span style=\"font-size: 18px;\"><strong>Compl\u00e8te Solubilit\u00e9 dans l'eau :<\/strong> Enti\u00e8rement soluble dans l'eau et compatible avec tous les syst\u00e8mes d'irrigation, ce qui rend l'application efficace.<\/span><\/li>\n<li><span style=\"font-size: 18px;\"><strong>Convient \u00e0 tous les types de cultures :<\/strong> Approuv\u00e9 pour les grandes cultures, les arbres, les l\u00e9gumes et les plantes ornementales, r\u00e9pondant \u00e0 une vari\u00e9t\u00e9 de besoins agricoles.<\/span><\/li>\n<li><span style=\"font-size: 18px;\"><strong>Application flexible :<\/strong> Efficace pour les applications foliaires et au sol, garantissant un apport optimal en nutriments.<\/span><\/li>\n<\/ul>\n<h3 class=\"translation-block\"><span style=\"font-size : 18px\">Chemical Compos<\/span>ition<\/h3>\n<ul>\n<li><span style=\"font-size: 18px;\"><strong>Nutriments primaires :<\/strong> Azote (N 12%), Phosphore (P\u2082O\u2085 12%), Potassium (K\u2082O 44%).<\/span><\/li>\n<li><span style=\"font-size: 18px;\"><strong>Nutriments secondaires :<\/strong> Magn\u00e9sium (MgO).<\/span><\/li>\n<li><span style=\"font-size: 18px;\"><strong>Micronutriments :<\/strong> Fer (Fe) (ch\u00e9lat\u00e9 par l'acide citrique EDTA), Zinc (Zn) (ch\u00e9lat\u00e9 par l'acide citrique EDTA), Mangan\u00e8se (Mn) (ch\u00e9lat\u00e9 par l'acide citrique EDTA), Cuivre (Cu) (ch\u00e9lat\u00e9 par l'acide citrique EDTA), Bore (B).<\/span><\/li>\n<li><span style=\"font-size: 18px;\"><strong>Additifs :<\/strong> Thiamine, riboflavine, pyridoxine, nicotinamide, acides organiques.<\/span><\/li>\n<li><span style=\"font-size: 18px;\"><strong>Exempt de chlorure :<\/strong> Assure la s\u00e9curit\u00e9 des plantes et favorise la sant\u00e9 des sols \u00e0 long terme.<\/span><\/li>\n<\/ul>\n<h3>Application id\u00e9ale de l'AN-Nebras 12-12-44+3MgO+T.E.<\/h3>\n<p><strong><span style=\"font-size: 18px;\">AN-Nebras 12-12-44+3MgO+T.E. est recommand\u00e9 pour les applications au sol et foliaires :<\/span><\/strong><\/p>\n<ol>\n<li><span style=\"font-size: 14pt;\">L\u00e9gumes de serre.<\/span><\/li>\n<li><span style=\"font-size: 14pt;\">L\u00e9gumes de plein champ.<\/span><\/li>\n<li><span style=\"font-size: 14pt;\">Arbres fruitiers.<\/span><\/li>\n<li><span style=\"font-size: 14pt;\">Grandes cultures.<\/span><\/li>\n<li><span style=\"font-size: 14pt;\">Plantes ornementales.<\/span><\/li>\n<\/ol>\n<h3>Taux d'application<\/h3>\n<h4 data-start=\"168\" data-end=\"200\"><strong data-start=\"174\" data-end=\"200\">L\u00e9gumes de serre<\/strong><\/h4>\n<ul data-start=\"201\" data-end=\"391\">\n<li data-start=\"201\" data-end=\"331\">\n<p data-start=\"203\" data-end=\"331\"><strong data-start=\"203\" data-end=\"224\">Application au sol :<\/strong><br data-start=\"224\" data-end=\"227\" \/>1,5 L par maison (500 m\u00b2) de la plantation \u00e0 30-40 jours<br data-start=\"281\" data-end=\"284\" \/>2-4 L par maison (500 m\u00b2) \u00e0 un stade avanc\u00e9<\/p>\n<\/li>\n<li data-start=\"332\" data-end=\"391\">\n<p data-start=\"334\" data-end=\"391\"><strong data-start=\"334\" data-end=\"357\">Application foliaire :<\/strong><br data-start=\"357\" data-end=\"360\" \/>300-400 ml pour 200 L d'eau<\/p>\n<\/li>\n<\/ul>\n<h4 data-start=\"398\" data-end=\"430\"><strong data-start=\"404\" data-end=\"430\">L\u00e9gumes de plein champ<\/strong><\/h4>\n<ul data-start=\"431\" data-end=\"538\">\n<li data-start=\"431\" data-end=\"478\">\n<p data-start=\"433\" data-end=\"478\"><strong data-start=\"433\" data-end=\"454\">Application au sol :<\/strong><br data-start=\"454\" data-end=\"457\" \/>2-4 L par 1000 m\u00b2<\/p>\n<\/li>\n<li data-start=\"479\" data-end=\"538\">\n<p data-start=\"481\" data-end=\"538\"><strong data-start=\"481\" data-end=\"504\">Application foliaire :<\/strong><br data-start=\"504\" data-end=\"507\" \/>400-500 ml pour 200 L d'eau<\/p>\n<\/li>\n<\/ul>\n<h4 data-start=\"545\" data-end=\"567\"><strong data-start=\"551\" data-end=\"567\">Arbres fruitiers<\/strong><\/h4>\n<ul data-start=\"568\" data-end=\"717\">\n<li data-start=\"568\" data-end=\"656\">\n<p data-start=\"570\" data-end=\"656\"><strong data-start=\"570\" data-end=\"591\">Application au sol :<\/strong><br data-start=\"591\" data-end=\"594\" \/>1,25 L par 1000 m\u00b2 du d\u00e9but de la croissance jusqu'\u00e0 la fructification<\/p>\n<\/li>\n<li data-start=\"657\" data-end=\"717\">\n<p data-start=\"659\" data-end=\"717\"><strong data-start=\"659\" data-end=\"682\">Application foliaire :<\/strong><br data-start=\"682\" data-end=\"685\" \/>500-1000 ml pour 200 L d'eau<\/p>\n<\/li>\n<\/ul>\n<h3>Emballage<\/h3>\n<p><span style=\"font-size: 18px;\">Disponible en sacs de 1 kg, 5 kg et 20 kg, AN-Nebras 12-12-44+3MgO+T.E.<\/span><\/p>\n<p><img loading=\"lazy\" decoding=\"async\" class=\"alignnone size-medium wp-image-16935\" src=\"https:\/\/alqawafel.com\/wp-content\/uploads\/2024\/11\/NPK-12-12-44-300x300.webp\" alt=\"AN-Nebras 12-12-44+3MgO+T.E.\" width=\"300\" height=\"300\" srcset=\"https:\/\/alqawafel.com\/wp-content\/uploads\/2024\/11\/NPK-12-12-44-300x300.webp 300w, https:\/\/alqawafel.com\/wp-content\/uploads\/2024\/11\/NPK-12-12-44-150x150.webp 150w, https:\/\/alqawafel.com\/wp-content\/uploads\/2024\/11\/NPK-12-12-44-768x768.webp 768w, https:\/\/alqawafel.com\/wp-content\/uploads\/2024\/11\/NPK-12-12-44.webp 1000w\" sizes=\"auto, (max-width: 300px) 100vw, 300px\" \/><\/p>","protected":false},"excerpt":{"rendered":"<p><span style=\"font-size: 18px;\">L'engrais en suspension AN-Nebras 12-12-44+3MgO+T.E., riche en potassium, favorise une croissance robuste \u00e0 diff\u00e9rents stades de la plante.<\/span><\/p>","protected":false},"featured_media":16935,"comment_status":"open","ping_status":"closed","template":"","meta":{"om_disable_all_campaigns":false,"_monsterinsights_skip_tracking":false,"_monsterinsights_sitenote_active":false,"_monsterinsights_sitenote_note":"","_monsterinsights_sitenote_category":0},"product_brand":[2215],"product_cat":[50,2133],"product_tag":[866,1613,463,881,887,863],"class_list":{"0":"post-10006","1":"product","2":"type-product","3":"status-publish","4":"has-post-thumbnail","6":"product_brand-an-nebras","7":"product_cat-fertilizers","8":"product_cat-suspension-fertilizers","9":"product_tag-al-qawafel-ind-agr-co","10":"product_tag-an-nebras-12-12-443mgot-e","11":"product_tag-fertilizer","12":"product_tag-high-potassium","13":"product_tag-versatile-application","14":"product_tag-water-soluble","16":"first","17":"instock","18":"shipping-taxable","19":"product-type-simple"},"aioseo_notices":[],"_links":{"self":[{"href":"https:\/\/alqawafel.com\/fr\/wp-json\/wp\/v2\/product\/10006","targetHints":{"allow":["GET"]}}],"collection":[{"href":"https:\/\/alqawafel.com\/fr\/wp-json\/wp\/v2\/product"}],"about":[{"href":"https:\/\/alqawafel.com\/fr\/wp-json\/wp\/v2\/types\/product"}],"replies":[{"embeddable":true,"href":"https:\/\/alqawafel.com\/fr\/wp-json\/wp\/v2\/comments?post=10006"}],"version-history":[{"count":11,"href":"https:\/\/alqawafel.com\/fr\/wp-json\/wp\/v2\/product\/10006\/revisions"}],"predecessor-version":[{"id":19443,"href":"https:\/\/alqawafel.com\/fr\/wp-json\/wp\/v2\/product\/10006\/revisions\/19443"}],"wp:featuredmedia":[{"embeddable":true,"href":"https:\/\/alqawafel.com\/fr\/wp-json\/wp\/v2\/media\/16935"}],"wp:attachment":[{"href":"https:\/\/alqawafel.com\/fr\/wp-json\/wp\/v2\/media?parent=10006"}],"wp:term":[{"taxonomy":"product_brand","embeddable":true,"href":"https:\/\/alqawafel.com\/fr\/wp-json\/wp\/v2\/product_brand?post=10006"},{"taxonomy":"product_cat","embeddable":true,"href":"https:\/\/alqawafel.com\/fr\/wp-json\/wp\/v2\/product_cat?post=10006"},{"taxonomy":"product_tag","embeddable":true,"href":"https:\/\/alqawafel.com\/fr\/wp-json\/wp\/v2\/product_tag?post=10006"}],"curies":[{"name":"wp","href":"https:\/\/api.w.org\/{rel}","templated":true}]}}