{"id":10032,"date":"2024-11-13T11:41:03","date_gmt":"2024-11-13T11:41:03","guid":{"rendered":"https:\/\/alqawafel.com\/?post_type=product&#038;p=10032"},"modified":"2025-08-28T07:04:42","modified_gmt":"2025-08-28T07:04:42","slug":"granufert-15-15-15","status":"publish","type":"product","link":"https:\/\/alqawafel.com\/fr\/product\/granufert-15-15-15\/","title":{"rendered":"Engrais Granufert 15-15-15"},"content":{"rendered":"<h3>Pourquoi choisir l'engrais granul\u00e9 Granufert 15-15-15 ?<\/h3>\n<p><span style=\"font-size: 18px;\">L'engrais granul\u00e9 Granufert 15-15-15 offre un apport \u00e9quilibr\u00e9 et r\u00e9gulier d'\u00e9l\u00e9ments nutritifs, essentiel \u00e0 la croissance soutenue des plantes. Avec des quantit\u00e9s \u00e9gales d'azote, de phosphore et de potassium, Granufert r\u00e9pond aux besoins fondamentaux des plantes. Sa formule garantit qu'\u00e0 chaque irrigation, des portions de l'engrais se dissolvent progressivement, apportant les \u00e9l\u00e9ments nutritifs au moment pr\u00e9cis o\u00f9 les plantes en ont le plus besoin.<\/span><\/p>\n<h3>Avantages<\/h3>\n<ul>\n<li><span style=\"font-size: 18px;\"><strong>Fourniture durable de nutriments :<\/strong> La caract\u00e9ristique de Granufert est de fournir une nutrition constante dans le temps, s'alignant sur les cycles de croissance naturels des plantes.<\/span><\/li>\n<li><span style=\"font-size: 18px;\"><strong>Application polyvalente :<\/strong> Granufert peut \u00eatre \u00e9pandu directement sur le sol ou m\u00e9lang\u00e9 \u00e0 des engrais ferment\u00e9s, ce qui le rend adapt\u00e9 \u00e0 diverses applications.<\/span><\/li>\n<li><span style=\"font-size: 18px;\"><strong>Am\u00e9lioration de la fertilit\u00e9 des sols :<\/strong> Les granul\u00e9s enrob\u00e9s de soufre ont un effet acide qui am\u00e9liore la fertilit\u00e9 du sol et la disponibilit\u00e9 des nutriments.<\/span><\/li>\n<li><span style=\"font-size: 18px;\"><strong>Pr\u00e9sence prolong\u00e9e du sol :<\/strong> L'enrobage au soufre permet \u00e0 Granufert de rester actif dans le sol plus longtemps, ce qui augmente la stabilit\u00e9 et l'efficacit\u00e9.<\/span><\/li>\n<li><span style=\"font-size: 18px;\"><strong>Compos\u00e9 nutritif complet :<\/strong> Granufert contient du magn\u00e9sium pour soutenir la croissance et des \u00e9l\u00e9ments essentiels comme le fer, ce qui garantit une alimentation \u00e9quilibr\u00e9e.<\/span><\/li>\n<\/ul>\n<h3>Composition chimique du Granufert 15-15-15<\/h3>\n<ul>\n<li><span style=\"font-size: 18px;\"><strong>Nutriments primaires :<\/strong> Azote (N), Phosphore (P\u2082O\u2085), Potassium (K\u2082O).<\/span><\/li>\n<li><span style=\"font-size: 18px;\"><strong>Nutriment suppl\u00e9mentaire :<\/strong> Soufre (S).<\/span><\/li>\n<\/ul>\n<h3>Application id\u00e9ale<\/h3>\n<p><strong><span style=\"font-size: 18px;\">Granufert 15-15-15 est id\u00e9al pour :<\/span><\/strong><\/p>\n<ol>\n<li><span style=\"font-size: 18px;\">Paysages verts<\/span><\/li>\n<li><span style=\"font-size: 18px;\">Arbres fruitiers (pommes, amandes, olives, raisins et agrumes)<\/span><\/li>\n<li><span style=\"font-size: 18px;\">Grandes cultures<\/span><\/li>\n<li><span style=\"font-size: 18px;\">Plantes ornementales d'ext\u00e9rieur<\/span><\/li>\n<\/ol>\n<h3 data-start=\"81\" data-end=\"114\">Taux d'application<\/h3>\n<h4 data-start=\"81\" data-end=\"114\"><strong data-start=\"87\" data-end=\"112\">L\u00e9gumes de plein champ<\/strong><\/h4>\n<ul data-start=\"115\" data-end=\"223\">\n<li data-start=\"115\" data-end=\"223\">\n<p data-start=\"117\" data-end=\"223\"><em data-start=\"117\" data-end=\"223\">Utilis\u00e9 comme engrais de pr\u00e9paration r\u00e9pandu sur les lignes avant la plantation de l\u00e9gumes ou lors du labourage.<\/em><\/p>\n<\/li>\n<\/ul>\n<h4 data-start=\"230\" data-end=\"253\"><strong data-start=\"236\" data-end=\"251\">Arbres fruitiers<\/strong><\/h4>\n<ul data-start=\"254\" data-end=\"348\">\n<li data-start=\"254\" data-end=\"348\">\n<p data-start=\"256\" data-end=\"348\"><em data-start=\"256\" data-end=\"348\">1-2 kg\/arbre en fonction de l'\u00e2ge.<\/em><\/p>\n<\/li>\n<\/ul>\n<h4 data-start=\"355\" data-end=\"378\"><strong data-start=\"361\" data-end=\"376\">Grandes cultures<\/strong><\/h4>\n<ul data-start=\"379\" data-end=\"462\">\n<li data-start=\"379\" data-end=\"462\">\n<p data-start=\"381\" data-end=\"462\"><em data-start=\"381\" data-end=\"462\">500 kg\/Ha appliqu\u00e9s pendant la plantation et de nouveau apr\u00e8s le d\u00e9but de la croissance.<\/em><\/p>\n<\/li>\n<\/ul>\n<h4 data-start=\"469\" data-end=\"500\"><strong data-start=\"475\" data-end=\"498\">Plantes ornementales d'ext\u00e9rieur<\/strong><\/h4>\n<ul data-start=\"501\" data-end=\"582\">\n<li data-start=\"501\" data-end=\"582\">\n<p data-start=\"503\" data-end=\"582\"><em data-start=\"503\" data-end=\"582\">25 g\/m\u00b2 \u00e0 ajouter une fois par mois pendant la croissance active.<\/em><\/p>\n<\/li>\n<\/ul>\n<h3>Emballage<\/h3>\n<ul>\n<li><span style=\"font-size: 14pt;\">Sac de 25 kg.<\/span><\/li>\n<li><span style=\"font-size: 14pt;\">Sac de 50 kg.<\/span><\/li>\n<\/ul>\n<p><img loading=\"lazy\" decoding=\"async\" class=\"alignnone size-medium wp-image-16433\" src=\"https:\/\/alqawafel.com\/wp-content\/uploads\/2024\/11\/Granufert-Logo-15-15-15-1-300x300.webp\" alt=\"Granufert 15-15-15\" width=\"300\" height=\"300\" srcset=\"https:\/\/alqawafel.com\/wp-content\/uploads\/2024\/11\/Granufert-Logo-15-15-15-1-300x300.webp 300w, https:\/\/alqawafel.com\/wp-content\/uploads\/2024\/11\/Granufert-Logo-15-15-15-1-150x150.webp 150w, https:\/\/alqawafel.com\/wp-content\/uploads\/2024\/11\/Granufert-Logo-15-15-15-1-768x768.webp 768w, https:\/\/alqawafel.com\/wp-content\/uploads\/2024\/11\/Granufert-Logo-15-15-15-1.webp 1000w\" sizes=\"auto, (max-width: 300px) 100vw, 300px\" \/><\/p>","protected":false},"excerpt":{"rendered":"<p data-start=\"137\" data-end=\"325\"><span style=\"font-size: 14pt;\">Granufert 15-15-15 est une formule \u00e0 parts \u00e9gales d'azote, de phosphore et de potassium, id\u00e9ale pour la croissance des plantes \u00e0 tous les stades et la sant\u00e9 du sol.<\/span><\/p>","protected":false},"featured_media":16433,"comment_status":"open","ping_status":"closed","template":"","meta":{"om_disable_all_campaigns":false,"_monsterinsights_skip_tracking":false,"_monsterinsights_sitenote_active":false,"_monsterinsights_sitenote_note":"","_monsterinsights_sitenote_category":0},"product_brand":[2214],"product_cat":[50,2128],"product_tag":[866,886,463,1969,907,470],"class_list":{"0":"post-10032","1":"product","2":"type-product","3":"status-publish","4":"has-post-thumbnail","6":"product_brand-granufert","7":"product_cat-fertilizers","8":"product_cat-npk-granular-fertilizers","9":"product_tag-al-qawafel-ind-agr-co","10":"product_tag-balanced-nutrients","11":"product_tag-fertilizer","12":"product_tag-granufert-15-15-15","13":"product_tag-long-term-feeding","14":"product_tag-soil-fertility","16":"first","17":"instock","18":"shipping-taxable","19":"product-type-simple"},"aioseo_notices":[],"_links":{"self":[{"href":"https:\/\/alqawafel.com\/fr\/wp-json\/wp\/v2\/product\/10032","targetHints":{"allow":["GET"]}}],"collection":[{"href":"https:\/\/alqawafel.com\/fr\/wp-json\/wp\/v2\/product"}],"about":[{"href":"https:\/\/alqawafel.com\/fr\/wp-json\/wp\/v2\/types\/product"}],"replies":[{"embeddable":true,"href":"https:\/\/alqawafel.com\/fr\/wp-json\/wp\/v2\/comments?post=10032"}],"version-history":[{"count":15,"href":"https:\/\/alqawafel.com\/fr\/wp-json\/wp\/v2\/product\/10032\/revisions"}],"predecessor-version":[{"id":19917,"href":"https:\/\/alqawafel.com\/fr\/wp-json\/wp\/v2\/product\/10032\/revisions\/19917"}],"wp:featuredmedia":[{"embeddable":true,"href":"https:\/\/alqawafel.com\/fr\/wp-json\/wp\/v2\/media\/16433"}],"wp:attachment":[{"href":"https:\/\/alqawafel.com\/fr\/wp-json\/wp\/v2\/media?parent=10032"}],"wp:term":[{"taxonomy":"product_brand","embeddable":true,"href":"https:\/\/alqawafel.com\/fr\/wp-json\/wp\/v2\/product_brand?post=10032"},{"taxonomy":"product_cat","embeddable":true,"href":"https:\/\/alqawafel.com\/fr\/wp-json\/wp\/v2\/product_cat?post=10032"},{"taxonomy":"product_tag","embeddable":true,"href":"https:\/\/alqawafel.com\/fr\/wp-json\/wp\/v2\/product_tag?post=10032"}],"curies":[{"name":"wp","href":"https:\/\/api.w.org\/{rel}","templated":true}]}}