{"id":10038,"date":"2024-11-13T12:39:18","date_gmt":"2024-11-13T12:39:18","guid":{"rendered":"https:\/\/alqawafel.com\/?post_type=product&#038;p=10038"},"modified":"2025-06-24T09:56:00","modified_gmt":"2025-06-24T09:56:00","slug":"nebracid-60","status":"publish","type":"product","link":"https:\/\/alqawafel.com\/fr\/product\/nebracid-60\/","title":{"rendered":"NebrAcid 60% Engrais"},"content":{"rendered":"<h3 class=\"translation-block\"><strong data-start=\"245\" data-end=\"301\">Pourquoi avez-vous choisi <span style=\"font-size : 14pt\">NebrAcid 60% liquid<\/span> fertilizer\"?<\/strong>.<\/h3>\n<p><span style=\"font-size: 14pt\"><strong data-start=\"73\" data-end=\"89\">NebrAcid 60%<\/strong>\u00a0est un engrais liquide pr\u00eat \u00e0 l'emploi \u00e0 forte concentration en phosphore, con\u00e7u pour une application directe afin de r\u00e9pondre aux besoins essentiels en phosphore des plantes.<\/span><br data-start=\"249\" data-end=\"252\" \/><span style=\"font-size: 14pt\">Son absorption rapide du phosphore favorise la croissance des plantes et augmente la productivit\u00e9.<\/span><\/p>\n<p data-start=\"335\" data-end=\"714\"><span style=\"font-size: 14pt\">Gr\u00e2ce \u00e0 son faible pH, NebrAcid 60% aide \u00e0 r\u00e9duire l'acidit\u00e9 de l'eau d'irrigation et du sol, en ouvrant les pores obstru\u00e9s des tuyaux d'irrigation par la salet\u00e9 et les d\u00e9p\u00f4ts de calcium.<\/span><br data-start=\"499\" data-end=\"502\" \/><span style=\"font-size: 14pt\">Il s'agit \u00e9galement d'un produit polyvalent qui favorise la croissance pr\u00e9coce et la floraison pendant la culture, et qui peut \u00eatre utilis\u00e9 avant la plantation pour nettoyer les canaux d'irrigation, garantissant ainsi un \u00e9coulement r\u00e9gulier de l'eau et un apport efficace de nutriments.<\/span><\/p>\n<h3 data-start=\"88\" data-end=\"106\"><strong data-start=\"92\" data-end=\"106\">Application id\u00e9ale<\/strong><\/h3>\n<p><strong><span style=\"font-size: 18px\">Convient \u00e0 l'utilisation dans :<\/span><\/strong><\/p>\n<ol>\n<li><span style=\"font-size: 18px\">Grandes cultures<\/span><\/li>\n<li><span style=\"font-size: 18px\">L\u00e9gumes en plastique pour la maison<\/span><\/li>\n<li><span style=\"font-size: 18px\">L\u00e9gumes de plein champ<\/span><\/li>\n<li><span style=\"font-size: 18px\">Arbres fruitiers<\/span><\/li>\n<\/ol>\n<h3 class=\"translation-block\"><strong data-start=\"245\" data-end=\"301\"><span style=\"font-size : 14pt\">NebrAcid 60% <\/span><\/strong><strong data-start=\"73\" data-end=\"88\">Avantages<\/strong><\/h3>\n<p><span style=\"font-size: 14pt\">- <strong data-start=\"63\" data-end=\"97\">Concentration \u00e9lev\u00e9e en phosphore :<\/strong> Permet une nutrition efficace des plantes, am\u00e9liorant la croissance et la productivit\u00e9.<\/span><br data-start=\"167\" data-end=\"170\" \/><span style=\"font-size: 14pt\">- <strong data-start=\"172\" data-end=\"194\">Faible effet acide :<\/strong> Am\u00e9liore la qualit\u00e9 de l'eau d'irrigation et du sol, augmentant ainsi l'efficacit\u00e9 des nutriments.<\/span><br data-start=\"277\" data-end=\"280\" data-is-only-node=\"\" \/><span style=\"font-size: 14pt\">- <strong data-start=\"282\" data-end=\"313\">Nettoyage des syst\u00e8mes d'irrigation :<\/strong> Elimine les d\u00e9p\u00f4ts de calcium et am\u00e9liore le d\u00e9bit de l'eau pour une meilleure distribution des nutriments.<\/span><br data-start=\"392\" data-end=\"395\" \/><span style=\"font-size: 14pt\">- <strong data-start=\"397\" data-end=\"436\">Soutien aux \u00e9tapes critiques de la croissance :<\/strong> Renforce la croissance pr\u00e9coce et la formation des fleurs, am\u00e9liorant ainsi le rendement des cultures.<\/span><br data-start=\"503\" data-end=\"506\" \/><span style=\"font-size: 14pt\">- <strong data-start=\"508\" data-end=\"534\">Application polyvalente :<\/strong> Convient \u00e0 la fois \u00e0 l'agriculture hydroponique et \u00e0 l'agriculture en terre, ce qui en fait un choix flexible pour les agriculteurs.<\/span><\/p>\n<h3 data-start=\"364\" data-end=\"459\"><strong data-start=\"125\" data-end=\"146\">Taux d'application<\/strong><\/h3>\n<p data-start=\"364\" data-end=\"459\" class=\"translation-block\"><span style=\"font-size : 14pt\">Appliquer \u00e0 un taux de <strong data-start=\"168\" data-end=\"188\">2-3 kg par dunum<\/strong>, en fonction du type de sol et du niveau de pH. <\/span><\/p>\n<h3 data-start=\"364\" data-end=\"459\">Emballage<\/h3>\n<p><span style=\"font-size: 14pt\">25 kg gallon<\/span><\/p>\n<p><img loading=\"lazy\" decoding=\"async\" class=\"alignnone size-medium wp-image-16795\" src=\"https:\/\/alqawafel.com\/wp-content\/uploads\/2024\/11\/NebrAcid-60-LOGO-300x300.webp\" alt=\"NebrAcid 60%\" width=\"300\" height=\"300\" srcset=\"https:\/\/alqawafel.com\/wp-content\/uploads\/2024\/11\/NebrAcid-60-LOGO-300x300.webp 300w, https:\/\/alqawafel.com\/wp-content\/uploads\/2024\/11\/NebrAcid-60-LOGO-150x150.webp 150w, https:\/\/alqawafel.com\/wp-content\/uploads\/2024\/11\/NebrAcid-60-LOGO-768x768.webp 768w, https:\/\/alqawafel.com\/wp-content\/uploads\/2024\/11\/NebrAcid-60-LOGO.webp 1000w\" sizes=\"auto, (max-width: 300px) 100vw, 300px\" \/><\/p>","protected":false},"excerpt":{"rendered":"<p><span style=\"font-size: 18px\">NebrAcid 60% est un engrais liquide \u00e0 haute teneur en phosphore qui am\u00e9liore l'absorption des nutriments, r\u00e9duit le pH du sol et am\u00e9liore la floraison et le rendement des cultures.<\/span><\/p>","protected":false},"featured_media":16795,"comment_status":"open","ping_status":"closed","template":"","meta":{"om_disable_all_campaigns":false,"_monsterinsights_skip_tracking":false,"_monsterinsights_sitenote_active":false,"_monsterinsights_sitenote_note":"","_monsterinsights_sitenote_category":0},"product_brand":[],"product_cat":[50,2134],"product_tag":[866,912,463,913,877,2025,914],"class_list":{"0":"post-10038","1":"product","2":"type-product","3":"status-publish","4":"has-post-thumbnail","6":"product_cat-fertilizers","7":"product_cat-liquid-fertilizers","8":"product_tag-al-qawafel-ind-agr-co","9":"product_tag-fast-absorption","10":"product_tag-fertilizer","11":"product_tag-growth-boost","12":"product_tag-high-phosphorus","13":"product_tag-nebracid-60","14":"product_tag-soil-conditioning","16":"first","17":"instock","18":"shipping-taxable","19":"product-type-simple"},"aioseo_notices":[],"_links":{"self":[{"href":"https:\/\/alqawafel.com\/fr\/wp-json\/wp\/v2\/product\/10038","targetHints":{"allow":["GET"]}}],"collection":[{"href":"https:\/\/alqawafel.com\/fr\/wp-json\/wp\/v2\/product"}],"about":[{"href":"https:\/\/alqawafel.com\/fr\/wp-json\/wp\/v2\/types\/product"}],"replies":[{"embeddable":true,"href":"https:\/\/alqawafel.com\/fr\/wp-json\/wp\/v2\/comments?post=10038"}],"version-history":[{"count":10,"href":"https:\/\/alqawafel.com\/fr\/wp-json\/wp\/v2\/product\/10038\/revisions"}],"predecessor-version":[{"id":19125,"href":"https:\/\/alqawafel.com\/fr\/wp-json\/wp\/v2\/product\/10038\/revisions\/19125"}],"wp:featuredmedia":[{"embeddable":true,"href":"https:\/\/alqawafel.com\/fr\/wp-json\/wp\/v2\/media\/16795"}],"wp:attachment":[{"href":"https:\/\/alqawafel.com\/fr\/wp-json\/wp\/v2\/media?parent=10038"}],"wp:term":[{"taxonomy":"product_brand","embeddable":true,"href":"https:\/\/alqawafel.com\/fr\/wp-json\/wp\/v2\/product_brand?post=10038"},{"taxonomy":"product_cat","embeddable":true,"href":"https:\/\/alqawafel.com\/fr\/wp-json\/wp\/v2\/product_cat?post=10038"},{"taxonomy":"product_tag","embeddable":true,"href":"https:\/\/alqawafel.com\/fr\/wp-json\/wp\/v2\/product_tag?post=10038"}],"curies":[{"name":"wp","href":"https:\/\/api.w.org\/{rel}","templated":true}]}}