{"id":10040,"date":"2024-11-13T12:50:15","date_gmt":"2024-11-13T12:50:15","guid":{"rendered":"https:\/\/alqawafel.com\/?post_type=product&#038;p=10040"},"modified":"2025-07-27T09:48:59","modified_gmt":"2025-07-27T09:48:59","slug":"an-nebras-11-8-6t-e","status":"publish","type":"product","link":"https:\/\/alqawafel.com\/fr\/product\/an-nebras-11-8-6t-e\/","title":{"rendered":"AN-Nebras 11-8-6+T.E. Engrais"},"content":{"rendered":"<h3 data-start=\"255\" data-end=\"296\"><strong data-start=\"259\" data-end=\"296\">Pourquoi choisir AN-Nebras 11-8-6+T.E. ?<\/strong><\/h3>\n<p data-start=\"297\" data-end=\"656\"><span style=\"font-size: 14pt;\">AN-Nebras 11-8-6+T.E. est un engrais liquide de haute qualit\u00e9, formul\u00e9 pour r\u00e9pondre \u00e0 tous les besoins nutritionnels de vos cultures. Il fournit un m\u00e9lange \u00e9quilibr\u00e9 de macro et micro nutriments, enrichi d'acides amin\u00e9s, d'acide fulvique, d'extraits d'algues, d'acides organiques et de vitamines essentielles. Cette puissante combinaison favorise une croissance vigoureuse des plantes et une meilleure qualit\u00e9 des fruits.<\/span><\/p>\n<p data-start=\"658\" data-end=\"883\"><span style=\"font-size: 14pt;\">Avec un pH l\u00e9g\u00e8rement acide (~6 \u00e0 1 g\/L) et une faible conductivit\u00e9 \u00e9lectrique (EC), AN-Nebras assure une absorption optimale des nutriments, m\u00eame dans les sols salins. Il se dissout \u00e9galement facilement, ce qui le rend id\u00e9al pour la fertigation et la pulv\u00e9risation foliaire.<\/span><\/p>\n<h3 data-start=\"885\" data-end=\"901\"><strong data-start=\"889\" data-end=\"901\">Avantages<\/strong><\/h3>\n<ul data-start=\"902\" data-end=\"1405\">\n<li data-start=\"902\" data-end=\"1054\">\n<p data-start=\"904\" data-end=\"1054\"><span style=\"font-size: 14pt;\"><strong data-start=\"906\" data-end=\"929\">Nutrition compl\u00e8te :<\/strong> Contient du NPK (11-8-6), des micro-\u00e9l\u00e9ments ch\u00e9lat\u00e9s (Fe, Zn, Mn, Cu) et des compos\u00e9s organiques tels que des extraits d'algues et des acides amin\u00e9s.<\/span><\/p>\n<\/li>\n<li data-start=\"1055\" data-end=\"1150\">\n<p data-start=\"1057\" data-end=\"1150\"><span style=\"font-size: 14pt;\"><strong data-start=\"1059\" data-end=\"1079\">Am\u00e9lioration de l'absorption :<\/strong> Une l\u00e9g\u00e8re acidit\u00e9 facilite la p\u00e9n\u00e9tration des nutriments dans tous les types de sol.<\/span><\/p>\n<\/li>\n<li data-start=\"1151\" data-end=\"1235\">\n<p data-start=\"1153\" data-end=\"1235\"><span style=\"font-size: 14pt;\"><strong data-start=\"1155\" data-end=\"1173\">Tol\u00e9rance au sel :<\/strong> La faible EC permet de l'utiliser en toute s\u00e9curit\u00e9 dans les sols salins et les zones sujettes au stress.<\/span><\/p>\n<\/li>\n<li data-start=\"1236\" data-end=\"1331\">\n<p data-start=\"1238\" data-end=\"1331\"><span style=\"font-size: 14pt;\"><strong data-start=\"1240\" data-end=\"1265\">Application flexible :<\/strong> Compatible avec les serres, les champs ouverts, les arbres et les plantes ornementales.<\/span><\/p>\n<\/li>\n<li data-start=\"1332\" data-end=\"1405\">\n<p data-start=\"1334\" data-end=\"1405\"><span style=\"font-size: 14pt;\"><strong data-start=\"1336\" data-end=\"1354\">Sans chlorure :<\/strong> Sans danger pour la sant\u00e9 des sols et la vitalit\u00e9 des plantes \u00e0 long terme.<\/span><\/p>\n<\/li>\n<\/ul>\n<h3 data-start=\"1407\" data-end=\"1435\" class=\"translation-block\"><span style=\"font-size : 18px\">Chemical Compos<\/span>ition<\/h3>\n<ul data-start=\"1436\" data-end=\"1801\">\n<li data-start=\"1436\" data-end=\"1538\">\n<p data-start=\"1438\" data-end=\"1462\"><span style=\"font-size: 14pt;\"><strong data-start=\"1438\" data-end=\"1460\">Nutriments primaires :<\/strong><\/span><\/p>\n<ul data-start=\"1465\" data-end=\"1538\">\n<li data-start=\"1465\" data-end=\"1486\">\n<p data-start=\"1467\" data-end=\"1486\"><span style=\"font-size: 14pt;\">Azote (N) : 11%<\/span><\/p>\n<\/li>\n<li data-start=\"1489\" data-end=\"1514\">\n<p data-start=\"1491\" data-end=\"1514\"><span style=\"font-size: 14pt;\">Phosphore (P\u2082O\u2085) : 8%<\/span><\/p>\n<\/li>\n<li data-start=\"1517\" data-end=\"1538\">\n<p data-start=\"1519\" data-end=\"1538\"><span style=\"font-size: 14pt;\">Potassium (K\u2082O) : 6%<\/span><\/p>\n<\/li>\n<\/ul>\n<\/li>\n<li data-start=\"1539\" data-end=\"1649\">\n<p data-start=\"1541\" data-end=\"1595\"><span style=\"font-size: 14pt;\"><strong data-start=\"1541\" data-end=\"1593\">Micronutriments (ch\u00e9lat\u00e9s avec de l'acide citrique EDTA) :<\/strong><\/span><\/p>\n<ul data-start=\"1598\" data-end=\"1649\">\n<li data-start=\"1598\" data-end=\"1649\">\n<p data-start=\"1600\" data-end=\"1649\"><span style=\"font-size: 14pt;\">Fer (Fe), Zinc (Zn), Mangan\u00e8se (Mn), Cuivre (Cu)<\/span><\/p>\n<\/li>\n<\/ul>\n<\/li>\n<li data-start=\"1650\" data-end=\"1801\">\n<p data-start=\"1652\" data-end=\"1676\"><span style=\"font-size: 14pt;\"><strong data-start=\"1652\" data-end=\"1674\">Additifs organiques :<\/strong><\/span><\/p>\n<ul data-start=\"1679\" data-end=\"1801\">\n<li data-start=\"1679\" data-end=\"1740\">\n<p data-start=\"1681\" data-end=\"1740\"><span style=\"font-size: 14pt;\">Extraits d'algues, acides amin\u00e9s, acides organiques, acide fulvique<\/span><\/p>\n<\/li>\n<li data-start=\"1743\" data-end=\"1801\">\n<p data-start=\"1745\" data-end=\"1801\"><span style=\"font-size: 14pt;\">Vitamines : Riboflavine, Pyridoxine, Nicotinamide, Thiamine<\/span><\/p>\n<\/li>\n<\/ul>\n<\/li>\n<\/ul>\n<h3 data-start=\"1803\" data-end=\"1828\"><strong data-start=\"1807\" data-end=\"1828\">Application id\u00e9ale<\/strong><\/h3>\n<ul data-start=\"1829\" data-end=\"2235\">\n<li data-start=\"1829\" data-end=\"1958\">\n<p data-start=\"1831\" data-end=\"1865\"><span style=\"font-size: 14pt;\"><strong data-start=\"1834\" data-end=\"1863\">L\u00e9gumes de maison en plastique :<\/strong><\/span><\/p>\n<ul data-start=\"1868\" data-end=\"1958\">\n<li data-start=\"1868\" data-end=\"1902\">\n<p data-start=\"1870\" data-end=\"1902\"><span style=\"font-size: 14pt;\">Stade pr\u00e9coce : 1,5 kg par 500 m\u00b2<\/span><\/p>\n<\/li>\n<li data-start=\"1905\" data-end=\"1958\">\n<p data-start=\"1907\" data-end=\"1958\"><span style=\"font-size: 14pt;\">Stade avanc\u00e9 : 2-4 kg par 500 m\u00b2 (concentration de 1 g\/L)<\/span><\/p>\n<\/li>\n<\/ul>\n<\/li>\n<li data-start=\"1959\" data-end=\"2015\">\n<p data-start=\"1961\" data-end=\"1992\"><span style=\"font-size: 14pt;\"><strong data-start=\"1964\" data-end=\"1990\">L\u00e9gumes de plein champ :<\/strong><\/span><\/p>\n<ul data-start=\"1995\" data-end=\"2015\">\n<li data-start=\"1995\" data-end=\"2015\">\n<p data-start=\"1997\" data-end=\"2015\"><span style=\"font-size: 14pt;\">2-4 kg par 1000 m\u00b2<\/span><\/p>\n<\/li>\n<\/ul>\n<\/li>\n<li data-start=\"2016\" data-end=\"2091\">\n<p data-start=\"2018\" data-end=\"2039\"><span style=\"font-size: 14pt;\"><strong data-start=\"2021\" data-end=\"2037\">Arbres fruitiers :<\/strong><\/span><\/p>\n<ul data-start=\"2042\" data-end=\"2091\">\n<li data-start=\"2042\" data-end=\"2091\">\n<p data-start=\"2044\" data-end=\"2091\"><span style=\"font-size: 14pt;\">50-150 ml par arbre (selon l'\u00e2ge et l'esp\u00e8ce)<\/span><\/p>\n<\/li>\n<\/ul>\n<\/li>\n<li data-start=\"2092\" data-end=\"2151\">\n<p data-start=\"2094\" data-end=\"2116\"><span style=\"font-size: 14pt;\"><strong data-start=\"2097\" data-end=\"2114\">Pulv\u00e9risation foliaire :<\/strong><\/span><\/p>\n<ul data-start=\"2119\" data-end=\"2151\">\n<li data-start=\"2119\" data-end=\"2151\">\n<p data-start=\"2121\" data-end=\"2151\"><span style=\"font-size: 14pt;\">500-1000 ml pour 200 L d'eau<\/span><\/p>\n<\/li>\n<\/ul>\n<\/li>\n<li data-start=\"2152\" data-end=\"2235\">\n<p data-start=\"2154\" data-end=\"2175\"><span style=\"font-size: 14pt;\"><strong data-start=\"2157\" data-end=\"2173\">Plantes ornementales :<\/strong><\/span><\/p>\n<ul data-start=\"2178\" data-end=\"2235\">\n<li data-start=\"2178\" data-end=\"2235\">\n<p data-start=\"2180\" data-end=\"2235\"><span style=\"font-size: 14pt;\">Convient \u00e0 une utilisation g\u00e9n\u00e9rale par application au sol ou par voie foliaire<\/span><\/p>\n<\/li>\n<\/ul>\n<\/li>\n<\/ul>\n<h3 data-start=\"2237\" data-end=\"2254\"><strong data-start=\"2241\" data-end=\"2254\">Emballage<\/strong><\/h3>\n<p data-start=\"2255\" data-end=\"2307\"><span style=\"font-size: 14pt;\">Disponible en :<\/span><br data-start=\"2268\" data-end=\"2271\" \/><span style=\"font-size: 14pt;\">1 litre | 5 litres | 25 kilogrammes<\/span><\/p>\n<p><img loading=\"lazy\" decoding=\"async\" class=\"alignnone size-medium wp-image-18271\" src=\"https:\/\/alqawafel.com\/wp-content\/uploads\/2024\/11\/AN-Nebras-11-8-6-LOGO-300x300.webp\" alt=\"L&#039;engrais liquide compos\u00e9 AN-Nebras 11-8-6+T.E. est une solution riche en nutriments contenant des acides organiques, des extraits d&#039;algues et des vitamines, qui favorisent la sant\u00e9 des plantes.\" width=\"300\" height=\"300\" srcset=\"https:\/\/alqawafel.com\/wp-content\/uploads\/2024\/11\/AN-Nebras-11-8-6-LOGO-300x300.webp 300w, https:\/\/alqawafel.com\/wp-content\/uploads\/2024\/11\/AN-Nebras-11-8-6-LOGO-150x150.webp 150w, https:\/\/alqawafel.com\/wp-content\/uploads\/2024\/11\/AN-Nebras-11-8-6-LOGO-768x768.webp 768w, https:\/\/alqawafel.com\/wp-content\/uploads\/2024\/11\/AN-Nebras-11-8-6-LOGO.webp 1000w\" sizes=\"auto, (max-width: 300px) 100vw, 300px\" \/><\/p>","protected":false},"excerpt":{"rendered":"<p><span style=\"font-size: 18px;\">L'engrais liquide compos\u00e9 AN-Nebras 11-8-6+T.E. est une solution riche en nutriments contenant des acides organiques, des extraits d'algues et des vitamines, qui favorisent la sant\u00e9 des plantes.<\/span><\/p>","protected":false},"featured_media":18271,"comment_status":"open","ping_status":"closed","template":"","meta":{"om_disable_all_campaigns":false,"_monsterinsights_skip_tracking":false,"_monsterinsights_sitenote_active":false,"_monsterinsights_sitenote_note":"","_monsterinsights_sitenote_category":0},"product_brand":[],"product_cat":[50,2134],"product_tag":[866,915,918,463,917,916,889],"class_list":{"0":"post-10040","1":"product","2":"type-product","3":"status-publish","4":"has-post-thumbnail","6":"product_cat-fertilizers","7":"product_cat-liquid-fertilizers","8":"product_tag-al-qawafel-ind-agr-co","9":"product_tag-an-nebras-11-8-6t-e","10":"product_tag-diverse-soils","11":"product_tag-fertilizer","12":"product_tag-growth-support","13":"product_tag-low-ec","14":"product_tag-nutrient-rich","16":"first","17":"instock","18":"shipping-taxable","19":"product-type-simple"},"aioseo_notices":[],"_links":{"self":[{"href":"https:\/\/alqawafel.com\/fr\/wp-json\/wp\/v2\/product\/10040","targetHints":{"allow":["GET"]}}],"collection":[{"href":"https:\/\/alqawafel.com\/fr\/wp-json\/wp\/v2\/product"}],"about":[{"href":"https:\/\/alqawafel.com\/fr\/wp-json\/wp\/v2\/types\/product"}],"replies":[{"embeddable":true,"href":"https:\/\/alqawafel.com\/fr\/wp-json\/wp\/v2\/comments?post=10040"}],"version-history":[{"count":13,"href":"https:\/\/alqawafel.com\/fr\/wp-json\/wp\/v2\/product\/10040\/revisions"}],"predecessor-version":[{"id":19454,"href":"https:\/\/alqawafel.com\/fr\/wp-json\/wp\/v2\/product\/10040\/revisions\/19454"}],"wp:featuredmedia":[{"embeddable":true,"href":"https:\/\/alqawafel.com\/fr\/wp-json\/wp\/v2\/media\/18271"}],"wp:attachment":[{"href":"https:\/\/alqawafel.com\/fr\/wp-json\/wp\/v2\/media?parent=10040"}],"wp:term":[{"taxonomy":"product_brand","embeddable":true,"href":"https:\/\/alqawafel.com\/fr\/wp-json\/wp\/v2\/product_brand?post=10040"},{"taxonomy":"product_cat","embeddable":true,"href":"https:\/\/alqawafel.com\/fr\/wp-json\/wp\/v2\/product_cat?post=10040"},{"taxonomy":"product_tag","embeddable":true,"href":"https:\/\/alqawafel.com\/fr\/wp-json\/wp\/v2\/product_tag?post=10040"}],"curies":[{"name":"wp","href":"https:\/\/api.w.org\/{rel}","templated":true}]}}