{"id":10052,"date":"2024-11-13T15:02:33","date_gmt":"2024-11-13T15:02:33","guid":{"rendered":"https:\/\/alqawafel.com\/?post_type=product&#038;p=10052"},"modified":"2025-09-18T08:17:01","modified_gmt":"2025-09-18T08:17:01","slug":"micronat-14","status":"publish","type":"product","link":"https:\/\/alqawafel.com\/fr\/product\/micronate-14\/","title":{"rendered":"Micronate 14 Engrais"},"content":{"rendered":"<h3>Pourquoi choisir Micronate 14 ?<\/h3>\n<p><span style=\"font-size: 18px;\">Micronate 14 est un puissant m\u00e9lange de micronutriments ch\u00e9lat\u00e9s - fer, zinc, bore, magn\u00e9sium, mangan\u00e8se et cuivre - qui favorisent une croissance saine des plantes. Ch\u00e9lat\u00e9s avec de l'\u00e9thyl\u00e8ne diamine t\u00e9traac\u00e9tique et de l'acide citrique, ces \u00e9l\u00e9ments sont facilement absorb\u00e9s et permettent de rem\u00e9dier rapidement aux carences courantes, telles que le jaunissement des feuilles. En outre, Micronate 14 contient des acides organiques, des acides amin\u00e9s et des vitamines essentielles qui augmentent la r\u00e9sistance des plantes, favorisent la croissance de nouvelles feuilles et am\u00e9liorent la r\u00e9sistance au gel et aux changements climatiques.<\/span><\/p>\n<p><span style=\"font-size: 18px;\">Il comprend \u00e9galement des additifs et des agents d'\u00e9talement uniques qui maximisent l'absorption des nutriments et la r\u00e9sistance des plantes. Sa polyvalence le rend efficace pour les applications foliaires et au sol, assurant un traitement complet des carences en nutriments.<\/span><\/p>\n<h3>Principaux avantages de l'engrais micronutriments Micronate 14<\/h3>\n<ul>\n<li><span style=\"font-size: 18px;\"><strong>Composition riche en micronutriments :<\/strong> Fournit des \u00e9l\u00e9ments essentiels, notamment le fer, le zinc, le bore, le magn\u00e9sium, le mangan\u00e8se et le cuivre, pour une sant\u00e9 v\u00e9g\u00e9tale \u00e9quilibr\u00e9e.<\/span><\/li>\n<li><span style=\"font-size: 18px;\"><strong>Efficacit\u00e9 d'absorption \u00e9lev\u00e9e :<\/strong> La formulation ch\u00e9lat\u00e9e assure une absorption rapide des nutriments par application foliaire et au sol.<\/span><\/li>\n<li><span style=\"font-size: 18px;\"><strong>Am\u00e9lioration de la r\u00e9sistance des plantes :<\/strong> Am\u00e9liore la r\u00e9sistance au stress environnemental et favorise la croissance de feuilles fra\u00eeches et \u00e9clatantes.<\/span><\/li>\n<li><span style=\"font-size: 18px;\"><strong>Une fertilisation rentable :<\/strong> S'int\u00e8gre parfaitement aux programmes de protection pour une efficacit\u00e9 accrue et des co\u00fbts r\u00e9duits.<\/span><\/li>\n<li><span style=\"font-size: 18px;\"><strong>Correction rapide des carences :<\/strong> Id\u00e9al pour les cultures de courte saison comme les l\u00e9gumes de plein champ qui ont besoin d'un apport rapide en nutriments.<\/span><\/li>\n<\/ul>\n<h3>R\u00f4le des principaux micronutriments dans le micronat 14<\/h3>\n<ul>\n<li><span style=\"font-size: 18px;\"><strong>Fer (Fe) :<\/strong> Active les enzymes, favorise la synth\u00e8se de la chlorophylle et est essentielle \u00e0 la photosynth\u00e8se.<\/span><\/li>\n<li><span style=\"font-size: 18px;\"><strong>Zinc (Zn) :<\/strong> N\u00e9cessaire \u00e0 la synth\u00e8se des prot\u00e9ines, \u00e0 l'activation des enzymes et \u00e0 la stabilit\u00e9 de la chlorophylle.<\/span><\/li>\n<li><span style=\"font-size: 18px;\"><strong>Mangan\u00e8se (Mn) :<\/strong> Joue un r\u00f4le dans la photosynth\u00e8se, la synth\u00e8se des prot\u00e9ines et r\u00e9gule la pression osmotique.<\/span><\/li>\n<li><span style=\"font-size: 18px;\"><strong>Magn\u00e9sium (Mg) :<\/strong> Vitale pour la formation de la chlorophylle et la photosynth\u00e8se.<\/span><\/li>\n<li><span style=\"font-size: 18px;\"><strong>Bore (B) :<\/strong> Favorise le transport des sucres et la structure des parois cellulaires.<\/span><\/li>\n<li><span style=\"font-size: 18px;\"><strong>Cuivre (Cu) :<\/strong> Facilite la synth\u00e8se des prot\u00e9ines et l'activation des enzymes.<\/span><\/li>\n<\/ul>\n<h3>M\u00e9thodes d'application de l'engrais \u00e0 oligo-\u00e9l\u00e9ments Micronate 14<\/h3>\n<ol>\n<li><span style=\"font-size: 18px;\"><strong>Application foliaire pour une absorption rapide des nutriments :<\/strong> Tr\u00e8s efficace pendant les p\u00e9riodes de croissance maximale et pour les cultures de courte dur\u00e9e.<\/span><\/li>\n<li><span style=\"font-size: 18px;\"><strong>Application au sol pour l'absorption par les racines :<\/strong> Id\u00e9al pour assurer la disponibilit\u00e9 des micronutriments dans la zone racinaire.<\/span><\/li>\n<li><span style=\"font-size: 18px;\"><strong>Fertigation pour une distribution uniforme :<\/strong> Convient \u00e0 l'int\u00e9gration dans les syst\u00e8mes d'irrigation pour r\u00e9partir uniform\u00e9ment les nutriments.<\/span><\/li>\n<\/ol>\n<h3>Micronate 14 Application id\u00e9ale<\/h3>\n<ul>\n<li><span style=\"font-size: 18px;\"><strong>L\u00e9gumes (en serre et en plein champ)<\/strong><\/span><\/li>\n<li><span style=\"font-size: 18px;\"><strong>Arbres fruitiers<\/strong><\/span><\/li>\n<li><span style=\"font-size: 18px;\"><strong>Grandes cultures<\/strong><\/span><\/li>\n<li><span style=\"font-size: 18px;\"><strong>Plantes ornementales<\/strong><\/span><\/li>\n<\/ul>\n<h3>Taux d'application<\/h3>\n<p data-start=\"149\" data-end=\"173\"><span style=\"font-size: 14pt;\"><strong data-start=\"149\" data-end=\"171\">Application foliaire<\/strong><\/span><\/p>\n<ul data-start=\"174\" data-end=\"405\">\n<li data-start=\"174\" data-end=\"216\">\n<p data-start=\"176\" data-end=\"216\"><span style=\"font-size: 14pt;\">L\u00e9gumes : 200-250 g \/ 200 L d'eau<\/span><\/p>\n<\/li>\n<li data-start=\"217\" data-end=\"260\">\n<p data-start=\"219\" data-end=\"260\"><span style=\"font-size: 14pt;\">Arbres fruitiers : 250-300 g \/ 200 L d'eau<\/span><\/p>\n<\/li>\n<li data-start=\"330\" data-end=\"358\">\n<p data-start=\"332\" data-end=\"358\"><span style=\"font-size: 14pt;\">Grandes cultures : 1-2 kg \/ ha<\/span><\/p>\n<\/li>\n<li data-start=\"359\" data-end=\"405\">\n<p data-start=\"361\" data-end=\"405\"><span style=\"font-size: 14pt;\">Plantes ornementales : 10-20 g \/ 20 L d'eau<\/span><\/p>\n<\/li>\n<\/ul>\n<p data-start=\"407\" data-end=\"429\"><span style=\"font-size: 14pt;\"><strong data-start=\"407\" data-end=\"427\">Application au sol<\/strong><\/span><\/p>\n<ul data-start=\"430\" data-end=\"658\">\n<li data-start=\"430\" data-end=\"483\">\n<p data-start=\"432\" data-end=\"483\"><span style=\"font-size: 14pt;\">L\u00e9gumes de serre : 250-500 g \/ maison (500 m\u00b2)<\/span><\/p>\n<\/li>\n<li data-start=\"484\" data-end=\"530\">\n<p data-start=\"486\" data-end=\"530\"><span style=\"font-size: 14pt;\">L\u00e9gumes de plein champ : 250-500 g \/ 1000 m\u00b2<\/span><\/p>\n<\/li>\n<li data-start=\"531\" data-end=\"591\">\n<p data-start=\"533\" data-end=\"591\"><span style=\"font-size: 14pt;\">Arbres fruitiers : 50-100 g \/ arbre (selon le type et l'\u00e2ge)<\/span><\/p>\n<\/li>\n<li data-start=\"592\" data-end=\"658\">\n<p data-start=\"594\" data-end=\"658\"><span style=\"font-size: 14pt;\">Banane : 100-200 g \/ 1000 L d'eau d'irrigation toutes les 2-3 semaines<\/span><\/p>\n<\/li>\n<\/ul>\n<p data-start=\"660\" data-end=\"677\"><span style=\"font-size: 14pt;\"><strong data-start=\"660\" data-end=\"675\">Fertigation<\/strong><\/span><\/p>\n<ul data-start=\"678\" data-end=\"743\">\n<li data-start=\"678\" data-end=\"743\">\n<p data-start=\"680\" data-end=\"743\"><span style=\"font-size: 14pt;\">10-20 g \/ 100 L d'eau<\/span><\/p>\n<\/li>\n<\/ul>\n<h3>Composition chimique pour un traitement efficace des carences<\/h3>\n<ul>\n<li><span style=\"font-size: 18px;\"><strong>Fer (Fe 9.3%) :<\/strong> EDTA ch\u00e9lat\u00e9 avec de l'acide citrique<\/span><\/li>\n<li><span style=\"font-size: 18px;\"><strong>Zinc (Zn 0,2) :<\/strong> EDTA ch\u00e9lat\u00e9 avec de l'acide citrique<\/span><\/li>\n<li><span style=\"font-size: 18px;\"><strong>Mangan\u00e8se (Mn 2%) :<\/strong> EDTA ch\u00e9lat\u00e9 avec de l'acide citrique<\/span><\/li>\n<li><span style=\"font-size: 18px;\"><strong>Magn\u00e9sium (Mg 2%) :<\/strong> EDTA ch\u00e9lat\u00e9 avec de l'acide citrique<\/span><\/li>\n<li><span style=\"font-size: 18px;\"><strong>Bore (B)<\/strong><\/span><\/li>\n<li><span style=\"font-size: 18px;\"><strong>Cuivre (Cu 0.15%) :<\/strong> EDTA ch\u00e9lat\u00e9 avec de l'acide citrique<\/span><\/li>\n<li><span style=\"font-size: 18px;\"><strong>Molybd\u00e8ne (Mo 0.1%)<\/strong><\/span><\/li>\n<\/ul>\n<h3>Emballage<\/h3>\n<p><span style=\"font-size: 18px;\">Disponible en sacs de 1 kg et de 5 kg, Micronate 14 offre des options d'emballage pratiques pour r\u00e9pondre \u00e0 divers besoins agricoles.<\/span><\/p>\n<p><img loading=\"lazy\" decoding=\"async\" class=\"alignnone size-medium wp-image-17030\" src=\"https:\/\/alqawafel.com\/wp-content\/uploads\/2024\/11\/Micronate-14-.logo_-300x300.webp\" alt=\"Micronat 14 \" width=\"300\" height=\"300\" srcset=\"https:\/\/alqawafel.com\/wp-content\/uploads\/2024\/11\/Micronate-14-.logo_-300x300.webp 300w, https:\/\/alqawafel.com\/wp-content\/uploads\/2024\/11\/Micronate-14-.logo_-150x150.webp 150w, https:\/\/alqawafel.com\/wp-content\/uploads\/2024\/11\/Micronate-14-.logo_-768x768.webp 768w, https:\/\/alqawafel.com\/wp-content\/uploads\/2024\/11\/Micronate-14-.logo_.webp 1000w\" sizes=\"auto, (max-width: 300px) 100vw, 300px\" \/><\/p>","protected":false},"excerpt":{"rendered":"<p><span style=\"font-size: 18px;\">Micronate 14 est un engrais complet \u00e0 base d'oligo-\u00e9l\u00e9ments ch\u00e9lat\u00e9s, con\u00e7u pour am\u00e9liorer la r\u00e9sistance des plantes et traiter efficacement les carences en oligo-\u00e9l\u00e9ments.<\/span><\/p>","protected":false},"featured_media":17030,"comment_status":"open","ping_status":"closed","template":"","meta":{"om_disable_all_campaigns":false,"_monsterinsights_skip_tracking":false,"_monsterinsights_sitenote_active":false,"_monsterinsights_sitenote_note":"","_monsterinsights_sitenote_category":0},"product_brand":[2216],"product_cat":[50,2135],"product_tag":[866,924,926,463,930,928,929],"class_list":{"0":"post-10052","1":"product","2":"type-product","3":"status-publish","4":"has-post-thumbnail","6":"product_brand-micronate","7":"product_cat-fertilizers","8":"product_cat-micro-nutrients-fertilizers","9":"product_tag-al-qawafel-ind-agr-co","10":"product_tag-chelated-micronutrients","11":"product_tag-deficiency-correction","12":"product_tag-fertilizer","13":"product_tag-foliar-soil","14":"product_tag-micronate-14","15":"product_tag-plant-resilience","17":"first","18":"instock","19":"shipping-taxable","20":"product-type-simple"},"aioseo_notices":[],"_links":{"self":[{"href":"https:\/\/alqawafel.com\/fr\/wp-json\/wp\/v2\/product\/10052","targetHints":{"allow":["GET"]}}],"collection":[{"href":"https:\/\/alqawafel.com\/fr\/wp-json\/wp\/v2\/product"}],"about":[{"href":"https:\/\/alqawafel.com\/fr\/wp-json\/wp\/v2\/types\/product"}],"replies":[{"embeddable":true,"href":"https:\/\/alqawafel.com\/fr\/wp-json\/wp\/v2\/comments?post=10052"}],"version-history":[{"count":6,"href":"https:\/\/alqawafel.com\/fr\/wp-json\/wp\/v2\/product\/10052\/revisions"}],"predecessor-version":[{"id":19969,"href":"https:\/\/alqawafel.com\/fr\/wp-json\/wp\/v2\/product\/10052\/revisions\/19969"}],"wp:featuredmedia":[{"embeddable":true,"href":"https:\/\/alqawafel.com\/fr\/wp-json\/wp\/v2\/media\/17030"}],"wp:attachment":[{"href":"https:\/\/alqawafel.com\/fr\/wp-json\/wp\/v2\/media?parent=10052"}],"wp:term":[{"taxonomy":"product_brand","embeddable":true,"href":"https:\/\/alqawafel.com\/fr\/wp-json\/wp\/v2\/product_brand?post=10052"},{"taxonomy":"product_cat","embeddable":true,"href":"https:\/\/alqawafel.com\/fr\/wp-json\/wp\/v2\/product_cat?post=10052"},{"taxonomy":"product_tag","embeddable":true,"href":"https:\/\/alqawafel.com\/fr\/wp-json\/wp\/v2\/product_tag?post=10052"}],"curies":[{"name":"wp","href":"https:\/\/api.w.org\/{rel}","templated":true}]}}