{"id":10060,"date":"2024-11-13T16:11:47","date_gmt":"2024-11-13T16:11:47","guid":{"rendered":"https:\/\/alqawafel.com\/?post_type=product&#038;p=10060"},"modified":"2025-07-09T09:46:41","modified_gmt":"2025-07-09T09:46:41","slug":"micronate-cu-15","status":"publish","type":"product","link":"https:\/\/alqawafel.com\/fr\/product\/micronate-cu-15\/","title":{"rendered":"Micronate Cu 15% Engrais"},"content":{"rendered":"<h3>Pourquoi choisir Micronate Cu 15% ?<\/h3>\n<p><span style=\"font-size: 18px;\">Micronate Cu 15% est un engrais \u00e0 base de cuivre hautement concentr\u00e9 et chimiquement pur, con\u00e7u pour rem\u00e9dier rapidement et efficacement aux carences en cuivre. Cette formulation renforce les fonctions biochimiques du cuivre, en particulier en soutenant la photosynth\u00e8se et l'activation des enzymes. Lorsque des sympt\u00f4mes de carence apparaissent, il est recommand\u00e9 d'utiliser Micronate Cu 15% imm\u00e9diatement, et de r\u00e9p\u00e9ter le traitement toutes les 1 \u00e0 2 semaines si les sympt\u00f4mes persistent.<\/span><\/p>\n<h3>Principaux avantages de l'engrais au cuivre Micronate Cu 15%<\/h3>\n<ul>\n<li><span style=\"font-size: 18px;\"><strong>Cuivre \u00e0 haute concentration :<\/strong> Fournit une source puissante de cuivre pour corriger efficacement les carences.<\/span><\/li>\n<li><span style=\"font-size: 18px;\"><strong>Am\u00e9lioration du soutien \u00e0 la photosynth\u00e8se :<\/strong> Favorise le processus de photosynth\u00e8se, assurant aux plantes l'\u00e9nergie n\u00e9cessaire \u00e0 leur croissance.<\/span><\/li>\n<li><span style=\"font-size: 18px;\"><strong>Am\u00e9liore la stabilit\u00e9 de la chlorophylle :<\/strong> R\u00e9duit la d\u00e9gradation pr\u00e9coce de la chlorophylle, aidant les plantes \u00e0 conserver des feuilles \u00e9clatantes et saines.<\/span><\/li>\n<li><span style=\"font-size: 18px;\"><strong>Une solution rapide :<\/strong> Id\u00e9al pour la correction rapide des carences en cuivre, en particulier lorsque les signes de carence deviennent visibles.<\/span><\/li>\n<\/ul>\n<h3>Le r\u00f4le du cuivre dans la sant\u00e9 des plantes<\/h3>\n<p><span style=\"font-size: 18px;\">Le cuivre est essentiel pour plusieurs processus biochimiques dans les plantes :<\/span><\/p>\n<ul>\n<li><span style=\"font-size: 18px;\"><strong>Synth\u00e8se des prot\u00e9ines :<\/strong> Favorise la formation de prot\u00e9ines, essentielles \u00e0 la croissance et \u00e0 la r\u00e9paration des plantes.<\/span><\/li>\n<li><span style=\"font-size: 18px;\"><strong>Activation enzymatique :<\/strong> Active les enzymes impliqu\u00e9es dans la photosynth\u00e8se et d'autres fonctions m\u00e9taboliques.<\/span><\/li>\n<li><span style=\"font-size: 18px;\"><strong>Stabilit\u00e9 de la chlorophylle :<\/strong> Aide \u00e0 pr\u00e9venir la d\u00e9gradation pr\u00e9coce de la chlorophylle, pr\u00e9servant ainsi la sant\u00e9 et la couleur des feuilles.<\/span><\/li>\n<\/ul>\n<h3 class=\"translation-block\"><span style=\"font-size : 18px\">Chemical Compos<\/span>ition<\/h3>\n<ul>\n<li><span style=\"font-size: 18px;\"><strong>Cuivre (Cu) :<\/strong> 15% (EDTA ch\u00e9lat\u00e9 avec de l'acide citrique)<\/span><\/li>\n<\/ul>\n<h3>Application id\u00e9ale<\/h3>\n<ul>\n<li data-start=\"314\" data-end=\"348\">\n<p data-start=\"316\" data-end=\"348\"><span style=\"font-size: 14pt;\"><strong data-start=\"316\" data-end=\"331\">Arbres fruitiers<\/strong> (par exemple, agrumes)<\/span><\/p>\n<\/li>\n<li data-start=\"349\" data-end=\"394\">\n<p data-start=\"351\" data-end=\"394\"><span style=\"font-size: 14pt;\"><strong data-start=\"351\" data-end=\"365\">L\u00e9gumes<\/strong> (prot\u00e9g\u00e9 et en plein champ)<\/span><\/p>\n<\/li>\n<li data-start=\"395\" data-end=\"516\">\n<p data-start=\"397\" data-end=\"516\"><span style=\"font-size: 14pt;\"><strong data-start=\"397\" data-end=\"412\">Grandes cultures<\/strong> et <strong data-start=\"417\" data-end=\"438\">plantes ornementales<\/strong><\/span><\/p>\n<\/li>\n<\/ul>\n<h3>Taux d'application<\/h3>\n<p><span style=\"font-size: 14pt;\">200-250 g pour 200 litres d'eau.<\/span><\/p>\n<h3>Emballage<\/h3>\n<p><span style=\"font-size: 18px;\">Micronate Cu 15% est disponible en sacs de 1 kg, adapt\u00e9s \u00e0 une application pr\u00e9cise pour traiter les carences en cuivre.<\/span><\/p>\n<p><img loading=\"lazy\" decoding=\"async\" class=\"alignnone size-medium wp-image-18735\" src=\"https:\/\/alqawafel.com\/wp-content\/uploads\/2024\/11\/Micronatr-CU-15-300x300.webp\" alt=\"Micronate Cu 15% (EDTA Acide Citrique) est un engrais \u00e0 base de cuivre de haute puret\u00e9 qui favorise la photosynth\u00e8se, l&#039;activation des enzymes et la stabilit\u00e9 de la chlorophylle chez les plantes.\" width=\"300\" height=\"300\" \/><\/p>","protected":false},"excerpt":{"rendered":"<p><span style=\"font-size: 18px;\">Micronate Cu 15% (EDTA Acide Citrique) est un engrais \u00e0 base de cuivre de haute puret\u00e9 qui favorise la photosynth\u00e8se, l'activation des enzymes et la stabilit\u00e9 de la chlorophylle chez les plantes.<\/span><\/p>","protected":false},"featured_media":0,"comment_status":"open","ping_status":"closed","template":"","meta":{"om_disable_all_campaigns":false,"_monsterinsights_skip_tracking":false,"_monsterinsights_sitenote_active":false,"_monsterinsights_sitenote_note":"","_monsterinsights_sitenote_category":0},"product_brand":[2216],"product_cat":[50,2135],"product_tag":[866,939,940,941,463,930,935,938,937],"class_list":{"0":"post-10060","1":"product","2":"type-product","3":"status-publish","5":"product_brand-micronate","6":"product_cat-fertilizers","7":"product_cat-micro-nutrients-fertilizers","8":"product_tag-al-qawafel-ind-agr-co","9":"product_tag-chlorophyll-support","10":"product_tag-copper-deficiency","11":"product_tag-enzyme-activation","12":"product_tag-fertilizer","13":"product_tag-foliar-soil","14":"product_tag-fruit-quality","15":"product_tag-high-copper-concentration","16":"product_tag-micronate-cu-15","18":"first","19":"instock","20":"shipping-taxable","21":"product-type-simple"},"aioseo_notices":[],"_links":{"self":[{"href":"https:\/\/alqawafel.com\/fr\/wp-json\/wp\/v2\/product\/10060","targetHints":{"allow":["GET"]}}],"collection":[{"href":"https:\/\/alqawafel.com\/fr\/wp-json\/wp\/v2\/product"}],"about":[{"href":"https:\/\/alqawafel.com\/fr\/wp-json\/wp\/v2\/types\/product"}],"replies":[{"embeddable":true,"href":"https:\/\/alqawafel.com\/fr\/wp-json\/wp\/v2\/comments?post=10060"}],"version-history":[{"count":7,"href":"https:\/\/alqawafel.com\/fr\/wp-json\/wp\/v2\/product\/10060\/revisions"}],"predecessor-version":[{"id":19349,"href":"https:\/\/alqawafel.com\/fr\/wp-json\/wp\/v2\/product\/10060\/revisions\/19349"}],"wp:attachment":[{"href":"https:\/\/alqawafel.com\/fr\/wp-json\/wp\/v2\/media?parent=10060"}],"wp:term":[{"taxonomy":"product_brand","embeddable":true,"href":"https:\/\/alqawafel.com\/fr\/wp-json\/wp\/v2\/product_brand?post=10060"},{"taxonomy":"product_cat","embeddable":true,"href":"https:\/\/alqawafel.com\/fr\/wp-json\/wp\/v2\/product_cat?post=10060"},{"taxonomy":"product_tag","embeddable":true,"href":"https:\/\/alqawafel.com\/fr\/wp-json\/wp\/v2\/product_tag?post=10060"}],"curies":[{"name":"wp","href":"https:\/\/api.w.org\/{rel}","templated":true}]}}