{"id":10071,"date":"2024-11-13T16:45:59","date_gmt":"2024-11-13T16:45:59","guid":{"rendered":"https:\/\/alqawafel.com\/?post_type=product&#038;p=10071"},"modified":"2025-08-04T10:13:36","modified_gmt":"2025-08-04T10:13:36","slug":"micronate-mn-13","status":"publish","type":"product","link":"https:\/\/alqawafel.com\/fr\/product\/micronate-mn-13\/","title":{"rendered":"Micronate Mn 13% Engrais"},"content":{"rendered":"<div class=\"flex-shrink-0 flex flex-col relative items-end\">\n<div class=\"pt-0\">\n<div class=\"gizmo-bot-avatar flex h-8 w-8 items-center justify-center overflow-hidden rounded-full\">\n<h3>Pourquoi choisir Micronate Mn 13% ?<\/h3>\n<p><span style=\"font-size: 18px;\">Micronate Mn 13% est un engrais \u00e0 base de mangan\u00e8se sp\u00e9cifiquement formul\u00e9 pour soutenir le r\u00f4le biochimique du mangan\u00e8se dans les plantes, en particulier pendant la photosynth\u00e8se. En augmentant l'activit\u00e9 photosynth\u00e9tique, Micronate Mn 13% favorise des cultures plus saines et plus productives. Ce produit permet \u00e9galement de pr\u00e9venir et de traiter efficacement les maladies caus\u00e9es par une carence en mangan\u00e8se, comme la maladie de la mosa\u00efque des veines jaunes, qui affecte souvent les cultures fruiti\u00e8res et herbac\u00e9es.<\/span><\/p>\n<h3>Principaux avantages de l'engrais au mangan\u00e8se Micronate Mn 13%<\/h3>\n<ul>\n<li><span style=\"font-size: 18px;\"><strong>Am\u00e9lioration du soutien \u00e0 la photosynth\u00e8se :<\/strong> Stimule la photosynth\u00e8se, ce qui permet d'am\u00e9liorer la production d'\u00e9nergie et d'augmenter les rendements.<\/span><\/li>\n<li><span style=\"font-size: 18px;\"><strong>Traitement efficace des carences :<\/strong> Traite les sympt\u00f4mes associ\u00e9s \u00e0 la carence en mangan\u00e8se et favorise la sant\u00e9 des plantes.<\/span><\/li>\n<li><span style=\"font-size: 18px;\"><strong>Soutien aux fonctions essentielles de l'usine :<\/strong> Joue un r\u00f4le cl\u00e9 dans la synth\u00e8se de la chlorophylle, l'activit\u00e9 enzymatique et la r\u00e9gulation de l'osmose.<\/span><\/li>\n<\/ul>\n<h3>Le r\u00f4le du mangan\u00e8se dans la sant\u00e9 des plantes<\/h3>\n<ul>\n<li><span style=\"font-size: 18px;\"><strong>Photosynth\u00e8se :<\/strong> Vitale pour le processus de photosynth\u00e8se, elle contribue \u00e0 la production d'\u00e9nergie.<\/span><\/li>\n<li><span style=\"font-size: 18px;\"><strong>Synth\u00e8se de la chlorophylle :<\/strong> Favorise la formation de chlorophylle, contribuant \u00e0 des feuilles vertes et saines.<\/span><\/li>\n<li><span style=\"font-size: 18px;\"><strong>R\u00e9gulation de l'osmose :<\/strong> Aide \u00e0 r\u00e9guler la pression d'osmose \u00e0 l'int\u00e9rieur des cellules v\u00e9g\u00e9tales, favorisant ainsi le transport des nutriments.<\/span><\/li>\n<li><span style=\"font-size: 18px;\"><strong>R\u00e9actions enzymatiques :<\/strong> Participe \u00e0 l'activation de diverses enzymes n\u00e9cessaires \u00e0 la croissance et au m\u00e9tabolisme des plantes.<\/span><\/li>\n<\/ul>\n<h3>Application id\u00e9ale<\/h3>\n<ol>\n<li><span style=\"font-size: 18px;\"><strong>L\u00e9gumes sous abri plastique et l\u00e9gumes de plein champ<\/strong><\/span><\/li>\n<li><span style=\"font-size: 18px;\"><strong>Arbres fruitiers<\/strong><\/span><\/li>\n<li><span style=\"font-size: 18px;\"><strong>Grandes cultures<\/strong><\/span><\/li>\n<li><strong><span style=\"font-size: 14pt;\">Plantes ornementales<\/span><\/strong><\/li>\n<\/ol>\n<h3>Taux d'application<\/h3>\n<p><span style=\"font-size: 14pt;\">Taux g\u00e9n\u00e9ral d'application foliaire : 200-250 g \/ 200 L d'eau<\/span><\/p>\n<h3>Emballage<\/h3>\n<p><span style=\"font-size: 18px;\">Micronate Mn 13% est disponible en sacs de 1 kg et de 5 kg, ce qui permet de r\u00e9pondre aux diff\u00e9rents besoins agricoles.<\/span><\/p>\n<\/div>\n<\/div>\n<\/div>\n<p><img loading=\"lazy\" decoding=\"async\" class=\"alignnone size-medium wp-image-16997\" src=\"https:\/\/alqawafel.com\/wp-content\/uploads\/2024\/11\/Micronate-Manganese-Mn-13-300x300.webp\" alt=\"Micronate Mn 13% \" width=\"300\" height=\"300\" srcset=\"https:\/\/alqawafel.com\/wp-content\/uploads\/2024\/11\/Micronate-Manganese-Mn-13-300x300.webp 300w, https:\/\/alqawafel.com\/wp-content\/uploads\/2024\/11\/Micronate-Manganese-Mn-13-150x150.webp 150w, https:\/\/alqawafel.com\/wp-content\/uploads\/2024\/11\/Micronate-Manganese-Mn-13-768x768.webp 768w, https:\/\/alqawafel.com\/wp-content\/uploads\/2024\/11\/Micronate-Manganese-Mn-13.webp 1000w\" sizes=\"auto, (max-width: 300px) 100vw, 300px\" \/><\/p>\n<div id=\"hzImgLoader\" class=\"imgError\" style=\"width: auto; height: auto; line-height: 0px; overflow: hidden; padding: 0px; margin: 4px; position: absolute; z-index: 2147483647; border-radius: 4px; background-color: #ed0707; border: 4px solid #ed0707;\"><\/div>","protected":false},"excerpt":{"rendered":"<p><span style=\"font-size: 18px;\">Micronate Mn 13% (EDTA Citric Acid) est un engrais \u00e0 base de mangan\u00e8se qui favorise la photosynth\u00e8se et pr\u00e9vient les maladies li\u00e9es \u00e0 la carence en mangan\u00e8se.<\/span><\/p>","protected":false},"featured_media":16997,"comment_status":"open","ping_status":"closed","template":"","meta":{"om_disable_all_campaigns":false,"_monsterinsights_skip_tracking":false,"_monsterinsights_sitenote_active":false,"_monsterinsights_sitenote_note":"","_monsterinsights_sitenote_category":0},"product_brand":[2216],"product_cat":[50,2135],"product_tag":[866,954,463,930,935,951,953,952],"class_list":{"0":"post-10071","1":"product","2":"type-product","3":"status-publish","4":"has-post-thumbnail","6":"product_brand-micronate","7":"product_cat-fertilizers","8":"product_cat-micro-nutrients-fertilizers","9":"product_tag-al-qawafel-ind-agr-co","10":"product_tag-chlorophyll-synthesis","11":"product_tag-fertilizer","12":"product_tag-foliar-soil","13":"product_tag-fruit-quality","14":"product_tag-high-manganese","15":"product_tag-manganese-boost","16":"product_tag-photosynthesis-support","18":"first","19":"instock","20":"shipping-taxable","21":"product-type-simple"},"aioseo_notices":[],"_links":{"self":[{"href":"https:\/\/alqawafel.com\/fr\/wp-json\/wp\/v2\/product\/10071","targetHints":{"allow":["GET"]}}],"collection":[{"href":"https:\/\/alqawafel.com\/fr\/wp-json\/wp\/v2\/product"}],"about":[{"href":"https:\/\/alqawafel.com\/fr\/wp-json\/wp\/v2\/types\/product"}],"replies":[{"embeddable":true,"href":"https:\/\/alqawafel.com\/fr\/wp-json\/wp\/v2\/comments?post=10071"}],"version-history":[{"count":8,"href":"https:\/\/alqawafel.com\/fr\/wp-json\/wp\/v2\/product\/10071\/revisions"}],"predecessor-version":[{"id":19474,"href":"https:\/\/alqawafel.com\/fr\/wp-json\/wp\/v2\/product\/10071\/revisions\/19474"}],"wp:featuredmedia":[{"embeddable":true,"href":"https:\/\/alqawafel.com\/fr\/wp-json\/wp\/v2\/media\/16997"}],"wp:attachment":[{"href":"https:\/\/alqawafel.com\/fr\/wp-json\/wp\/v2\/media?parent=10071"}],"wp:term":[{"taxonomy":"product_brand","embeddable":true,"href":"https:\/\/alqawafel.com\/fr\/wp-json\/wp\/v2\/product_brand?post=10071"},{"taxonomy":"product_cat","embeddable":true,"href":"https:\/\/alqawafel.com\/fr\/wp-json\/wp\/v2\/product_cat?post=10071"},{"taxonomy":"product_tag","embeddable":true,"href":"https:\/\/alqawafel.com\/fr\/wp-json\/wp\/v2\/product_tag?post=10071"}],"curies":[{"name":"wp","href":"https:\/\/api.w.org\/{rel}","templated":true}]}}