{"id":10084,"date":"2024-11-13T18:36:38","date_gmt":"2024-11-13T18:36:38","guid":{"rendered":"https:\/\/alqawafel.com\/?post_type=product&#038;p=10084"},"modified":"2025-07-06T09:45:29","modified_gmt":"2025-07-06T09:45:29","slug":"bona-beta","status":"publish","type":"product","link":"https:\/\/alqawafel.com\/fr\/product\/bona-beta\/","title":{"rendered":"BONA BETA"},"content":{"rendered":"<div class=\"flex-shrink-0 flex flex-col relative items-end\">\n<div class=\"pt-0\">\n<div class=\"gizmo-bot-avatar flex h-8 w-8 items-center justify-center overflow-hidden rounded-full\">\n<h4><strong>Pourquoi choisir BONA BETA ?<\/strong><\/h4>\n<p><span style=\"font-size: 18px;\">BONA BETA est un r\u00e9gulateur de croissance efficace qui stimule la nouaison et le grossissement des fruits dans une large gamme de cultures, notamment les tomates, les aubergines, les courges, les poivrons, les concombres, les haricots et les fraises. Vous pouvez l'appliquer \u00e0 la fois en serre et en plein champ, o\u00f9 elle renforce les processus de croissance naturelle pendant la phase cruciale de la floraison. En utilisant BONA BETA, vous aidez activement vos cultures \u00e0 obtenir des rendements sains et abondants.<\/span><\/p>\n<h3><strong>Principaux avantages<\/strong><\/h3>\n<ul>\n<li><span style=\"font-size: 18px;\"><strong>Am\u00e9liore la nouaison des fruits :<\/strong> Favorise activement le d\u00e9veloppement des fruits, garantissant des rendements plus \u00e9lev\u00e9s pour diverses cultures.<\/span><\/li>\n<li><span style=\"font-size: 18px;\"><strong>Am\u00e9liore la taille des fruits :<\/strong> Il favorise le grossissement des fruits, aidant les cultures \u00e0 atteindre leur taille et leur qualit\u00e9 optimales.<\/span><\/li>\n<li><span style=\"font-size: 18px;\"><strong>Application polyvalente :<\/strong> Avec des applications efficaces \u00e0 la fois en serre et en plein champ, il est id\u00e9al pour les tomates, aubergines, courges, poivrons, concombres, haricots et fraises.<\/span><\/li>\n<\/ul>\n<h3><strong>Composition des <\/strong><strong>BONA BETA<\/strong><\/h3>\n<ul>\n<li><span style=\"font-size: 18px;\"><strong>Ingr\u00e9dient actif :<\/strong> Acide b\u00eata-naphtoxy-ac\u00e9tique 50 g\/L<\/span><\/li>\n<\/ul>\n<h3><strong>Application id\u00e9ale\u00a0<\/strong><\/h3>\n<ul>\n<li data-start=\"70\" data-end=\"82\">\n<p data-start=\"72\" data-end=\"82\"><span style=\"font-size: 14pt;\">Tomates<\/span><\/p>\n<\/li>\n<li data-start=\"83\" data-end=\"96\">\n<p data-start=\"85\" data-end=\"96\"><span style=\"font-size: 14pt;\">Aubergines<\/span><\/p>\n<\/li>\n<li data-start=\"97\" data-end=\"109\">\n<p data-start=\"99\" data-end=\"109\"><span style=\"font-size: 14pt;\">Courges<\/span><\/p>\n<\/li>\n<li data-start=\"110\" data-end=\"121\">\n<p data-start=\"112\" data-end=\"121\"><span style=\"font-size: 14pt;\">Poivrons<\/span><\/p>\n<\/li>\n<li data-start=\"122\" data-end=\"135\">\n<p data-start=\"124\" data-end=\"135\"><span style=\"font-size: 14pt;\">Concombres<\/span><\/p>\n<\/li>\n<li data-start=\"136\" data-end=\"145\">\n<p data-start=\"138\" data-end=\"145\"><span style=\"font-size: 14pt;\">Haricots<\/span><\/p>\n<\/li>\n<li data-start=\"146\" data-end=\"162\">\n<p data-start=\"148\" data-end=\"162\"><span style=\"font-size: 14pt;\">Fraises<\/span><\/p>\n<\/li>\n<\/ul>\n<h3>Taux d'application<\/h3>\n<ul>\n<li data-start=\"188\" data-end=\"223\">\n<p data-start=\"190\" data-end=\"223\"><span style=\"font-size: 14pt;\"><strong data-start=\"190\" data-end=\"221\">2-4 ml pour 1 litre d'eau<\/strong><\/span><\/p>\n<\/li>\n<li data-start=\"224\" data-end=\"299\">\n<p data-start=\"226\" data-end=\"299\" class=\"translation-block\"><span style=\"font-size : 14pt\">Appliquez pendant la <strong data-start=\"243\" data-end=\"263\">phase de floraison<\/strong> et aux <strong data-start=\"271\" data-end=\"298\">heures plus fra\u00eeches de la journ\u00e9e<\/strong>.<\/span>.<\/p>\n<\/li>\n<\/ul>\n<h3><strong>Emballage<\/strong><\/h3>\n<ul>\n<li><span style=\"font-size: 18px;\"><strong>Flacons de 100 ml<\/strong><\/span><\/li>\n<\/ul>\n<p><img loading=\"lazy\" decoding=\"async\" class=\"alignnone size-medium wp-image-17071\" src=\"https:\/\/alqawafel.com\/wp-content\/uploads\/2024\/11\/\u0628\u0648\u0646\u0627-\u0628\u064a\u062a\u0627-LOGO-300x300.webp\" alt=\"BONA BETA\" width=\"300\" height=\"300\" srcset=\"\" sizes=\"auto, (max-width: 300px) 100vw, 300px\" data-srcset=\"\" \/><\/p>\n<\/div>\n<\/div>\n<\/div>\n<div id=\"hzImgLoader\" class=\"imgError\" style=\"width: auto; height: auto; line-height: 0px; overflow: hidden; padding: 0px; margin: 4px; position: absolute; z-index: 2147483647; border-radius: 4px; background-color: #ed0707; border: 4px solid #ed0707;\"><\/div>","protected":false},"excerpt":{"rendered":"<p><span style=\"font-size: 18px;\">BONA BETA est un r\u00e9gulateur de croissance v\u00e9g\u00e9tale qui favorise la nouaison et le grossissement des fruits, id\u00e9al pour les cultures en serre et en plein champ.<\/span><\/p>","protected":false},"featured_media":17071,"comment_status":"open","ping_status":"closed","template":"","meta":{"om_disable_all_campaigns":false,"_monsterinsights_skip_tracking":false,"_monsterinsights_sitenote_active":false,"_monsterinsights_sitenote_note":"","_monsterinsights_sitenote_category":0},"product_brand":[],"product_cat":[50,2139],"product_tag":[866,968,463,971,970,972,969],"class_list":{"0":"post-10084","1":"product","2":"type-product","3":"status-publish","4":"has-post-thumbnail","6":"product_cat-fertilizers","7":"product_cat-plant-growth-regulator","8":"product_tag-al-qawafel-ind-agr-co","9":"product_tag-bona-beta","10":"product_tag-fertilizer","11":"product_tag-fruit-enlargement","12":"product_tag-fruit-setting","13":"product_tag-greenhouse-field","14":"product_tag-growth-regulator","16":"first","17":"instock","18":"shipping-taxable","19":"product-type-simple"},"aioseo_notices":[],"_links":{"self":[{"href":"https:\/\/alqawafel.com\/fr\/wp-json\/wp\/v2\/product\/10084","targetHints":{"allow":["GET"]}}],"collection":[{"href":"https:\/\/alqawafel.com\/fr\/wp-json\/wp\/v2\/product"}],"about":[{"href":"https:\/\/alqawafel.com\/fr\/wp-json\/wp\/v2\/types\/product"}],"replies":[{"embeddable":true,"href":"https:\/\/alqawafel.com\/fr\/wp-json\/wp\/v2\/comments?post=10084"}],"version-history":[{"count":14,"href":"https:\/\/alqawafel.com\/fr\/wp-json\/wp\/v2\/product\/10084\/revisions"}],"predecessor-version":[{"id":19360,"href":"https:\/\/alqawafel.com\/fr\/wp-json\/wp\/v2\/product\/10084\/revisions\/19360"}],"wp:featuredmedia":[{"embeddable":true,"href":"https:\/\/alqawafel.com\/fr\/wp-json\/wp\/v2\/media\/17071"}],"wp:attachment":[{"href":"https:\/\/alqawafel.com\/fr\/wp-json\/wp\/v2\/media?parent=10084"}],"wp:term":[{"taxonomy":"product_brand","embeddable":true,"href":"https:\/\/alqawafel.com\/fr\/wp-json\/wp\/v2\/product_brand?post=10084"},{"taxonomy":"product_cat","embeddable":true,"href":"https:\/\/alqawafel.com\/fr\/wp-json\/wp\/v2\/product_cat?post=10084"},{"taxonomy":"product_tag","embeddable":true,"href":"https:\/\/alqawafel.com\/fr\/wp-json\/wp\/v2\/product_tag?post=10084"}],"curies":[{"name":"wp","href":"https:\/\/api.w.org\/{rel}","templated":true}]}}