{"id":10103,"date":"2024-11-14T06:58:19","date_gmt":"2024-11-14T06:58:19","guid":{"rendered":"https:\/\/alqawafel.com\/?post_type=product&#038;p=10103"},"modified":"2025-07-07T08:53:34","modified_gmt":"2025-07-07T08:53:34","slug":"calborlex-30-1","status":"publish","type":"product","link":"https:\/\/alqawafel.com\/fr\/product\/calborlex-30-1\/","title":{"rendered":"CalborLex 30-1 Engrais"},"content":{"rendered":"<h3>Pourquoi choisir <strong>CalborLex 30-1<\/strong>?<\/h3>\n<p><span style=\"font-size: 18px;\">CalborLex 30-1 (Ca-B) est un compos\u00e9 nutritif de premi\u00e8re qualit\u00e9 contenant 30% de calcium (CaO) et 1% de bore (B), ainsi que des initiateurs de croissance, des vitamines et des acides amin\u00e9s organiques essentiels n\u00e9cessaires \u00e0 la croissance optimale des plantes. Cette formule \u00e0 haute teneur en calcium, combin\u00e9e au bore, r\u00e9pond aux besoins critiques des plantes, en particulier pendant les phases de floraison et de nouaison \u00e0 haute temp\u00e9rature. CALBOR r\u00e9duit la chute pr\u00e9matur\u00e9e des fruits, renforce la solidit\u00e9 des parois cellulaires et favorise une circulation efficace des nutriments, ce qui aide les plantes \u00e0 prosp\u00e9rer.<\/span><\/p>\n<h3 class=\"translation-block\">Principaux avantages de <strong>CalborLex 30-1 <\/strong>Compos\u00e9 phytosanitaire<\/h3>\n<ul>\n<li><span style=\"font-size: 18px;\"><strong>Pr\u00e9vient la chute pr\u00e9matur\u00e9e des fruits :<\/strong> Des niveaux \u00e9lev\u00e9s de calcium renforcent les cellules afin de pr\u00e9venir la chute pr\u00e9coce des fruits pendant les phases de haute temp\u00e9rature.<\/span><\/li>\n<li><span style=\"font-size: 18px;\"><strong>Am\u00e9liore le mouvement des nutriments :<\/strong> Le bore augmente la flexibilit\u00e9 des parois cellulaires, ce qui favorise la circulation efficace des nutriments dans les tissus v\u00e9g\u00e9taux.<\/span><\/li>\n<li><span style=\"font-size: 18px;\"><strong>Am\u00e9liore la fermet\u00e9 des fruits :<\/strong> L'application de calcium renforce la fermet\u00e9 des fruits, r\u00e9duisant ainsi les dommages pendant le stockage, le transport et la commercialisation.<\/span><\/li>\n<li><span style=\"font-size: 18px;\"><strong>Renforce la r\u00e9sistance aux maladies :<\/strong> Renforce les parois cellulaires pour r\u00e9sister aux infections fongiques, aidant ainsi les plantes \u00e0 r\u00e9sister aux maladies.<\/span><\/li>\n<li><span style=\"font-size: 18px;\"><strong>Action synergique calcium-bore :<\/strong> Le calcium construit les parois cellulaires tandis que le bore les stabilise, ce qui prouve leur importance en tant qu'unit\u00e9.<\/span><\/li>\n<li><span style=\"font-size: 18px;\"><strong>Optimise la qualit\u00e9 et la dur\u00e9e de conservation :<\/strong> Am\u00e9liore la taille, la qualit\u00e9 et la long\u00e9vit\u00e9 des fruits, favorisant ainsi des r\u00e9coltes fructueuses.<\/span><\/li>\n<\/ul>\n<h3>Applications cl\u00e9s<\/h3>\n<ul>\n<li><span style=\"font-size: 18px;\"><strong>Pr\u00e9vient la pourriture de l'extr\u00e9mit\u00e9 de la fleur :<\/strong> Prot\u00e8ge les tomates, les aubergines, les poivrons et les past\u00e8ques contre la pourriture de l'extr\u00e9mit\u00e9 des fleurs due \u00e0 une carence en calcium.<\/span><\/li>\n<li><span style=\"font-size: 18px;\"><strong>Protection de la pomme :<\/strong> R\u00e9duit le risque d'apparition du bitter pit dans les pommes.<\/span><\/li>\n<li><span style=\"font-size: 18px;\"><strong>Correction de la carence en bore :<\/strong> Pr\u00e9vient la d\u00e9t\u00e9rioration des fruits due \u00e0 une carence en bore et corrige la maladie \"Hen &amp; Chicken\" dans les raisins.<\/span><\/li>\n<li><span style=\"font-size: 18px;\"><strong>Augmente le rendement :<\/strong> R\u00e9duit l'avortement des fleurs et la chute des fruits, ce qui permet d'augmenter la productivit\u00e9.<\/span><\/li>\n<li><span style=\"font-size: 18px;\"><strong>Am\u00e9liore la dur\u00e9e de conservation :<\/strong> Am\u00e9liore la qualit\u00e9 et la dur\u00e9e de conservation des fruits, ce qui permet d'obtenir de meilleurs r\u00e9sultats sur le march\u00e9.<\/span><\/li>\n<\/ul>\n<h3>Composition<\/h3>\n<ul>\n<li><span style=\"font-size: 18px;\"><strong>Calcium (CaO) :<\/strong> 30%<\/span><\/li>\n<li><span style=\"font-size: 18px;\"><strong>Bore (B) :<\/strong> 1%<\/span><\/li>\n<\/ul>\n<h3>Application id\u00e9ale de <strong>CalborLex 30-1<\/strong><\/h3>\n<p><span style=\"font-size: 18px;\"><strong>Application foliaire :<\/strong> Pour une absorption directe par les feuilles.<\/span><\/p>\n<ul>\n<li><span style=\"font-size: 18px;\"><strong>Convient pour :<\/strong><\/span>\n<ul>\n<li><span style=\"font-size: 18px;\">L\u00e9gumes<\/span><\/li>\n<li><span style=\"font-size: 18px;\">Arbres fruitiers<\/span><\/li>\n<li><span style=\"font-size: 18px;\">Grandes cultures<\/span><\/li>\n<\/ul>\n<\/li>\n<\/ul>\n<p><span style=\"font-size: 18px;\"><strong>Application au sol :<\/strong> Id\u00e9al pour l'absorption par la zone racinaire dans diverses configurations de culture.<\/span><\/p>\n<ul>\n<li><span style=\"font-size: 18px;\"><strong>Convient pour :<\/strong><\/span>\n<ul>\n<li><span style=\"font-size: 18px;\">L\u00e9gumes de plein champ<\/span><\/li>\n<li><span style=\"font-size: 18px;\">L\u00e9gumes en plastique pour la maison<\/span><\/li>\n<li><span style=\"font-size: 18px;\">Arbres fruitiers<\/span><\/li>\n<\/ul>\n<\/li>\n<\/ul>\n<h3>Taux d'application<\/h3>\n<h4 data-start=\"56\" data-end=\"79\">Application foliaire<\/h4>\n<ul data-start=\"80\" data-end=\"207\">\n<li data-start=\"80\" data-end=\"126\">\n<p data-start=\"82\" data-end=\"126\"><span style=\"font-size: 14pt;\"><strong data-start=\"82\" data-end=\"96\">L\u00e9gumes<\/strong>200-300 g \/ 200 L d'eau<\/span><\/p>\n<\/li>\n<li data-start=\"127\" data-end=\"174\">\n<p data-start=\"129\" data-end=\"174\"><span style=\"font-size: 14pt;\"><strong data-start=\"129\" data-end=\"144\">Arbres fruitiers<\/strong>250-300 g \/ 200 L d'eau<\/span><\/p>\n<\/li>\n<li data-start=\"175\" data-end=\"207\">\n<p data-start=\"177\" data-end=\"207\"><span style=\"font-size: 14pt;\"><strong data-start=\"177\" data-end=\"192\">Grandes cultures<\/strong>: 1-2 kg \/ ha<\/span><\/p>\n<\/li>\n<\/ul>\n<h4 data-start=\"209\" data-end=\"230\">Application au sol<\/h4>\n<ul data-start=\"231\" data-end=\"368\">\n<li data-start=\"231\" data-end=\"280\">\n<p data-start=\"233\" data-end=\"280\"><span style=\"font-size: 14pt;\"><strong data-start=\"233\" data-end=\"258\">L\u00e9gumes de plein champ<\/strong>: 0,5-1 kg \/ 1000 m\u00b2<\/span><\/p>\n<\/li>\n<li data-start=\"281\" data-end=\"332\">\n<p data-start=\"283\" data-end=\"332\"><span style=\"font-size: 14pt;\"><strong data-start=\"283\" data-end=\"311\">L\u00e9gumes en plastique pour la maison<\/strong>: 0,5-1 kg \/ 500 m\u00b2<\/span><\/p>\n<\/li>\n<li data-start=\"333\" data-end=\"368\">\n<p data-start=\"335\" data-end=\"368\"><span style=\"font-size: 14pt;\"><strong data-start=\"335\" data-end=\"350\">Arbres fruitiers<\/strong>25-50 g \/ arbre<\/span><\/p>\n<\/li>\n<\/ul>\n<h3>Emballage<\/h3>\n<ul>\n<li><span style=\"font-size: 18px;\"><strong>Paquet de 1 kg<\/strong><\/span><\/li>\n<\/ul>\n<p><img loading=\"lazy\" decoding=\"async\" class=\"alignnone size-medium wp-image-17161\" src=\"https:\/\/alqawafel.com\/wp-content\/uploads\/2024\/11\/Micronate-CAIBORlex-30-1-LOGO-300x300.webp\" alt=\"CalborLex 30-1\u00a0\" width=\"300\" height=\"300\" srcset=\"https:\/\/alqawafel.com\/wp-content\/uploads\/2024\/11\/Micronate-CAIBORlex-30-1-LOGO-300x300.webp 300w, https:\/\/alqawafel.com\/wp-content\/uploads\/2024\/11\/Micronate-CAIBORlex-30-1-LOGO-150x150.webp 150w, https:\/\/alqawafel.com\/wp-content\/uploads\/2024\/11\/Micronate-CAIBORlex-30-1-LOGO-768x768.webp 768w, https:\/\/alqawafel.com\/wp-content\/uploads\/2024\/11\/Micronate-CAIBORlex-30-1-LOGO.webp 1000w\" sizes=\"auto, (max-width: 300px) 100vw, 300px\" \/><\/p>","protected":false},"excerpt":{"rendered":"<p><span style=\"font-size: 18px;\">CalborLex 30-1 est un compos\u00e9 riche en calcium et en bore qui pr\u00e9vient la pourriture de l'extr\u00e9mit\u00e9 des fleurs et am\u00e9liore la fermet\u00e9 des fruits.<\/span><\/p>","protected":false},"featured_media":17161,"comment_status":"open","ping_status":"closed","template":"","meta":{"om_disable_all_campaigns":false,"_monsterinsights_skip_tracking":false,"_monsterinsights_sitenote_active":false,"_monsterinsights_sitenote_note":"","_monsterinsights_sitenote_category":0},"product_brand":[],"product_cat":[50,2136],"product_tag":[866,1001,1000,463,999,1002,998],"class_list":{"0":"post-10103","1":"product","2":"type-product","3":"status-publish","4":"has-post-thumbnail","6":"product_cat-fertilizers","7":"product_cat-specialty-fertilizers","8":"product_tag-al-qawafel-ind-agr-co","9":"product_tag-calborlex-30-1","10":"product_tag-disease-resistance","11":"product_tag-fertilizer","12":"product_tag-fruit-firmness","13":"product_tag-high-calcium-boron","14":"product_tag-prevents-fruit-drop","16":"first","17":"instock","18":"shipping-taxable","19":"product-type-simple"},"aioseo_notices":[],"_links":{"self":[{"href":"https:\/\/alqawafel.com\/fr\/wp-json\/wp\/v2\/product\/10103","targetHints":{"allow":["GET"]}}],"collection":[{"href":"https:\/\/alqawafel.com\/fr\/wp-json\/wp\/v2\/product"}],"about":[{"href":"https:\/\/alqawafel.com\/fr\/wp-json\/wp\/v2\/types\/product"}],"replies":[{"embeddable":true,"href":"https:\/\/alqawafel.com\/fr\/wp-json\/wp\/v2\/comments?post=10103"}],"version-history":[{"count":11,"href":"https:\/\/alqawafel.com\/fr\/wp-json\/wp\/v2\/product\/10103\/revisions"}],"predecessor-version":[{"id":14244,"href":"https:\/\/alqawafel.com\/fr\/wp-json\/wp\/v2\/product\/10103\/revisions\/14244"}],"wp:featuredmedia":[{"embeddable":true,"href":"https:\/\/alqawafel.com\/fr\/wp-json\/wp\/v2\/media\/17161"}],"wp:attachment":[{"href":"https:\/\/alqawafel.com\/fr\/wp-json\/wp\/v2\/media?parent=10103"}],"wp:term":[{"taxonomy":"product_brand","embeddable":true,"href":"https:\/\/alqawafel.com\/fr\/wp-json\/wp\/v2\/product_brand?post=10103"},{"taxonomy":"product_cat","embeddable":true,"href":"https:\/\/alqawafel.com\/fr\/wp-json\/wp\/v2\/product_cat?post=10103"},{"taxonomy":"product_tag","embeddable":true,"href":"https:\/\/alqawafel.com\/fr\/wp-json\/wp\/v2\/product_tag?post=10103"}],"curies":[{"name":"wp","href":"https:\/\/api.w.org\/{rel}","templated":true}]}}