{"id":10109,"date":"2024-11-14T07:32:32","date_gmt":"2024-11-14T07:32:32","guid":{"rendered":"https:\/\/alqawafel.com\/?post_type=product&#038;p=10109"},"modified":"2025-08-09T11:40:47","modified_gmt":"2025-08-09T11:40:47","slug":"calphos","status":"publish","type":"product","link":"https:\/\/alqawafel.com\/fr\/product\/calphos\/","title":{"rendered":"Engrais CALPHOS"},"content":{"rendered":"<h3>Pourquoi choisir CALPHOS ?<\/h3>\n<p><span style=\"font-size: 18px;\">CALPHOS fournit une combinaison puissante de calcium et de phosphore, cruciale pour le d\u00e9veloppement sain des racines, la floraison et la formation des fruits. Ce compos\u00e9 est formul\u00e9 de mani\u00e8re unique pour une absorption rapide et bidirectionnelle, d\u00e9livrant efficacement les nutriments essentiels \u00e0 toutes les parties de la plante. CALPHOS favorise une croissance robuste, en particulier par temps froid, et aide les plantes \u00e0 r\u00e9sister aux infections fongiques. Id\u00e9al pour l'agriculture biologique, il fournit des nutriments avec un minimum d'intrants chimiques, am\u00e9liorant ainsi la sant\u00e9 et la qualit\u00e9 des plantes.<\/span><\/p>\n<h3>Principaux avantages<\/h3>\n<ul>\n<li><span style=\"font-size: 18px;\"><strong>Am\u00e9liore la formation des racines et des graines :<\/strong> Fournit le phosphore essentiel pour construire des syst\u00e8mes racinaires solides et promouvoir le d\u00e9veloppement des graines dans les cultures de semences, augmentant ainsi le rendement des cultures.<\/span><\/li>\n<li><span style=\"font-size: 18px;\"><strong>Distribution efficace des nutriments :<\/strong> Absorbe rapidement dans le sens ascendant et descendant, garantissant l'apport de calcium et de phosphore \u00e0 toutes les parties de la plante.<\/span><\/li>\n<li><span style=\"font-size: 18px;\"><strong>Am\u00e9liore la qualit\u00e9 et la dur\u00e9e de conservation des fruits :<\/strong> Mobilise les amidons, les graisses et les sucres vers les zones de stockage, am\u00e9liorant la couleur, le go\u00fbt, la forme et la fermet\u00e9 des fruits tout en prolongeant la dur\u00e9e de stockage.<\/span><\/li>\n<li><span style=\"font-size: 18px;\"><strong>Renforce la r\u00e9sistance aux maladies :<\/strong> Active les anticorps naturels des plantes, renfor\u00e7ant la r\u00e9sistance aux infections fongiques telles que le mildiou et la pourriture des racines.<\/span><\/li>\n<li><span style=\"font-size: 18px;\"><strong>Id\u00e9al pour l'agriculture biologique :<\/strong> CALPHOS soutient les pratiques biologiques en r\u00e9duisant l'utilisation de pesticides et en am\u00e9liorant la r\u00e9sistance et la qualit\u00e9 des plantes.<\/span><\/li>\n<\/ul>\n<h3>Applications cl\u00e9s de CALPHOS<\/h3>\n<ul>\n<li><span style=\"font-size: 18px;\"><strong>Soutien au d\u00e9veloppement des racines :<\/strong> Le phosphore favorise la formation de racines et de graines saines, ce qui est essentiel pour une croissance vigoureuse des plantes.<\/span><\/li>\n<li><span style=\"font-size: 18px;\"><strong>Augmente la r\u00e9sistance des cultures :<\/strong> Le calcium fortifie les structures des plantes et les aide \u00e0 r\u00e9sister aux infections et au stress environnemental.<\/span><\/li>\n<li><span style=\"font-size: 18px;\"><strong>Am\u00e9liore la qualit\u00e9 des cultures :<\/strong> Am\u00e9liore la fermet\u00e9, la couleur, le go\u00fbt et la dur\u00e9e de conservation des fruits, ce qui est essentiel pour obtenir des produits pr\u00eats \u00e0 \u00eatre commercialis\u00e9s.<\/span><\/li>\n<\/ul>\n<h3>Application id\u00e9ale<\/h3>\n<p><strong><span style=\"font-size: 18px;\">Appliquer CALPHOS en pulv\u00e9risation foliaire sur :<\/span><\/strong><\/p>\n<ul>\n<li><span style=\"font-size: 14pt;\">L\u00e9gumes de serre<\/span><\/li>\n<li><span style=\"font-size: 14pt;\">Cultures en plein champ<\/span><\/li>\n<li><span style=\"font-size: 14pt;\">Arbres fruitiers<\/span><\/li>\n<li><span style=\"font-size: 14pt;\">Grandes cultures<\/span><\/li>\n<li><span style=\"font-size: 14pt;\">Plantes ornementales<\/span><\/li>\n<\/ul>\n<h3>Taux d'application<\/h3>\n<ul>\n<li data-start=\"66\" data-end=\"171\">\n<p data-start=\"68\" data-end=\"171\"><span style=\"font-size: 14pt;\"><strong data-start=\"68\" data-end=\"78\">Tomate<\/strong>: Appliquer 10-15 L\/Ha ou 350 ml pour 200 litres d'eau. Utiliser 2 \u00e0 4 fois pendant la saison de croissance.<\/span><\/p>\n<\/li>\n<li data-start=\"172\" data-end=\"295\">\n<p data-start=\"174\" data-end=\"295\"><span style=\"font-size: 14pt;\"><strong data-start=\"174\" data-end=\"184\">Pommes de terre<\/strong>: Appliquer 10-15 L\/Ha ou 350 ml pour 200 litres d'eau. Utiliser 2 \u00e0 4 fois pendant les phases de formation et de gonflement des tubercules.<\/span><\/p>\n<\/li>\n<li data-start=\"296\" data-end=\"433\">\n<p data-start=\"298\" data-end=\"433\"><span style=\"font-size: 14pt;\"><strong data-start=\"298\" data-end=\"308\">Raisins<\/strong>: Appliquer 10-12 L\/Ha ou 350 ml pour 200 litres d'eau. Utiliser 3-5 fois d\u00e8s le d\u00e9but de la floraison, en r\u00e9p\u00e9tant l'op\u00e9ration tous les 10 jours.<\/span><\/p>\n<\/li>\n<li data-start=\"434\" data-end=\"574\">\n<p data-start=\"436\" data-end=\"574\"><span style=\"font-size: 14pt;\"><strong data-start=\"436\" data-end=\"450\">Fraise<\/strong>: Appliquer 5-8 L\/Ha ou 250 ml pour 200 litres d'eau. Utiliser 5 \u00e0 10 fois d\u00e8s le d\u00e9but de la floraison, en r\u00e9p\u00e9tant l'op\u00e9ration tous les 10 jours.<\/span><\/p>\n<\/li>\n<li data-start=\"575\" data-end=\"691\">\n<p data-start=\"577\" data-end=\"691\"><span style=\"font-size: 14pt;\"><strong data-start=\"577\" data-end=\"586\">Pomme<\/strong>: Appliquer 10-12 L\/Ha ou 350 ml pour 200 litres d'eau. Utiliser 3-5 fois de la chute des p\u00e9tales jusqu'\u00e0 la coloration des fruits.<\/span><\/p>\n<\/li>\n<li data-start=\"692\" data-end=\"812\">\n<p data-start=\"694\" data-end=\"812\"><span style=\"font-size: 14pt;\"><strong data-start=\"694\" data-end=\"704\">Agrumes<\/strong>: Appliquer 5-10 L\/Ha ou 350 ml pour 200 litres d'eau. Utiliser 1-2 fois apr\u00e8s la nouaison et r\u00e9p\u00e9ter apr\u00e8s 2 semaines.<\/span><\/p>\n<\/li>\n<li data-start=\"908\" data-end=\"1024\">\n<p data-start=\"910\" data-end=\"1024\"><span style=\"font-size: 14pt;\"><strong data-start=\"910\" data-end=\"923\">Cucurbitac\u00e9es<\/strong>: Appliquer 5-10 L\/Ha ou 350 ml pour 200 litres d'eau. Utiliser 5 \u00e0 10 fois pendant la croissance et la fructification de la plante.<\/span><\/p>\n<\/li>\n<li data-start=\"1025\" data-end=\"1128\">\n<p data-start=\"1027\" data-end=\"1128\"><span style=\"font-size: 14pt;\"><strong data-start=\"1027\" data-end=\"1037\">Banane<\/strong>: Appliquer 10-15 L\/Ha. Utiliser 2 fois avant l'apparition de la syphilis et 2 fois apr\u00e8s la nouaison.<\/span><\/p>\n<\/li>\n<li data-start=\"1129\" data-end=\"1248\">\n<p data-start=\"1131\" data-end=\"1248\"><span style=\"font-size: 14pt;\"><strong data-start=\"1131\" data-end=\"1141\">Poivre<\/strong>: Appliquer 5-10 L\/Ha ou 250 ml pour 200 litres d'eau. Utiliser 3 \u00e0 5 fois pendant les phases de croissance et de fructification de la plante.<\/span><\/p>\n<\/li>\n<li data-start=\"1249\" data-end=\"1349\" data-is-last-node=\"\">\n<p data-start=\"1251\" data-end=\"1349\" data-is-last-node=\"\"><span style=\"font-size: 14pt;\"><strong data-start=\"1251\" data-end=\"1266\">Plantes ornementales<\/strong>: Appliquer 5-10 L\/Ha ou 250 ml pour 200 litres d'eau. Utiliser 5-6 fois avant la floraison.<\/span><\/p>\n<\/li>\n<\/ul>\n<h3 class=\"translation-block\"><span style=\"font-size : 18px\">Chemical Compos<\/span>ition<\/h3>\n<ul>\n<li><span style=\"font-size: 18px;\"><strong>Phosphore (P\u2082O\u2085 36%)<\/strong><\/span><\/li>\n<li><span style=\"font-size: 18px;\"><strong>Calcium (CaO 6%)<\/strong><\/span><\/li>\n<\/ul>\n<h3>Emballage<\/h3>\n<ul>\n<li><span style=\"font-size: 18px;\"><strong>1 L et 5 L.<\/strong><\/span><\/li>\n<\/ul>\n<p><img loading=\"lazy\" decoding=\"async\" class=\"alignnone size-medium wp-image-18654\" src=\"https:\/\/alqawafel.com\/wp-content\/uploads\/2024\/11\/CALPHOS-300x300.webp\" alt=\"CALPHOS est un compos\u00e9 nutritif riche en calcium et en phosphore, qui favorise la croissance des racines, la qualit\u00e9 des cultures et la r\u00e9sistance aux infections fongiques.\" width=\"300\" height=\"300\" srcset=\"https:\/\/alqawafel.com\/wp-content\/uploads\/2024\/11\/CALPHOS-300x300.webp 300w, https:\/\/alqawafel.com\/wp-content\/uploads\/2024\/11\/CALPHOS-150x150.webp 150w, https:\/\/alqawafel.com\/wp-content\/uploads\/2024\/11\/CALPHOS-768x768.webp 768w, https:\/\/alqawafel.com\/wp-content\/uploads\/2024\/11\/CALPHOS.webp 1000w\" sizes=\"auto, (max-width: 300px) 100vw, 300px\" \/><\/p>","protected":false},"excerpt":{"rendered":"<p><span style=\"font-size: 18px;\">CALPHOS est un compos\u00e9 nutritif riche en calcium et en phosphore, qui favorise la croissance des racines, la qualit\u00e9 des cultures et la r\u00e9sistance aux infections fongiques.<\/span><\/p>","protected":false},"featured_media":18654,"comment_status":"open","ping_status":"closed","template":"","meta":{"om_disable_all_campaigns":false,"_monsterinsights_skip_tracking":false,"_monsterinsights_sitenote_active":false,"_monsterinsights_sitenote_note":"","_monsterinsights_sitenote_category":0},"product_brand":[],"product_cat":[50,2137],"product_tag":[866,1008,1007,463,935,1009,1010],"class_list":{"0":"post-10109","1":"product","2":"type-product","3":"status-publish","4":"has-post-thumbnail","6":"product_cat-fertilizers","7":"product_cat-smart-fertilizers","8":"product_tag-al-qawafel-ind-agr-co","9":"product_tag-calcium-phosphorus-blend","10":"product_tag-calphos","11":"product_tag-fertilizer","12":"product_tag-fruit-quality","13":"product_tag-root-fruit-enhancer","14":"product_tag-root-development","16":"first","17":"instock","18":"shipping-taxable","19":"product-type-simple"},"aioseo_notices":[],"_links":{"self":[{"href":"https:\/\/alqawafel.com\/fr\/wp-json\/wp\/v2\/product\/10109","targetHints":{"allow":["GET"]}}],"collection":[{"href":"https:\/\/alqawafel.com\/fr\/wp-json\/wp\/v2\/product"}],"about":[{"href":"https:\/\/alqawafel.com\/fr\/wp-json\/wp\/v2\/types\/product"}],"replies":[{"embeddable":true,"href":"https:\/\/alqawafel.com\/fr\/wp-json\/wp\/v2\/comments?post=10109"}],"version-history":[{"count":11,"href":"https:\/\/alqawafel.com\/fr\/wp-json\/wp\/v2\/product\/10109\/revisions"}],"predecessor-version":[{"id":12191,"href":"https:\/\/alqawafel.com\/fr\/wp-json\/wp\/v2\/product\/10109\/revisions\/12191"}],"wp:featuredmedia":[{"embeddable":true,"href":"https:\/\/alqawafel.com\/fr\/wp-json\/wp\/v2\/media\/18654"}],"wp:attachment":[{"href":"https:\/\/alqawafel.com\/fr\/wp-json\/wp\/v2\/media?parent=10109"}],"wp:term":[{"taxonomy":"product_brand","embeddable":true,"href":"https:\/\/alqawafel.com\/fr\/wp-json\/wp\/v2\/product_brand?post=10109"},{"taxonomy":"product_cat","embeddable":true,"href":"https:\/\/alqawafel.com\/fr\/wp-json\/wp\/v2\/product_cat?post=10109"},{"taxonomy":"product_tag","embeddable":true,"href":"https:\/\/alqawafel.com\/fr\/wp-json\/wp\/v2\/product_tag?post=10109"}],"curies":[{"name":"wp","href":"https:\/\/api.w.org\/{rel}","templated":true}]}}