{"id":10119,"date":"2024-11-14T08:19:46","date_gmt":"2024-11-14T08:19:46","guid":{"rendered":"https:\/\/alqawafel.com\/?post_type=product&#038;p=10119"},"modified":"2025-07-07T08:26:39","modified_gmt":"2025-07-07T08:26:39","slug":"geant-0-45-55","status":"publish","type":"product","link":"https:\/\/alqawafel.com\/fr\/product\/giant-0-45-55\/","title":{"rendered":"Engrais Giant 0-45-55"},"content":{"rendered":"<h3>Pourquoi choisir Giant 0-45-55 ?<\/h3>\n<p><span style=\"font-size: 18px;\">Giant 0-45-55 repr\u00e9sente une nouvelle technologie en mati\u00e8re de fertilisation foliaire. Il fournit des compos\u00e9s de phosphate et de potasse \u00e0 faible indice de salinit\u00e9, ce qui garantit la s\u00e9curit\u00e9 et l'efficacit\u00e9 m\u00eame \u00e0 des concentrations \u00e9lev\u00e9es. Enrichi en acides amin\u00e9s, en acides min\u00e9raux et en vitamines essentielles, Giant 0-45-55 est con\u00e7u pour activer les plantes, favoriser la croissance et soutenir tous les stades de d\u00e9veloppement. Gr\u00e2ce \u00e0 une absorption rapide par l'\u00e9piderme de la plante, cette formulation stimule la photosynth\u00e8se, le m\u00e9tabolisme et la sant\u00e9 des racines, tout en renfor\u00e7ant la r\u00e9sistance aux maladies fongiques. Il est id\u00e9al pour une utilisation en pulv\u00e9risation foliaire et en irrigation.<\/span><\/p>\n<h3>Principaux avantages de l'engrais foliaire g\u00e9ant 0-45-55<\/h3>\n<ul>\n<li><span style=\"font-size: 18px;\"><strong>Activation rapide des plantes :<\/strong> Fournit des nutriments sous une forme facilement absorbable, acc\u00e9l\u00e9rant la croissance et am\u00e9liorant le m\u00e9tabolisme des plantes.<\/span><\/li>\n<li><span style=\"font-size: 18px;\"><strong>Utilisation s\u00fbre \u00e0 haute concentration :<\/strong> Le faible indice de salinit\u00e9 permet une application foliaire s\u00fbre, m\u00eame dans des conditions m\u00e9t\u00e9orologiques difficiles.<\/span><\/li>\n<li><span style=\"font-size: 18px;\"><strong>Am\u00e9liore la qualit\u00e9 des fruits :<\/strong> Une teneur \u00e9lev\u00e9e en potasse am\u00e9liore la taille, le go\u00fbt, la saveur, la couleur et la durabilit\u00e9 des fruits apr\u00e8s la r\u00e9colte.<\/span><\/li>\n<li><span style=\"font-size: 18px;\"><strong>Augmente la r\u00e9sistance :<\/strong> Renforce les d\u00e9fenses des plantes contre les maladies fongiques, en particulier celles qui affectent les racines.<\/span><\/li>\n<li><span style=\"font-size: 18px;\"><strong>Favorise la floraison et la nouaison des fruits :<\/strong> Contient du phosphore enrob\u00e9 et des compos\u00e9s organiques, favorisant une floraison abondante et une forte nouaison.<\/span><\/li>\n<li><span style=\"font-size: 18px;\"><strong>Enrichissement en multivitamines :<\/strong> Les vitamines telles que la thiamine, la riboflavine, la niacine et la pyridoxine stimulent les r\u00e9actions biochimiques, ce qui favorise la croissance et la productivit\u00e9.<\/span><\/li>\n<\/ul>\n<h3>Application id\u00e9ale<\/h3>\n<p><span style=\"font-size: 18px;\"><strong>Application foliaire :<\/strong> Rapidement absorb\u00e9 par les feuilles, il augmente la photosynth\u00e8se et le m\u00e9tabolisme des plantes.<\/span><br \/>\n<span style=\"font-size: 18px;\"><strong>Application d'irrigation :<\/strong> L'apport efficace de nutriments par l'interm\u00e9diaire de l'eau d'irrigation permet d'obtenir des r\u00e9sultats rapides et complets, <\/span><\/p>\n<h4><span style=\"font-size: 18px;\">Convient pour : <\/span><\/h4>\n<ul>\n<li><span style=\"font-size: 14pt;\">L\u00e9gumes de plein champ et de serre<\/span><\/li>\n<li><span style=\"font-size: 14pt;\">Arbres fruitiers<\/span><\/li>\n<li>Plantes ornementales<\/li>\n<\/ul>\n<h3>Taux d'application<\/h3>\n<ul>\n<li data-start=\"262\" data-end=\"338\">\n<p data-start=\"264\" data-end=\"338\"><span style=\"font-size: 14pt;\"><strong data-start=\"264\" data-end=\"287\">Application foliaire :<\/strong> 200-300 ml pour 200 L d'eau (r\u00e9p\u00e9ter 2-4 fois)<\/span><\/p>\n<\/li>\n<li data-start=\"339\" data-end=\"442\">\n<p data-start=\"341\" data-end=\"370\"><span style=\"font-size: 14pt;\"><strong data-start=\"341\" data-end=\"368\">Application de l'irrigation :<\/strong><\/span><\/p>\n<ul data-start=\"373\" data-end=\"442\">\n<li data-start=\"373\" data-end=\"407\">\n<p data-start=\"375\" data-end=\"407\"><span style=\"font-size: 14pt;\">L\u00e9gumes : 350 ml par 1000 m\u00b2<\/span><\/p>\n<\/li>\n<li data-start=\"410\" data-end=\"442\">\n<p data-start=\"412\" data-end=\"442\"><span style=\"font-size: 14pt;\">Arbres fruitiers : 10-20 ml par arbre<\/span><\/p>\n<\/li>\n<\/ul>\n<\/li>\n<\/ul>\n<h3 class=\"translation-block\"><span style=\"font-size : 18px\">Chemical Compos<\/span>ition<\/h3>\n<ul>\n<li><span style=\"font-size: 18px;\"><strong>Phosphore (P\u2082O\u2085) :<\/strong> 45%<\/span><\/li>\n<li><span style=\"font-size: 18px;\"><strong>Potassium (K\u2082O) :<\/strong> 55%<\/span><\/li>\n<li><span style=\"font-size: 18px;\"><strong>Compos\u00e9s suppl\u00e9mentaires :<\/strong> Acides carboxyliques multiples et simples, acides fulviques, polysaccharides, vitamines et acides amin\u00e9s<\/span><\/li>\n<\/ul>\n<h3>Emballage<\/h3>\n<ul>\n<li><span style=\"font-size: 18px;\"><strong>250 ml, bouteille de 1 L et gallon de 5 L<\/strong><\/span><\/li>\n<\/ul>\n<p><img loading=\"lazy\" decoding=\"async\" class=\"alignnone size-medium wp-image-18292\" src=\"https:\/\/alqawafel.com\/wp-content\/uploads\/2024\/11\/Giant-0-45-55-LOGO-300x300.webp\" alt=\"Giant 0-45-55 est un engrais foliaire \u00e0 haute teneur en potasse et en phosphate, qui am\u00e9liore la croissance, la qualit\u00e9 des fruits et la r\u00e9sistance des plantes \u00e0 tous les stades de d\u00e9veloppement.\" width=\"300\" height=\"300\" srcset=\"https:\/\/alqawafel.com\/wp-content\/uploads\/2024\/11\/Giant-0-45-55-LOGO-300x300.webp 300w, https:\/\/alqawafel.com\/wp-content\/uploads\/2024\/11\/Giant-0-45-55-LOGO-150x150.webp 150w, https:\/\/alqawafel.com\/wp-content\/uploads\/2024\/11\/Giant-0-45-55-LOGO-768x768.webp 768w, https:\/\/alqawafel.com\/wp-content\/uploads\/2024\/11\/Giant-0-45-55-LOGO.webp 1000w\" sizes=\"auto, (max-width: 300px) 100vw, 300px\" \/><\/p>","protected":false},"excerpt":{"rendered":"<p><span style=\"font-size: 18px;\">Giant 0-45-55 est un engrais foliaire \u00e0 haute teneur en potasse et en phosphate, qui am\u00e9liore la croissance, la qualit\u00e9 des fruits et la r\u00e9sistance des plantes \u00e0 tous les stades de d\u00e9veloppement.<\/span><\/p>","protected":false},"featured_media":18292,"comment_status":"open","ping_status":"closed","template":"","meta":{"om_disable_all_campaigns":false,"_monsterinsights_skip_tracking":false,"_monsterinsights_sitenote_active":false,"_monsterinsights_sitenote_note":"","_monsterinsights_sitenote_category":0},"product_brand":[],"product_cat":[50,2136],"product_tag":[866,463,1022,935,1020,1021,932],"class_list":{"0":"post-10119","1":"product","2":"type-product","3":"status-publish","4":"has-post-thumbnail","6":"product_cat-fertilizers","7":"product_cat-specialty-fertilizers","8":"product_tag-al-qawafel-ind-agr-co","9":"product_tag-fertilizer","10":"product_tag-foliar-growth-boost","11":"product_tag-fruit-quality","12":"product_tag-giant-0-45-55","13":"product_tag-high-phosphorus-potassium","14":"product_tag-rapid-absorption","16":"first","17":"instock","18":"shipping-taxable","19":"product-type-simple"},"aioseo_notices":[],"_links":{"self":[{"href":"https:\/\/alqawafel.com\/fr\/wp-json\/wp\/v2\/product\/10119","targetHints":{"allow":["GET"]}}],"collection":[{"href":"https:\/\/alqawafel.com\/fr\/wp-json\/wp\/v2\/product"}],"about":[{"href":"https:\/\/alqawafel.com\/fr\/wp-json\/wp\/v2\/types\/product"}],"replies":[{"embeddable":true,"href":"https:\/\/alqawafel.com\/fr\/wp-json\/wp\/v2\/comments?post=10119"}],"version-history":[{"count":9,"href":"https:\/\/alqawafel.com\/fr\/wp-json\/wp\/v2\/product\/10119\/revisions"}],"predecessor-version":[{"id":19380,"href":"https:\/\/alqawafel.com\/fr\/wp-json\/wp\/v2\/product\/10119\/revisions\/19380"}],"wp:featuredmedia":[{"embeddable":true,"href":"https:\/\/alqawafel.com\/fr\/wp-json\/wp\/v2\/media\/18292"}],"wp:attachment":[{"href":"https:\/\/alqawafel.com\/fr\/wp-json\/wp\/v2\/media?parent=10119"}],"wp:term":[{"taxonomy":"product_brand","embeddable":true,"href":"https:\/\/alqawafel.com\/fr\/wp-json\/wp\/v2\/product_brand?post=10119"},{"taxonomy":"product_cat","embeddable":true,"href":"https:\/\/alqawafel.com\/fr\/wp-json\/wp\/v2\/product_cat?post=10119"},{"taxonomy":"product_tag","embeddable":true,"href":"https:\/\/alqawafel.com\/fr\/wp-json\/wp\/v2\/product_tag?post=10119"}],"curies":[{"name":"wp","href":"https:\/\/api.w.org\/{rel}","templated":true}]}}