{"id":10130,"date":"2024-11-14T09:08:03","date_gmt":"2024-11-14T09:08:03","guid":{"rendered":"https:\/\/alqawafel.com\/?post_type=product&#038;p=10130"},"modified":"2025-08-09T10:25:26","modified_gmt":"2025-08-09T10:25:26","slug":"max-plus-25-25-25","status":"publish","type":"product","link":"https:\/\/alqawafel.com\/fr\/product\/max-plus-25-25-25\/","title":{"rendered":"Max Plus 25-25-25 Engrais"},"content":{"rendered":"<h4>Pourquoi choisir <strong>Max Plus 25-25-25<\/strong>?<\/h4>\n<p class=\"translation-block\"><span style=\"font-size : 14pt\"><strong data-start=\"0\" data-end=\"21\" data-is-only-node=\"\">Max Plus 25-25-25<\/strong> est un engrais naturel \u00e0 haute efficacit\u00e9 extrait de l'algue <em data-start=\"77\" data-end=\"98\">Ascophyllum nodosum<\/em>, r\u00e9put\u00e9e pour sa richesse en macro- et micronutriments, en r\u00e9gulateurs de croissance naturels, en vitamines et en acides amin\u00e9s.<\/span><br data-start=\"221\" data-end=\"224\"><span style=\"font-size : 14pt\">Ce compos\u00e9 organique favorise la sant\u00e9 des plantes en r\u00e9duisant les besoins en irrigation, en fertilisation et en pesticides, tout en am\u00e9liorant la r\u00e9sistance des plantes aux stress environnementaux tels que la chaleur, le froid et la s\u00e9cheresse.<\/span><br data-start=\"427\" data-end=\"430\"><span style=\"font-size : 14pt\">Max Plus 25-25-25 am\u00e9liore la qualit\u00e9 et le naturel des cultures, ce qui en fait le choix id\u00e9al pour l'agriculture biologique et durable.<\/span><\/p>\n<h3>Principaux avantages de Max Plus 25-25-25<\/h3>\n<ul>\n<li><span style=\"font-size: 18px;\"><strong>Compos\u00e9 riche en nutriments :<\/strong> Contient des macro, micro et petits nutriments essentiels, des r\u00e9gulateurs de croissance naturels et des acides organiques pour une nutrition \u00e9quilibr\u00e9e des plantes.<\/span><\/li>\n<li><span style=\"font-size: 18px;\"><strong>Renforce la r\u00e9sistance des plantes :<\/strong> Augmente la r\u00e9sistance \u00e0 la chaleur, au froid et \u00e0 la s\u00e9cheresse, prot\u00e9geant ainsi les plantes du stress environnemental.<\/span><\/li>\n<li><span style=\"font-size: 18px;\"><strong>Active les racines et les feuilles :<\/strong> Stimule la croissance des racines et des feuilles simultan\u00e9ment gr\u00e2ce \u00e0 sa composition en \u00e9l\u00e9ments v\u00e9g\u00e9taux naturels.<\/span><\/li>\n<li><span style=\"font-size: 18px;\"><strong>Am\u00e9liore la saveur et la qualit\u00e9 :<\/strong> Produit des r\u00e9coltes naturellement savoureuses, sans additifs non naturels.<\/span><\/li>\n<li><span style=\"font-size: 18px;\"><strong>Soutient l'agriculture biologique :<\/strong> Exempt de toxines et de r\u00e9sidus nocifs, il est conforme aux normes de l'agriculture biologique et respectueux de l'environnement.<\/span><\/li>\n<li><span style=\"font-size: 18px;\"><strong>Am\u00e9liore l'efficacit\u00e9 des engrais et des pesticides :<\/strong> Renforce l'efficacit\u00e9 des engrais et des pesticides et permet de les m\u00e9langer en toute s\u00e9curit\u00e9 avec d'autres traitements.<\/span><\/li>\n<\/ul>\n<h3>Application id\u00e9ale<\/h3>\n<p><span style=\"font-size: 18px;\"><strong>Application sur le terrain :<\/strong> Pour l'absorption par les racines, am\u00e9liorant l'absorption des nutriments du sol.<\/span><br \/>\n<span style=\"font-size: 18px;\"><strong>Application foliaire :<\/strong> Vaporiser directement sur les feuilles pour une absorption rapide et un renforcement de la croissance.<\/span><\/p>\n<p><span style=\"font-size: 18px;\"><strong>Convient pour :<\/strong><\/span><\/p>\n<ul>\n<li><span style=\"font-size: 18px;\"><strong>L\u00e9gumes de plein champ et de serre<\/strong><\/span><\/li>\n<li><span style=\"font-size: 18px;\"><strong>Arbres fruitiers<\/strong><\/span><\/li>\n<li><span style=\"font-size: 18px;\"><strong>Grandes cultures<\/strong><\/span><\/li>\n<li><span style=\"font-size: 18px;\"><strong>Plantes ornementales<\/strong><\/span><\/li>\n<\/ul>\n<h3 data-start=\"201\" data-end=\"226\">Taux d'application<\/h3>\n<ul data-start=\"227\" data-end=\"345\">\n<li data-start=\"227\" data-end=\"289\">\n<p data-start=\"229\" data-end=\"289\"><span style=\"font-size: 14pt;\"><strong data-start=\"229\" data-end=\"252\">Application foliaire :<\/strong> 200 - 500 ml pour 200 litres d'eau<\/span><\/p>\n<\/li>\n<li data-start=\"290\" data-end=\"345\">\n<p data-start=\"292\" data-end=\"345\"><span style=\"font-size: 14pt;\"><strong data-start=\"292\" data-end=\"315\">Application au sol :<\/strong> 1,5 - 2 ml par litre d'eau<\/span><\/p>\n<\/li>\n<\/ul>\n<h3>Composition<\/h3>\n<ul>\n<li><span style=\"font-size: 18px;\"><strong>Extrait d'algues (Ascophyllum Nodosum) :<\/strong> Riche en macro, micro et petits nutriments<\/span><\/li>\n<li><span style=\"font-size: 18px;\"><strong>R\u00e9gulateurs de croissance naturels :<\/strong> Auxines, acides amin\u00e9s, enzymes, vitamines et acides organiques<\/span><\/li>\n<li><strong><span style=\"font-size: 14pt;\">Azote <\/span><\/strong><span style=\"font-size: 14pt;\">(N 25%)<\/span><strong><span style=\"font-size: 14pt;\">Phosphore <\/span><\/strong><span style=\"font-size: 14pt;\">(P2O5 25%)<\/span><strong><span style=\"font-size: 14pt;\">Potassium <\/span><\/strong><span style=\"font-size: 14pt;\">(K 25%)<\/span><\/li>\n<\/ul>\n<h3>Emballage<\/h3>\n<ul>\n<li><span style=\"font-size: 18px;\"><strong>Bouteille de 1 L<\/strong><\/span><\/li>\n<\/ul>\n<p><img loading=\"lazy\" decoding=\"async\" class=\"alignnone size-medium wp-image-17104\" src=\"https:\/\/alqawafel.com\/wp-content\/uploads\/2024\/11\/Max-Plus-LOGO-300x300.webp\" alt=\"Max Plus 25-25-25\" width=\"300\" height=\"300\" srcset=\"https:\/\/alqawafel.com\/wp-content\/uploads\/2024\/11\/Max-Plus-LOGO-300x300.webp 300w, https:\/\/alqawafel.com\/wp-content\/uploads\/2024\/11\/Max-Plus-LOGO-150x150.webp 150w, https:\/\/alqawafel.com\/wp-content\/uploads\/2024\/11\/Max-Plus-LOGO-768x768.webp 768w, https:\/\/alqawafel.com\/wp-content\/uploads\/2024\/11\/Max-Plus-LOGO.webp 1000w\" sizes=\"auto, (max-width: 300px) 100vw, 300px\" \/><\/p>","protected":false},"excerpt":{"rendered":"<p><span style=\"font-size: 18px;\">Max Plus 25-25-25 est un engrais foliaire \u00e9quilibr\u00e9 contenant de l'azote, du phosphore et du potassium, con\u00e7u pour am\u00e9liorer la croissance des plantes, la floraison et la qualit\u00e9 des fruits.<\/span><\/p>","protected":false},"featured_media":17104,"comment_status":"open","ping_status":"closed","template":"","meta":{"om_disable_all_campaigns":false,"_monsterinsights_skip_tracking":false,"_monsterinsights_sitenote_active":false,"_monsterinsights_sitenote_note":"","_monsterinsights_sitenote_category":0},"product_brand":[],"product_cat":[50,2137],"product_tag":[866,894,463,1032,1031,1033,863],"class_list":{"0":"post-10130","1":"product","2":"type-product","3":"status-publish","4":"has-post-thumbnail","6":"product_cat-fertilizers","7":"product_cat-smart-fertilizers","8":"product_tag-al-qawafel-ind-agr-co","9":"product_tag-balanced-npk","10":"product_tag-fertilizer","11":"product_tag-growth-enhancement","12":"product_tag-max-plus-25-25-25","13":"product_tag-root-foliage-support","14":"product_tag-water-soluble","16":"first","17":"instock","18":"shipping-taxable","19":"product-type-simple"},"aioseo_notices":[],"_links":{"self":[{"href":"https:\/\/alqawafel.com\/fr\/wp-json\/wp\/v2\/product\/10130","targetHints":{"allow":["GET"]}}],"collection":[{"href":"https:\/\/alqawafel.com\/fr\/wp-json\/wp\/v2\/product"}],"about":[{"href":"https:\/\/alqawafel.com\/fr\/wp-json\/wp\/v2\/types\/product"}],"replies":[{"embeddable":true,"href":"https:\/\/alqawafel.com\/fr\/wp-json\/wp\/v2\/comments?post=10130"}],"version-history":[{"count":9,"href":"https:\/\/alqawafel.com\/fr\/wp-json\/wp\/v2\/product\/10130\/revisions"}],"predecessor-version":[{"id":19503,"href":"https:\/\/alqawafel.com\/fr\/wp-json\/wp\/v2\/product\/10130\/revisions\/19503"}],"wp:featuredmedia":[{"embeddable":true,"href":"https:\/\/alqawafel.com\/fr\/wp-json\/wp\/v2\/media\/17104"}],"wp:attachment":[{"href":"https:\/\/alqawafel.com\/fr\/wp-json\/wp\/v2\/media?parent=10130"}],"wp:term":[{"taxonomy":"product_brand","embeddable":true,"href":"https:\/\/alqawafel.com\/fr\/wp-json\/wp\/v2\/product_brand?post=10130"},{"taxonomy":"product_cat","embeddable":true,"href":"https:\/\/alqawafel.com\/fr\/wp-json\/wp\/v2\/product_cat?post=10130"},{"taxonomy":"product_tag","embeddable":true,"href":"https:\/\/alqawafel.com\/fr\/wp-json\/wp\/v2\/product_tag?post=10130"}],"curies":[{"name":"wp","href":"https:\/\/api.w.org\/{rel}","templated":true}]}}