{"id":10144,"date":"2024-11-14T10:01:35","date_gmt":"2024-11-14T10:01:35","guid":{"rendered":"https:\/\/alqawafel.com\/?post_type=product&#038;p=10144"},"modified":"2025-07-07T07:13:28","modified_gmt":"2025-07-07T07:13:28","slug":"phosphore","status":"publish","type":"product","link":"https:\/\/alqawafel.com\/fr\/product\/phosphorous\/","title":{"rendered":"Engrais phosphor\u00e9s"},"content":{"rendered":"<h3>Pourquoi choisir le phosphore ?<\/h3>\n<p><span style=\"font-size: 18px;\">Phosphorous est un compos\u00e9 nutritif sp\u00e9cialement formul\u00e9, riche en nutriments essentiels, y compris le phosphore, le potassium, l'azote et les micro-\u00e9l\u00e9ments ch\u00e9lat\u00e9s. Ce produit favorise le d\u00e9veloppement des racines, am\u00e9liore la r\u00e9sistance des plantes et la qualit\u00e9 des r\u00e9coltes en facilitant le mouvement des nutriments dans la plante. Sa composition unique lui permet d'\u00eatre absorb\u00e9 efficacement \u00e0 la fois vers le haut et vers le bas, garantissant aux plantes un apport r\u00e9gulier de phosphore et de potassium. Le phosphore joue \u00e9galement un r\u00f4le essentiel dans l'agriculture biologique, en renfor\u00e7ant la r\u00e9sistance naturelle aux infections fongiques sans provoquer d'immunit\u00e9 fongique.<\/span><\/p>\n<h3>Principaux avantages de l'\u00e9l\u00e9ment nutritif v\u00e9g\u00e9tal phosphore<\/h3>\n<ul>\n<li><span style=\"font-size: 18px;\"><strong>Favorise le d\u00e9veloppement des racines :<\/strong> Favorise la formation des racines, am\u00e9liore la floraison et stimule la mise en place et la production des cultures.<\/span><\/li>\n<li><span style=\"font-size: 18px;\"><strong>Absorption bidirectionnelle :<\/strong> Absorb\u00e9 \u00e0 la fois vers le haut et vers le bas, il fournit un acc\u00e8s r\u00e9gulier aux nutriments essentiels.<\/span><\/li>\n<li><span style=\"font-size: 18px;\"><strong>Renforce la r\u00e9sistance aux maladies fongiques :<\/strong> Renforce la d\u00e9fense naturelle contre les champignons, pr\u00e9venant les infections telles que le mildiou et la pourriture des racines.<\/span><\/li>\n<li><span style=\"font-size: 18px;\"><strong>Am\u00e9liore la qualit\u00e9 et la conservation des fruits :<\/strong> Am\u00e9liore le mouvement de l'amidon, de la graisse et des saccharides, am\u00e9liorant la couleur, le go\u00fbt, la forme et la capacit\u00e9 de conservation des fruits.<\/span><\/li>\n<li><span style=\"font-size: 18px;\"><strong>Id\u00e9al pour l'agriculture biologique :<\/strong> Minimise le besoin de pesticides chimiques, favorisant ainsi une production agricole durable et naturelle.<\/span><\/li>\n<\/ul>\n<h3>Applications recommand\u00e9es pour le phosphore<\/h3>\n<p><span style=\"font-size: 18px;\"><strong>Application foliaire :<\/strong> Appliquer directement sur les feuilles pour une absorption efficace des nutriments.<\/span><br \/>\n<span style=\"font-size: 18px;\"><strong>Application au sol :<\/strong> Id\u00e9al pour l'absorption au niveau des racines de diverses cultures.<\/span><\/p>\n<p><span style=\"font-size: 18px;\"><strong>Convient pour :<\/strong><\/span><\/p>\n<ul>\n<li><span style=\"font-size: 18px;\"><b>Arbres fruitiers<\/b><\/span><\/li>\n<li><span style=\"font-size: 18px;\"><strong>L\u00e9gumes de plein champ et de serre<\/strong><\/span><\/li>\n<li><span style=\"font-size: 18px;\"><strong>Plantes ornementales Plante<\/strong><\/span><\/li>\n<\/ul>\n<h3>Taux d'application<\/h3>\n<ul>\n<li data-start=\"121\" data-end=\"258\">\n<h4 data-start=\"123\" data-end=\"133\"><strong data-start=\"123\" data-end=\"133\">Pommes<\/strong><\/h4>\n<ul data-start=\"136\" data-end=\"258\">\n<li data-start=\"136\" data-end=\"200\">\n<p data-start=\"138\" data-end=\"200\"><span style=\"font-size: 14pt;\"><em data-start=\"138\" data-end=\"147\">Foliaire :<\/em> 400-500 ml \/ 200 L d'eau, tous les mois pendant la d\u00e9foliation<\/span><\/p>\n<\/li>\n<li data-start=\"203\" data-end=\"258\">\n<p data-start=\"205\" data-end=\"258\"><span style=\"font-size: 14pt;\"><em data-start=\"205\" data-end=\"212\">Le sol :<\/em> 10 L \/ 200 L d'eau, \u00e0 raison de 2 L par arbre<\/span><\/p>\n<\/li>\n<\/ul>\n<\/li>\n<li data-start=\"260\" data-end=\"346\">\n<h4 data-start=\"262\" data-end=\"272\"><strong data-start=\"262\" data-end=\"272\">Agrumes<\/strong><\/h4>\n<ul data-start=\"275\" data-end=\"346\">\n<li data-start=\"275\" data-end=\"346\">\n<p data-start=\"277\" data-end=\"346\"><span style=\"font-size: 14pt;\"><em data-start=\"277\" data-end=\"286\">Foliaire :<\/em> Deux fois au printemps, une fois en automne \u00e0 raison de 400-500 ml \/ 200 L d'eau<\/span><\/p>\n<\/li>\n<\/ul>\n<\/li>\n<li data-start=\"348\" data-end=\"420\">\n<h4 data-start=\"350\" data-end=\"360\"><strong data-start=\"350\" data-end=\"360\">Raisins<\/strong><\/h4>\n<ul data-start=\"363\" data-end=\"420\">\n<li data-start=\"363\" data-end=\"420\">\n<p data-start=\"365\" data-end=\"420\"><span style=\"font-size: 14pt;\"><em data-start=\"365\" data-end=\"374\">Foliaire :<\/em> 2-3 fois selon les besoins, 500 ml \/ 200 L d'eau<\/span><\/p>\n<\/li>\n<\/ul>\n<\/li>\n<li data-start=\"422\" data-end=\"504\">\n<h4 data-start=\"424\" data-end=\"440\"><strong data-start=\"424\" data-end=\"440\">Fraises<\/strong><\/h4>\n<ul data-start=\"443\" data-end=\"504\">\n<li data-start=\"443\" data-end=\"504\">\n<p data-start=\"445\" data-end=\"504\"><span style=\"font-size: 14pt;\"><em data-start=\"445\" data-end=\"454\">Foliaire :<\/em> 2-3 fois selon les besoins, 400-600 ml \/ 200 L d'eau<\/span><\/p>\n<\/li>\n<\/ul>\n<\/li>\n<li data-start=\"506\" data-end=\"584\">\n<h4 data-start=\"508\" data-end=\"532\"><strong data-start=\"508\" data-end=\"532\">Semis de fraises<\/strong><\/h4>\n<ul data-start=\"535\" data-end=\"584\">\n<li data-start=\"535\" data-end=\"584\">\n<p data-start=\"537\" data-end=\"584\"><span style=\"font-size: 14pt;\"><em data-start=\"537\" data-end=\"549\">Plonger les racines :<\/em> 15 minutes dans une solution de phosphore<\/span><\/p>\n<\/li>\n<\/ul>\n<\/li>\n<li data-start=\"586\" data-end=\"666\">\n<h4 data-start=\"588\" data-end=\"627\"><strong data-start=\"588\" data-end=\"627\">L\u00e9gumes (prot\u00e9g\u00e9s et de plein champ)<\/strong><\/h4>\n<ul data-start=\"630\" data-end=\"666\">\n<li data-start=\"630\" data-end=\"666\">\n<p data-start=\"632\" data-end=\"666\"><span style=\"font-size: 14pt;\"><em data-start=\"632\" data-end=\"641\">Foliaire :<\/em> 400-600 ml \/ 200 L d'eau<\/span><\/p>\n<\/li>\n<\/ul>\n<\/li>\n<li data-start=\"668\" data-end=\"724\">\n<h4 data-start=\"670\" data-end=\"685\"><strong data-start=\"670\" data-end=\"685\">Plantes ornementales<\/strong><\/h4>\n<ul data-start=\"688\" data-end=\"724\">\n<li data-start=\"688\" data-end=\"724\">\n<p data-start=\"690\" data-end=\"724\"><span style=\"font-size: 14pt;\"><em data-start=\"690\" data-end=\"699\">Foliaire :<\/em> 400-600 ml \/ 200 L d'eau<\/span><\/p>\n<\/li>\n<\/ul>\n<\/li>\n<\/ul>\n<h3 class=\"translation-block\"><span style=\"font-size : 18px\">Chemical Compos<\/span>ition<\/h3>\n<ul>\n<li><span style=\"font-size: 18px;\"><strong>Phosphore (P 27%)<\/strong><\/span><\/li>\n<li><span style=\"font-size: 18px;\"><strong>Potassium (K 18%)<\/strong><\/span><\/li>\n<li><span style=\"font-size: 18px;\"><strong>Azote (N 3%)<\/strong><\/span><\/li>\n<li><span style=\"font-size: 18px;\"><strong>Micronutriments ch\u00e9lat\u00e9s<\/strong><\/span><\/li>\n<\/ul>\n<h3>Emballage<\/h3>\n<ul>\n<li><span style=\"font-size: 18px;\"><strong>1 L et 5 L<\/strong><\/span><\/li>\n<\/ul>\n<p><img loading=\"lazy\" decoding=\"async\" class=\"alignnone size-medium wp-image-17092\" src=\"https:\/\/alqawafel.com\/wp-content\/uploads\/2024\/11\/PHOSPHOROS.-LOGO-300x300.webp\" alt=\"Phosphore\" width=\"300\" height=\"300\" srcset=\"https:\/\/alqawafel.com\/wp-content\/uploads\/2024\/11\/PHOSPHOROS.-LOGO-300x300.webp 300w, https:\/\/alqawafel.com\/wp-content\/uploads\/2024\/11\/PHOSPHOROS.-LOGO-150x150.webp 150w, https:\/\/alqawafel.com\/wp-content\/uploads\/2024\/11\/PHOSPHOROS.-LOGO-768x768.webp 768w, https:\/\/alqawafel.com\/wp-content\/uploads\/2024\/11\/PHOSPHOROS.-LOGO.webp 1000w\" sizes=\"auto, (max-width: 300px) 100vw, 300px\" \/><\/p>","protected":false},"excerpt":{"rendered":"<p><span style=\"font-size: 18px;\">Le phosphore est un compos\u00e9 nutritif pour les plantes qui stimule le d\u00e9veloppement des racines, augmente la r\u00e9sistance aux champignons et am\u00e9liore la qualit\u00e9 des cultures pour l'agriculture biologique.<\/span><\/p>","protected":false},"featured_media":17092,"comment_status":"open","ping_status":"closed","template":"","meta":{"om_disable_all_campaigns":false,"_monsterinsights_skip_tracking":false,"_monsterinsights_sitenote_active":false,"_monsterinsights_sitenote_note":"","_monsterinsights_sitenote_category":0},"product_brand":[],"product_cat":[50,2137],"product_tag":[866,463,1058,1055,1056,1057,1010],"class_list":{"0":"post-10144","1":"product","2":"type-product","3":"status-publish","4":"has-post-thumbnail","6":"product_cat-fertilizers","7":"product_cat-smart-fertilizers","8":"product_tag-al-qawafel-ind-agr-co","9":"product_tag-fertilizer","10":"product_tag-fungal-resistance","11":"product_tag-phosphorous","12":"product_tag-phosphorus-rich","13":"product_tag-root-booster","14":"product_tag-root-development","16":"first","17":"instock","18":"shipping-taxable","19":"product-type-simple"},"aioseo_notices":[],"_links":{"self":[{"href":"https:\/\/alqawafel.com\/fr\/wp-json\/wp\/v2\/product\/10144","targetHints":{"allow":["GET"]}}],"collection":[{"href":"https:\/\/alqawafel.com\/fr\/wp-json\/wp\/v2\/product"}],"about":[{"href":"https:\/\/alqawafel.com\/fr\/wp-json\/wp\/v2\/types\/product"}],"replies":[{"embeddable":true,"href":"https:\/\/alqawafel.com\/fr\/wp-json\/wp\/v2\/comments?post=10144"}],"version-history":[{"count":4,"href":"https:\/\/alqawafel.com\/fr\/wp-json\/wp\/v2\/product\/10144\/revisions"}],"predecessor-version":[{"id":19368,"href":"https:\/\/alqawafel.com\/fr\/wp-json\/wp\/v2\/product\/10144\/revisions\/19368"}],"wp:featuredmedia":[{"embeddable":true,"href":"https:\/\/alqawafel.com\/fr\/wp-json\/wp\/v2\/media\/17092"}],"wp:attachment":[{"href":"https:\/\/alqawafel.com\/fr\/wp-json\/wp\/v2\/media?parent=10144"}],"wp:term":[{"taxonomy":"product_brand","embeddable":true,"href":"https:\/\/alqawafel.com\/fr\/wp-json\/wp\/v2\/product_brand?post=10144"},{"taxonomy":"product_cat","embeddable":true,"href":"https:\/\/alqawafel.com\/fr\/wp-json\/wp\/v2\/product_cat?post=10144"},{"taxonomy":"product_tag","embeddable":true,"href":"https:\/\/alqawafel.com\/fr\/wp-json\/wp\/v2\/product_tag?post=10144"}],"curies":[{"name":"wp","href":"https:\/\/api.w.org\/{rel}","templated":true}]}}