{"id":10173,"date":"2024-11-16T06:51:16","date_gmt":"2024-11-16T06:51:16","guid":{"rendered":"https:\/\/alqawafel.com\/?post_type=product&#038;p=10173"},"modified":"2025-07-09T08:28:39","modified_gmt":"2025-07-09T08:28:39","slug":"croissance-15-30-15t-e-engrais","status":"publish","type":"product","link":"https:\/\/alqawafel.com\/fr\/product\/growth-15-30-15t-e-fertilizer\/","title":{"rendered":"Croissance 15-30-15+T.E. Engrais"},"content":{"rendered":"<h3>Pourquoi choisir l'engrais Growth 15-30-15+T.E. ?<\/h3>\n<p><span style=\"font-size: 18px;\">Croissance 15-30-15+T.E. <span style=\"color: #333333;\">est un engrais compos\u00e9 \u00e0 haute teneur en phosphore, enrichi de potassium, d'azote, de soufre, de magn\u00e9sium, d'oligo-\u00e9l\u00e9ments et de vitamines essentielles. Con\u00e7u pour une absorption optimale des nutriments, cet engrais favorise un syst\u00e8me racinaire robuste, am\u00e9liore la floraison, la croissance pr\u00e9coce et la qualit\u00e9 des fruits. Son pH acide et sa faible conductivit\u00e9 \u00e9lectrique le rendent adapt\u00e9 aux sols \u00e0 forte salinit\u00e9 et aux divers syst\u00e8mes d'irrigation.<\/span><\/span><\/p>\n<h3>Principaux avantages<\/h3>\n<ul>\n<li><span style=\"font-size: 18px;\"><strong>Teneur \u00e9lev\u00e9e en phosphore :<\/strong> Fournit le phosphore essentiel pour une croissance pr\u00e9coce, le d\u00e9veloppement des racines, l'am\u00e9lioration de la floraison et de la nouaison, et des rendements plus \u00e9lev\u00e9s.<\/span><\/li>\n<li><span style=\"font-size: 18px;\"><strong>Sources d'azote \u00e9quilibr\u00e9es :<\/strong> Offre des formes de nitrate (NO3), d'ammonium (NH4) et d'amine (NH2) pour une nutrition continue et \u00e9quilibr\u00e9e des plantes afin de stimuler la croissance v\u00e9g\u00e9tative.<\/span><\/li>\n<li><span style=\"font-size: 18px;\"><strong>Formule de potassium stable :<\/strong> Contient de multiples sources de potassium pur pour assurer une stabilit\u00e9 durable du sol et la disponibilit\u00e9 des nutriments.<\/span><\/li>\n<li><span style=\"font-size: 18px;\"><strong>pH acide pour une meilleure absorption :<\/strong> Maintient un pH id\u00e9al d'environ 6 pour une meilleure absorption des nutriments dans diverses conditions de sol.<\/span><\/li>\n<li><span style=\"font-size: 18px;\"><strong>Application polyvalente :<\/strong> Convient \u00e0 diverses cultures et syst\u00e8mes d'irrigation en raison de sa grande solubilit\u00e9 et de ses propri\u00e9t\u00e9s d'absorption efficaces.<\/span><\/li>\n<\/ul>\n<h3 class=\"translation-block\"><span style=\"font-size : 18px\">Chemical Compos<\/span>ition<\/h3>\n<ul>\n<li><span style=\"font-size: 18px;\">Azote (N 15%)<\/span><\/li>\n<li><span style=\"font-size: 18px;\">Phosphore (P\u2082O\u2085 30%)<\/span><\/li>\n<li><span style=\"font-size: 18px;\">Potassium (K\u2082O 15%)<\/span><\/li>\n<li><span style=\"font-size: 18px;\">Magn\u00e9sium (MgO)<\/span><\/li>\n<li><span style=\"font-size: 18px;\">Fer (Fe) - EDTA ch\u00e9lat\u00e9 \u00e0 l'acide citrique<\/span><\/li>\n<li><span style=\"font-size: 18px;\">Zinc (Zn) - EDTA ch\u00e9lat\u00e9 \u00e0 l'acide citrique<\/span><\/li>\n<li><span style=\"font-size: 18px;\">Mangan\u00e8se (Mn) - EDTA ch\u00e9lat\u00e9 \u00e0 l'acide citrique<\/span><\/li>\n<li><span style=\"font-size: 18px;\">Cuivre (Cu) - EDTA ch\u00e9lat\u00e9 \u00e0 l'acide citrique<\/span><\/li>\n<li><span style=\"font-size: 18px;\">Bore (B)<\/span><\/li>\n<\/ul>\n<p><span style=\"font-size: 18px;\"><strong>Additifs suppl\u00e9mentaires :<\/strong> Riboflavine, pyridoxine, nicotinamide, thiamine et acides organiques.<\/span><\/p>\n<p><span style=\"font-size: 18px;\"><strong>Sans chlorure (Cl)<\/strong><\/span><\/p>\n<h3>Application id\u00e9ale de l'engrais Growth 15-30-15+T.E.<\/h3>\n<ul>\n<li><span style=\"font-size: 18px;\"><strong>Cultures appropri\u00e9es :<\/strong><\/span>\n<ul>\n<li><span style=\"font-size: 18px;\">L\u00e9gumes de serre et de plein champ.<\/span><\/li>\n<li><span style=\"font-size: 14pt;\">Grandes cultures.<\/span><\/li>\n<li><span style=\"font-size: 18px;\">Arbres fruitiers.<\/span><\/li>\n<li><span style=\"font-size: 14pt;\">Plantes ornementales.<\/span><\/li>\n<\/ul>\n<h3 data-start=\"139\" data-end=\"173\">Taux d'application<\/h3>\n<h4 data-start=\"139\" data-end=\"173\"><strong data-start=\"145\" data-end=\"171\">L\u00e9gumes de plein champ :<\/strong><\/h4>\n<p><span style=\"font-size: 14pt;\">1,5-2 kg \/ 1000 m\u00b2, 3-4 fois par semaine.<\/span><\/p>\n<h4 data-start=\"319\" data-end=\"343\"><strong data-start=\"325\" data-end=\"341\">Arbres fruitiers :<\/strong><\/h4>\n<p data-start=\"346\" data-end=\"497\"><span style=\"font-size: 14pt;\">0,5-1 kg \/ 1000 m\u00b2, 3-4 fois par semaine apr\u00e8s le d\u00e9but de la fructification et pendant la maturit\u00e9 des fruits.<\/span><\/p>\n<\/li>\n<\/ul>\n<h3>Emballage<\/h3>\n<ul>\n<li><span style=\"font-size: 18px;\"><strong>Sacs de 25 kg<\/strong><\/span><\/li>\n<\/ul>\n<p><img loading=\"lazy\" decoding=\"async\" class=\"alignnone size-medium wp-image-17226\" src=\"https:\/\/alqawafel.com\/wp-content\/uploads\/2024\/11\/Growth-Logo-15-30-15T.E-300x300.webp\" alt=\"Croissance 15-30-15+T.E. \" width=\"300\" height=\"300\" srcset=\"https:\/\/alqawafel.com\/wp-content\/uploads\/2024\/11\/Growth-Logo-15-30-15T.E-300x300.webp 300w, https:\/\/alqawafel.com\/wp-content\/uploads\/2024\/11\/Growth-Logo-15-30-15T.E-150x150.webp 150w, https:\/\/alqawafel.com\/wp-content\/uploads\/2024\/11\/Growth-Logo-15-30-15T.E-768x768.webp 768w, https:\/\/alqawafel.com\/wp-content\/uploads\/2024\/11\/Growth-Logo-15-30-15T.E.webp 1000w\" sizes=\"auto, (max-width: 300px) 100vw, 300px\" \/><\/p>","protected":false},"excerpt":{"rendered":"<p><span style=\"font-size: 18px;\">Growth 15-30-15+T.E. est une formule \u00e0 haute teneur en phosphore, id\u00e9ale pour la croissance pr\u00e9coce, le d\u00e9veloppement des racines et l'am\u00e9lioration de la qualit\u00e9 des cultures.<\/span><\/p>","protected":false},"featured_media":17226,"comment_status":"open","ping_status":"closed","template":"","meta":{"om_disable_all_campaigns":false,"_monsterinsights_skip_tracking":false,"_monsterinsights_sitenote_active":false,"_monsterinsights_sitenote_note":"","_monsterinsights_sitenote_category":0},"product_brand":[2213],"product_cat":[50,2131],"product_tag":[1077,866,463,877,1078,1010,1079],"class_list":{"0":"post-10173","1":"product","2":"type-product","3":"status-publish","4":"has-post-thumbnail","6":"product_brand-growth","7":"product_cat-fertilizers","8":"product_cat-water-soluble-fertilizers","9":"product_tag-acidic-ph","10":"product_tag-al-qawafel-ind-agr-co","11":"product_tag-fertilizer","12":"product_tag-high-phosphorus","13":"product_tag-nutrienta-bsorption","14":"product_tag-root-development","15":"product_tag-trace-elements","17":"first","18":"instock","19":"shipping-taxable","20":"product-type-simple"},"aioseo_notices":[],"_links":{"self":[{"href":"https:\/\/alqawafel.com\/fr\/wp-json\/wp\/v2\/product\/10173","targetHints":{"allow":["GET"]}}],"collection":[{"href":"https:\/\/alqawafel.com\/fr\/wp-json\/wp\/v2\/product"}],"about":[{"href":"https:\/\/alqawafel.com\/fr\/wp-json\/wp\/v2\/types\/product"}],"replies":[{"embeddable":true,"href":"https:\/\/alqawafel.com\/fr\/wp-json\/wp\/v2\/comments?post=10173"}],"version-history":[{"count":7,"href":"https:\/\/alqawafel.com\/fr\/wp-json\/wp\/v2\/product\/10173\/revisions"}],"predecessor-version":[{"id":19319,"href":"https:\/\/alqawafel.com\/fr\/wp-json\/wp\/v2\/product\/10173\/revisions\/19319"}],"wp:featuredmedia":[{"embeddable":true,"href":"https:\/\/alqawafel.com\/fr\/wp-json\/wp\/v2\/media\/17226"}],"wp:attachment":[{"href":"https:\/\/alqawafel.com\/fr\/wp-json\/wp\/v2\/media?parent=10173"}],"wp:term":[{"taxonomy":"product_brand","embeddable":true,"href":"https:\/\/alqawafel.com\/fr\/wp-json\/wp\/v2\/product_brand?post=10173"},{"taxonomy":"product_cat","embeddable":true,"href":"https:\/\/alqawafel.com\/fr\/wp-json\/wp\/v2\/product_cat?post=10173"},{"taxonomy":"product_tag","embeddable":true,"href":"https:\/\/alqawafel.com\/fr\/wp-json\/wp\/v2\/product_tag?post=10173"}],"curies":[{"name":"wp","href":"https:\/\/api.w.org\/{rel}","templated":true}]}}