{"id":10321,"date":"2024-11-17T08:05:23","date_gmt":"2024-11-17T08:05:23","guid":{"rendered":"https:\/\/alqawafel.com\/?post_type=product&#038;p=10321"},"modified":"2025-08-12T08:25:06","modified_gmt":"2025-08-12T08:25:06","slug":"concombre-qsc-107-f1","status":"publish","type":"product","link":"https:\/\/alqawafel.com\/fr\/product\/cucumber-qsc-107-f1\/","title":{"rendered":"Concombre QSC-107 F1"},"content":{"rendered":"<p><span style=\"font-size: 18px;\">Concombre QSC-107 F1 : concombre Beita-alpha semi-multi-fruits con\u00e7u pour les climats plus frais, offrant des fruits c\u00f4tel\u00e9s d'un vert profond avec une excellente tol\u00e9rance aux maladies.<\/span><\/p>\n<table>\n<thead>\n<tr>\n<td><span style=\"font-size: 18px;\"><strong>Attribut<\/strong><\/span><\/td>\n<td><span style=\"font-size: 18px;\"><strong>D\u00e9tails<\/strong><\/span><\/td>\n<\/tr>\n<\/thead>\n<tbody>\n<tr>\n<td><span style=\"font-size: 18px;\"><strong>Nom du produit<\/strong><\/span><\/td>\n<td><span style=\"font-size: 18px;\">Concombre QSC-107 F1<\/span><\/td>\n<\/tr>\n<tr>\n<td><span style=\"font-size: 18px;\"><strong>Type<\/strong><\/span><\/td>\n<td><span style=\"font-size: 18px;\">Serre Beita-alpha<\/span><\/td>\n<\/tr>\n<tr>\n<td><span style=\"font-size: 18px;\"><strong>Fruit Set Style<\/strong><\/span><\/td>\n<td><span style=\"font-size: 18px;\">Semi-multi-fruits, 1-2 fruits par n\u0153ud avec des pousses courtes<\/span><\/td>\n<\/tr>\n<tr>\n<td><span style=\"font-size: 18px;\"><strong>Saison<\/strong><\/span><\/td>\n<td><span style=\"font-size: 18px;\">Automne, convient aux temp\u00e9ratures basses \u00e0 moyennes<\/span><\/td>\n<\/tr>\n<tr>\n<td><span style=\"font-size: 18px;\"><strong>Croissance v\u00e9g\u00e9tative<\/strong><\/span><\/td>\n<td><span style=\"font-size: 18px;\">Plante forte<\/span><\/td>\n<\/tr>\n<tr>\n<td><span style=\"font-size: 18px;\"><strong>Caract\u00e9ristiques du fruit<\/strong><\/span><\/td>\n<td><span style=\"font-size: 18px;\">fruits verts \u00e0 petites c\u00f4tes, 16 cm de long<\/span><\/td>\n<\/tr>\n<tr>\n<td><span style=\"font-size: 18px;\"><strong>Tol\u00e9rance (IR)<\/strong><\/span><\/td>\n<td><span style=\"font-size: 18px;\">PM (o\u00efdium), DM (mildiou), CVYV (virus de la jaunisse du concombre), ZYMV (virus de la mosa\u00efque jaune de la courgette).<\/span><\/td>\n<\/tr>\n<\/tbody>\n<\/table>\n<p><img loading=\"lazy\" decoding=\"async\" class=\"alignnone size-medium wp-image-10322\" src=\"https:\/\/alqawafel.com\/wp-content\/uploads\/2024\/11\/107-300x169.jpg\" alt=\"Concombre QSC-107 F1 \" width=\"300\" height=\"169\" srcset=\"https:\/\/alqawafel.com\/wp-content\/uploads\/2024\/11\/107-300x169.jpg 300w, https:\/\/alqawafel.com\/wp-content\/uploads\/2024\/11\/107-1024x575.jpg 1024w, https:\/\/alqawafel.com\/wp-content\/uploads\/2024\/11\/107-768x431.jpg 768w, https:\/\/alqawafel.com\/wp-content\/uploads\/2024\/11\/107-1200x674.jpg 1200w, https:\/\/alqawafel.com\/wp-content\/uploads\/2024\/11\/107-150x84.jpg 150w, https:\/\/alqawafel.com\/wp-content\/uploads\/2024\/11\/107.jpg 1280w\" sizes=\"auto, (max-width: 300px) 100vw, 300px\" \/><\/p>\n<p>&nbsp;<\/p>\n<p><a title=\"Retour aux semences\" href=\"https:\/\/alqawafel.com\/fr\/semences\/\">Retour aux semences<\/a><\/p>\n<p><a title=\"Facebook\" href=\"https:\/\/alqawafel.com\/fr\/facebook\/\" target=\"_blank\" rel=\"noopener\">Facebook<\/a><\/p>\n<p><a title=\"Linkedin\" href=\"https:\/\/www.linkedin.com\/company\/alqawafel-ind-agr-co\/\" target=\"_blank\" rel=\"noopener\">Linkedin<\/a><\/p>","protected":false},"excerpt":{"rendered":"<p><span style=\"font-size: 18px;\">Concombre QSC-107 F1 : Vari\u00e9t\u00e9 Beita-alpha r\u00e9sistante, id\u00e9ale pour l'automne, avec des fruits verts profonds de 16 cm, des pousses courtes et une tol\u00e9rance \u00e0 PM, DM, CVYV et ZYMV.<\/span><\/p>","protected":false},"featured_media":10322,"comment_status":"open","ping_status":"closed","template":"","meta":{"om_disable_all_campaigns":false,"_monsterinsights_skip_tracking":false,"_monsterinsights_sitenote_active":false,"_monsterinsights_sitenote_note":"","_monsterinsights_sitenote_category":0},"product_brand":[],"product_cat":[827,237],"product_tag":[866,1097,1129,1130,1098,1101,1128],"class_list":{"0":"post-10321","1":"product","2":"type-product","3":"status-publish","4":"has-post-thumbnail","6":"product_cat-cucumber","7":"product_cat-seeds","8":"product_tag-al-qawafel-ind-agr-co","9":"product_tag-beita-alpha-cucumber","10":"product_tag-cooler-climate-cucumber","11":"product_tag-cucumber-qsc-107-f1","12":"product_tag-greenhouse-cucumber","13":"product_tag-seeds","14":"product_tag-semi-multi-fruit-variety","16":"first","17":"instock","18":"shipping-taxable","19":"product-type-simple"},"aioseo_notices":[],"_links":{"self":[{"href":"https:\/\/alqawafel.com\/fr\/wp-json\/wp\/v2\/product\/10321","targetHints":{"allow":["GET"]}}],"collection":[{"href":"https:\/\/alqawafel.com\/fr\/wp-json\/wp\/v2\/product"}],"about":[{"href":"https:\/\/alqawafel.com\/fr\/wp-json\/wp\/v2\/types\/product"}],"replies":[{"embeddable":true,"href":"https:\/\/alqawafel.com\/fr\/wp-json\/wp\/v2\/comments?post=10321"}],"version-history":[{"count":5,"href":"https:\/\/alqawafel.com\/fr\/wp-json\/wp\/v2\/product\/10321\/revisions"}],"predecessor-version":[{"id":19532,"href":"https:\/\/alqawafel.com\/fr\/wp-json\/wp\/v2\/product\/10321\/revisions\/19532"}],"wp:featuredmedia":[{"embeddable":true,"href":"https:\/\/alqawafel.com\/fr\/wp-json\/wp\/v2\/media\/10322"}],"wp:attachment":[{"href":"https:\/\/alqawafel.com\/fr\/wp-json\/wp\/v2\/media?parent=10321"}],"wp:term":[{"taxonomy":"product_brand","embeddable":true,"href":"https:\/\/alqawafel.com\/fr\/wp-json\/wp\/v2\/product_brand?post=10321"},{"taxonomy":"product_cat","embeddable":true,"href":"https:\/\/alqawafel.com\/fr\/wp-json\/wp\/v2\/product_cat?post=10321"},{"taxonomy":"product_tag","embeddable":true,"href":"https:\/\/alqawafel.com\/fr\/wp-json\/wp\/v2\/product_tag?post=10321"}],"curies":[{"name":"wp","href":"https:\/\/api.w.org\/{rel}","templated":true}]}}